{"id":18,"date":"2021-10-19T16:06:57","date_gmt":"2021-10-19T16:06:57","guid":{"rendered":"http:\/\/www.camping-beira-marvao.com\/accommodaties\/"},"modified":"2025-06-20T23:39:13","modified_gmt":"2025-06-20T22:39:13","slug":"spots","status":"publish","type":"page","link":"http:\/\/campscapebeiramarvao.com\/de\/unterkunfte\/","title":{"rendered":"Tarife"},"content":{"rendered":"<div data-elementor-type=\"wp-page\" data-elementor-id=\"18\" class=\"elementor elementor-18\">\n\t\t\t\t\t\t<section class=\"elementor-section elementor-top-section elementor-element elementor-element-de33b55 elementor-section-boxed elementor-section-height-default elementor-section-height-default\" data-id=\"de33b55\" data-element_type=\"section\" data-e-type=\"section\">\n\t\t\t\t\t\t<div class=\"elementor-container elementor-column-gap-default\">\n\t\t\t\t\t<div class=\"elementor-column elementor-col-100 elementor-top-column elementor-element elementor-element-2a6bbdf\" data-id=\"2a6bbdf\" data-element_type=\"column\" data-e-type=\"column\">\n\t\t\t<div class=\"elementor-widget-wrap elementor-element-populated\">\n\t\t\t\t\t\t<div class=\"elementor-element elementor-element-9b0168f elementor-widget elementor-widget-text-editor\" data-id=\"9b0168f\" data-element_type=\"widget\" data-e-type=\"widget\" data-widget_type=\"text-editor.default\">\n\t\t\t\t<div class=\"elementor-widget-container\">\n\t\t\t\t\t\t\t\t\t<h4 style=\"text-align: left;\">Campingplatz auf unserem Anwesen<\/h4><p>Sie sind herzlich eingeladen, mit Ihrer eigenen Campingausr\u00fcstung auf unserem Anwesen zu \u00fcbernachten. Ehrlich gesagt sind wir nicht die g\u00fcnstigsten und unsere Einrichtungen sind einfach. Aber da wir einen Mindestaufenthalt von zwei N\u00e4chten haben, keine gro\u00dfen Wohnmobile aufnehmen, nur Erwachsene beherbergen, nur die H\u00e4lfte der verf\u00fcgbaren Pl\u00e4tze belegen \u2026 und nicht die g\u00fcnstigsten sind \u2026 k\u00f6nnen Sie einen wirklich ruhigen und erholsamen Aufenthalt in einer atemberaubenden Landschaft, umgeben von Natur, genie\u00dfen. Ja, man kann ehrlich sagen, dass man etwas mehr bezahlt, um weniger zu erleben.<\/p><p>Unsere Preise beinhalten:<br \/><span style=\"font-size: 1rem;\">\u2013 1 Auto oder Motorrad + Zelt, oder<br \/>\u2013 1 Auto + Wohnwagen, oder<br \/><\/span><span style=\"font-size: 1rem;\">\u2013 1 Wohnmobil<\/span><span style=\"font-size: 1rem;\"> (kleiner als 7 Meter)<br \/>\u2013 Strom (bis zu 10 kW pro Tag), WLAN, Nutzung der Sanit\u00e4ranlagen und des Pools (April \u2013 September)<\/span><\/p><p><span style=\"font-size: 1rem;\">Sie k\u00f6nnen Ihren Platz auf dem Olivenbaumplateau, am Schwimmbad oder auf der gr\u00fcnen Wiese frei w\u00e4hlen.<br \/>Nach dem Aufbau m\u00fcssen Pkw und Anh\u00e4nger auf den daf\u00fcr vorgesehenen Parkpl\u00e4tzen abgestellt werden.\u00a0<\/span><\/p>\t\t\t\t\t\t\t\t<\/div>\n\t\t\t\t<\/div>\n\t\t\t\t\t<\/div>\n\t\t<\/div>\n\t\t\t\t\t<\/div>\n\t\t<\/section>\n\t\t\t\t<section class=\"elementor-section elementor-top-section elementor-element elementor-element-29e9193 elementor-section-boxed elementor-section-height-default elementor-section-height-default\" data-id=\"29e9193\" data-element_type=\"section\" data-e-type=\"section\">\n\t\t\t\t\t\t<div class=\"elementor-container elementor-column-gap-default\">\n\t\t\t\t\t<div class=\"elementor-column elementor-col-100 elementor-top-column elementor-element elementor-element-4376ce4\" data-id=\"4376ce4\" data-element_type=\"column\" data-e-type=\"column\">\n\t\t\t<div class=\"elementor-widget-wrap elementor-element-populated\">\n\t\t\t\t\t\t<div class=\"elementor-element elementor-element-3494606 elementor-widget elementor-widget-text-editor\" data-id=\"3494606\" data-element_type=\"widget\" data-e-type=\"widget\" data-widget_type=\"text-editor.default\">\n\t\t\t\t<div class=\"elementor-widget-container\">\n\t\t\t\t\t\t\t\t\t<p style=\"text-align: left;\"><strong><span style=\"color: #6d712e;\">Bei Buchung vor Anreise gelten die \u00dcbernachtungspreise! <span style=\"color: #ff0000;\">Bei Anreise ohne Reservierung f\u00e4llt eine einmalige Bearbeitungsgeb\u00fchr von 5,00 \u20ac pro Tag an.<\/span><br \/>Keine Anzahlung erforderlich, Sie zahlen nur f\u00fcr die Anzahl der \u00dcbernachtungen (mindestens 2). Eine vorzeitige Abreise ist kein Problem, ein l\u00e4ngerer Aufenthalt ist jedoch m\u00f6glicherweise nicht m\u00f6glich, da wir die Anzahl der G\u00e4ste begrenzen. Buchen Sie also mit Bedacht!<\/span><\/strong><\/p>\t\t\t\t\t\t\t\t<\/div>\n\t\t\t\t<\/div>\n\t\t\t\t\t<\/div>\n\t\t<\/div>\n\t\t\t\t\t<\/div>\n\t\t<\/section>\n\t\t\t\t<section class=\"elementor-section elementor-top-section elementor-element elementor-element-b6862aa elementor-section-boxed elementor-section-height-default elementor-section-height-default\" data-id=\"b6862aa\" data-element_type=\"section\" data-e-type=\"section\">\n\t\t\t\t\t\t<div class=\"elementor-container elementor-column-gap-default\">\n\t\t\t\t\t<div class=\"elementor-column elementor-col-100 elementor-top-column elementor-element elementor-element-b605d6a\" data-id=\"b605d6a\" data-element_type=\"column\" data-e-type=\"column\">\n\t\t\t<div class=\"elementor-widget-wrap elementor-element-populated\">\n\t\t\t\t\t\t<div class=\"elementor-element elementor-element-c3c8eb1 elementor-widget elementor-widget-stratum-table\" data-id=\"c3c8eb1\" data-element_type=\"widget\" data-e-type=\"widget\" data-no-translation=\"\" data-widget_type=\"stratum-table.default\">\n\t\t\t\t<div class=\"elementor-widget-container\">\n\t\t\t\t\t<style>.elementor-element-c3c8eb1{display:none !important}<\/style>\t\t\t\t<\/div>\n\t\t\t\t<\/div>\n\t\t\t\t<div class=\"elementor-element elementor-element-9082787 elementor-widget elementor-widget-stratum-table\" data-id=\"9082787\" data-element_type=\"widget\" data-e-type=\"widget\" data-no-translation=\"\" data-widget_type=\"stratum-table.default\">\n\t\t\t\t<div class=\"elementor-widget-container\">\n\t\t\t\t\t<style>.elementor-element-9082787{display:none !important}<\/style>\t\t\t\t<\/div>\n\t\t\t\t<\/div>\n\t\t\t\t<div class=\"elementor-element elementor-element-9cf0ca1 elementor-widget elementor-widget-stratum-table\" data-id=\"9cf0ca1\" data-element_type=\"widget\" data-e-type=\"widget\" data-no-translation=\"\" data-widget_type=\"stratum-table.default\">\n\t\t\t\t<div class=\"elementor-widget-container\">\n\t\t\t\t\t<style>.elementor-element-9cf0ca1{display:none !important}<\/style>\t\t\t\t<\/div>\n\t\t\t\t<\/div>\n\t\t\t\t<div class=\"elementor-element elementor-element-1de91e4 elementor-widget elementor-widget-stratum-table\" data-id=\"1de91e4\" data-element_type=\"widget\" data-e-type=\"widget\" data-no-translation=\"\" data-widget_type=\"stratum-table.default\">\n\t\t\t\t<div class=\"elementor-widget-container\">\n\t\t\t\t\t<div class=\"stratum-table\">\n\t<table class=\"stratum-table__table\">\n\t\t<thead>\n\t\t\t<tr>\n\t\t\t\t\t\t\t<th colspan=\"4\" >\n\t\t\t\t\t<div class=\"stratum-table__header-cell align-content-center\">\n\t\t\t\t\t\t<span class=\"stratum-table__cell-title has-media-left\" >\n\t\t\t\t\t\t\tTarife\t\t\t\t\t\t<\/span>\n\t\t\t\t\t<\/div>\n\t\t\t\t<\/th>\t\t\t<\/tr>\n\t\t<\/thead>\n\t\t<tbody>\n\t\t\t\t\t<tr>\n\t\t\t\t\t\t\t\t<td  colspan=\"\">\n\t\t\t\t\t\t\t\t\t\t\t\t<div class=\"stratum-table__body-cell align-content-center\">\n\t\t\t\t\t\t\t\t\t\t\t\t\t\t\t<span class=\"stratum-table__cell-title has-media-left\" ><\/span>\n\t\t\t\t\t\t\t\t\t\t\t\t\t<\/div>\n\t\t\t\t\t<\/td>\t\t\t\t\t<td  colspan=\"\">\n\t\t\t\t\t\t\t\t\t\t\t\t<div class=\"stratum-table__body-cell align-content-center\">\n\t\t\t\t\t\t\t\t\t\t\t\t\t\t\t<span class=\"stratum-table__cell-title has-media-left\" >1 Nacht<\/span>\n\t\t\t\t\t\t\t\t\t\t\t\t\t<\/div>\n\t\t\t\t\t<\/td>\t\t\t\t\t<td  colspan=\"\">\n\t\t\t\t\t\t\t\t\t\t\t\t<div class=\"stratum-table__body-cell align-content-center\">\n\t\t\t\t\t\t\t\t\t\t\t\t\t\t\t<span class=\"stratum-table__cell-title has-media-left\" >2 - 4 N\u00e4chte<\/span>\n\t\t\t\t\t\t\t\t\t\t\t\t\t<\/div>\n\t\t\t\t\t<\/td>\t\t\t\t\t<td  colspan=\"\">\n\t\t\t\t\t\t\t\t\t\t\t\t<div class=\"stratum-table__body-cell align-content-center\">\n\t\t\t\t\t\t\t\t\t\t\t\t\t\t\t<span class=\"stratum-table__cell-title has-media-left\" >5+ N\u00e4chte<\/span>\n\t\t\t\t\t\t\t\t\t\t\t\t\t<\/div>\n\t\t\t\t\t<\/td>\t\t\t<\/tr>\n\t\t\t\t\t<tr>\n\t\t\t\t\t\t\t\t<td  colspan=\"\">\n\t\t\t\t\t\t\t\t\t\t\t\t<div class=\"stratum-table__body-cell align-content-center\">\n\t\t\t\t\t\t\t\t\t\t\t\t\t\t\t<span class=\"stratum-table__cell-title has-media-left\" >1 Person<\/span>\n\t\t\t\t\t\t\t\t\t\t\t\t\t<\/div>\n\t\t\t\t\t<\/td>\t\t\t\t\t<td  colspan=\"\">\n\t\t\t\t\t\t\t\t\t\t\t\t<div class=\"stratum-table__body-cell align-content-center\">\n\t\t\t\t\t\t\t\t\t\t\t\t\t\t\t<span class=\"stratum-table__cell-title has-media-left\" >x<\/span>\n\t\t\t\t\t\t\t\t\t\t\t\t\t<\/div>\n\t\t\t\t\t<\/td>\t\t\t\t\t<td  colspan=\"\">\n\t\t\t\t\t\t\t\t\t\t\t\t<div class=\"stratum-table__body-cell align-content-center\">\n\t\t\t\t\t\t\t\t\t\t\t\t\t\t\t<span class=\"stratum-table__cell-title has-media-left\" >\u20ac 22,50<\/span>\n\t\t\t\t\t\t\t\t\t\t\t\t\t<\/div>\n\t\t\t\t\t<\/td>\t\t\t\t\t<td  colspan=\"\">\n\t\t\t\t\t\t\t\t\t\t\t\t<div class=\"stratum-table__body-cell align-content-center\">\n\t\t\t\t\t\t\t\t\t\t\t\t\t\t\t<span class=\"stratum-table__cell-title has-media-left\" >\u20ac 17,50<\/span>\n\t\t\t\t\t\t\t\t\t\t\t\t\t<\/div>\n\t\t\t\t\t<\/td>\t\t\t<\/tr>\n\t\t\t\t\t<tr>\n\t\t\t\t\t\t\t\t<td  colspan=\"\">\n\t\t\t\t\t\t\t\t\t\t\t\t<div class=\"stratum-table__body-cell align-content-center\">\n\t\t\t\t\t\t\t\t\t\t\t\t\t\t\t<span class=\"stratum-table__cell-title has-media-left\" >2 Personen<\/span>\n\t\t\t\t\t\t\t\t\t\t\t\t\t<\/div>\n\t\t\t\t\t<\/td>\t\t\t\t\t<td  colspan=\"\">\n\t\t\t\t\t\t\t\t\t\t\t\t<div class=\"stratum-table__body-cell align-content-center\">\n\t\t\t\t\t\t\t\t\t\t\t\t\t\t\t<span class=\"stratum-table__cell-title has-media-left\" >x<\/span>\n\t\t\t\t\t\t\t\t\t\t\t\t\t<\/div>\n\t\t\t\t\t<\/td>\t\t\t\t\t<td  colspan=\"\">\n\t\t\t\t\t\t\t\t\t\t\t\t<div class=\"stratum-table__body-cell align-content-center\">\n\t\t\t\t\t\t\t\t\t\t\t\t\t\t\t<span class=\"stratum-table__cell-title has-media-left\" >\u20ac 30<\/span>\n\t\t\t\t\t\t\t\t\t\t\t\t\t<\/div>\n\t\t\t\t\t<\/td>\t\t\t\t\t<td  colspan=\"\">\n\t\t\t\t\t\t\t\t\t\t\t\t<div class=\"stratum-table__body-cell align-content-center\">\n\t\t\t\t\t\t\t\t\t\t\t\t\t\t\t<span class=\"stratum-table__cell-title has-media-left\" >\u20ac 25<\/span>\n\t\t\t\t\t\t\t\t\t\t\t\t\t<\/div>\n\t\t\t\t\t<\/td>\t\t\t<\/tr>\n\t\t\t\t\t<tr>\n\t\t\t\t\t\t<\/tr>\n\t\t\t\t<\/tbody>\n\t<\/table>\n<\/div>\n\t\t\t\t<\/div>\n\t\t\t\t<\/div>\n\t\t\t\t<div class=\"elementor-element elementor-element-f2ce290 elementor-widget elementor-widget-stratum-table\" data-id=\"f2ce290\" data-element_type=\"widget\" data-e-type=\"widget\" data-no-translation=\"\" data-widget_type=\"stratum-table.default\">\n\t\t\t\t<div class=\"elementor-widget-container\">\n\t\t\t\t\t<style>.elementor-element-f2ce290{display:none !important}<\/style>\t\t\t\t<\/div>\n\t\t\t\t<\/div>\n\t\t\t\t<div class=\"elementor-element elementor-element-80a9c27 elementor-widget elementor-widget-stratum-table\" data-id=\"80a9c27\" data-element_type=\"widget\" data-e-type=\"widget\" data-no-translation=\"\" data-widget_type=\"stratum-table.default\">\n\t\t\t\t<div class=\"elementor-widget-container\">\n\t\t\t\t\t<style>.elementor-element-80a9c27{display:none !important}<\/style>\t\t\t\t<\/div>\n\t\t\t\t<\/div>\n\t\t\t\t\t<\/div>\n\t\t<\/div>\n\t\t\t\t\t<\/div>\n\t\t<\/section>\n\t\t\t\t<section class=\"elementor-section elementor-top-section elementor-element elementor-element-6c6eb06 elementor-section-boxed elementor-section-height-default elementor-section-height-default\" data-id=\"6c6eb06\" data-element_type=\"section\" data-e-type=\"section\">\n\t\t\t\t\t\t<div class=\"elementor-container elementor-column-gap-default\">\n\t\t\t\t\t<div class=\"elementor-column elementor-col-100 elementor-top-column elementor-element elementor-element-56ca91a\" data-id=\"56ca91a\" data-element_type=\"column\" data-e-type=\"column\">\n\t\t\t<div class=\"elementor-widget-wrap elementor-element-populated\">\n\t\t\t\t\t\t<div class=\"elementor-element elementor-element-d458062 elementor-widget elementor-widget-stratum-price-list\" data-id=\"d458062\" data-element_type=\"widget\" data-e-type=\"widget\" data-widget_type=\"stratum-price-list.default\">\n\t\t\t\t<div class=\"elementor-widget-container\">\n\t\t\t\t\t<div class=\"stratum-price-list has-image-left\">\n\t    <div class=\"stratum-price-list__wrapper\">\n        <div class=\"stratum-price-list__content\">\n            <h5 class=\"stratum-price-list__heading\">Zus\u00e4tzliche Tarife Campscape Beira Marvao Alentejo pro Nacht<\/h5>\n            <div class=\"stratum-price-list__items\">\n\t\t\t\t                    <div class=\"stratum-price-list__item\">\n\t\t\t\t\t\t                        <span class=\"stratum-price-list__title\">Zus\u00e4tzliche Person<\/span>\n\t\t\t\t\t\t                            <span class=\"stratum-price-list__connector\"><\/span>\n\t\t\t\t\t\t                        <span class=\"stratum-price-list__price\">\u20ac 7,50<\/span>\n                    <\/div>\n\t\t\t\t                    <div class=\"stratum-price-list__item\">\n\t\t\t\t\t\t                        <span class=\"stratum-price-list__title\">Strom \u00fcber 10 kW pro Tag, pro kW<\/span>\n\t\t\t\t\t\t                            <span class=\"stratum-price-list__connector\"><\/span>\n\t\t\t\t\t\t                        <span class=\"stratum-price-list__price\">0,45 \u20ac<\/span>\n                    <\/div>\n\t\t\t\t                    <div class=\"stratum-price-list__item\">\n\t\t\t\t\t\t                        <span class=\"stratum-price-list__title\">Anh\u00e4nger - Zusatzzelt<\/span>\n\t\t\t\t\t\t                            <span class=\"stratum-price-list__connector\"><\/span>\n\t\t\t\t\t\t                        <span class=\"stratum-price-list__price\">5 \u20ac<\/span>\n                    <\/div>\n\t\t\t\t                    <div class=\"stratum-price-list__item\">\n\t\t\t\t\t\t                        <span class=\"stratum-price-list__title\">Hund<\/span>\n\t\t\t\t\t\t                            <span class=\"stratum-price-list__connector\"><\/span>\n\t\t\t\t\t\t                        <span class=\"stratum-price-list__price\">2 \u20ac<\/span>\n                    <\/div>\n\t\t\t\t                    <div class=\"stratum-price-list__item\">\n\t\t\t\t\t\t                        <span class=\"stratum-price-list__title\">W\u00e4scherei-Service<\/span>\n\t\t\t\t\t\t                            <span class=\"stratum-price-list__connector\"><\/span>\n\t\t\t\t\t\t                        <span class=\"stratum-price-list__price\">\u20ac 7,50<\/span>\n                    <\/div>\n\t\t\t\t            <\/div>\n        <\/div>\n    <\/div>\n<\/div>\n\t\t\t\t<\/div>\n\t\t\t\t<\/div>\n\t\t\t\t\t<\/div>\n\t\t<\/div>\n\t\t\t\t\t<\/div>\n\t\t<\/section>\n\t\t\t\t<section class=\"elementor-section elementor-top-section elementor-element elementor-element-f449c1c elementor-section-boxed elementor-section-height-default elementor-section-height-default\" data-id=\"f449c1c\" data-element_type=\"section\" data-e-type=\"section\">\n\t\t\t\t\t\t<div class=\"elementor-container elementor-column-gap-default\">\n\t\t\t\t\t<div class=\"elementor-column elementor-col-100 elementor-top-column elementor-element elementor-element-cb7920a\" data-id=\"cb7920a\" data-element_type=\"column\" data-e-type=\"column\">\n\t\t\t<div class=\"elementor-widget-wrap elementor-element-populated\">\n\t\t\t\t\t\t<div class=\"elementor-element elementor-element-72b49cf elementor-widget elementor-widget-shortcode\" data-id=\"72b49cf\" data-element_type=\"widget\" data-e-type=\"widget\" data-widget_type=\"shortcode.default\">\n\t\t\t\t<div class=\"elementor-widget-container\">\n\t\t\t\t\t\t\t<div class=\"elementor-shortcode\"><div class=\"mphb_sc_search-wrapper dark horizontal\">\n<form method=\"GET\" class=\"mphb_sc_search-form\" action=\"http:\/\/campscapebeiramarvao.com\/de\/suchergebnisse\/\" data-first_available_check_in_date=\"2026-05-02\" data-trp-original-action=\"http:\/\/campscapebeiramarvao.com\/de\/suchergebnisse\/\">\n\n\t<p class = \"mphb-required-fields-tip\">\n\t<small>\n\t\tErforderliche Felder werden folgen von\t\t<abbr title=\"erforderlich\">*<\/abbr>\n\t<\/small>\n<\/p>\n\n\t<p class=\"mphb_sc_search-check-in-date\">\n\t\t<label for=\"mphb_check_in_date-mphb-search-form-69f5ad22407dc\">\n\t\t\tAnreise\t\t\t<abbr title=\"Formatiert als tt\/mm\/jjjj\">*<\/abbr>\n\t\t<\/label>\n\t\t<br \/>\n\t\t<input\n\t\t\tid=\"mphb_check_in_date-mphb-search-form-69f5ad22407dc\"\n\t\t\tdata-datepick-group=\"mphb-search-form-69f5ad22407dc\"\n\t\t\tvalue=\"\"\n\t\t\tplaceholder=\"Anreisedatum\"\n\t\t\trequired=\"required\"\n\t\t\ttype=\"text\"\n\t\t\tinputmode=\"none\"\n\t\t\tname=\"mphb_check_in_date\"\n\t\t\tclass=\"mphb-datepick\"\n\t\t\tautocomplete=\"off\"\n\t\t\t\/>\n\t<\/p>\n\n\t<p class=\"mphb_sc_search-check-out-date\">\n\t\t<label for=\"mphb_check_out_date-mphb-search-form-69f5ad22407dc\">\n\t\t\tAbreise\t\t\t<abbr title=\"Formatiert als tt\/mm\/jjjj\">*<\/abbr>\n\t\t<\/label>\n\t\t<br \/>\n\t\t<input\n\t\t\tid=\"mphb_check_out_date-mphb-search-form-69f5ad22407dc\"\n\t\t\tdata-datepick-group=\"mphb-search-form-69f5ad22407dc\"\n\t\t\tvalue=\"\"\n\t\t\tplaceholder=\"Abreisedatum\"\n\t\t\trequired=\"required\"\n\t\t\ttype=\"text\"\n\t\t\tinputmode=\"none\"\n\t\t\tname=\"mphb_check_out_date\"\n\t\t\tclass=\"mphb-datepick\"\n\t\t\tautocomplete=\"off\"\n\t\t\t\/>\n\t<\/p>\n\n\t\t\t<p class=\"mphb_sc_search-adults\">\n\t\t\t<label for=\"mphb_adults-mphb-search-form-69f5ad22407dc\">\n\t\t\t\tG\u00e4ste\t\t\t<\/label>\n\t\t\t<br \/>\n\t\t\t<select id=\"mphb_adults-mphb-search-form-69f5ad22407dc\" name=\"mphb_adults\" >\n\t\t\t\t\t\t\t\t\t<option value=\"1\"  selected='selected'>1<\/option>\n\t\t\t\t\t\t\t\t\t<option value=\"2\" >2<\/option>\n\t\t\t\t\t\t\t\t\t<option value=\"3\" >3<\/option>\n\t\t\t\t\t\t\t\t\t<option value=\"4\" >4<\/option>\n\t\t\t\t\t\t\t\t\t<option value=\"5\" >5<\/option>\n\t\t\t\t\t\t\t\t\t<option value=\"6\" >6<\/option>\n\t\t\t\t\t\t\t\t\t<option value=\"7\" >7<\/option>\n\t\t\t\t\t\t\t\t\t<option value=\"8\" >8<\/option>\n\t\t\t\t\t\t\t\t\t<option value=\"9\" >9<\/option>\n\t\t\t\t\t\t\t\t\t<option value=\"10\" >10<\/option>\n\t\t\t\t\t\t\t\t\t<option value=\"11\" >11<\/option>\n\t\t\t\t\t\t\t\t\t<option value=\"12\" >12<\/option>\n\t\t\t\t\t\t\t\t\t<option value=\"13\" >13<\/option>\n\t\t\t\t\t\t\t\t\t<option value=\"14\" >14<\/option>\n\t\t\t\t\t\t\t\t\t<option value=\"15\" >15<\/option>\n\t\t\t\t\t\t\t\t\t<option value=\"16\" >16<\/option>\n\t\t\t\t\t\t\t\t\t<option value=\"17\" >17<\/option>\n\t\t\t\t\t\t\t\t\t<option value=\"18\" >18<\/option>\n\t\t\t\t\t\t\t\t\t<option value=\"19\" >19<\/option>\n\t\t\t\t\t\t\t\t\t<option value=\"20\" >20<\/option>\n\t\t\t\t\t\t\t\t\t<option value=\"21\" >21<\/option>\n\t\t\t\t\t\t\t\t\t<option value=\"22\" >22<\/option>\n\t\t\t\t\t\t\t\t\t<option value=\"23\" >23<\/option>\n\t\t\t\t\t\t\t\t\t<option value=\"24\" >24<\/option>\n\t\t\t\t\t\t\t\t\t<option value=\"25\" >25<\/option>\n\t\t\t\t\t\t\t\t\t<option value=\"26\" >26<\/option>\n\t\t\t\t\t\t\t\t\t<option value=\"27\" >27<\/option>\n\t\t\t\t\t\t\t\t\t<option value=\"28\" >28<\/option>\n\t\t\t\t\t\t\t\t\t<option value=\"29\" >29<\/option>\n\t\t\t\t\t\t\t\t\t<option value=\"30\" >30<\/option>\n\t\t\t\t\t\t\t<\/select>\n\t\t<\/p>\n\t\n\t\t\t<input type=\"hidden\" id=\"mphb_children-mphb-search-form-69f5ad22407dc\" name=\"mphb_children\" value=\"0\" \/>\n\t\n\t\n\t\n\t<input id=\"mphb_check_in_date-mphb-search-form-69f5ad22407dc-hidden\" value=\"\" type=\"hidden\" name=\"mphb_check_in_date\" \/><input id=\"mphb_check_out_date-mphb-search-form-69f5ad22407dc-hidden\" value=\"\" type=\"hidden\" name=\"mphb_check_out_date\" \/>\n\t<p class=\"mphb_sc_search-submit-button-wrapper\">\n\t\t<input type=\"submit\" class=\"button\" value=\"Suche\"\/>\n\t<\/p>\n\n\t\n<input type=\"hidden\" name=\"trp-form-language\" value=\"de\"\/><\/form>\n<\/div><\/div>\n\t\t\t\t\t\t<\/div>\n\t\t\t\t<\/div>\n\t\t\t\t\t<\/div>\n\t\t<\/div>\n\t\t\t\t\t<\/div>\n\t\t<\/section>\n\t\t\t\t<\/div>","protected":false},"excerpt":{"rendered":"<p>Camping Spot on our Estate You are welcome to stay on our estate with your own camping equipment. Honestly, we are not the cheapest and our facilities are just basic. But because we have a minimum stay of two nights, don\u00b4t accommodate big motorhomes, are adults only, only occupy half of the available spots &#8230; [&hellip;]<\/p>\n","protected":false},"author":3,"featured_media":0,"parent":0,"menu_order":0,"comment_status":"closed","ping_status":"closed","template":"","meta":{"inline_featured_image":false,"_monsterinsights_skip_tracking":false,"_monsterinsights_sitenote_active":false,"_monsterinsights_sitenote_note":"","_monsterinsights_sitenote_category":0,"footnotes":""},"class_list":["post-18","page","type-page","status-publish","hentry"],"aioseo_notices":[],"_links":{"self":[{"href":"http:\/\/campscapebeiramarvao.com\/de\/wp-json\/wp\/v2\/pages\/18","targetHints":{"allow":["GET"]}}],"collection":[{"href":"http:\/\/campscapebeiramarvao.com\/de\/wp-json\/wp\/v2\/pages"}],"about":[{"href":"http:\/\/campscapebeiramarvao.com\/de\/wp-json\/wp\/v2\/types\/page"}],"author":[{"embeddable":true,"href":"http:\/\/campscapebeiramarvao.com\/de\/wp-json\/wp\/v2\/users\/3"}],"replies":[{"embeddable":true,"href":"http:\/\/campscapebeiramarvao.com\/de\/wp-json\/wp\/v2\/comments?post=18"}],"version-history":[{"count":0,"href":"http:\/\/campscapebeiramarvao.com\/de\/wp-json\/wp\/v2\/pages\/18\/revisions"}],"wp:attachment":[{"href":"http:\/\/campscapebeiramarvao.com\/de\/wp-json\/wp\/v2\/media?parent=18"}],"curies":[{"name":"wp","href":"https:\/\/api.w.org\/{rel}","templated":true}]}}