{"id":18,"date":"2021-10-19T16:06:57","date_gmt":"2021-10-19T16:06:57","guid":{"rendered":"http:\/\/www.camping-beira-marvao.com\/accommodaties\/"},"modified":"2025-06-20T23:39:13","modified_gmt":"2025-06-20T22:39:13","slug":"spots","status":"publish","type":"page","link":"http:\/\/campscapebeiramarvao.com\/es\/alojamientos\/","title":{"rendered":"Tarifas"},"content":{"rendered":"<div data-elementor-type=\"wp-page\" data-elementor-id=\"18\" class=\"elementor elementor-18\">\n\t\t\t\t\t\t<section class=\"elementor-section elementor-top-section elementor-element elementor-element-de33b55 elementor-section-boxed elementor-section-height-default elementor-section-height-default\" data-id=\"de33b55\" data-element_type=\"section\" data-e-type=\"section\">\n\t\t\t\t\t\t<div class=\"elementor-container elementor-column-gap-default\">\n\t\t\t\t\t<div class=\"elementor-column elementor-col-100 elementor-top-column elementor-element elementor-element-2a6bbdf\" data-id=\"2a6bbdf\" data-element_type=\"column\" data-e-type=\"column\">\n\t\t\t<div class=\"elementor-widget-wrap elementor-element-populated\">\n\t\t\t\t\t\t<div class=\"elementor-element elementor-element-9b0168f elementor-widget elementor-widget-text-editor\" data-id=\"9b0168f\" data-element_type=\"widget\" data-e-type=\"widget\" data-widget_type=\"text-editor.default\">\n\t\t\t\t<div class=\"elementor-widget-container\">\n\t\t\t\t\t\t\t\t\t<h4 style=\"text-align: left;\">Lugar para acampar en nuestra finca<\/h4><p>Te invitamos a alojarte en nuestra finca con tu propio equipo de camping. Sinceramente, no somos los m\u00e1s econ\u00f3micos y nuestras instalaciones son b\u00e1sicas. Pero como tenemos una estancia m\u00ednima de dos noches, no admitimos autocaravanas grandes, somos solo para adultos, ocupamos solo la mitad de las plazas disponibles\u2026 y no somos los m\u00e1s econ\u00f3micos\u2026 podr\u00e1s disfrutar de una estancia verdaderamente tranquila y relajante en un paisaje espectacular, rodeado de naturaleza. S\u00ed, puedes decir que pagas un poco m\u00e1s por menos.<\/p><p>Nuestras tarifas incluyen:<br \/><span style=\"font-size: 1rem;\">\u2013 1 coche o moto + tienda de campa\u00f1a, o<br \/>\u2013 1 coche + caravana, o<br \/><\/span><span style=\"font-size: 1rem;\">\u2013 1 autocaravana<\/span><span style=\"font-size: 1rem;\"> (menor de 7 metros)<br \/>\u2013 electricidad (hasta 10 kW al d\u00eda), WIFI, uso de las instalaciones sanitarias y de la piscina (abril \u2013 septiembre)<\/span><\/p><p><span style=\"font-size: 1rem;\">Eres libre de elegir tu propio lugar en Olive Tree Plateau, junto a la piscina o en el campo verde.<br \/>Despu\u00e9s del montaje, los coches y remolques deber\u00e1n aparcarse en los lugares previstos para ello.\u00a0<\/span><\/p>\t\t\t\t\t\t\t\t<\/div>\n\t\t\t\t<\/div>\n\t\t\t\t\t<\/div>\n\t\t<\/div>\n\t\t\t\t\t<\/div>\n\t\t<\/section>\n\t\t\t\t<section class=\"elementor-section elementor-top-section elementor-element elementor-element-29e9193 elementor-section-boxed elementor-section-height-default elementor-section-height-default\" data-id=\"29e9193\" data-element_type=\"section\" data-e-type=\"section\">\n\t\t\t\t\t\t<div class=\"elementor-container elementor-column-gap-default\">\n\t\t\t\t\t<div class=\"elementor-column elementor-col-100 elementor-top-column elementor-element elementor-element-4376ce4\" data-id=\"4376ce4\" data-element_type=\"column\" data-e-type=\"column\">\n\t\t\t<div class=\"elementor-widget-wrap elementor-element-populated\">\n\t\t\t\t\t\t<div class=\"elementor-element elementor-element-3494606 elementor-widget elementor-widget-text-editor\" data-id=\"3494606\" data-element_type=\"widget\" data-e-type=\"widget\" data-widget_type=\"text-editor.default\">\n\t\t\t\t<div class=\"elementor-widget-container\">\n\t\t\t\t\t\t\t\t\t<p style=\"text-align: left;\"><strong><span style=\"color: #6d712e;\">\u00a1Las tarifas por noche se aplican si reservas antes de llegar! <span style=\"color: #ff0000;\">Presentarse sin reserva conlleva un cargo administrativo \u00fanico de 5,00 \u20ac al d\u00eda.<\/span><br \/>No es necesario realizar un pago inicial, solo pagar\u00e1 la cantidad de noches que se hospede (con un m\u00ednimo de 2). No hay problema si se va temprano, pero puede que no sea posible quedarse m\u00e1s tiempo, ya que limitamos la cantidad de hu\u00e9spedes. \u00a1As\u00ed que reserve con cuidado!<\/span><\/strong><\/p>\t\t\t\t\t\t\t\t<\/div>\n\t\t\t\t<\/div>\n\t\t\t\t\t<\/div>\n\t\t<\/div>\n\t\t\t\t\t<\/div>\n\t\t<\/section>\n\t\t\t\t<section class=\"elementor-section elementor-top-section elementor-element elementor-element-b6862aa elementor-section-boxed elementor-section-height-default elementor-section-height-default\" data-id=\"b6862aa\" data-element_type=\"section\" data-e-type=\"section\">\n\t\t\t\t\t\t<div class=\"elementor-container elementor-column-gap-default\">\n\t\t\t\t\t<div class=\"elementor-column elementor-col-100 elementor-top-column elementor-element elementor-element-b605d6a\" data-id=\"b605d6a\" data-element_type=\"column\" data-e-type=\"column\">\n\t\t\t<div class=\"elementor-widget-wrap elementor-element-populated\">\n\t\t\t\t\t\t<div class=\"elementor-element elementor-element-c3c8eb1 elementor-widget elementor-widget-stratum-table\" data-id=\"c3c8eb1\" data-element_type=\"widget\" data-e-type=\"widget\" data-no-translation=\"\" data-widget_type=\"stratum-table.default\">\n\t\t\t\t<div class=\"elementor-widget-container\">\n\t\t\t\t\t<style>.elementor-element-c3c8eb1{display:none !important}<\/style>\t\t\t\t<\/div>\n\t\t\t\t<\/div>\n\t\t\t\t<div class=\"elementor-element elementor-element-9082787 elementor-widget elementor-widget-stratum-table\" data-id=\"9082787\" data-element_type=\"widget\" data-e-type=\"widget\" data-no-translation=\"\" data-widget_type=\"stratum-table.default\">\n\t\t\t\t<div class=\"elementor-widget-container\">\n\t\t\t\t\t<style>.elementor-element-9082787{display:none !important}<\/style>\t\t\t\t<\/div>\n\t\t\t\t<\/div>\n\t\t\t\t<div class=\"elementor-element elementor-element-9cf0ca1 elementor-widget elementor-widget-stratum-table\" data-id=\"9cf0ca1\" data-element_type=\"widget\" data-e-type=\"widget\" data-no-translation=\"\" data-widget_type=\"stratum-table.default\">\n\t\t\t\t<div class=\"elementor-widget-container\">\n\t\t\t\t\t<style>.elementor-element-9cf0ca1{display:none !important}<\/style>\t\t\t\t<\/div>\n\t\t\t\t<\/div>\n\t\t\t\t<div class=\"elementor-element elementor-element-1de91e4 elementor-widget elementor-widget-stratum-table\" data-id=\"1de91e4\" data-element_type=\"widget\" data-e-type=\"widget\" data-no-translation=\"\" data-widget_type=\"stratum-table.default\">\n\t\t\t\t<div class=\"elementor-widget-container\">\n\t\t\t\t\t<style>.elementor-element-1de91e4{display:none !important}<\/style>\t\t\t\t<\/div>\n\t\t\t\t<\/div>\n\t\t\t\t<div class=\"elementor-element elementor-element-f2ce290 elementor-widget elementor-widget-stratum-table\" data-id=\"f2ce290\" data-element_type=\"widget\" data-e-type=\"widget\" data-no-translation=\"\" data-widget_type=\"stratum-table.default\">\n\t\t\t\t<div class=\"elementor-widget-container\">\n\t\t\t\t\t<div class=\"stratum-table\">\n\t<table class=\"stratum-table__table\">\n\t\t<thead>\n\t\t\t<tr>\n\t\t\t\t\t\t\t<th colspan=\"4\" >\n\t\t\t\t\t<div class=\"stratum-table__header-cell align-content-center\">\n\t\t\t\t\t\t<span class=\"stratum-table__cell-title has-media-left\" >\n\t\t\t\t\t\t\tTarifas\t\t\t\t\t\t<\/span>\n\t\t\t\t\t<\/div>\n\t\t\t\t<\/th>\t\t\t<\/tr>\n\t\t<\/thead>\n\t\t<tbody>\n\t\t\t\t\t<tr>\n\t\t\t\t\t\t\t\t<td  colspan=\"\">\n\t\t\t\t\t\t\t\t\t\t\t\t<div class=\"stratum-table__body-cell align-content-center\">\n\t\t\t\t\t\t\t\t\t\t\t\t\t\t\t<span class=\"stratum-table__cell-title has-media-left\" ><\/span>\n\t\t\t\t\t\t\t\t\t\t\t\t\t<\/div>\n\t\t\t\t\t<\/td>\t\t\t\t\t<td  colspan=\"\">\n\t\t\t\t\t\t\t\t\t\t\t\t<div class=\"stratum-table__body-cell align-content-center\">\n\t\t\t\t\t\t\t\t\t\t\t\t\t\t\t<span class=\"stratum-table__cell-title has-media-left\" >1 noche<\/span>\n\t\t\t\t\t\t\t\t\t\t\t\t\t<\/div>\n\t\t\t\t\t<\/td>\t\t\t\t\t<td  colspan=\"\">\n\t\t\t\t\t\t\t\t\t\t\t\t<div class=\"stratum-table__body-cell align-content-center\">\n\t\t\t\t\t\t\t\t\t\t\t\t\t\t\t<span class=\"stratum-table__cell-title has-media-left\" >2 - 4 noches<\/span>\n\t\t\t\t\t\t\t\t\t\t\t\t\t<\/div>\n\t\t\t\t\t<\/td>\t\t\t\t\t<td  colspan=\"\">\n\t\t\t\t\t\t\t\t\t\t\t\t<div class=\"stratum-table__body-cell align-content-center\">\n\t\t\t\t\t\t\t\t\t\t\t\t\t\t\t<span class=\"stratum-table__cell-title has-media-left\" >5+ noches<\/span>\n\t\t\t\t\t\t\t\t\t\t\t\t\t<\/div>\n\t\t\t\t\t<\/td>\t\t\t<\/tr>\n\t\t\t\t\t<tr>\n\t\t\t\t\t\t\t\t<td  colspan=\"\">\n\t\t\t\t\t\t\t\t\t\t\t\t<div class=\"stratum-table__body-cell align-content-center\">\n\t\t\t\t\t\t\t\t\t\t\t\t\t\t\t<span class=\"stratum-table__cell-title has-media-left\" >1 persona<\/span>\n\t\t\t\t\t\t\t\t\t\t\t\t\t<\/div>\n\t\t\t\t\t<\/td>\t\t\t\t\t<td  colspan=\"\">\n\t\t\t\t\t\t\t\t\t\t\t\t<div class=\"stratum-table__body-cell align-content-center\">\n\t\t\t\t\t\t\t\t\t\t\t\t\t\t\t<span class=\"stratum-table__cell-title has-media-left\" >x<\/span>\n\t\t\t\t\t\t\t\t\t\t\t\t\t<\/div>\n\t\t\t\t\t<\/td>\t\t\t\t\t<td  colspan=\"\">\n\t\t\t\t\t\t\t\t\t\t\t\t<div class=\"stratum-table__body-cell align-content-center\">\n\t\t\t\t\t\t\t\t\t\t\t\t\t\t\t<span class=\"stratum-table__cell-title has-media-left\" >\u20ac 22,50<\/span>\n\t\t\t\t\t\t\t\t\t\t\t\t\t<\/div>\n\t\t\t\t\t<\/td>\t\t\t\t\t<td  colspan=\"\">\n\t\t\t\t\t\t\t\t\t\t\t\t<div class=\"stratum-table__body-cell align-content-center\">\n\t\t\t\t\t\t\t\t\t\t\t\t\t\t\t<span class=\"stratum-table__cell-title has-media-left\" >\u20ac 17,50<\/span>\n\t\t\t\t\t\t\t\t\t\t\t\t\t<\/div>\n\t\t\t\t\t<\/td>\t\t\t<\/tr>\n\t\t\t\t\t<tr>\n\t\t\t\t\t\t\t\t<td  colspan=\"\">\n\t\t\t\t\t\t\t\t\t\t\t\t<div class=\"stratum-table__body-cell align-content-center\">\n\t\t\t\t\t\t\t\t\t\t\t\t\t\t\t<span class=\"stratum-table__cell-title has-media-left\" >2 personen<\/span>\n\t\t\t\t\t\t\t\t\t\t\t\t\t<\/div>\n\t\t\t\t\t<\/td>\t\t\t\t\t<td  colspan=\"\">\n\t\t\t\t\t\t\t\t\t\t\t\t<div class=\"stratum-table__body-cell align-content-center\">\n\t\t\t\t\t\t\t\t\t\t\t\t\t\t\t<span class=\"stratum-table__cell-title has-media-left\" >x<\/span>\n\t\t\t\t\t\t\t\t\t\t\t\t\t<\/div>\n\t\t\t\t\t<\/td>\t\t\t\t\t<td  colspan=\"\">\n\t\t\t\t\t\t\t\t\t\t\t\t<div class=\"stratum-table__body-cell align-content-center\">\n\t\t\t\t\t\t\t\t\t\t\t\t\t\t\t<span class=\"stratum-table__cell-title has-media-left\" >\u20ac 30<\/span>\n\t\t\t\t\t\t\t\t\t\t\t\t\t<\/div>\n\t\t\t\t\t<\/td>\t\t\t\t\t<td  colspan=\"\">\n\t\t\t\t\t\t\t\t\t\t\t\t<div class=\"stratum-table__body-cell align-content-center\">\n\t\t\t\t\t\t\t\t\t\t\t\t\t\t\t<span class=\"stratum-table__cell-title has-media-left\" >\u20ac 25<\/span>\n\t\t\t\t\t\t\t\t\t\t\t\t\t<\/div>\n\t\t\t\t\t<\/td>\t\t\t<\/tr>\n\t\t\t\t\t<tr>\n\t\t\t\t\t\t<\/tr>\n\t\t\t\t<\/tbody>\n\t<\/table>\n<\/div>\n\t\t\t\t<\/div>\n\t\t\t\t<\/div>\n\t\t\t\t<div class=\"elementor-element elementor-element-80a9c27 elementor-widget elementor-widget-stratum-table\" data-id=\"80a9c27\" data-element_type=\"widget\" data-e-type=\"widget\" data-no-translation=\"\" data-widget_type=\"stratum-table.default\">\n\t\t\t\t<div class=\"elementor-widget-container\">\n\t\t\t\t\t<style>.elementor-element-80a9c27{display:none !important}<\/style>\t\t\t\t<\/div>\n\t\t\t\t<\/div>\n\t\t\t\t\t<\/div>\n\t\t<\/div>\n\t\t\t\t\t<\/div>\n\t\t<\/section>\n\t\t\t\t<section class=\"elementor-section elementor-top-section elementor-element elementor-element-6c6eb06 elementor-section-boxed elementor-section-height-default elementor-section-height-default\" data-id=\"6c6eb06\" data-element_type=\"section\" data-e-type=\"section\">\n\t\t\t\t\t\t<div class=\"elementor-container elementor-column-gap-default\">\n\t\t\t\t\t<div class=\"elementor-column elementor-col-100 elementor-top-column elementor-element elementor-element-56ca91a\" data-id=\"56ca91a\" data-element_type=\"column\" data-e-type=\"column\">\n\t\t\t<div class=\"elementor-widget-wrap elementor-element-populated\">\n\t\t\t\t\t\t<div class=\"elementor-element elementor-element-d458062 elementor-widget elementor-widget-stratum-price-list\" data-id=\"d458062\" data-element_type=\"widget\" data-e-type=\"widget\" data-widget_type=\"stratum-price-list.default\">\n\t\t\t\t<div class=\"elementor-widget-container\">\n\t\t\t\t\t<div class=\"stratum-price-list has-image-left\">\n\t    <div class=\"stratum-price-list__wrapper\">\n        <div class=\"stratum-price-list__content\">\n            <h5 class=\"stratum-price-list__heading\">Tarifas adicionales Campscape Beira Marvao Alentejo por noche<\/h5>\n            <div class=\"stratum-price-list__items\">\n\t\t\t\t                    <div class=\"stratum-price-list__item\">\n\t\t\t\t\t\t                        <span class=\"stratum-price-list__title\">Persona extra<\/span>\n\t\t\t\t\t\t                            <span class=\"stratum-price-list__connector\"><\/span>\n\t\t\t\t\t\t                        <span class=\"stratum-price-list__price\">7,50 \u20ac<\/span>\n                    <\/div>\n\t\t\t\t                    <div class=\"stratum-price-list__item\">\n\t\t\t\t\t\t                        <span class=\"stratum-price-list__title\">Electricidad superior a 10 kW al d\u00eda, por kW<\/span>\n\t\t\t\t\t\t                            <span class=\"stratum-price-list__connector\"><\/span>\n\t\t\t\t\t\t                        <span class=\"stratum-price-list__price\">0,45 \u20ac<\/span>\n                    <\/div>\n\t\t\t\t                    <div class=\"stratum-price-list__item\">\n\t\t\t\t\t\t                        <span class=\"stratum-price-list__title\">Remolque - tienda adicional<\/span>\n\t\t\t\t\t\t                            <span class=\"stratum-price-list__connector\"><\/span>\n\t\t\t\t\t\t                        <span class=\"stratum-price-list__price\">5 \u20ac<\/span>\n                    <\/div>\n\t\t\t\t                    <div class=\"stratum-price-list__item\">\n\t\t\t\t\t\t                        <span class=\"stratum-price-list__title\">Perro<\/span>\n\t\t\t\t\t\t                            <span class=\"stratum-price-list__connector\"><\/span>\n\t\t\t\t\t\t                        <span class=\"stratum-price-list__price\">2 \u20ac<\/span>\n                    <\/div>\n\t\t\t\t                    <div class=\"stratum-price-list__item\">\n\t\t\t\t\t\t                        <span class=\"stratum-price-list__title\">Servicio de lavander\u00eda<\/span>\n\t\t\t\t\t\t                            <span class=\"stratum-price-list__connector\"><\/span>\n\t\t\t\t\t\t                        <span class=\"stratum-price-list__price\">7,50 \u20ac<\/span>\n                    <\/div>\n\t\t\t\t            <\/div>\n        <\/div>\n    <\/div>\n<\/div>\n\t\t\t\t<\/div>\n\t\t\t\t<\/div>\n\t\t\t\t\t<\/div>\n\t\t<\/div>\n\t\t\t\t\t<\/div>\n\t\t<\/section>\n\t\t\t\t<section class=\"elementor-section elementor-top-section elementor-element elementor-element-f449c1c elementor-section-boxed elementor-section-height-default elementor-section-height-default\" data-id=\"f449c1c\" data-element_type=\"section\" data-e-type=\"section\">\n\t\t\t\t\t\t<div class=\"elementor-container elementor-column-gap-default\">\n\t\t\t\t\t<div class=\"elementor-column elementor-col-100 elementor-top-column elementor-element elementor-element-cb7920a\" data-id=\"cb7920a\" data-element_type=\"column\" data-e-type=\"column\">\n\t\t\t<div class=\"elementor-widget-wrap elementor-element-populated\">\n\t\t\t\t\t\t<div class=\"elementor-element elementor-element-72b49cf elementor-widget elementor-widget-shortcode\" data-id=\"72b49cf\" data-element_type=\"widget\" data-e-type=\"widget\" data-widget_type=\"shortcode.default\">\n\t\t\t\t<div class=\"elementor-widget-container\">\n\t\t\t\t\t\t\t<div class=\"elementor-shortcode\"><div class=\"mphb_sc_search-wrapper dark horizontal\">\n<form method=\"GET\" class=\"mphb_sc_search-form\" action=\"http:\/\/campscapebeiramarvao.com\/es\/resultados-de-la-busqueda\/\" data-first_available_check_in_date=\"2026-05-02\" data-trp-original-action=\"http:\/\/campscapebeiramarvao.com\/es\/resultados-de-la-busqueda\/\">\n\n\t<p class = \"mphb-required-fields-tip\">\n\t<small>\n\t\tLos campos obligatorios son seguidos por\t\t<abbr title=\"requerido\">*<\/abbr>\n\t<\/small>\n<\/p>\n\n\t<p class=\"mphb_sc_search-check-in-date\">\n\t\t<label for=\"mphb_check_in_date-mphb-search-form-69f5bd9aec9b5\">\n\t\t\td\u00eda de\t\t\t<abbr title=\"Formato dd\/mm\/aaaa\">*<\/abbr>\n\t\t<\/label>\n\t\t<br \/>\n\t\t<input\n\t\t\tid=\"mphb_check_in_date-mphb-search-form-69f5bd9aec9b5\"\n\t\t\tdata-datepick-group=\"mphb-search-form-69f5bd9aec9b5\"\n\t\t\tvalue=\"\"\n\t\t\tplaceholder=\"Fecha de\"\n\t\t\trequired=\"required\"\n\t\t\ttype=\"text\"\n\t\t\tinputmode=\"none\"\n\t\t\tname=\"mphb_check_in_date\"\n\t\t\tclass=\"mphb-datepick\"\n\t\t\tautocomplete=\"off\"\n\t\t\t\/>\n\t<\/p>\n\n\t<p class=\"mphb_sc_search-check-out-date\">\n\t\t<label for=\"mphb_check_out_date-mphb-search-form-69f5bd9aec9b5\">\n\t\t\td\u00eda de salida\t\t\t<abbr title=\"Formato dd\/mm\/aaaa\">*<\/abbr>\n\t\t<\/label>\n\t\t<br \/>\n\t\t<input\n\t\t\tid=\"mphb_check_out_date-mphb-search-form-69f5bd9aec9b5\"\n\t\t\tdata-datepick-group=\"mphb-search-form-69f5bd9aec9b5\"\n\t\t\tvalue=\"\"\n\t\t\tplaceholder=\"fecha de salida\"\n\t\t\trequired=\"required\"\n\t\t\ttype=\"text\"\n\t\t\tinputmode=\"none\"\n\t\t\tname=\"mphb_check_out_date\"\n\t\t\tclass=\"mphb-datepick\"\n\t\t\tautocomplete=\"off\"\n\t\t\t\/>\n\t<\/p>\n\n\t\t\t<p class=\"mphb_sc_search-adults\">\n\t\t\t<label for=\"mphb_adults-mphb-search-form-69f5bd9aec9b5\">\n\t\t\t\tInvitados\t\t\t<\/label>\n\t\t\t<br \/>\n\t\t\t<select id=\"mphb_adults-mphb-search-form-69f5bd9aec9b5\" name=\"mphb_adults\" >\n\t\t\t\t\t\t\t\t\t<option value=\"1\"  selected='selected'>1<\/option>\n\t\t\t\t\t\t\t\t\t<option value=\"2\" >2<\/option>\n\t\t\t\t\t\t\t\t\t<option value=\"3\" >3<\/option>\n\t\t\t\t\t\t\t\t\t<option value=\"4\" >4<\/option>\n\t\t\t\t\t\t\t\t\t<option value=\"5\" >5<\/option>\n\t\t\t\t\t\t\t\t\t<option value=\"6\" >6<\/option>\n\t\t\t\t\t\t\t\t\t<option value=\"7\" >7<\/option>\n\t\t\t\t\t\t\t\t\t<option value=\"8\" >8<\/option>\n\t\t\t\t\t\t\t\t\t<option value=\"9\" >9<\/option>\n\t\t\t\t\t\t\t\t\t<option value=\"10\" >10<\/option>\n\t\t\t\t\t\t\t\t\t<option value=\"11\" >11<\/option>\n\t\t\t\t\t\t\t\t\t<option value=\"12\" >12<\/option>\n\t\t\t\t\t\t\t\t\t<option value=\"13\" >13<\/option>\n\t\t\t\t\t\t\t\t\t<option value=\"14\" >14<\/option>\n\t\t\t\t\t\t\t\t\t<option value=\"15\" >15<\/option>\n\t\t\t\t\t\t\t\t\t<option value=\"16\" >16<\/option>\n\t\t\t\t\t\t\t\t\t<option value=\"17\" >17<\/option>\n\t\t\t\t\t\t\t\t\t<option value=\"18\" >18<\/option>\n\t\t\t\t\t\t\t\t\t<option value=\"19\" >19<\/option>\n\t\t\t\t\t\t\t\t\t<option value=\"20\" >20<\/option>\n\t\t\t\t\t\t\t\t\t<option value=\"21\" >21<\/option>\n\t\t\t\t\t\t\t\t\t<option value=\"22\" >22<\/option>\n\t\t\t\t\t\t\t\t\t<option value=\"23\" >23<\/option>\n\t\t\t\t\t\t\t\t\t<option value=\"24\" >24<\/option>\n\t\t\t\t\t\t\t\t\t<option value=\"25\" >25<\/option>\n\t\t\t\t\t\t\t\t\t<option value=\"26\" >26<\/option>\n\t\t\t\t\t\t\t\t\t<option value=\"27\" >27<\/option>\n\t\t\t\t\t\t\t\t\t<option value=\"28\" >28<\/option>\n\t\t\t\t\t\t\t\t\t<option value=\"29\" >29<\/option>\n\t\t\t\t\t\t\t\t\t<option value=\"30\" >30<\/option>\n\t\t\t\t\t\t\t<\/select>\n\t\t<\/p>\n\t\n\t\t\t<input type=\"hidden\" id=\"mphb_children-mphb-search-form-69f5bd9aec9b5\" name=\"mphb_children\" value=\"0\" \/>\n\t\n\t\n\t\n\t<input id=\"mphb_check_in_date-mphb-search-form-69f5bd9aec9b5-hidden\" value=\"\" type=\"hidden\" name=\"mphb_check_in_date\" \/><input id=\"mphb_check_out_date-mphb-search-form-69f5bd9aec9b5-hidden\" value=\"\" type=\"hidden\" name=\"mphb_check_out_date\" \/>\n\t<p class=\"mphb_sc_search-submit-button-wrapper\">\n\t\t<input type=\"submit\" class=\"button\" value=\"Buscar\"\/>\n\t<\/p>\n\n\t\n<input type=\"hidden\" name=\"trp-form-language\" value=\"es\"\/><\/form>\n<\/div><\/div>\n\t\t\t\t\t\t<\/div>\n\t\t\t\t<\/div>\n\t\t\t\t\t<\/div>\n\t\t<\/div>\n\t\t\t\t\t<\/div>\n\t\t<\/section>\n\t\t\t\t<\/div>","protected":false},"excerpt":{"rendered":"<p>Camping Spot on our Estate You are welcome to stay on our estate with your own camping equipment. Honestly, we are not the cheapest and our facilities are just basic. But because we have a minimum stay of two nights, don\u00b4t accommodate big motorhomes, are adults only, only occupy half of the available spots &#8230; [&hellip;]<\/p>\n","protected":false},"author":3,"featured_media":0,"parent":0,"menu_order":0,"comment_status":"closed","ping_status":"closed","template":"","meta":{"inline_featured_image":false,"_monsterinsights_skip_tracking":false,"_monsterinsights_sitenote_active":false,"_monsterinsights_sitenote_note":"","_monsterinsights_sitenote_category":0,"footnotes":""},"class_list":["post-18","page","type-page","status-publish","hentry"],"aioseo_notices":[],"_links":{"self":[{"href":"http:\/\/campscapebeiramarvao.com\/es\/wp-json\/wp\/v2\/pages\/18","targetHints":{"allow":["GET"]}}],"collection":[{"href":"http:\/\/campscapebeiramarvao.com\/es\/wp-json\/wp\/v2\/pages"}],"about":[{"href":"http:\/\/campscapebeiramarvao.com\/es\/wp-json\/wp\/v2\/types\/page"}],"author":[{"embeddable":true,"href":"http:\/\/campscapebeiramarvao.com\/es\/wp-json\/wp\/v2\/users\/3"}],"replies":[{"embeddable":true,"href":"http:\/\/campscapebeiramarvao.com\/es\/wp-json\/wp\/v2\/comments?post=18"}],"version-history":[{"count":0,"href":"http:\/\/campscapebeiramarvao.com\/es\/wp-json\/wp\/v2\/pages\/18\/revisions"}],"wp:attachment":[{"href":"http:\/\/campscapebeiramarvao.com\/es\/wp-json\/wp\/v2\/media?parent=18"}],"curies":[{"name":"Gracias","href":"https:\/\/api.w.org\/{rel}","templated":true}]}}