{"id":18,"date":"2021-10-19T16:06:57","date_gmt":"2021-10-19T16:06:57","guid":{"rendered":"http:\/\/www.camping-beira-marvao.com\/accommodaties\/"},"modified":"2025-06-20T23:39:13","modified_gmt":"2025-06-20T22:39:13","slug":"spots","status":"publish","type":"page","link":"http:\/\/campscapebeiramarvao.com\/pt\/acomodacoes\/","title":{"rendered":"Tarifas"},"content":{"rendered":"<div data-elementor-type=\"wp-page\" data-elementor-id=\"18\" class=\"elementor elementor-18\">\n\t\t\t\t\t\t<section class=\"elementor-section elementor-top-section elementor-element elementor-element-de33b55 elementor-section-boxed elementor-section-height-default elementor-section-height-default\" data-id=\"de33b55\" data-element_type=\"section\" data-e-type=\"section\">\n\t\t\t\t\t\t<div class=\"elementor-container elementor-column-gap-default\">\n\t\t\t\t\t<div class=\"elementor-column elementor-col-100 elementor-top-column elementor-element elementor-element-2a6bbdf\" data-id=\"2a6bbdf\" data-element_type=\"column\" data-e-type=\"column\">\n\t\t\t<div class=\"elementor-widget-wrap elementor-element-populated\">\n\t\t\t\t\t\t<div class=\"elementor-element elementor-element-9b0168f elementor-widget elementor-widget-text-editor\" data-id=\"9b0168f\" data-element_type=\"widget\" data-e-type=\"widget\" data-widget_type=\"text-editor.default\">\n\t\t\t\t<div class=\"elementor-widget-container\">\n\t\t\t\t\t\t\t\t\t<h4 style=\"text-align: left;\">Ponto de acampamento em nossa propriedade<\/h4><p>Voc\u00ea \u00e9 bem-vindo para se hospedar em nossa propriedade com seu pr\u00f3prio equipamento de camping. Honestamente, n\u00e3o somos os mais baratos e nossas instala\u00e7\u00f5es s\u00e3o b\u00e1sicas. Mas, como temos uma estadia m\u00ednima de duas noites, n\u00e3o acomodamos motorhomes grandes, somos apenas para adultos, ocupamos apenas metade das vagas dispon\u00edveis... e n\u00e3o somos os mais baratos... voc\u00ea pode desfrutar de uma estadia verdadeiramente tranquila e relaxante em uma paisagem incr\u00edvel, cercada pela natureza. Sim, voc\u00ea pode dizer honestamente que est\u00e1 pagando um pouco mais para vivenciar menos.<\/p><p>Nossas tarifas incluem:<br \/><span style=\"font-size: 1rem;\">\u2013 1 carro ou moto + barraca, ou<br \/>\u2013 1 carro + caravana, ou<br \/><\/span><span style=\"font-size: 1rem;\">\u2013 1 autocaravana<\/span><span style=\"font-size: 1rem;\"> (menor que 7 metros)<br \/>\u2013 eletricidade (at\u00e9 10 kW por dia), WIFI, utiliza\u00e7\u00e3o das instala\u00e7\u00f5es sanit\u00e1rias e da piscina (abril \u2013 setembro)<\/span><\/p><p><span style=\"font-size: 1rem;\">\u00c9 livre de escolher o seu local no Planalto das Oliveiras, junto \u00e0 Piscina ou no Campo Verde.<br \/>Ap\u00f3s a montagem, os carros e trailers dever\u00e3o ser estacionados nas vagas designadas.\u00a0<\/span><\/p>\t\t\t\t\t\t\t\t<\/div>\n\t\t\t\t<\/div>\n\t\t\t\t\t<\/div>\n\t\t<\/div>\n\t\t\t\t\t<\/div>\n\t\t<\/section>\n\t\t\t\t<section class=\"elementor-section elementor-top-section elementor-element elementor-element-29e9193 elementor-section-boxed elementor-section-height-default elementor-section-height-default\" data-id=\"29e9193\" data-element_type=\"section\" data-e-type=\"section\">\n\t\t\t\t\t\t<div class=\"elementor-container elementor-column-gap-default\">\n\t\t\t\t\t<div class=\"elementor-column elementor-col-100 elementor-top-column elementor-element elementor-element-4376ce4\" data-id=\"4376ce4\" data-element_type=\"column\" data-e-type=\"column\">\n\t\t\t<div class=\"elementor-widget-wrap elementor-element-populated\">\n\t\t\t\t\t\t<div class=\"elementor-element elementor-element-3494606 elementor-widget elementor-widget-text-editor\" data-id=\"3494606\" data-element_type=\"widget\" data-e-type=\"widget\" data-widget_type=\"text-editor.default\">\n\t\t\t\t<div class=\"elementor-widget-container\">\n\t\t\t\t\t\t\t\t\t<p style=\"text-align: left;\"><strong><span style=\"color: #6d712e;\">As tarifas por noite s\u00e3o aplicadas quando voc\u00ea reserva antes de chegar! <span style=\"color: #ff0000;\">Aparecer sem reserva acrescenta uma taxa administrativa \u00fanica de \u20ac 5,00.<\/span><br \/>N\u00e3o \u00e9 necess\u00e1rio pagamento inicial, voc\u00ea s\u00f3 pagar\u00e1 o n\u00famero de noites que ficar (com um m\u00ednimo de 2). Sair cedo n\u00e3o \u00e9 problema, no entanto, ficar mais tempo pode n\u00e3o ser poss\u00edvel, pois limitamos o n\u00famero de h\u00f3spedes. Ent\u00e3o reserve com sabedoria!<\/span><\/strong><\/p>\t\t\t\t\t\t\t\t<\/div>\n\t\t\t\t<\/div>\n\t\t\t\t\t<\/div>\n\t\t<\/div>\n\t\t\t\t\t<\/div>\n\t\t<\/section>\n\t\t\t\t<section class=\"elementor-section elementor-top-section elementor-element elementor-element-b6862aa elementor-section-boxed elementor-section-height-default elementor-section-height-default\" data-id=\"b6862aa\" data-element_type=\"section\" data-e-type=\"section\">\n\t\t\t\t\t\t<div class=\"elementor-container elementor-column-gap-default\">\n\t\t\t\t\t<div class=\"elementor-column elementor-col-100 elementor-top-column elementor-element elementor-element-b605d6a\" data-id=\"b605d6a\" data-element_type=\"column\" data-e-type=\"column\">\n\t\t\t<div class=\"elementor-widget-wrap elementor-element-populated\">\n\t\t\t\t\t\t<div class=\"elementor-element elementor-element-c3c8eb1 elementor-widget elementor-widget-stratum-table\" data-id=\"c3c8eb1\" data-element_type=\"widget\" data-e-type=\"widget\" data-no-translation=\"\" data-widget_type=\"stratum-table.default\">\n\t\t\t\t<div class=\"elementor-widget-container\">\n\t\t\t\t\t<style>.elementor-element-c3c8eb1{display:none !important}<\/style>\t\t\t\t<\/div>\n\t\t\t\t<\/div>\n\t\t\t\t<div class=\"elementor-element elementor-element-9082787 elementor-widget elementor-widget-stratum-table\" data-id=\"9082787\" data-element_type=\"widget\" data-e-type=\"widget\" data-no-translation=\"\" data-widget_type=\"stratum-table.default\">\n\t\t\t\t<div class=\"elementor-widget-container\">\n\t\t\t\t\t<div class=\"stratum-table\">\n\t<table class=\"stratum-table__table\">\n\t\t<thead>\n\t\t\t<tr>\n\t\t\t\t\t\t\t<th colspan=\"4\" >\n\t\t\t\t\t<div class=\"stratum-table__header-cell align-content-center\">\n\t\t\t\t\t\t<span class=\"stratum-table__cell-title has-media-left\" >\n\t\t\t\t\t\t\tTarifas\t\t\t\t\t\t<\/span>\n\t\t\t\t\t<\/div>\n\t\t\t\t<\/th>\t\t\t<\/tr>\n\t\t<\/thead>\n\t\t<tbody>\n\t\t\t\t\t<tr>\n\t\t\t\t\t\t\t\t<td  colspan=\"\">\n\t\t\t\t\t\t\t\t\t\t\t\t<div class=\"stratum-table__body-cell align-content-center\">\n\t\t\t\t\t\t\t\t\t\t\t\t\t\t\t<span class=\"stratum-table__cell-title has-media-left\" ><\/span>\n\t\t\t\t\t\t\t\t\t\t\t\t\t<\/div>\n\t\t\t\t\t<\/td>\t\t\t\t\t<td  colspan=\"\">\n\t\t\t\t\t\t\t\t\t\t\t\t<div class=\"stratum-table__body-cell align-content-center\">\n\t\t\t\t\t\t\t\t\t\t\t\t\t\t\t<span class=\"stratum-table__cell-title has-media-left\" >1 noite<\/span>\n\t\t\t\t\t\t\t\t\t\t\t\t\t<\/div>\n\t\t\t\t\t<\/td>\t\t\t\t\t<td  colspan=\"\">\n\t\t\t\t\t\t\t\t\t\t\t\t<div class=\"stratum-table__body-cell align-content-center\">\n\t\t\t\t\t\t\t\t\t\t\t\t\t\t\t<span class=\"stratum-table__cell-title has-media-left\" >2 - 4 noites<\/span>\n\t\t\t\t\t\t\t\t\t\t\t\t\t<\/div>\n\t\t\t\t\t<\/td>\t\t\t\t\t<td  colspan=\"\">\n\t\t\t\t\t\t\t\t\t\t\t\t<div class=\"stratum-table__body-cell align-content-center\">\n\t\t\t\t\t\t\t\t\t\t\t\t\t\t\t<span class=\"stratum-table__cell-title has-media-left\" >5+ noites<\/span>\n\t\t\t\t\t\t\t\t\t\t\t\t\t<\/div>\n\t\t\t\t\t<\/td>\t\t\t<\/tr>\n\t\t\t\t\t<tr>\n\t\t\t\t\t\t\t\t<td  colspan=\"\">\n\t\t\t\t\t\t\t\t\t\t\t\t<div class=\"stratum-table__body-cell align-content-center\">\n\t\t\t\t\t\t\t\t\t\t\t\t\t\t\t<span class=\"stratum-table__cell-title has-media-left\" >1 pessoa<\/span>\n\t\t\t\t\t\t\t\t\t\t\t\t\t<\/div>\n\t\t\t\t\t<\/td>\t\t\t\t\t<td  colspan=\"\">\n\t\t\t\t\t\t\t\t\t\t\t\t<div class=\"stratum-table__body-cell align-content-center\">\n\t\t\t\t\t\t\t\t\t\t\t\t\t\t\t<span class=\"stratum-table__cell-title has-media-left\" >x<\/span>\n\t\t\t\t\t\t\t\t\t\t\t\t\t<\/div>\n\t\t\t\t\t<\/td>\t\t\t\t\t<td  colspan=\"\">\n\t\t\t\t\t\t\t\t\t\t\t\t<div class=\"stratum-table__body-cell align-content-center\">\n\t\t\t\t\t\t\t\t\t\t\t\t\t\t\t<span class=\"stratum-table__cell-title has-media-left\" >\u20ac 22,50<\/span>\n\t\t\t\t\t\t\t\t\t\t\t\t\t<\/div>\n\t\t\t\t\t<\/td>\t\t\t\t\t<td  colspan=\"\">\n\t\t\t\t\t\t\t\t\t\t\t\t<div class=\"stratum-table__body-cell align-content-center\">\n\t\t\t\t\t\t\t\t\t\t\t\t\t\t\t<span class=\"stratum-table__cell-title has-media-left\" >\u20ac 17,50<\/span>\n\t\t\t\t\t\t\t\t\t\t\t\t\t<\/div>\n\t\t\t\t\t<\/td>\t\t\t<\/tr>\n\t\t\t\t\t<tr>\n\t\t\t\t\t\t\t\t<td  colspan=\"\">\n\t\t\t\t\t\t\t\t\t\t\t\t<div class=\"stratum-table__body-cell align-content-center\">\n\t\t\t\t\t\t\t\t\t\t\t\t\t\t\t<span class=\"stratum-table__cell-title has-media-left\" >2 pessoas<\/span>\n\t\t\t\t\t\t\t\t\t\t\t\t\t<\/div>\n\t\t\t\t\t<\/td>\t\t\t\t\t<td  colspan=\"\">\n\t\t\t\t\t\t\t\t\t\t\t\t<div class=\"stratum-table__body-cell align-content-center\">\n\t\t\t\t\t\t\t\t\t\t\t\t\t\t\t<span class=\"stratum-table__cell-title has-media-left\" >x<\/span>\n\t\t\t\t\t\t\t\t\t\t\t\t\t<\/div>\n\t\t\t\t\t<\/td>\t\t\t\t\t<td  colspan=\"\">\n\t\t\t\t\t\t\t\t\t\t\t\t<div class=\"stratum-table__body-cell align-content-center\">\n\t\t\t\t\t\t\t\t\t\t\t\t\t\t\t<span class=\"stratum-table__cell-title has-media-left\" >\u20ac 30<\/span>\n\t\t\t\t\t\t\t\t\t\t\t\t\t<\/div>\n\t\t\t\t\t<\/td>\t\t\t\t\t<td  colspan=\"\">\n\t\t\t\t\t\t\t\t\t\t\t\t<div class=\"stratum-table__body-cell align-content-center\">\n\t\t\t\t\t\t\t\t\t\t\t\t\t\t\t<span class=\"stratum-table__cell-title has-media-left\" >\u20ac 25<\/span>\n\t\t\t\t\t\t\t\t\t\t\t\t\t<\/div>\n\t\t\t\t\t<\/td>\t\t\t<\/tr>\n\t\t\t\t\t<tr>\n\t\t\t\t\t\t<\/tr>\n\t\t\t\t<\/tbody>\n\t<\/table>\n<\/div>\n\t\t\t\t<\/div>\n\t\t\t\t<\/div>\n\t\t\t\t<div class=\"elementor-element elementor-element-9cf0ca1 elementor-widget elementor-widget-stratum-table\" data-id=\"9cf0ca1\" data-element_type=\"widget\" data-e-type=\"widget\" data-no-translation=\"\" data-widget_type=\"stratum-table.default\">\n\t\t\t\t<div class=\"elementor-widget-container\">\n\t\t\t\t\t<style>.elementor-element-9cf0ca1{display:none !important}<\/style>\t\t\t\t<\/div>\n\t\t\t\t<\/div>\n\t\t\t\t<div class=\"elementor-element elementor-element-1de91e4 elementor-widget elementor-widget-stratum-table\" data-id=\"1de91e4\" data-element_type=\"widget\" data-e-type=\"widget\" data-no-translation=\"\" data-widget_type=\"stratum-table.default\">\n\t\t\t\t<div class=\"elementor-widget-container\">\n\t\t\t\t\t<style>.elementor-element-1de91e4{display:none !important}<\/style>\t\t\t\t<\/div>\n\t\t\t\t<\/div>\n\t\t\t\t<div class=\"elementor-element elementor-element-f2ce290 elementor-widget elementor-widget-stratum-table\" data-id=\"f2ce290\" data-element_type=\"widget\" data-e-type=\"widget\" data-no-translation=\"\" data-widget_type=\"stratum-table.default\">\n\t\t\t\t<div class=\"elementor-widget-container\">\n\t\t\t\t\t<style>.elementor-element-f2ce290{display:none !important}<\/style>\t\t\t\t<\/div>\n\t\t\t\t<\/div>\n\t\t\t\t<div class=\"elementor-element elementor-element-80a9c27 elementor-widget elementor-widget-stratum-table\" data-id=\"80a9c27\" data-element_type=\"widget\" data-e-type=\"widget\" data-no-translation=\"\" data-widget_type=\"stratum-table.default\">\n\t\t\t\t<div class=\"elementor-widget-container\">\n\t\t\t\t\t<style>.elementor-element-80a9c27{display:none !important}<\/style>\t\t\t\t<\/div>\n\t\t\t\t<\/div>\n\t\t\t\t\t<\/div>\n\t\t<\/div>\n\t\t\t\t\t<\/div>\n\t\t<\/section>\n\t\t\t\t<section class=\"elementor-section elementor-top-section elementor-element elementor-element-6c6eb06 elementor-section-boxed elementor-section-height-default elementor-section-height-default\" data-id=\"6c6eb06\" data-element_type=\"section\" data-e-type=\"section\">\n\t\t\t\t\t\t<div class=\"elementor-container elementor-column-gap-default\">\n\t\t\t\t\t<div class=\"elementor-column elementor-col-100 elementor-top-column elementor-element elementor-element-56ca91a\" data-id=\"56ca91a\" data-element_type=\"column\" data-e-type=\"column\">\n\t\t\t<div class=\"elementor-widget-wrap elementor-element-populated\">\n\t\t\t\t\t\t<div class=\"elementor-element elementor-element-d458062 elementor-widget elementor-widget-stratum-price-list\" data-id=\"d458062\" data-element_type=\"widget\" data-e-type=\"widget\" data-widget_type=\"stratum-price-list.default\">\n\t\t\t\t<div class=\"elementor-widget-container\">\n\t\t\t\t\t<div class=\"stratum-price-list has-image-left\">\n\t    <div class=\"stratum-price-list__wrapper\">\n        <div class=\"stratum-price-list__content\">\n            <h5 class=\"stratum-price-list__heading\">Tarifas adicionais Campscape Beira Marv\u00e3o Alentejo por noite<\/h5>\n            <div class=\"stratum-price-list__items\">\n\t\t\t\t                    <div class=\"stratum-price-list__item\">\n\t\t\t\t\t\t                        <span class=\"stratum-price-list__title\">Pessoa extra<\/span>\n\t\t\t\t\t\t                            <span class=\"stratum-price-list__connector\"><\/span>\n\t\t\t\t\t\t                        <span class=\"stratum-price-list__price\">\u20ac 7,50<\/span>\n                    <\/div>\n\t\t\t\t                    <div class=\"stratum-price-list__item\">\n\t\t\t\t\t\t                        <span class=\"stratum-price-list__title\">Eletricidade acima de 10kW por dia, por kW<\/span>\n\t\t\t\t\t\t                            <span class=\"stratum-price-list__connector\"><\/span>\n\t\t\t\t\t\t                        <span class=\"stratum-price-list__price\">\u20ac 0,45<\/span>\n                    <\/div>\n\t\t\t\t                    <div class=\"stratum-price-list__item\">\n\t\t\t\t\t\t                        <span class=\"stratum-price-list__title\">Reboque - tenda extra<\/span>\n\t\t\t\t\t\t                            <span class=\"stratum-price-list__connector\"><\/span>\n\t\t\t\t\t\t                        <span class=\"stratum-price-list__price\">\u20ac 5<\/span>\n                    <\/div>\n\t\t\t\t                    <div class=\"stratum-price-list__item\">\n\t\t\t\t\t\t                        <span class=\"stratum-price-list__title\">C\u00e3o<\/span>\n\t\t\t\t\t\t                            <span class=\"stratum-price-list__connector\"><\/span>\n\t\t\t\t\t\t                        <span class=\"stratum-price-list__price\">\u20ac 2<\/span>\n                    <\/div>\n\t\t\t\t                    <div class=\"stratum-price-list__item\">\n\t\t\t\t\t\t                        <span class=\"stratum-price-list__title\">Servi\u00e7o de lavanderia<\/span>\n\t\t\t\t\t\t                            <span class=\"stratum-price-list__connector\"><\/span>\n\t\t\t\t\t\t                        <span class=\"stratum-price-list__price\">\u20ac 7,50<\/span>\n                    <\/div>\n\t\t\t\t            <\/div>\n        <\/div>\n    <\/div>\n<\/div>\n\t\t\t\t<\/div>\n\t\t\t\t<\/div>\n\t\t\t\t\t<\/div>\n\t\t<\/div>\n\t\t\t\t\t<\/div>\n\t\t<\/section>\n\t\t\t\t<section class=\"elementor-section elementor-top-section elementor-element elementor-element-f449c1c elementor-section-boxed elementor-section-height-default elementor-section-height-default\" data-id=\"f449c1c\" data-element_type=\"section\" data-e-type=\"section\">\n\t\t\t\t\t\t<div class=\"elementor-container elementor-column-gap-default\">\n\t\t\t\t\t<div class=\"elementor-column elementor-col-100 elementor-top-column elementor-element elementor-element-cb7920a\" data-id=\"cb7920a\" data-element_type=\"column\" data-e-type=\"column\">\n\t\t\t<div class=\"elementor-widget-wrap elementor-element-populated\">\n\t\t\t\t\t\t<div class=\"elementor-element elementor-element-72b49cf elementor-widget elementor-widget-shortcode\" data-id=\"72b49cf\" data-element_type=\"widget\" data-e-type=\"widget\" data-widget_type=\"shortcode.default\">\n\t\t\t\t<div class=\"elementor-widget-container\">\n\t\t\t\t\t\t\t<div class=\"elementor-shortcode\"><div class=\"mphb_sc_search-wrapper dark horizontal\">\n<form method=\"GET\" class=\"mphb_sc_search-form\" action=\"http:\/\/campscapebeiramarvao.com\/pt\/procurar-resultados\/\" data-first_available_check_in_date=\"2026-05-02\" data-trp-original-action=\"http:\/\/campscapebeiramarvao.com\/pt\/procurar-resultados\/\">\n\n\t<p class = \"mphb-required-fields-tip\">\n\t<small>\n\t\tOs campos obrigat\u00f3rios s\u00e3o seguidos por\t\t<abbr title=\"requeridos\">*<\/abbr>\n\t<\/small>\n<\/p>\n\n\t<p class=\"mphb_sc_search-check-in-date\">\n\t\t<label for=\"mphb_check_in_date-mphb-search-form-69f5bd672b879\">\n\t\t\tregistro de entrada\t\t\t<abbr title=\"Formatado como dd\/mm\/aaaa\">*<\/abbr>\n\t\t<\/label>\n\t\t<br \/>\n\t\t<input\n\t\t\tid=\"mphb_check_in_date-mphb-search-form-69f5bd672b879\"\n\t\t\tdata-datepick-group=\"mphb-search-form-69f5bd672b879\"\n\t\t\tvalue=\"\"\n\t\t\tplaceholder=\"Dados do Check-in\"\n\t\t\trequired=\"required\"\n\t\t\ttype=\"text\"\n\t\t\tinputmode=\"none\"\n\t\t\tname=\"mphb_check_in_date\"\n\t\t\tclass=\"mphb-datepick\"\n\t\t\tautocomplete=\"off\"\n\t\t\t\/>\n\t<\/p>\n\n\t<p class=\"mphb_sc_search-check-out-date\">\n\t\t<label for=\"mphb_check_out_date-mphb-search-form-69f5bd672b879\">\n\t\t\tregistro de sa\u00edda\t\t\t<abbr title=\"Formatado como dd\/mm\/aaaa\">*<\/abbr>\n\t\t<\/label>\n\t\t<br \/>\n\t\t<input\n\t\t\tid=\"mphb_check_out_date-mphb-search-form-69f5bd672b879\"\n\t\t\tdata-datepick-group=\"mphb-search-form-69f5bd672b879\"\n\t\t\tvalue=\"\"\n\t\t\tplaceholder=\"Dados do Check-out\"\n\t\t\trequired=\"required\"\n\t\t\ttype=\"text\"\n\t\t\tinputmode=\"none\"\n\t\t\tname=\"mphb_check_out_date\"\n\t\t\tclass=\"mphb-datepick\"\n\t\t\tautocomplete=\"off\"\n\t\t\t\/>\n\t<\/p>\n\n\t\t\t<p class=\"mphb_sc_search-adults\">\n\t\t\t<label for=\"mphb_adults-mphb-search-form-69f5bd672b879\">\n\t\t\t\tH\u00f3spedes\t\t\t<\/label>\n\t\t\t<br \/>\n\t\t\t<select id=\"mphb_adults-mphb-search-form-69f5bd672b879\" name=\"mphb_adults\" >\n\t\t\t\t\t\t\t\t\t<option value=\"1\"  selected='selected'>1<\/option>\n\t\t\t\t\t\t\t\t\t<option value=\"2\" >2<\/option>\n\t\t\t\t\t\t\t\t\t<option value=\"3\" >3<\/option>\n\t\t\t\t\t\t\t\t\t<option value=\"4\" >4<\/option>\n\t\t\t\t\t\t\t\t\t<option value=\"5\" >5<\/option>\n\t\t\t\t\t\t\t\t\t<option value=\"6\" >6<\/option>\n\t\t\t\t\t\t\t\t\t<option value=\"7\" >7<\/option>\n\t\t\t\t\t\t\t\t\t<option value=\"8\" >8<\/option>\n\t\t\t\t\t\t\t\t\t<option value=\"9\" >9<\/option>\n\t\t\t\t\t\t\t\t\t<option value=\"10\" >10<\/option>\n\t\t\t\t\t\t\t\t\t<option value=\"11\" >11<\/option>\n\t\t\t\t\t\t\t\t\t<option value=\"12\" >12<\/option>\n\t\t\t\t\t\t\t\t\t<option value=\"13\" >13<\/option>\n\t\t\t\t\t\t\t\t\t<option value=\"14\" >14<\/option>\n\t\t\t\t\t\t\t\t\t<option value=\"15\" >15<\/option>\n\t\t\t\t\t\t\t\t\t<option value=\"16\" >16<\/option>\n\t\t\t\t\t\t\t\t\t<option value=\"17\" >17<\/option>\n\t\t\t\t\t\t\t\t\t<option value=\"18\" >18<\/option>\n\t\t\t\t\t\t\t\t\t<option value=\"19\" >19<\/option>\n\t\t\t\t\t\t\t\t\t<option value=\"20\" >20<\/option>\n\t\t\t\t\t\t\t\t\t<option value=\"21\" >21<\/option>\n\t\t\t\t\t\t\t\t\t<option value=\"22\" >22<\/option>\n\t\t\t\t\t\t\t\t\t<option value=\"23\" >23<\/option>\n\t\t\t\t\t\t\t\t\t<option value=\"24\" >24<\/option>\n\t\t\t\t\t\t\t\t\t<option value=\"25\" >25<\/option>\n\t\t\t\t\t\t\t\t\t<option value=\"26\" >26<\/option>\n\t\t\t\t\t\t\t\t\t<option value=\"27\" >27<\/option>\n\t\t\t\t\t\t\t\t\t<option value=\"28\" >28<\/option>\n\t\t\t\t\t\t\t\t\t<option value=\"29\" >29<\/option>\n\t\t\t\t\t\t\t\t\t<option value=\"30\" >30<\/option>\n\t\t\t\t\t\t\t<\/select>\n\t\t<\/p>\n\t\n\t\t\t<input type=\"hidden\" id=\"mphb_children-mphb-search-form-69f5bd672b879\" name=\"mphb_children\" value=\"0\" \/>\n\t\n\t\n\t\n\t<input id=\"mphb_check_in_date-mphb-search-form-69f5bd672b879-hidden\" value=\"\" type=\"hidden\" name=\"mphb_check_in_date\" \/><input id=\"mphb_check_out_date-mphb-search-form-69f5bd672b879-hidden\" value=\"\" type=\"hidden\" name=\"mphb_check_out_date\" \/>\n\t<p class=\"mphb_sc_search-submit-button-wrapper\">\n\t\t<input type=\"submit\" class=\"button\" value=\"Pesquisa\"\/>\n\t<\/p>\n\n\t\n<input type=\"hidden\" name=\"trp-form-language\" value=\"pt\"\/><\/form>\n<\/div><\/div>\n\t\t\t\t\t\t<\/div>\n\t\t\t\t<\/div>\n\t\t\t\t\t<\/div>\n\t\t<\/div>\n\t\t\t\t\t<\/div>\n\t\t<\/section>\n\t\t\t\t<\/div>","protected":false},"excerpt":{"rendered":"<p>Camping Spot on our Estate You are welcome to stay on our estate with your own camping equipment. Honestly, we are not the cheapest and our facilities are just basic. But because we have a minimum stay of two nights, don\u00b4t accommodate big motorhomes, are adults only, only occupy half of the available spots &#8230; [&hellip;]<\/p>\n","protected":false},"author":3,"featured_media":0,"parent":0,"menu_order":0,"comment_status":"closed","ping_status":"closed","template":"","meta":{"inline_featured_image":false,"_monsterinsights_skip_tracking":false,"_monsterinsights_sitenote_active":false,"_monsterinsights_sitenote_note":"","_monsterinsights_sitenote_category":0,"footnotes":""},"class_list":["post-18","page","type-page","status-publish","hentry"],"aioseo_notices":[],"_links":{"self":[{"href":"http:\/\/campscapebeiramarvao.com\/pt\/wp-json\/wp\/v2\/pages\/18","targetHints":{"allow":["GET"]}}],"collection":[{"href":"http:\/\/campscapebeiramarvao.com\/pt\/wp-json\/wp\/v2\/pages"}],"about":[{"href":"http:\/\/campscapebeiramarvao.com\/pt\/wp-json\/wp\/v2\/types\/page"}],"author":[{"embeddable":true,"href":"http:\/\/campscapebeiramarvao.com\/pt\/wp-json\/wp\/v2\/users\/3"}],"replies":[{"embeddable":true,"href":"http:\/\/campscapebeiramarvao.com\/pt\/wp-json\/wp\/v2\/comments?post=18"}],"version-history":[{"count":0,"href":"http:\/\/campscapebeiramarvao.com\/pt\/wp-json\/wp\/v2\/pages\/18\/revisions"}],"wp:attachment":[{"href":"http:\/\/campscapebeiramarvao.com\/pt\/wp-json\/wp\/v2\/media?parent=18"}],"curies":[{"name":"wp","href":"https:\/\/api.w.org\/{rel}","templated":true}]}}