{"id":149,"date":"2018-08-28T13:15:19","date_gmt":"2018-08-28T13:15:19","guid":{"rendered":"https:\/\/themes.getmotopress.com\/campterra\/?page_id=149"},"modified":"2025-11-21T20:25:55","modified_gmt":"2025-11-21T20:25:55","slug":"whattodo","status":"publish","type":"page","link":"https:\/\/campscapebeiramarvao.com\/de\/was-ist-zu-tun\/","title":{"rendered":"Was ist zu tun und wie lange?"},"content":{"rendered":"<div data-elementor-type=\"wp-page\" data-elementor-id=\"149\" class=\"elementor elementor-149\">\n\t\t\t\t\t\t<section class=\"elementor-section elementor-top-section elementor-element elementor-element-4d9d6d93 elementor-section-boxed elementor-section-height-default elementor-section-height-default\" data-id=\"4d9d6d93\" data-element_type=\"section\" data-e-type=\"section\">\n\t\t\t\t\t\t<div class=\"elementor-container elementor-column-gap-default\">\n\t\t\t\t\t<div class=\"elementor-column elementor-col-100 elementor-top-column elementor-element elementor-element-7e8aa898\" data-id=\"7e8aa898\" data-element_type=\"column\" data-e-type=\"column\">\n\t\t\t<div class=\"elementor-widget-wrap elementor-element-populated\">\n\t\t\t\t\t\t<div class=\"elementor-element elementor-element-180a42ff elementor-widget elementor-widget-shortcode\" data-id=\"180a42ff\" data-element_type=\"widget\" data-e-type=\"widget\" data-widget_type=\"shortcode.default\">\n\t\t\t\t<div class=\"elementor-widget-container\">\n\t\t\t\t\t\t\t<div class=\"elementor-shortcode\">\t\t<div class=\"activities-wrapper columns-4\">\r\n\t\t\n<article id=\"post-6644\" class=\"post-6644 cptp-activity type-cptp-activity status-publish has-post-thumbnail hentry\">\n    <div class=\"activity-wrapper\">\n        <a href=\"https:\/\/campscapebeiramarvao.com\/de\/activity\/entspannen-fuhlen-wie-zu-hause\/\" class=\"post-thumbnail\">\n            <img fetchpriority=\"high\" decoding=\"async\" width=\"891\" height=\"636\" src=\"https:\/\/campscapebeiramarvao.com\/wp-content\/uploads\/belgen-1-2-891x636.jpeg\" class=\"attachment-campterra-cropped size-campterra-cropped wp-post-image\" alt=\"\" srcset=\"https:\/\/campscapebeiramarvao.com\/wp-content\/uploads\/belgen-1-2-891x636.jpeg 891w, https:\/\/campscapebeiramarvao.com\/wp-content\/uploads\/belgen-1-2-18x12.jpeg 18w\" sizes=\"(max-width: 891px) 100vw, 891px\" \/>            <i class=\"fas fa-eye\"><\/i>\n        <\/a>\n\n        <header class=\"entry-header\">\n            <h2 class=\"entry-title\"><a href=\"https:\/\/campscapebeiramarvao.com\/de\/activity\/entspannen-fuhlen-wie-zu-hause\/\" rel=\"bookmark\">Entspannen \u2026 F\u00fchlen Sie sich wie zu Hause!<\/a><\/h2>        <\/header><!-- .entry-header -->\n\n        <div class=\"entry-content\">\n            <p>Nat\u00fcrlich gibt es in diesem wundersch\u00f6nen und einzigartigen Teil Portugals viel zu tun. Aber Sie werden feststellen, dass das Anwesen selbst ein perfekter Zufluchtsort ist, um sich einfach zu entspannen und \u2026 nichts zu tun.  <a href=\"https:\/\/campscapebeiramarvao.com\/de\/activity\/entspannen-fuhlen-wie-zu-hause\/#more-6644\" class=\"more-link\">Weiterlesen<span class=\"screen-reader-text\"> \u201eEntspannen \u2026 F\u00fchlen Sie sich wie zu Hause!\u201c<\/span><\/a><\/p>\n        <\/div><!-- .entry-content -->\n    <\/div>\n<\/article><!-- #post-6644 -->\n\n<article id=\"post-694\" class=\"post-694 cptp-activity type-cptp-activity status-publish has-post-thumbnail hentry\">\n    <div class=\"activity-wrapper\">\n        <a href=\"https:\/\/campscapebeiramarvao.com\/de\/activity\/besuchen-sie-marvao-castelo-de-vide-beira\/\" class=\"post-thumbnail\">\n            <img decoding=\"async\" width=\"891\" height=\"636\" src=\"https:\/\/campscapebeiramarvao.com\/wp-content\/uploads\/2022\/02\/camping-78-891x636.jpeg\" class=\"attachment-campterra-cropped size-campterra-cropped wp-post-image\" alt=\"\" \/>            <i class=\"fas fa-eye\"><\/i>\n        <\/a>\n\n        <header class=\"entry-header\">\n            <h2 class=\"entry-title\"><a href=\"https:\/\/campscapebeiramarvao.com\/de\/activity\/besuchen-sie-marvao-castelo-de-vide-beira\/\" rel=\"bookmark\">Besuchen Sie Marvao, Castelo de Vide, Beira und Portagem<\/a><\/h2>        <\/header><!-- .entry-header -->\n\n        <div class=\"entry-content\">\n            <p>Im Umkreis von 9 km um unser Anwesen finden Sie mehrere D\u00f6rfer und Weiler, darunter die beiden Burgd\u00f6rfer Marvao und Castelo de Vide sowie den wundersch\u00f6nen alten Bahnhof im Dorf Beira.  <a href=\"https:\/\/campscapebeiramarvao.com\/de\/activity\/besuchen-sie-marvao-castelo-de-vide-beira\/#more-694\" class=\"more-link\">Weiterlesen<span class=\"screen-reader-text\"> \u201eBesuchen Sie Marvao, Castelo de Vide, Beira und Portagem\u201c<\/span><\/a><\/p>\n        <\/div><!-- .entry-content -->\n    <\/div>\n<\/article><!-- #post-694 -->\n\n<article id=\"post-689\" class=\"post-689 cptp-activity type-cptp-activity status-publish has-post-thumbnail hentry\">\n    <div class=\"activity-wrapper\">\n        <a href=\"https:\/\/campscapebeiramarvao.com\/de\/activity\/wandern-und-radfahren\/\" class=\"post-thumbnail\">\n            <img decoding=\"async\" width=\"891\" height=\"636\" src=\"https:\/\/campscapebeiramarvao.com\/wp-content\/uploads\/2021\/10\/hike-3-891x636.jpeg\" class=\"attachment-campterra-cropped size-campterra-cropped wp-post-image\" alt=\"\" \/>            <i class=\"fas fa-eye\"><\/i>\n        <\/a>\n\n        <header class=\"entry-header\">\n            <h2 class=\"entry-title\"><a href=\"https:\/\/campscapebeiramarvao.com\/de\/activity\/wandern-und-radfahren\/\" rel=\"bookmark\">Wandern und Radfahren in einer atemberaubenden Landschaft<\/a><\/h2>        <\/header><!-- .entry-header -->\n\n        <div class=\"entry-content\">\n            <p>Der Parque Natural da Serra de Sao Mamede bietet eine perfekte verkehrsarme Umgebung f\u00fcr sch\u00f6ne Spazierg\u00e4nge und Radtouren durch die atemberaubende Landschaft. Sehen Sie sich unsere <a href=\"https:\/\/www.komoot.nl\/collection\/1365373\/-camping-beira-marvao\" target=\"_blank\" rel=\"noopener\">Sammlung von Wander- und Fahrradrouten<\/a> auf komoot. <a href=\"https:\/\/campscapebeiramarvao.com\/de\/activity\/wandern-und-radfahren\/#more-689\" class=\"more-link\">Weiterlesen<span class=\"screen-reader-text\"> \u201eWandern und Radfahren in atemberaubender Landschaft\u201c<\/span><\/a><\/p>\n        <\/div><!-- .entry-content -->\n    <\/div>\n<\/article><!-- #post-689 -->\n\n<article id=\"post-7692\" class=\"post-7692 cptp-activity type-cptp-activity status-publish has-post-thumbnail hentry\">\n    <div class=\"activity-wrapper\">\n        <a href=\"https:\/\/campscapebeiramarvao.com\/de\/activity\/vogelbeobachtung-auf-dem-camping-beira-marvao-alentejo-von-paul-stancliffe\/\" class=\"post-thumbnail\">\n            <img loading=\"lazy\" decoding=\"async\" width=\"891\" height=\"636\" src=\"https:\/\/campscapebeiramarvao.com\/wp-content\/uploads\/vogels-6-891x636.jpeg\" class=\"attachment-campterra-cropped size-campterra-cropped wp-post-image\" alt=\"G\u00e4nsegeier\" srcset=\"https:\/\/campscapebeiramarvao.com\/wp-content\/uploads\/vogels-6-891x636.jpeg 891w, https:\/\/campscapebeiramarvao.com\/wp-content\/uploads\/vogels-6-18x12.jpeg 18w\" sizes=\"(max-width: 891px) 100vw, 891px\" \/>            <i class=\"fas fa-eye\"><\/i>\n        <\/a>\n\n        <header class=\"entry-header\">\n            <h2 class=\"entry-title\"><a href=\"https:\/\/campscapebeiramarvao.com\/de\/activity\/vogelbeobachtung-auf-dem-camping-beira-marvao-alentejo-von-paul-stancliffe\/\" rel=\"bookmark\">Vogelbeobachtung im Campscape Beira Marvao Alentejo \u2013 von Paul Stancliffe<\/a><\/h2>        <\/header><!-- .entry-header -->\n\n        <div class=\"entry-content\">\n            <p>Alentejo ist die Heimat einiger ganz besonderer V\u00f6gel und das Anwesen von Vitor und Ronald ist ein gro\u00dfartiger Ort, um einige von ihnen n\u00e4her kennenzulernen.  <a href=\"https:\/\/campscapebeiramarvao.com\/de\/activity\/vogelbeobachtung-auf-dem-camping-beira-marvao-alentejo-von-paul-stancliffe\/#more-7692\" class=\"more-link\">Weiterlesen<span class=\"screen-reader-text\"> \u201eVogelbeobachtung im Campscape Beira Marvao Alentejo \u2013 von Paul Stancliffe\u201c<\/span><\/a><\/p>\n        <\/div><!-- .entry-content -->\n    <\/div>\n<\/article><!-- #post-7692 -->\n\n<article id=\"post-1202\" class=\"post-1202 cptp-activity type-cptp-activity status-publish has-post-thumbnail hentry\">\n    <div class=\"activity-wrapper\">\n        <a href=\"https:\/\/campscapebeiramarvao.com\/de\/activity\/schwimm-und-wasserspas\/\" class=\"post-thumbnail\">\n            <img loading=\"lazy\" decoding=\"async\" width=\"891\" height=\"636\" src=\"https:\/\/campscapebeiramarvao.com\/wp-content\/uploads\/2021\/02\/zwembad-1-891x636.jpeg\" class=\"attachment-campterra-cropped size-campterra-cropped wp-post-image\" alt=\"\" \/>            <i class=\"fas fa-eye\"><\/i>\n        <\/a>\n\n        <header class=\"entry-header\">\n            <h2 class=\"entry-title\"><a href=\"https:\/\/campscapebeiramarvao.com\/de\/activity\/schwimm-und-wasserspas\/\" rel=\"bookmark\">Schwimmbad, Fl\u00fcsse und Seen<\/a><\/h2>        <\/header><!-- .entry-header -->\n\n        <div class=\"entry-content\">\n            <p>Unser Campscape verf\u00fcgt \u00fcber einen beheizten Salzwasserpool mit Wasserfall (ge\u00f6ffnet von April bis Oktober). In der Umgebung unseres Anwesens finden Sie mehrere (Fluss-)Schwimmb\u00e4der und Stauseen zum Abk\u00fchlen und Entspannen.  <a href=\"https:\/\/campscapebeiramarvao.com\/de\/activity\/schwimm-und-wasserspas\/#more-1202\" class=\"more-link\">Weiterlesen<span class=\"screen-reader-text\"> \u201eSchwimmbad, Fl\u00fcsse und Seen\u201c<\/span><\/a><\/p>\n        <\/div><!-- .entry-content -->\n    <\/div>\n<\/article><!-- #post-1202 -->\n\n<article id=\"post-1063\" class=\"post-1063 cptp-activity type-cptp-activity status-publish has-post-thumbnail hentry\">\n    <div class=\"activity-wrapper\">\n        <a href=\"https:\/\/campscapebeiramarvao.com\/de\/activity\/campscaping-gardening-with-palita\/\" class=\"post-thumbnail\">\n            <img loading=\"lazy\" decoding=\"async\" width=\"891\" height=\"636\" src=\"https:\/\/campscapebeiramarvao.com\/wp-content\/uploads\/2022\/05\/campscape-3-891x636.jpeg\" class=\"attachment-campterra-cropped size-campterra-cropped wp-post-image\" alt=\"\" srcset=\"https:\/\/campscapebeiramarvao.com\/wp-content\/uploads\/2022\/05\/campscape-3-891x636.jpeg 891w, https:\/\/campscapebeiramarvao.com\/wp-content\/uploads\/2022\/05\/campscape-3-18x12.jpeg 18w\" sizes=\"(max-width: 891px) 100vw, 891px\" \/>            <i class=\"fas fa-eye\"><\/i>\n        <\/a>\n\n        <header class=\"entry-header\">\n            <h2 class=\"entry-title\"><a href=\"https:\/\/campscapebeiramarvao.com\/de\/activity\/campscaping-gardening-with-palita\/\" rel=\"bookmark\">Camping und Gartenarbeit<\/a><\/h2>        <\/header><!-- .entry-header -->\n\n        <div class=\"entry-content\">\n            <p>Lust, die \u00c4rmel hochzukrempeln? Auf dem Grundst\u00fcck gibt es immer etwas zu tun.\u00a0 <a href=\"https:\/\/campscapebeiramarvao.com\/de\/activity\/campscaping-gardening-with-palita\/#more-1063\" class=\"more-link\">Weiterlesen<span class=\"screen-reader-text\"> \u201eCamping und G\u00e4rtnern\u201c<\/span><\/a><\/p>\n        <\/div><!-- .entry-content -->\n    <\/div>\n<\/article><!-- #post-1063 -->\n\n<article id=\"post-8478\" class=\"post-8478 cptp-activity type-cptp-activity status-publish has-post-thumbnail hentry\">\n    <div class=\"activity-wrapper\">\n        <a href=\"https:\/\/campscapebeiramarvao.com\/de\/activity\/sportklettern\/\" class=\"post-thumbnail\">\n            <img loading=\"lazy\" decoding=\"async\" width=\"891\" height=\"636\" src=\"https:\/\/campscapebeiramarvao.com\/wp-content\/uploads\/camping-31-891x636.jpeg\" class=\"attachment-campterra-cropped size-campterra-cropped wp-post-image\" alt=\"Umgebung Campscape Beira Marvao\" srcset=\"https:\/\/campscapebeiramarvao.com\/wp-content\/uploads\/camping-31-891x636.jpeg 891w, https:\/\/campscapebeiramarvao.com\/wp-content\/uploads\/camping-31-16x12.jpeg 16w\" sizes=\"(max-width: 891px) 100vw, 891px\" \/>            <i class=\"fas fa-eye\"><\/i>\n        <\/a>\n\n        <header class=\"entry-header\">\n            <h2 class=\"entry-title\"><a href=\"https:\/\/campscapebeiramarvao.com\/de\/activity\/sportklettern\/\" rel=\"bookmark\">Abenteuer, gef\u00fchrte Touren, Fahrradverleih<\/a><\/h2>        <\/header><!-- .entry-header -->\n\n        <div class=\"entry-content\">\n            <p>Holen Sie das Beste aus Ihrem Besuch heraus, erleben Sie Abenteuer und gef\u00fchrte Touren mit einem unserer lokalen Partner und erfahren Sie alles \u00fcber unsere Region (Englisch und Portugiesisch). Pombais Experience Marv\u00e3o bietet E-Bike-Verleih zur Erkundung der Gegend an.<br \/> <a href=\"https:\/\/campscapebeiramarvao.com\/de\/activity\/sportklettern\/#more-8478\" class=\"more-link\">Weiterlesen<span class=\"screen-reader-text\"> \u201eAbenteuer, gef\u00fchrte Touren, Fahrradverleih\u201c<\/span><\/a><\/p>\n        <\/div><!-- .entry-content -->\n    <\/div>\n<\/article><!-- #post-8478 -->\n\n<article id=\"post-9444\" class=\"post-9444 cptp-activity type-cptp-activity status-publish has-post-thumbnail hentry\">\n    <div class=\"activity-wrapper\">\n        <a href=\"https:\/\/campscapebeiramarvao.com\/de\/activity\/nutzliche-links\/\" class=\"post-thumbnail\">\n            <img loading=\"lazy\" decoding=\"async\" width=\"891\" height=\"636\" src=\"https:\/\/campscapebeiramarvao.com\/wp-content\/uploads\/reviews-5-891x636.jpeg\" class=\"attachment-campterra-cropped size-campterra-cropped wp-post-image\" alt=\"\" srcset=\"https:\/\/campscapebeiramarvao.com\/wp-content\/uploads\/reviews-5-891x636.jpeg 891w, https:\/\/campscapebeiramarvao.com\/wp-content\/uploads\/reviews-5-18x12.jpeg 18w\" sizes=\"(max-width: 891px) 100vw, 891px\" \/>            <i class=\"fas fa-eye\"><\/i>\n        <\/a>\n\n        <header class=\"entry-header\">\n            <h2 class=\"entry-title\"><a href=\"https:\/\/campscapebeiramarvao.com\/de\/activity\/nutzliche-links\/\" rel=\"bookmark\">Wie lange sollen wir bleiben?<\/a><\/h2>        <\/header><!-- .entry-header -->\n\n        <div class=\"entry-content\">\n            <p>G\u00e4ste, die uns zum ersten Mal besuchen, sind oft auf der Durchreise zu oder von den bekannteren touristischen Zielen (Algarve und Silberk\u00fcste) und buchen nur zwei N\u00e4chte (da dies der Mindestaufenthalt ist). Aber das ist einfach nicht genug \u2026<br \/> <a href=\"https:\/\/campscapebeiramarvao.com\/de\/activity\/nutzliche-links\/#more-9444\" class=\"more-link\">Weiterlesen<span class=\"screen-reader-text\"> \u201eWie lange sollen wir bleiben?\u201c<\/span><\/a><\/p>\n        <\/div><!-- .entry-content -->\n    <\/div>\n<\/article><!-- #post-9444 -->\n\t\t<\/div>\r\n\t\t<\/div>\n\t\t\t\t\t\t<\/div>\n\t\t\t\t<\/div>\n\t\t\t\t\t<\/div>\n\t\t<\/div>\n\t\t\t\t\t<\/div>\n\t\t<\/section>\n\t\t\t\t<\/div>","protected":false},"excerpt":{"rendered":"","protected":false},"author":3,"featured_media":7467,"parent":0,"menu_order":0,"comment_status":"closed","ping_status":"closed","template":"template-page-wide.php","meta":{"inline_featured_image":false,"_monsterinsights_skip_tracking":false,"_monsterinsights_sitenote_active":false,"_monsterinsights_sitenote_note":"","_monsterinsights_sitenote_category":0,"footnotes":""},"class_list":["post-149","page","type-page","status-publish","has-post-thumbnail","hentry"],"aioseo_notices":[],"_links":{"self":[{"href":"https:\/\/campscapebeiramarvao.com\/de\/wp-json\/wp\/v2\/pages\/149","targetHints":{"allow":["GET"]}}],"collection":[{"href":"https:\/\/campscapebeiramarvao.com\/de\/wp-json\/wp\/v2\/pages"}],"about":[{"href":"https:\/\/campscapebeiramarvao.com\/de\/wp-json\/wp\/v2\/types\/page"}],"author":[{"embeddable":true,"href":"https:\/\/campscapebeiramarvao.com\/de\/wp-json\/wp\/v2\/users\/3"}],"replies":[{"embeddable":true,"href":"https:\/\/campscapebeiramarvao.com\/de\/wp-json\/wp\/v2\/comments?post=149"}],"version-history":[{"count":0,"href":"https:\/\/campscapebeiramarvao.com\/de\/wp-json\/wp\/v2\/pages\/149\/revisions"}],"wp:featuredmedia":[{"embeddable":true,"href":"https:\/\/campscapebeiramarvao.com\/de\/wp-json\/wp\/v2\/media\/7467"}],"wp:attachment":[{"href":"https:\/\/campscapebeiramarvao.com\/de\/wp-json\/wp\/v2\/media?parent=149"}],"curies":[{"name":"wp","href":"https:\/\/api.w.org\/{rel}","templated":true}]}}