{"id":17282,"date":"2025-08-19T15:09:47","date_gmt":"2025-08-19T14:09:47","guid":{"rendered":"https:\/\/campscapebeiramarvao.com\/?page_id=17282"},"modified":"2025-11-21T20:16:45","modified_gmt":"2025-11-21T20:16:45","slug":"stones-silence-and-the-living-land","status":"publish","type":"page","link":"https:\/\/campscapebeiramarvao.com\/de\/steine-stille-und-das-lebendige-land\/","title":{"rendered":"Steine, Stille und das lebendige Land"},"content":{"rendered":"<div data-elementor-type=\"wp-page\" data-elementor-id=\"17282\" class=\"elementor elementor-17282\">\n\t\t\t\t\t\t<section class=\"elementor-section elementor-top-section elementor-element elementor-element-f877954 elementor-section-boxed elementor-section-height-default elementor-section-height-default\" data-id=\"f877954\" data-element_type=\"section\" data-e-type=\"section\">\n\t\t\t\t\t\t<div class=\"elementor-container elementor-column-gap-default\">\n\t\t\t\t\t<div class=\"elementor-column elementor-col-100 elementor-top-column elementor-element elementor-element-6d6d53d6\" data-id=\"6d6d53d6\" data-element_type=\"column\" data-e-type=\"column\">\n\t\t\t<div class=\"elementor-widget-wrap elementor-element-populated\">\n\t\t\t\t\t\t<div class=\"elementor-element elementor-element-2402b41b elementor-widget elementor-widget-text-editor\" data-id=\"2402b41b\" data-element_type=\"widget\" data-e-type=\"widget\" data-widget_type=\"text-editor.default\">\n\t\t\t\t<div class=\"elementor-widget-container\">\n\t\t\t\t\t\t\t\t\t<p><\/p>\n<p>Lange bevor es W\u00e4nde auf den Bergk\u00e4mmen oder Terrassen an den H\u00e4ngen gab, bestand dieses Land nur aus Fels \u2013 unruhig, geschmolzen und wild. Vor etwa 500 Millionen Jahren, im Pal\u00e4ozoikum, falteten und brachen enorme Kr\u00e4fte die Kruste. Schiefer und Granit hoben sich und pressten sich gegeneinander, wodurch das schroffe R\u00fcckgrat entstand, das die Landschaft noch heute pr\u00e4gt. Sp\u00e4ter erstarrte unterirdisches Magma zu Quarzadern, w\u00e4hrend tektonische Verschiebungen T\u00e4ler formten und Bergr\u00fccken anhoben. \u00dcber Millionen von Jahren milderte die Erosion die rauen Konturen und hinterlie\u00df die dramatischen Steilh\u00e4nge von Marv\u00e3o und die fruchtbaren Bodentaschen in den darunter liegenden T\u00e4lern.<\/p>\n<p><\/p>\n<p>Diese uralte Geologie ist nicht nur eine stille Kulisse. Sie bestimmt alles. Schieferb\u00f6den, d\u00fcnn und steinig, beg\u00fcnstigen Olivenb\u00e4ume, Korkeichen und Weinreben, die auch unter schwierigen Bedingungen gedeihen. Granitb\u00f6den hingegen speichern Wasser l\u00e4nger und beg\u00fcnstigen Kastanienhaine, Gem\u00fcseg\u00e4rten und Wildblumenwiesen. Sogar die Art und Weise, wie das Licht vom Stein reflektiert wird, beeinflusst, was wo w\u00e4chst \u2013 sonnige H\u00e4nge brutzeln unter der mediterranen Hitze, w\u00e4hrend schattige T\u00e4ler Moosen, Farnen und k\u00fchlen Quellen Schutz bieten.<\/p>\n<p><\/p>\n<p><strong>Das Mikroklima<br><\/strong>Marv\u00e3o und seine Umgebung verdanken ihren heutigen Charakter zu einem gro\u00dfen Teil einem einzigartigen Mikroklima, das durch H\u00f6he, Topografie und Geologie gepr\u00e4gt ist. Die Sommer sind unbestreitbar hei\u00df, werden jedoch durch die Bergbrisen gemildert, die k\u00fchle Abende bescheren \u2013 ein seltener Luxus im Alentejo. Die Winter sind mild und fallen selten unter Null Grad, und die gesch\u00fctzten T\u00e4ler wirken oft wie eine ganz andere Welt: warme Oasen, in denen Feigen, Granat\u00e4pfel und Mandeln neben Oliven und Wein gedeihen. Die Niederschl\u00e4ge sind zwar m\u00e4\u00dfig, aber h\u00e4ufiger als in den s\u00fcdlichen Ebenen. Sie erhalten die Kastanienw\u00e4lder in Castelo de Vide und speisen die Quellen, die noch immer aus gebrochenem Granit in der N\u00e4he von Beir\u00e3 sprudeln. Dieses Gleichgewicht aus Trockenheit und Fruchtbarkeit hat der Region ihren zeitlosen Mix aus mediterranem und atlantischem Charakter verliehen.<\/p>\n<p><\/p>\n<p><strong>Flora und Fauna<br><\/strong>Die heutige Flora ist ein Flickenteppich der Widerstandsf\u00e4higkeit. Steineichen stehen hartn\u00e4ckig auf felsigem Boden und erschlie\u00dfen mit ihren tiefen Wurzeln verborgene Reserven. Korkeichen mit ihrer rauen Rinde beherbergen Flechten und V\u00f6gel gleicherma\u00dfen. Der Fr\u00fchling f\u00e4rbt die Felder mit Lavendel, Zistrosen und wilden Orchideen, w\u00e4hrend im Herbst Kastanien aus ihren stacheligen Schalen quellen. Jahrhundertealte Olivenb\u00e4ume zeugen von menschlicher Pr\u00e4senz, scheinen aber auch Teil der Geologie selbst zu sein \u2013 verdrehte Fossilien lebenden Holzes.<\/p>\n<p><\/p>\n<p>Und dann ist da noch die Fauna, die sich leise \u00fcber diese uralte B\u00fchne bewegt. Adler und G\u00e4nsegeier kreisen \u00fcber den Klippen von Marv\u00e3o, w\u00e4hrend kleinere V\u00f6gel \u2013 Bienenfresser, Wiedehopfe und Nachtigallen \u2013 die Felder mit Farbe und Gesang beleben. F\u00fcchse und Wildschweine durchstreifen das Buschland und teilen sich den Lebensraum mit Kaninchen und Rehen. Reptilien sonnen sich auf sonnenwarmen Felsen, w\u00e4hrend Amphibien die Quellen und B\u00e4che aus gebrochenem Granit f\u00fcr sich beanspruchen. Nachts geh\u00f6rt die Dunkelheit (gl\u00fccklicherweise noch frei von Lichtverschmutzung) den Flederm\u00e4usen, Eulen und dem Chor des unsichtbaren Lebens.<\/p>\n<p><\/p>\n<p><strong>Menschliche Pr\u00e4senz im Laufe der Zeit<br><\/strong>Menschen haben dieses steinige Land seit Tausenden von Jahren bereist und Spuren hinterlassen, die noch heute \u00fcber Jahrtausende hinweg sprechen. Die ersten Siedler, angezogen von fruchtbaren T\u00e4lern und ergiebigen Quellen, hinterlie\u00dfen&nbsp;<strong>Menhire und Antas<\/strong>&nbsp;(Megalithische Menhire und Dolmen) sind \u00fcber die Serra de S\u00e3o Mamede verstreut \u2013 geheimnisvolle Monumente, die nach Sonne und Sternen ausgerichtet sind. Diese Strukturen deuten darauf hin, dass die fr\u00fchen Gemeinschaften das Land als heilig betrachteten, wo Stein, Himmel und Geist miteinander verbunden waren.<\/p>\n<p><\/p>\n<p>Sp\u00e4ter gr\u00fcndeten die R\u00f6mer&nbsp;<strong>Ammaia<\/strong>, eine gesch\u00e4ftige Stadt am Fu\u00dfe des Marv\u00e3o, die Granit und Schiefer f\u00fcr den Bau von Stra\u00dfen, Tempeln und Thermalb\u00e4dern nutzte. Ihr Erbe ist in Form von zerbrochenen S\u00e4ulen und Mosaiken erhalten geblieben \u2013 still, aber best\u00e4ndig. Jahrhunderte sp\u00e4ter formten die Mauren Marv\u00e3os erhabene Festung und verbanden dabei milit\u00e4rische Bed\u00fcrfnisse mit den nat\u00fcrlichen Verteidigungsanlagen der Landschaft. Jede Siedlungswelle passte sich der Geologie und dem Mikroklima an: Sie legten Terrassen an, pflanzten Oliven und Wein und nutzten die Quellen.<\/p>\n<p><\/p>\n<p><strong>Ein lebendiges Manuskript<br><\/strong>Das Ergebnis ist eine Landschaft, in der Geologie, \u00d6kologie und Menschlichkeit untrennbar miteinander verbunden sind. Wer hier wandert, sp\u00fcrt die Last der Zeit unter seinen F\u00fc\u00dfen \u2013 im Feuer geformte Felsen, von pr\u00e4historischen H\u00e4nden emporgehobene Steine, von R\u00f6mern und Mauren errichtete Mauern \u2013 w\u00e4hrend um einen herum das Leben in Farben und Kl\u00e4ngen gedeiht. Das Land birgt Stille und Geschichte zugleich: die Stille des uralten Schiefers, die Geschichte von Menschen und Lebewesen, die schon immer einen Weg gefunden haben, hierher zu geh\u00f6ren.<\/p>\n<p><\/p>\t\t\t\t\t\t\t\t<\/div>\n\t\t\t\t<\/div>\n\t\t\t\t\t<\/div>\n\t\t<\/div>\n\t\t\t\t\t<\/div>\n\t\t<\/section>\n\t\t\t\t<\/div>","protected":false},"excerpt":{"rendered":"<p>Long before there were walls on the mountain ridges or terraces on the slopes, this land was nothing but rock \u2014 restless, molten, and wild. Some 500 million years ago, during the Paleozoic era, enormous forces folded and fractured the crust here. Schist and granite rose and pressed against one another, creating the rugged backbone [&hellip;]<\/p>\n","protected":false},"author":3,"featured_media":17308,"parent":0,"menu_order":0,"comment_status":"closed","ping_status":"closed","template":"","meta":{"inline_featured_image":false,"_monsterinsights_skip_tracking":false,"_monsterinsights_sitenote_active":false,"_monsterinsights_sitenote_note":"","_monsterinsights_sitenote_category":0,"footnotes":""},"class_list":["post-17282","page","type-page","status-publish","has-post-thumbnail","hentry"],"aioseo_notices":[],"_links":{"self":[{"href":"https:\/\/campscapebeiramarvao.com\/de\/wp-json\/wp\/v2\/pages\/17282","targetHints":{"allow":["GET"]}}],"collection":[{"href":"https:\/\/campscapebeiramarvao.com\/de\/wp-json\/wp\/v2\/pages"}],"about":[{"href":"https:\/\/campscapebeiramarvao.com\/de\/wp-json\/wp\/v2\/types\/page"}],"author":[{"embeddable":true,"href":"https:\/\/campscapebeiramarvao.com\/de\/wp-json\/wp\/v2\/users\/3"}],"replies":[{"embeddable":true,"href":"https:\/\/campscapebeiramarvao.com\/de\/wp-json\/wp\/v2\/comments?post=17282"}],"version-history":[{"count":0,"href":"https:\/\/campscapebeiramarvao.com\/de\/wp-json\/wp\/v2\/pages\/17282\/revisions"}],"wp:featuredmedia":[{"embeddable":true,"href":"https:\/\/campscapebeiramarvao.com\/de\/wp-json\/wp\/v2\/media\/17308"}],"wp:attachment":[{"href":"https:\/\/campscapebeiramarvao.com\/de\/wp-json\/wp\/v2\/media?parent=17282"}],"curies":[{"name":"wp","href":"https:\/\/api.w.org\/{rel}","templated":true}]}}