{"id":194,"date":"2018-08-28T14:47:51","date_gmt":"2018-08-28T14:47:51","guid":{"rendered":"https:\/\/themes.getmotopress.com\/campterra\/?page_id=194"},"modified":"2026-03-01T00:41:37","modified_gmt":"2026-03-01T00:41:37","slug":"contacts","status":"publish","type":"page","link":"https:\/\/campscapebeiramarvao.com\/de\/kontakte\/","title":{"rendered":"Bitte kontaktieren Sie uns nicht unn\u00f6tig"},"content":{"rendered":"<div data-elementor-type=\"wp-page\" data-elementor-id=\"194\" class=\"elementor elementor-194\">\n\t\t\t\t\t\t<section class=\"elementor-section elementor-top-section elementor-element elementor-element-c5b715a elementor-section-boxed elementor-section-height-default elementor-section-height-default\" data-id=\"c5b715a\" data-element_type=\"section\" data-e-type=\"section\" data-settings=\"{&quot;background_background&quot;:&quot;classic&quot;}\">\n\t\t\t\t\t\t<div class=\"elementor-container elementor-column-gap-default\">\n\t\t\t\t\t<div class=\"elementor-column elementor-col-100 elementor-top-column elementor-element elementor-element-a0d17bc\" data-id=\"a0d17bc\" data-element_type=\"column\" data-e-type=\"column\">\n\t\t\t<div class=\"elementor-widget-wrap elementor-element-populated\">\n\t\t\t\t\t\t<div class=\"elementor-element elementor-element-f258843 elementor-widget elementor-widget-text-editor\" data-id=\"f258843\" data-element_type=\"widget\" data-e-type=\"widget\" data-widget_type=\"text-editor.default\">\n\t\t\t\t<div class=\"elementor-widget-container\">\n\t\t\t\t\t\t\t\t\t<p>Tut uns leid, aber wir laufen nicht gerne den ganzen Tag mit unseren Handys herum. <br \/>Buchungen sind nur online m\u00f6glich \u2013 nicht per Telefon, SMS oder E-Mail.<br \/>Wenn Sie die Preise und die Verf\u00fcgbarkeit erfahren m\u00f6chten, geben Sie einfach unten Ihre Reisedaten und die Anzahl der G\u00e4ste ein.\u00a0<\/p>\t\t\t\t\t\t\t\t<\/div>\n\t\t\t\t<\/div>\n\t\t\t\t<div class=\"elementor-element elementor-element-c1bab21 elementor-widget elementor-widget-shortcode\" data-id=\"c1bab21\" data-element_type=\"widget\" data-e-type=\"widget\" data-widget_type=\"shortcode.default\">\n\t\t\t\t<div class=\"elementor-widget-container\">\n\t\t\t\t\t\t\t<div class=\"elementor-shortcode\"><div class=\"mphb_sc_search-wrapper dark horizontal\">\n<form method=\"GET\" class=\"mphb_sc_search-form\" action=\"https:\/\/campscapebeiramarvao.com\/de\/suchergebnisse\/\" data-first_available_check_in_date=\"2026-04-20\" data-trp-original-action=\"https:\/\/campscapebeiramarvao.com\/de\/suchergebnisse\/\">\n\n\t<p class = \"mphb-required-fields-tip\">\n\t<small>\n\t\tErforderliche Felder werden folgen von\t\t<abbr title=\"erforderlich\">*<\/abbr>\n\t<\/small>\n<\/p>\n\n\t<p class=\"mphb_sc_search-check-in-date\">\n\t\t<label for=\"mphb_check_in_date-mphb-search-form-69e6768308580\">\n\t\t\tAnreise\t\t\t<abbr title=\"Formatiert als tt\/mm\/jjjj\">*<\/abbr>\n\t\t<\/label>\n\t\t<br \/>\n\t\t<input\n\t\t\tid=\"mphb_check_in_date-mphb-search-form-69e6768308580\"\n\t\t\tdata-datepick-group=\"mphb-search-form-69e6768308580\"\n\t\t\tvalue=\"\"\n\t\t\tplaceholder=\"Anreisedatum\"\n\t\t\trequired=\"required\"\n\t\t\ttype=\"text\"\n\t\t\tinputmode=\"none\"\n\t\t\tname=\"mphb_check_in_date\"\n\t\t\tclass=\"mphb-datepick\"\n\t\t\tautocomplete=\"off\"\n\t\t\t\/>\n\t<\/p>\n\n\t<p class=\"mphb_sc_search-check-out-date\">\n\t\t<label for=\"mphb_check_out_date-mphb-search-form-69e6768308580\">\n\t\t\tAbreise\t\t\t<abbr title=\"Formatiert als tt\/mm\/jjjj\">*<\/abbr>\n\t\t<\/label>\n\t\t<br \/>\n\t\t<input\n\t\t\tid=\"mphb_check_out_date-mphb-search-form-69e6768308580\"\n\t\t\tdata-datepick-group=\"mphb-search-form-69e6768308580\"\n\t\t\tvalue=\"\"\n\t\t\tplaceholder=\"Abreisedatum\"\n\t\t\trequired=\"required\"\n\t\t\ttype=\"text\"\n\t\t\tinputmode=\"none\"\n\t\t\tname=\"mphb_check_out_date\"\n\t\t\tclass=\"mphb-datepick\"\n\t\t\tautocomplete=\"off\"\n\t\t\t\/>\n\t<\/p>\n\n\t\t\t<p class=\"mphb_sc_search-adults\">\n\t\t\t<label for=\"mphb_adults-mphb-search-form-69e6768308580\">\n\t\t\t\tG\u00e4ste\t\t\t<\/label>\n\t\t\t<br \/>\n\t\t\t<select id=\"mphb_adults-mphb-search-form-69e6768308580\" name=\"mphb_adults\" >\n\t\t\t\t\t\t\t\t\t<option value=\"1\"  selected='selected'>1<\/option>\n\t\t\t\t\t\t\t\t\t<option value=\"2\" >2<\/option>\n\t\t\t\t\t\t\t\t\t<option value=\"3\" >3<\/option>\n\t\t\t\t\t\t\t\t\t<option value=\"4\" >4<\/option>\n\t\t\t\t\t\t\t\t\t<option value=\"5\" >5<\/option>\n\t\t\t\t\t\t\t\t\t<option value=\"6\" >6<\/option>\n\t\t\t\t\t\t\t\t\t<option value=\"7\" >7<\/option>\n\t\t\t\t\t\t\t\t\t<option value=\"8\" >8<\/option>\n\t\t\t\t\t\t\t\t\t<option value=\"9\" >9<\/option>\n\t\t\t\t\t\t\t\t\t<option value=\"10\" >10<\/option>\n\t\t\t\t\t\t\t\t\t<option value=\"11\" >11<\/option>\n\t\t\t\t\t\t\t\t\t<option value=\"12\" >12<\/option>\n\t\t\t\t\t\t\t\t\t<option value=\"13\" >13<\/option>\n\t\t\t\t\t\t\t\t\t<option value=\"14\" >14<\/option>\n\t\t\t\t\t\t\t\t\t<option value=\"15\" >15<\/option>\n\t\t\t\t\t\t\t\t\t<option value=\"16\" >16<\/option>\n\t\t\t\t\t\t\t\t\t<option value=\"17\" >17<\/option>\n\t\t\t\t\t\t\t\t\t<option value=\"18\" >18<\/option>\n\t\t\t\t\t\t\t\t\t<option value=\"19\" >19<\/option>\n\t\t\t\t\t\t\t\t\t<option value=\"20\" >20<\/option>\n\t\t\t\t\t\t\t\t\t<option value=\"21\" >21<\/option>\n\t\t\t\t\t\t\t\t\t<option value=\"22\" >22<\/option>\n\t\t\t\t\t\t\t\t\t<option value=\"23\" >23<\/option>\n\t\t\t\t\t\t\t\t\t<option value=\"24\" >24<\/option>\n\t\t\t\t\t\t\t\t\t<option value=\"25\" >25<\/option>\n\t\t\t\t\t\t\t\t\t<option value=\"26\" >26<\/option>\n\t\t\t\t\t\t\t\t\t<option value=\"27\" >27<\/option>\n\t\t\t\t\t\t\t\t\t<option value=\"28\" >28<\/option>\n\t\t\t\t\t\t\t\t\t<option value=\"29\" >29<\/option>\n\t\t\t\t\t\t\t\t\t<option value=\"30\" >30<\/option>\n\t\t\t\t\t\t\t<\/select>\n\t\t<\/p>\n\t\n\t\t\t<input type=\"hidden\" id=\"mphb_children-mphb-search-form-69e6768308580\" name=\"mphb_children\" value=\"0\" \/>\n\t\n\t\n\t\n\t<input id=\"mphb_check_in_date-mphb-search-form-69e6768308580-hidden\" value=\"\" type=\"hidden\" name=\"mphb_check_in_date\" \/><input id=\"mphb_check_out_date-mphb-search-form-69e6768308580-hidden\" value=\"\" type=\"hidden\" name=\"mphb_check_out_date\" \/>\n\t<p class=\"mphb_sc_search-submit-button-wrapper\">\n\t\t<input type=\"submit\" class=\"button\" value=\"Suche\"\/>\n\t<\/p>\n\n\t\n<input type=\"hidden\" name=\"trp-form-language\" value=\"de\"\/><\/form>\n<\/div><\/div>\n\t\t\t\t\t\t<\/div>\n\t\t\t\t<\/div>\n\t\t\t\t<div class=\"elementor-element elementor-element-af17101 elementor-widget elementor-widget-text-editor\" data-id=\"af17101\" data-element_type=\"widget\" data-e-type=\"widget\" data-widget_type=\"text-editor.default\">\n\t\t\t\t<div class=\"elementor-widget-container\">\n\t\t\t\t\t\t\t\t\t<p><b>Bitte kontaktieren Sie uns nicht bez\u00fcglich Preisen, Reservierungen oder Ausnahmen von unseren Regeln.<\/b><b><br><a title=\"Pl\u00e4tze und Preise\" href=\"https:\/\/campscapebeiramarvao.com\/de\/preiseundbuchung\/\">Preise<\/a> \u2013 <a title=\"\u00dcber\" href=\"https:\/\/campscapebeiramarvao.com\/de\/uber\/#what\">Was ist eine Campscape?<\/a> \u2013 <a href=\"https:\/\/campscapebeiramarvao.com\/de\/uber\/#faq\">H\u00e4ufig gestellte Fragen<\/a> \u2013 <a href=\"https:\/\/campscapebeiramarvao.com\/de\/uber\/#team\">Campscape Team<\/a><\/b><\/p>\t\t\t\t\t\t\t\t<\/div>\n\t\t\t\t<\/div>\n\t\t\t\t\t<\/div>\n\t\t<\/div>\n\t\t\t\t\t<\/div>\n\t\t<\/section>\n\t\t\t\t<section class=\"elementor-section elementor-top-section elementor-element elementor-element-69f4019 elementor-section-boxed elementor-section-height-default elementor-section-height-default\" data-id=\"69f4019\" data-element_type=\"section\" data-e-type=\"section\">\n\t\t\t\t\t\t<div class=\"elementor-container elementor-column-gap-default\">\n\t\t\t\t\t<div class=\"elementor-column elementor-col-50 elementor-top-column elementor-element elementor-element-d4e7197\" data-id=\"d4e7197\" data-element_type=\"column\" data-e-type=\"column\">\n\t\t\t<div class=\"elementor-widget-wrap elementor-element-populated\">\n\t\t\t\t\t\t<div class=\"elementor-element elementor-element-6b7926e elementor-view-default elementor-widget elementor-widget-icon\" data-id=\"6b7926e\" data-element_type=\"widget\" data-e-type=\"widget\" data-widget_type=\"icon.default\">\n\t\t\t\t<div class=\"elementor-widget-container\">\n\t\t\t\t\t\t\t<div class=\"elementor-icon-wrapper\">\n\t\t\t<div class=\"elementor-icon\">\n\t\t\t<i aria-hidden=\"true\" class=\"fas fa-at\"><\/i>\t\t\t<\/div>\n\t\t<\/div>\n\t\t\t\t\t\t<\/div>\n\t\t\t\t<\/div>\n\t\t\t\t<div class=\"elementor-element elementor-element-20d9d30 elementor-widget elementor-widget-heading\" data-id=\"20d9d30\" data-element_type=\"widget\" data-e-type=\"widget\" data-widget_type=\"heading.default\">\n\t\t\t\t<div class=\"elementor-widget-container\">\n\t\t\t\t\t<h4 class=\"elementor-heading-title elementor-size-default\"><a href=\"mailto:info@campscapebeiramarvao.com\">Email<\/a><\/h4>\t\t\t\t<\/div>\n\t\t\t\t<\/div>\n\t\t\t\t<div class=\"elementor-element elementor-element-e10007a elementor-widget elementor-widget-text-editor\" data-id=\"e10007a\" data-element_type=\"widget\" data-e-type=\"widget\" data-widget_type=\"text-editor.default\">\n\t\t\t\t<div class=\"elementor-widget-container\">\n\t\t\t\t\t\t\t\t\t<p><a href=\"mailto:info@campscapebeiramarvao.com\"><strong>Senden Sie uns eine E-Mail<\/strong><\/a><\/p>\t\t\t\t\t\t\t\t<\/div>\n\t\t\t\t<\/div>\n\t\t\t\t\t<\/div>\n\t\t<\/div>\n\t\t\t\t<div class=\"elementor-column elementor-col-50 elementor-top-column elementor-element elementor-element-4b96465\" data-id=\"4b96465\" data-element_type=\"column\" data-e-type=\"column\">\n\t\t\t<div class=\"elementor-widget-wrap elementor-element-populated\">\n\t\t\t\t\t\t<div class=\"elementor-element elementor-element-a8254de elementor-view-default elementor-widget elementor-widget-icon\" data-id=\"a8254de\" data-element_type=\"widget\" data-e-type=\"widget\" data-widget_type=\"icon.default\">\n\t\t\t\t<div class=\"elementor-widget-container\">\n\t\t\t\t\t\t\t<div class=\"elementor-icon-wrapper\">\n\t\t\t<div class=\"elementor-icon\">\n\t\t\t\t\t\t\t<i class=\"fa fa-map-marker\" aria-hidden=\"true\"><\/i>\n\t\t\t\t\t\t<\/div>\n\t\t<\/div>\n\t\t\t\t\t\t<\/div>\n\t\t\t\t<\/div>\n\t\t\t\t<div class=\"elementor-element elementor-element-11e10cb elementor-widget elementor-widget-heading\" data-id=\"11e10cb\" data-element_type=\"widget\" data-e-type=\"widget\" data-widget_type=\"heading.default\">\n\t\t\t\t<div class=\"elementor-widget-container\">\n\t\t\t\t\t<h4 class=\"elementor-heading-title elementor-size-default\"><a href=\"https:\/\/www.google.nl\/maps\/place\/Camping+Beira+Marvao\/@39.4277555,-7.3878741,17z\/data=!3m1!4b1!4m8!3m7!1s0xd17c0bbd088b209:0xa120b2789db6932b!5m2!4m1!1i2!8m2!3d39.4277555!4d-7.3856854\">Ort<\/a><\/h4>\t\t\t\t<\/div>\n\t\t\t\t<\/div>\n\t\t\t\t<div class=\"elementor-element elementor-element-38e5f29 elementor-widget elementor-widget-text-editor\" data-id=\"38e5f29\" data-element_type=\"widget\" data-e-type=\"widget\" data-widget_type=\"text-editor.default\">\n\t\t\t\t<div class=\"elementor-widget-container\">\n\t\t\t\t\t\t\t\t\t<p><a href=\"https:\/\/www.google.nl\/maps\/place\/Camping+Beira+Marvao\/@39.4277555,-7.3878741,17z\/data=!3m1!4b1!4m8!3m7!1s0xd17c0bbd088b209:0xa120b2789db6932b!5m2!4m1!1i2!8m2!3d39.4277555!4d-7.3856854\" data-wplink-edit=\"true\"><strong>Auf Google Map ansehen<\/strong><\/a><\/p>\t\t\t\t\t\t\t\t<\/div>\n\t\t\t\t<\/div>\n\t\t\t\t\t<\/div>\n\t\t<\/div>\n\t\t\t\t\t<\/div>\n\t\t<\/section>\n\t\t\t\t<section class=\"elementor-section elementor-top-section elementor-element elementor-element-d86e58c elementor-section-boxed elementor-section-height-default elementor-section-height-default\" data-id=\"d86e58c\" data-element_type=\"section\" data-e-type=\"section\">\n\t\t\t\t\t\t<div class=\"elementor-container elementor-column-gap-default\">\n\t\t\t\t\t<div class=\"elementor-column elementor-col-100 elementor-top-column elementor-element elementor-element-ffd2960\" data-id=\"ffd2960\" data-element_type=\"column\" data-e-type=\"column\">\n\t\t\t<div class=\"elementor-widget-wrap elementor-element-populated\">\n\t\t\t\t\t\t<div class=\"elementor-element elementor-element-ee415ea elementor-widget-divider--view-line elementor-widget elementor-widget-divider\" data-id=\"ee415ea\" data-element_type=\"widget\" data-e-type=\"widget\" data-widget_type=\"divider.default\">\n\t\t\t\t<div class=\"elementor-widget-container\">\n\t\t\t\t\t\t\t<div class=\"elementor-divider\">\n\t\t\t<span class=\"elementor-divider-separator\">\n\t\t\t\t\t\t<\/span>\n\t\t<\/div>\n\t\t\t\t\t\t<\/div>\n\t\t\t\t<\/div>\n\t\t\t\t<div class=\"elementor-element elementor-element-b53758d elementor-widget elementor-widget-text-editor\" data-id=\"b53758d\" data-element_type=\"widget\" data-e-type=\"widget\" data-widget_type=\"text-editor.default\">\n\t\t\t\t<div class=\"elementor-widget-container\">\n\t\t\t\t\t\t\t\t\t<h2>Route und Erreichbarkeit<\/h2>\n<p>Es gibt mehrere Zufahrtswege zu unserem Campingplatz. Am besten vermeiden Sie alle Wege, die durch das Dorf Castelo de Vide f\u00fchren. Bleiben Sie einfach auf der N246-1 und nehmen Sie die Ausfahrt Barretos oder Beir\u00e3. Der n\u00e4chste Supermarkt ist 5 km von unserem Stellplatz (Campscape) entfernt. Wenn Sie also einkaufen m\u00fcssen, fahren Sie dorthin. <a href=\"https:\/\/www.google.com\/maps\/place\/Pingo+Doce+Castelo+De+Vide\/@39.4050516,-7.4468043,746m\/data=!3m2!1e3!4b1!4m6!3m5!1s0xd17955737069301:0x7ae97999ea704a5e!8m2!3d39.4050475!4d-7.4442294!16s%2Fg%2F11bwq7lpxd?authuser=1&amp;entry=ttu&amp;g_ep=EgoyMDI1MTExNy4wIKXMDSoASAFQAw%3D%3D\" target=\"_blank\" rel=\"noopener\">Pingo Doce in Castelo de Vide<\/a> (liegt ebenfalls an der N246-1). Wenn Sie aus Spanien anreisen, sollten Sie dort einkaufen: Es ist g\u00fcnstiger, insbesondere Benzin und Tabakwaren (beachten Sie die Zeitverschiebung, in Spanien ist es eine Stunde sp\u00e4ter).<\/p>\n<p><strong>Keine Sorge<\/strong><br>Viele Touristen denken, die Portugiesen fahren wie die Verr\u00fcckten, aber das stimmt in unserer Region nicht. Hier f\u00e4hrt man so, wie man lebt: gem\u00fctlich und entspannt. Und es sind ohnehin nicht viele Autos unterwegs. Sollten Sie also versehentlich \u2013 oder absichtlich \u2013 auf einer kleinen Stra\u00dfe landen, bleiben Sie einfach ruhig und gelassen. Genie\u00dfen Sie die Fahrt durch eine traumhafte Landschaft wie aus einem Fred-und-Wilma-Feuerstein-Film. Yabadabadoo \u2026<\/p>\n<p><strong>Adresse und Koordinaten<\/strong><br>Campscape Beira Marvao Alentejo<br>Estrada de Castelo de Vide<br>Beir\u00e3 \u2013 Marv\u00e3o<br>GPS: 39.42777, -7.38561<\/p>\t\t\t\t\t\t\t\t<\/div>\n\t\t\t\t<\/div>\n\t\t\t\t<div class=\"elementor-element elementor-element-1639846 elementor-widget elementor-widget-google_maps\" data-id=\"1639846\" data-element_type=\"widget\" data-e-type=\"widget\" data-widget_type=\"google_maps.default\">\n\t\t\t\t<div class=\"elementor-widget-container\">\n\t\t\t\t\t\t\t<div class=\"elementor-custom-embed\">\n\t\t\t<iframe loading=\"lazy\"\n\t\t\t\t\tsrc=\"https:\/\/maps.google.com\/maps?q=Campscape%20Beira%20Marvao&#038;t=m&#038;z=12&#038;output=embed&#038;iwloc=near\"\n\t\t\t\t\ttitle=\"Campscape Beira Marvao\"\n\t\t\t\t\taria-label=\"Campscape Beira Marvao\"\n\t\t\t><\/iframe>\n\t\t<\/div>\n\t\t\t\t\t\t<\/div>\n\t\t\t\t<\/div>\n\t\t\t\t\t<\/div>\n\t\t<\/div>\n\t\t\t\t\t<\/div>\n\t\t<\/section>\n\t\t\t\t<\/div>","protected":false},"excerpt":{"rendered":"<p>Sorry, but we don\u2019t (like to) walk around with our phones all day. You can book online only \u2014 not by phone, messages, or email.If you want to know the rates and availability, simply enter your dates and number of guests below.\u00a0 Please don\u2019t contact us about rates, reservations, or exceptions to our rules.Rates &#8211; [&hellip;]<\/p>\n","protected":false},"author":3,"featured_media":0,"parent":0,"menu_order":0,"comment_status":"closed","ping_status":"closed","template":"","meta":{"inline_featured_image":false,"_monsterinsights_skip_tracking":false,"_monsterinsights_sitenote_active":false,"_monsterinsights_sitenote_note":"","_monsterinsights_sitenote_category":0,"footnotes":""},"class_list":["post-194","page","type-page","status-publish","hentry"],"aioseo_notices":[],"_links":{"self":[{"href":"https:\/\/campscapebeiramarvao.com\/de\/wp-json\/wp\/v2\/pages\/194","targetHints":{"allow":["GET"]}}],"collection":[{"href":"https:\/\/campscapebeiramarvao.com\/de\/wp-json\/wp\/v2\/pages"}],"about":[{"href":"https:\/\/campscapebeiramarvao.com\/de\/wp-json\/wp\/v2\/types\/page"}],"author":[{"embeddable":true,"href":"https:\/\/campscapebeiramarvao.com\/de\/wp-json\/wp\/v2\/users\/3"}],"replies":[{"embeddable":true,"href":"https:\/\/campscapebeiramarvao.com\/de\/wp-json\/wp\/v2\/comments?post=194"}],"version-history":[{"count":0,"href":"https:\/\/campscapebeiramarvao.com\/de\/wp-json\/wp\/v2\/pages\/194\/revisions"}],"wp:attachment":[{"href":"https:\/\/campscapebeiramarvao.com\/de\/wp-json\/wp\/v2\/media?parent=194"}],"curies":[{"name":"wp","href":"https:\/\/api.w.org\/{rel}","templated":true}]}}