{"id":201,"date":"2018-08-28T14:58:16","date_gmt":"2018-08-28T14:58:16","guid":{"rendered":"https:\/\/themes.getmotopress.com\/campterra\/?page_id=201"},"modified":"2021-10-19T16:10:27","modified_gmt":"2021-10-19T16:10:27","slug":"typography","status":"publish","type":"page","link":"https:\/\/campscapebeiramarvao.com\/de\/typografie\/","title":{"rendered":"Typografie"},"content":{"rendered":"<p>Letzteres ist nicht mehr als einen Fu\u00df hoch und ungef\u00e4hr sieben Schritte breit, eine blo\u00dfe flache Spitze eines grauen Felsens, der nach einem Schauer wie hei\u00dfe Asche raucht und wo niemand vor Sonnenuntergang eine nackte Sohle wagen w\u00fcrde. Auf der Kleinen Isabel raschelt eine alte zerlumpte Palme mit einem dicken, gew\u00f6lbten Stamm, der rauh mit Stacheln ist, eine wahre Hexe unter Palmen, ein d\u00fcsteres B\u00fcndel toter Bl\u00e4tter \u00fcber dem groben Sand.<\/p>\n<h1>\u00dcberschrift 1 (H1)<\/h1>\n<p>Letzteres ist nicht mehr als einen Fu\u00df hoch und ungef\u00e4hr sieben Schritte breit, eine blo\u00dfe flache Spitze eines grauen Felsens, der nach einem Schauer wie hei\u00dfe Asche raucht und wo niemand vor Sonnenuntergang eine nackte Sohle wagen w\u00fcrde. Auf der Kleinen Isabel raschelt eine alte zerlumpte Palme mit einem dicken, gew\u00f6lbten Stamm, der rauh mit Stacheln ist, eine wahre Hexe unter Palmen, ein d\u00fcsteres B\u00fcndel toter Bl\u00e4tter \u00fcber dem groben Sand.<\/p>\n<h2>Rubrik 2 (H2)<\/h2>\n<p>Letzteres ist nicht mehr als einen Fu\u00df hoch und ungef\u00e4hr sieben Schritte breit, eine blo\u00dfe flache Spitze eines grauen Felsens, der nach einem Schauer wie hei\u00dfe Asche raucht und wo niemand vor Sonnenuntergang eine nackte Sohle wagen w\u00fcrde. Auf der Kleinen Isabel raschelt eine alte zerlumpte Palme mit einem dicken, gew\u00f6lbten Stamm, der rauh mit Stacheln ist, eine wahre Hexe unter Palmen, ein d\u00fcsteres B\u00fcndel toter Bl\u00e4tter \u00fcber dem groben Sand.<\/p>\n<h3>Rubrik 3 (H3)<\/h3>\n<p>Letzteres ist nicht mehr als einen Fu\u00df hoch und ungef\u00e4hr sieben Schritte breit, eine blo\u00dfe flache Spitze eines grauen Felsens, der nach einem Schauer wie hei\u00dfe Asche raucht und wo niemand vor Sonnenuntergang eine nackte Sohle wagen w\u00fcrde. Auf der Kleinen Isabel raschelt eine alte zerlumpte Palme mit einem dicken, gew\u00f6lbten Stamm, der rauh mit Stacheln ist, eine wahre Hexe unter Palmen, ein d\u00fcsteres B\u00fcndel toter Bl\u00e4tter \u00fcber dem groben Sand.<\/p>\n<h4>Rubrik 4 (H4)<\/h4>\n<p>Letzteres ist nicht mehr als einen Fu\u00df hoch und ungef\u00e4hr sieben Schritte breit, eine blo\u00dfe flache Spitze eines grauen Felsens, der nach einem Schauer wie hei\u00dfe Asche raucht und wo niemand vor Sonnenuntergang eine nackte Sohle wagen w\u00fcrde. Auf der Kleinen Isabel raschelt eine alte zerlumpte Palme mit einem dicken, gew\u00f6lbten Stamm, der rauh mit Stacheln ist, eine wahre Hexe unter Palmen, ein d\u00fcsteres B\u00fcndel toter Bl\u00e4tter \u00fcber dem groben Sand.<\/p>\n<h5>\u00dcberschrift 5 (H5)<\/h5>\n<p>Letzteres ist nicht mehr als einen Fu\u00df hoch und ungef\u00e4hr sieben Schritte breit, eine blo\u00dfe flache Spitze eines grauen Felsens, der nach einem Schauer wie hei\u00dfe Asche raucht und wo niemand vor Sonnenuntergang eine nackte Sohle wagen w\u00fcrde. Auf der Kleinen Isabel raschelt eine alte zerlumpte Palme mit einem dicken, gew\u00f6lbten Stamm, der rauh mit Stacheln ist, eine wahre Hexe unter Palmen, ein d\u00fcsteres B\u00fcndel toter Bl\u00e4tter \u00fcber dem groben Sand.<\/p>\n<h6>Rubrik 6 (H6)<\/h6>\n<p>Letzteres ist nicht mehr als einen Fu\u00df hoch und ungef\u00e4hr sieben Schritte breit, eine blo\u00dfe flache Spitze eines grauen Felsens, der nach einem Schauer wie hei\u00dfe Asche raucht und wo niemand vor Sonnenuntergang eine nackte Sohle wagen w\u00fcrde. Auf der Kleinen Isabel raschelt eine alte zerlumpte Palme mit einem dicken, gew\u00f6lbten Stamm, der rauh mit Stacheln ist, eine wahre Hexe unter Palmen, ein d\u00fcsteres B\u00fcndel toter Bl\u00e4tter \u00fcber dem groben Sand.<\/p>\n<h2>Block Zitate<\/h2>\n<p>Einzeiliges Blockzitat:<\/p>\n<blockquote><p>Hungrig bleiben. Bleib dumm.<\/p><\/blockquote>\n<p>Mehrzeiliges Blockzitat mit Zitierverweis:<\/p>\n<blockquote cite=\"https:\/\/developer.mozilla.org\/en-US\/docs\/Web\/HTML\/Element\/blockquote\"><p>Das <strong>HTML <code><blockquote><\/code> Element<\/strong> (oder <em>HTML-Block-Zitat-Element<\/em>) weist darauf hin, dass es sich bei dem beigef\u00fcgten Text um ein erweitertes Zitat handelt. \u00dcblicherweise wird dies visuell durch Einr\u00fcckung wiedergegeben (vgl <a href=\"https:\/\/developer.mozilla.org\/en-US\/docs\/HTML\/Element\/blockquote#Notes\">Anmerkungen<\/a> wie man es \u00e4ndert). Eine URL f\u00fcr die Quelle des Zitats kann mit angegeben werden <strong>zitieren<\/strong> Attribut, w\u00e4hrend eine Textdarstellung der Quelle mit dem angegeben werden kann <a title=\"Das HTML Citation Element &lt;cite&gt;stellt einen Verweis auf eine kreative Arbeit dar. Es muss den Titel eines Werks oder eine URL-Referenz enthalten, die gem\u00e4\u00df den Konventionen f\u00fcr das Hinzuf\u00fcgen von Zitiermetadaten in abgek\u00fcrzter Form erfolgen kann.&lt;\/cite&gt;\" href=\"https:\/\/developer.mozilla.org\/en-US\/docs\/Web\/HTML\/Element\/cite\"><code><cite><\/code><\/a> Element.<\/p><\/blockquote>\n<p><cite>mehrere Mitwirkende<\/cite> \u2013 MDN-HTML-Elementreferenz \u2013 Blockquote<\/p>\n<h2>Tische<\/h2>\n<table>\n<thead>\n<tr>\n<th>Angestellter<\/th>\n<th>Gehalt<\/th>\n<th><\/th>\n<\/tr>\n<\/thead>\n<tbody>\n<tr>\n<th><a href=\"http:\/\/example.org\/\">John Doe<\/a><\/th>\n<td>$1<\/td>\n<td>Denn das ist alles, was Steve Jobs f\u00fcr ein Gehalt brauchte.<\/td>\n<\/tr>\n<tr>\n<th><a href=\"http:\/\/example.org\/\">Jane Doe<\/a><\/th>\n<td>$100K<\/td>\n<td>F\u00fcr all das Bloggen, das sie tut.<\/td>\n<\/tr>\n<tr>\n<th><a href=\"http:\/\/example.org\/\">Fred Bloggs<\/a><\/th>\n<td>$100M<\/td>\n<td>Bilder sagen mehr als tausend Worte, oder? Also Jane x 1.000.<\/td>\n<\/tr>\n<tr>\n<th><a href=\"http:\/\/example.org\/\">Jane Bloggs<\/a><\/th>\n<td>$100B<\/td>\n<td>Mit solchen Haaren?! Genug gesagt\u2026<\/td>\n<\/tr>\n<\/tbody>\n<\/table>\n<h2>Definitionslisten<\/h2>\n<dl>\n<dt>Titel der Definitionsliste<\/dt>\n<dd>Aufteilung der Definitionsliste.<\/dd>\n<dt>Anlaufen<\/dt>\n<dd>Ein Startup-Unternehmen oder Startup ist ein Unternehmen oder eine tempor\u00e4re Organisation, die nach einem wiederholbaren und skalierbaren Gesch\u00e4ftsmodell suchen soll.<\/dd>\n<dt>#dowork<\/dt>\n<dd>\u201eDo Work\u201c wurde von Rob Dyrdek und seinem pers\u00f6nlichen Leibw\u00e4chter Christopher \u201eBig Black\u201c Boykins gepr\u00e4gt und wirkt als Selbstmotivator, um Ihre Freunde zu motivieren.<\/dd>\n<dt>Mach es live<\/dt>\n<dd>Ich \u00fcberlasse es Bill O&#039;Reilly <a title=\"Wir machen es live\" href=\"https:\/\/www.youtube.com\/watch?v=O_HyZ5aW76c\">erkl\u00e4ren<\/a> Dieses hier.<\/dd>\n<\/dl>\n<h2>Ungeordnete Listen (verschachtelt)<\/h2>\n<ul>\n<li>Listenpunkt eins\n<ul>\n<li>Listenpunkt eins\n<ul>\n<li>Listenpunkt eins<\/li>\n<li>Listenpunkt zwei<\/li>\n<li>Listen Sie Punkt drei auf<\/li>\n<li>Listen Sie Punkt vier auf<\/li>\n<\/ul>\n<\/li>\n<li>Listenpunkt zwei<\/li>\n<li>Listen Sie Punkt drei auf<\/li>\n<li>Listen Sie Punkt vier auf<\/li>\n<\/ul>\n<\/li>\n<li>Listenpunkt zwei<\/li>\n<li>Listen Sie Punkt drei auf<\/li>\n<li>Listen Sie Punkt vier auf<\/li>\n<\/ul>\n<h2>Geordnete Liste (verschachtelt)<\/h2>\n<ol start=\"8\">\n<li>Listen Sie Punkt eins auf - beginnen Sie bei 8\n<ol>\n<li>Listenpunkt eins\n<ol reversed=\"reversed\">\n<li>Listenelement eins -umgekehrtes Attribut<\/li>\n<li>Listenpunkt zwei<\/li>\n<li>Listen Sie Punkt drei auf<\/li>\n<li>Listen Sie Punkt vier auf<\/li>\n<\/ol>\n<\/li>\n<li>Listenpunkt zwei<\/li>\n<li>Listen Sie Punkt drei auf<\/li>\n<li>Listen Sie Punkt vier auf<\/li>\n<\/ol>\n<\/li>\n<li>Listenpunkt zwei<\/li>\n<li>Listen Sie Punkt drei auf<\/li>\n<li>Listen Sie Punkt vier auf<\/li>\n<\/ol>\n<h2>HTML-Tags<\/h2>\n<p>Diese unterst\u00fctzten Tags stammen aus dem WordPress.com-Code <a title=\"Code\" href=\"https:\/\/en.support.wordpress.com\/code\/\">FAQ<\/a>.<\/p>\n<p><strong>Adress-Tag<\/strong><\/p>\n<address>1 Endlosschleife<br \/>\nCupertino, CA 95014<br \/>\nVereinigte Staaten<\/address>\n<p><strong>Anker-Tag (auch bekannt als Link)<\/strong><\/p>\n<p>Dies ist ein Beispiel f\u00fcr eine <a title=\"WordPress-Stiftung\" href=\"https:\/\/wordpressfoundation.org\/\">Verkn\u00fcpfung<\/a>.<\/p>\n<p><strong>Abk\u00fcrzung Tag<\/strong><\/p>\n<p>Die Abk\u00fcrzung <abbr title=\"Ernsthaft\">srsly<\/abbr> steht f\u00fcr \u201eernsthaft\u201c.<\/p>\n<p><strong>Akronym-Tag (<em>in HTML5 veraltet<\/em>)<\/strong><\/p>\n<p>Das Akronym <acronym title=\"F\u00fcr den Sieg\">ftw<\/acronym> steht f\u00fcr \u201ef\u00fcr den Sieg\u201c.<\/p>\n<p><strong>Gro\u00dfes Etikett<\/strong> (<em>in HTML5 veraltet<\/em>)<\/p>\n<p>Diese Tests sind a <big>gro\u00df<\/big> deal, aber dieses Tag wird in HTML5 nicht mehr unterst\u00fctzt.<\/p>\n<p><strong>Zitat-Tag<\/strong><\/p>\n<p>\u201eCode ist Poesie.\u201c \u2014<cite>Automatisch<\/cite><\/p>\n<p><strong>Code-Tag<\/strong><\/p>\n<p>Dieses Tag formatiert Codebl\u00f6cke.<br \/>\n<code>.post-title {<br \/>\nRand: 0 0 5px;<br \/>\nSchriftdicke: fett;<br \/>\nSchriftgr\u00f6\u00dfe: 38px;<br \/>\nZeilenh\u00f6he: 1,2;<br \/>\nund hier ist eine Zeile mit wirklich, wirklich, wirklich, wirklich langem Text, nur um zu sehen, wie es gehandhabt wird und um herauszufinden, wie es \u00fcberl\u00e4uft;<br \/>\n}<\/code><br \/>\nSie werden sp\u00e4ter in diesen Tests lernen, dass Zeilenumbruch: Wortbruch; Ihr bester Freund sein wird.<\/p>\n<p><strong>Tag l\u00f6schen<\/strong><\/p>\n<p>Dieses Tag l\u00e4sst Sie <del>Text durchstreichen<\/del>, aber dieses Tag ist <em>empfohlen<\/em> unterst\u00fctzt in HTML5 (verwenden Sie die <code><s><\/code> stattdessen).<\/p>\n<p><strong>Tag betonen<\/strong><\/p>\n<p>Das Hervorhebungs-Tag sollte <em>kursiv<\/em> <i>Text<\/i>.<\/p>\n<p><strong>Horizontales Regel-Tag<\/strong><\/p>\n<hr \/>\n<p>Dieser Satz folgt a <code>&lt;hr \/&gt;<\/code> Schild.<\/p>\n<p><strong>Tag einf\u00fcgen<\/strong><\/p>\n<p>Dieses Tag sollte bezeichnen <ins cite=\"inserted it\">eingef\u00fcgt<\/ins> Text.<\/p>\n<p><strong>Tastatur-Tag<\/strong><\/p>\n<p>Dieses kaum bekannte Tag emuliert <kbd>Tastaturtext<\/kbd>, die normalerweise wie die gestylt ist <code><code><\/code> Schild.<\/p>\n<p><strong>Vorformatiertes Tag<\/strong><\/p>\n<p>Dieses Tag dient zum Beibehalten von Leerzeichen wie eingegeben, z. B. in Poesie oder ASCII-Kunst.<\/p>\n<h2>Der Weg nicht genommen<\/h2>\n<pre><cite>\r\nRobert Frost<\/cite>\r\n\r\n\r\n  Zwei Stra\u00dfen trennten sich in einem gelben Wald, und es tut mir leid, ich konnte nicht beide reisen (_\/) und ein Reisender sein, lange stand ich (=&#039;.&#039;=) und schaute eine so weit hinunter, wie ich konnte (&quot;)_(&quot;) Wohin es sich im Unterholz bog; Dann nahm der andere, ebenso fair, Und vielleicht den besseren Anspruch, |_\/| Weil es grasig war und getragen werden wollte; \/ @ @ Obwohl der Vor\u00fcbergehende dort ( &gt; \u00ba &lt; ) sie wirklich ungef\u00e4hr gleich getragen hatte, `&gt;&gt;x&lt;&lt;\u00b4 \/ O Und beide lagen an diesem Morgen gleicherma\u00dfen in Bl\u00e4ttern, kein Schritt war schwarz getreten. Oh, ich habe den ersten f\u00fcr einen weiteren Tag aufgehoben! Doch da ich wusste, wie Weg zu Weg f\u00fchrt, bezweifelte ich, ob ich jemals zur\u00fcckkehren w\u00fcrde. Ich werde dies mit einem Seufzer sagen Irgendwo in Ewigkeiten: Zwei Stra\u00dfen trennten sich in einem Wald, und ich \u2013 Ich nahm die weniger befahrene, Und das hat den ganzen Unterschied gemacht. und hier ist eine Zeile mit wirklich, wirklich, wirklich, wirklich langem Text, nur um zu sehen, wie es gehandhabt wird und um herauszufinden, wie es \u00fcberl\u00e4uft;<\/pre>\n<p><strong>Zitat-Tag<\/strong> kurz, Inline-Zitate<\/p>\n<p><q>Entwickler, Entwickler, Entwickler\u2026<\/q> \u2013Steve Ballmer<\/p>\n<p><strong>Strike-Tag<\/strong> (<em>in HTML5 veraltet<\/em>) und <strong>S-Tag<\/strong><\/p>\n<p>Dieses Tag zeigt <span style=\"text-decoration: line-through;\">durchgestrichen<\/span> <s>Text<\/s>.<\/p>\n<p><strong>Kleines Etikett<\/strong><\/p>\n<p>Dieses Tag zeigt <small>kleiner<small> Text.<\/small><\/small><\/p>\n<p><strong>Starkes Etikett<\/strong><\/p>\n<p>Dieses Tag zeigt <strong>fetter Text.<\/strong><\/p>\n<p><strong>Index-Tag<\/strong><\/p>\n<p>Holen Sie sich unser Wissenschafts-Styling mit H<sub>2<\/sub>O, was die \u201e2\u201c nach unten dr\u00fccken sollte.<\/p>\n<p><strong>Hochgestelltes Tag<\/strong><\/p>\n<p>Ich bleibe immer noch bei der Wissenschaft und Albert Einsteins E = MC<sup>2<\/sup>, was die 2 anheben sollte.<\/p>\n<p><strong>Teletyp-Tag <\/strong>(<em>veraltet in HTML5<\/em>)<\/p>\n<p>Dieses selten verwendete Tag emuliert <tt>Teletext<\/tt>, die normalerweise wie die gestylt ist <code><code><\/code> Schild.<\/p>\n<p><strong>Tag unterstreichen<\/strong> <em>in HTML 4 veraltet, in HTML5 mit anderer Semantik wieder eingef\u00fchrt<\/em><\/p>\n<p>Dieses Tag zeigt <u>unterstrichener Text<\/u>.<\/p>\n<p><strong>Variablen-Tag<\/strong><\/p>\n<p>Damit k\u00f6nnen Sie kennzeichnen <var>Variablen<\/var>.<\/p>\n<h2>Bildausrichtung<\/h2>\n<h4>Zentriertes Ausrichtungsbild<\/h4>\n<p>Lorem ipsum dolor sit amet, consectetur adipiscing elit. Donec posuere augue quam. Proin ligula ligula, rutrum ut consectetur id, tincidunt sit amet ipsum.<\/p>\n<p><img fetchpriority=\"high\" decoding=\"async\" class=\"size-large wp-image-112 aligncenter\" src=\"http:\/\/themes.getmotopress.com\/campterra\/wp-content\/uploads\/sites\/22\/2018\/08\/camping_caravan_3-1024x718.jpg\" alt=\"\" width=\"844\" height=\"592\" \/>In sed porta lectus, auctor bibendum est. Mauris tempor fermentum nisl vel imperdiet. Donec consequat sapien ac nisl pellentesque, eget condimentum felis rhoncus.<\/p>\n<h4>Linksb\u00fcndiges Bild<\/h4>\n<p><img decoding=\"async\" class=\"alignleft size-medium wp-image-110\" src=\"http:\/\/themes.getmotopress.com\/campterra\/wp-content\/uploads\/sites\/22\/2018\/08\/camping_caravan_1-300x210.jpg\" alt=\"\" width=\"300\" height=\"210\" \/>Lorem ipsum dolor sit amet, consectetur adipiscing elit. Donec posuere augue quam. Proin ligula ligula, rutrum ut consectetur id, tincidunt sit amet ipsum. Proin magna dolor, fringilla non malesuada vitae, suscipit at est. Pellentesque ex orci, fringilla in viverra eu, interdum at eros. Vivamus bei scelerisque est.<\/p>\n<p>Quisque in justo ultrices, efficitur lorem quis, pharetra mauris. Vestibulum ante ipsum primis in faucibus orci luctus et ultrices posuere cubilia. Nunc ultricies nisl sollicitudin, maximus lacus bibendum, pharetra eros. In sed nibh arcu. Mauris in orci a neque posuere fermentum. Aliquam eu accumsan nulla. Phasellus tincidunt tristique arcu sed tempus. Praesent id lorem nec turpis porttitor semper. Quisque nec ligula erat. Pellentesque eu gravida lacus.<\/p>\n<p>Aliquam eu accumsan nulla. Phasellus tincidunt tristique arcu sed tempus. Pr\u00e4sent id Quisque interdum luctus est, ut consequat felis. Sed sagittis ipsum scelerisque, dictum nibh id, posuere augue. Integer facilisis aliquet elit, a egestas quam cursus quis. Bei mattis volutpat arcu. Vestibulum blandit purus sed nisi elementum.<\/p>\n<h4>Rechtsausrichtungsbild<\/h4>\n<p><img decoding=\"async\" class=\"size-medium wp-image-99 alignright\" src=\"http:\/\/themes.getmotopress.com\/campterra\/wp-content\/uploads\/sites\/22\/2018\/08\/camping_rv_0-300x210.jpg\" alt=\"\" width=\"300\" height=\"210\" \/>Lorem ipsum dolor sit amet, consectetur adipiscing elit. Donec posuere augue quam. Proin ligula ligula, rutrum ut consectetur id, tincidunt sit amet ipsum. Proin magna dolor, fringilla non malesuada vitae, suscipit at est. Pellentesque ex orci, fringilla in viverra eu, interdum at eros. Vivamus bei scelerisque est.<\/p>\n<p>Quisque in justo ultrices, efficitur lorem quis, pharetra mauris. Vestibulum ante ipsum primis in faucibus orci luctus et ultrices posuere cubilia. Nunc ultricies nisl sollicitudin, maximus lacus bibendum, pharetra eros. In sed nibh arcu. Mauris in orci a neque posuere fermentum. Aliquam eu accumsan nulla. Phasellus tincidunt tristique arcu sed tempus. Praesent id lorem nec turpis porttitor semper. Quisque nec ligula erat. Pellentesque eu gravida lacus.<\/p>\n<p>Aliquam eu accumsan nulla. Phasellus tincidunt tristique arcu sed tempus. Pr\u00e4sent id Quisque interdum luctus est, ut consequat felis. Sed sagittis ipsum scelerisque, dictum nibh id, posuere augue. Integer facilisis aliquet elit, a egestas quam cursus quis. Bei mattis volutpat arcu. Vestibulum blandit purus sed nisi elementum.<\/p>\n<h4>150 \u00d7 150-Bild, das linksb\u00fcndig ausgerichtet ist<\/h4>\n<p><img loading=\"lazy\" decoding=\"async\" class=\"alignleft size-thumbnail wp-image-73\" src=\"http:\/\/themes.getmotopress.com\/campterra\/wp-content\/uploads\/sites\/22\/2018\/08\/testimonial_02-150x150.jpg\" alt=\"\" width=\"150\" height=\"150\" \/>Lorem ipsum dolor sit amet, consectetur adipiscing elit. Donec posuere augue quam. Proin ligula ligula, rutrum ut consectetur id, tincidunt sit amet ipsum. Proin magna dolor, fringilla non malesuada vitae, suscipit at est. Pellentesque ex orci, fringilla in viverra eu, interdum at eros. Vivamus bei scelerisque est.<\/p>\n<p>Quisque in justo ultrices, efficitur lorem quis, pharetra mauris. Vestibulum ante ipsum primis in faucibus orci luctus et ultrices posuere cubilia. Nunc ultricies nisl sollicitudin, maximus lacus bibendum, pharetra eros. In sed nibh arcu. Mauris in orci a neque posuere fermentum. Aliquam eu accumsan nulla. Phasellus tincidunt tristique arcu sed tempus. Praesent id lorem nec turpis porttitor semper. Quisque nec ligula erat. Pellentesque eu gravida lacus.<\/p>\n<p>Aliquam eu accumsan nulla. Phasellus tincidunt tristique arcu sed tempus. Pr\u00e4sent id Quisque interdum luctus est, ut consequat felis. Sed sagittis ipsum scelerisque, dictum nibh id, posuere augue. Integer facilisis aliquet elit, a egestas quam cursus quis. Bei mattis volutpat arcu. Vestibulum blandit purus sed nisi elementum.<\/p>\n<h4>Gro\u00dfes Bild<\/h4>\n<p>Lorem ipsum dolor sit amet, consectetur adipiscing elit. Donec posuere augue quam. Proin ligula ligula, rutrum ut consectetur id, tincidunt sit amet ipsum.<\/p>\n<p><img loading=\"lazy\" decoding=\"async\" class=\"size-full wp-image-111 aligncenter\" src=\"http:\/\/www.camping-beira-marvao.com\/wp-content\/uploads\/2018\/08\/camping_caravan_2.jpg\" alt=\"\" width=\"1960\" height=\"1375\" \/>In sed porta lectus, auctor bibendum est. Mauris tempor fermentum nisl vel imperdiet. Donec consequat sapien ac nisl pellentesque, eget condimentum felis rhoncus.<\/p>","protected":false},"excerpt":{"rendered":"<p>That last is no more than a foot high, and about seven paces across, a mere flat top of a grey rock which smokes like a hot cinder after a shower, and where no man would care to venture a naked sole before sunset. On the Little Isabel an old ragged palm, with a thick [&hellip;]<\/p>\n","protected":false},"author":3,"featured_media":0,"parent":0,"menu_order":0,"comment_status":"closed","ping_status":"closed","template":"","meta":{"inline_featured_image":false,"_monsterinsights_skip_tracking":false,"_monsterinsights_sitenote_active":false,"_monsterinsights_sitenote_note":"","_monsterinsights_sitenote_category":0,"footnotes":""},"class_list":["post-201","page","type-page","status-publish","hentry"],"aioseo_notices":[],"_links":{"self":[{"href":"https:\/\/campscapebeiramarvao.com\/de\/wp-json\/wp\/v2\/pages\/201","targetHints":{"allow":["GET"]}}],"collection":[{"href":"https:\/\/campscapebeiramarvao.com\/de\/wp-json\/wp\/v2\/pages"}],"about":[{"href":"https:\/\/campscapebeiramarvao.com\/de\/wp-json\/wp\/v2\/types\/page"}],"author":[{"embeddable":true,"href":"https:\/\/campscapebeiramarvao.com\/de\/wp-json\/wp\/v2\/users\/3"}],"replies":[{"embeddable":true,"href":"https:\/\/campscapebeiramarvao.com\/de\/wp-json\/wp\/v2\/comments?post=201"}],"version-history":[{"count":0,"href":"https:\/\/campscapebeiramarvao.com\/de\/wp-json\/wp\/v2\/pages\/201\/revisions"}],"wp:attachment":[{"href":"https:\/\/campscapebeiramarvao.com\/de\/wp-json\/wp\/v2\/media?parent=201"}],"curies":[{"name":"wp","href":"https:\/\/api.w.org\/{rel}","templated":true}]}}