{"id":291,"date":"2018-08-30T09:08:19","date_gmt":"2018-08-30T09:08:19","guid":{"rendered":"https:\/\/themes.getmotopress.com\/campterra\/?page_id=291"},"modified":"2023-05-04T23:36:48","modified_gmt":"2023-05-04T23:36:48","slug":"terms-conditions","status":"publish","type":"page","link":"https:\/\/campscapebeiramarvao.com\/de\/terms-amp-bedingungen\/","title":{"rendered":"Terms &amp; amp; Bedingungen"},"content":{"rendered":"<p>Vielen Dank f\u00fcr Ihre Reservierung. Die Zahlung erfolgt in bar beim Check-out. Mit der Reservierung stimmst du der Campordnung zu. Wir behalten uns das Recht vor, G\u00e4sten den Zugang zum Campingplatz zu verweigern oder im Falle von Bel\u00e4stigungen G\u00e4sten den Zutritt zu verweigern.<\/p>\n<p>Wenn Sie aus irgendeinem Grund stornieren m\u00f6chten, antworten Sie bitte auf Ihre Buchungsbest\u00e4tigung.<\/p>","protected":false},"excerpt":{"rendered":"<p>Thank you for making a reservation. Payment is in cash at the Check-out. By making the reservation you agree to the camp regulations. We reserve the right to refuse guests or in case of nuisance to deny guests access to the campsite. If by any reason you want to cancel, please reply to your booking [&hellip;]<\/p>\n","protected":false},"author":3,"featured_media":0,"parent":0,"menu_order":0,"comment_status":"closed","ping_status":"closed","template":"","meta":{"inline_featured_image":false,"_monsterinsights_skip_tracking":false,"_monsterinsights_sitenote_active":false,"_monsterinsights_sitenote_note":"","_monsterinsights_sitenote_category":0,"footnotes":""},"class_list":["post-291","page","type-page","status-publish","hentry"],"aioseo_notices":[],"_links":{"self":[{"href":"https:\/\/campscapebeiramarvao.com\/de\/wp-json\/wp\/v2\/pages\/291","targetHints":{"allow":["GET"]}}],"collection":[{"href":"https:\/\/campscapebeiramarvao.com\/de\/wp-json\/wp\/v2\/pages"}],"about":[{"href":"https:\/\/campscapebeiramarvao.com\/de\/wp-json\/wp\/v2\/types\/page"}],"author":[{"embeddable":true,"href":"https:\/\/campscapebeiramarvao.com\/de\/wp-json\/wp\/v2\/users\/3"}],"replies":[{"embeddable":true,"href":"https:\/\/campscapebeiramarvao.com\/de\/wp-json\/wp\/v2\/comments?post=291"}],"version-history":[{"count":0,"href":"https:\/\/campscapebeiramarvao.com\/de\/wp-json\/wp\/v2\/pages\/291\/revisions"}],"wp:attachment":[{"href":"https:\/\/campscapebeiramarvao.com\/de\/wp-json\/wp\/v2\/media?parent=291"}],"curies":[{"name":"wp","href":"https:\/\/api.w.org\/{rel}","templated":true}]}}