{"id":347,"date":"2018-08-28T12:33:36","date_gmt":"2018-08-28T12:33:36","guid":{"rendered":"https:\/\/themes.getmotopress.com\/campterra\/accommodations\/"},"modified":"2025-12-08T02:02:17","modified_gmt":"2025-12-08T02:02:17","slug":"rates","status":"publish","type":"page","link":"https:\/\/campscapebeiramarvao.com\/de\/preiseundbuchung\/","title":{"rendered":"Pl\u00e4tze und Preise"},"content":{"rendered":"<div data-elementor-type=\"wp-page\" data-elementor-id=\"347\" class=\"elementor elementor-347\">\n\t\t\t\t\t\t<section class=\"elementor-section elementor-top-section elementor-element elementor-element-3a48db1 elementor-section-full_width elementor-section-height-default elementor-section-height-default\" data-id=\"3a48db1\" data-element_type=\"section\" data-e-type=\"section\" data-settings=\"{&quot;background_background&quot;:&quot;classic&quot;}\">\n\t\t\t\t\t\t\t<div class=\"elementor-background-overlay\"><\/div>\n\t\t\t\t\t\t\t<div class=\"elementor-container elementor-column-gap-default\">\n\t\t\t\t\t<div class=\"elementor-column elementor-col-100 elementor-top-column elementor-element elementor-element-3b949cd\" data-id=\"3b949cd\" data-element_type=\"column\" data-e-type=\"column\" data-settings=\"{&quot;background_background&quot;:&quot;classic&quot;}\">\n\t\t\t<div class=\"elementor-widget-wrap elementor-element-populated\">\n\t\t\t\t\t\t<div class=\"elementor-element elementor-element-89dde2b elementor-widget__width-inherit elementor-widget elementor-widget-mphbe-rooms\" data-id=\"89dde2b\" data-element_type=\"widget\" data-e-type=\"widget\" data-widget_type=\"mphbe-rooms.default\">\n\t\t\t\t<div class=\"elementor-widget-container\">\n\t\t\t\t\t<div class=\"mphb_sc_rooms-wrapper mphb-room-types\"><div class=\"mphb-room-type post-378 mphb_room_type type-mphb_room_type status-publish has-post-thumbnail mphb_room_type_facility-electricity mphb_room_type_facility-reliable-wifi mphb-room-type-adults-4 mphb-room-type-children-0\">\n\n\t\n            <div class=\"room-images-wrapper\">\n            \n\n\t<p class=\"post-thumbnail mphb-loop-room-thumbnail\">\n\t<a href=\"https:\/\/campscapebeiramarvao.com\/de\/accommodation\/genau-richtig-fur-unser-anwesen\/\">\n\t<img fetchpriority=\"high\" decoding=\"async\" width=\"891\" height=\"854\" src=\"https:\/\/campscapebeiramarvao.com\/wp-content\/uploads\/2022\/04\/april-2022-1-891x854.jpeg\" class=\"attachment-campterra-square size-campterra-square wp-post-image\" alt=\"\" \/>\t<\/a>\n\n\t<\/p>\n        <\/div>\n        \n            <div class=\"room-description-wrapper\">\n            \n<h2 class=\"mphb-room-type-title entry-title\">\n\n<a class=\"mphb-room-type-title\" href=\"https:\/\/campscapebeiramarvao.com\/de\/accommodation\/genau-richtig-fur-unser-anwesen\/\">Campingplatz auf unserem wundersch\u00f6nen Anwesen<\/a>\n\n<\/h2>\n\n<p>W\u00e4hlen Sie Ihren eigenen Platz auf unserem l\u00e4ndlichen und nat\u00fcrlichen Anwesen im Parque Natural da Serra de Sao Mamede \u2013 Alto Alentejo. Strom inklusive.<\/p>\n\n\n\n\t<p class=\"mphb-regular-price\"><strong>Preis von:<\/strong>\n\t<span class=\"mphb-price\"><span class=\"mphb-currency\">\u20ac<\/span>&nbsp;42<\/span> <span class=\"mphb-price-period\" title=\"W\u00e4hlen Sie Daten, um relevante Preise zu sehen\">f\u00fcr 2 N\u00e4chte<\/span>\n\t<\/p>\n\t        <\/div>\n            <div class=\"room-book-wrapper\">\n        \n<p class=\"mphb-view-details-button-wrapper\">\n<a class=\"button mphb-view-details-button\" href=\"https:\/\/campscapebeiramarvao.com\/de\/accommodation\/genau-richtig-fur-unser-anwesen\/\" >Details ansehen<\/a>\n<\/p>\n<div class=\"mphb-to-book-btn-wrapper\">\n<form action=\"https:\/\/campscapebeiramarvao.com\/de\/accommodation\/genau-richtig-fur-unser-anwesen\/#booking-form-378\" method=\"get\" data-trp-original-action=\"https:\/\/campscapebeiramarvao.com\/de\/accommodation\/genau-richtig-fur-unser-anwesen\/#booking-form-378\" ><button type=\"submit\" class=\"button mphb-book-button\" >Buchen<\/button><input type=\"hidden\" name=\"trp-form-language\" value=\"de\"\/><\/form>\n<br\/><\/div>        <\/div>\n    \n\t\n<\/div>\n\n<div class=\"mphb-room-type post-18098 mphb_room_type type-mphb_room_type status-publish has-post-thumbnail mphb-room-type-adults-2 mphb-room-type-children-0\">\n\n\t\n            <div class=\"room-images-wrapper\">\n            \n\n\t<p class=\"post-thumbnail mphb-loop-room-thumbnail\">\n\t<a href=\"https:\/\/campscapebeiramarvao.com\/de\/accommodation\/kuppellandschaft\/\">\n\t<img decoding=\"async\" width=\"891\" height=\"891\" src=\"https:\/\/campscapebeiramarvao.com\/wp-content\/uploads\/IMG_9294-891x891.jpeg\" class=\"attachment-campterra-square size-campterra-square wp-post-image\" alt=\"Domescape Campscape Beira Marvao\" srcset=\"https:\/\/campscapebeiramarvao.com\/wp-content\/uploads\/IMG_9294-891x891.jpeg 891w, https:\/\/campscapebeiramarvao.com\/wp-content\/uploads\/IMG_9294-150x150.jpeg 150w\" sizes=\"(max-width: 891px) 100vw, 891px\" \/>\t<\/a>\n\n\t<\/p>\n        <\/div>\n        \n            <div class=\"room-description-wrapper\">\n            \n<h2 class=\"mphb-room-type-title entry-title\">\n\n<a class=\"mphb-room-type-title\" href=\"https:\/\/campscapebeiramarvao.com\/de\/accommodation\/kuppellandschaft\/\">Der DomeScape<\/a>\n\n<\/h2>\n\n<p>Genie\u00dfe einen Kosmischen Chill in deiner eigenen Blase des Seins. Sterne beobachten, bequem vom Bett aus. Inklusive umbaubarer Bank\/Tisch f\u00fcr zwei, HomePod mini und Strom.<\/p>\n\n\n\n\t<p class=\"mphb-regular-price\"><strong>Preis von:<\/strong>\n\t<span class=\"mphb-price\"><span class=\"mphb-currency\">\u20ac<\/span>&nbsp;66<\/span> <span class=\"mphb-price-period\" title=\"W\u00e4hlen Sie Daten, um relevante Preise zu sehen\">f\u00fcr 2 N\u00e4chte<\/span>\n\t<\/p>\n\t        <\/div>\n            <div class=\"room-book-wrapper\">\n        \n<p class=\"mphb-view-details-button-wrapper\">\n<a class=\"button mphb-view-details-button\" href=\"https:\/\/campscapebeiramarvao.com\/de\/accommodation\/kuppellandschaft\/\" >Details ansehen<\/a>\n<\/p>\n<div class=\"mphb-to-book-btn-wrapper\">\n<form action=\"https:\/\/campscapebeiramarvao.com\/de\/accommodation\/kuppellandschaft\/#booking-form-18098\" method=\"get\" data-trp-original-action=\"https:\/\/campscapebeiramarvao.com\/de\/accommodation\/kuppellandschaft\/#booking-form-18098\" ><button type=\"submit\" class=\"button mphb-book-button\" >Buchen<\/button><input type=\"hidden\" name=\"trp-form-language\" value=\"de\"\/><\/form>\n<br\/><\/div>        <\/div>\n    \n\t\n<\/div>\n\n<\/div>\t\t\t\t<\/div>\n\t\t\t\t<\/div>\n\t\t\t\t\t<\/div>\n\t\t<\/div>\n\t\t\t\t\t<\/div>\n\t\t<\/section>\n\t\t\t\t<section class=\"elementor-section elementor-top-section elementor-element elementor-element-7bb0a53 elementor-section-boxed elementor-section-height-default elementor-section-height-default\" data-id=\"7bb0a53\" data-element_type=\"section\" data-e-type=\"section\">\n\t\t\t\t\t\t<div class=\"elementor-container elementor-column-gap-default\">\n\t\t\t\t\t<div class=\"elementor-column elementor-col-100 elementor-top-column elementor-element elementor-element-871683d\" data-id=\"871683d\" data-element_type=\"column\" data-e-type=\"column\">\n\t\t\t<div class=\"elementor-widget-wrap elementor-element-populated\">\n\t\t\t\t\t\t<div class=\"elementor-element elementor-element-c9788f4 elementor-widget elementor-widget-shortcode\" data-id=\"c9788f4\" data-element_type=\"widget\" data-e-type=\"widget\" data-widget_type=\"shortcode.default\">\n\t\t\t\t<div class=\"elementor-widget-container\">\n\t\t\t\t\t\t\t<div class=\"elementor-shortcode\"><div class=\"mphb_sc_search-wrapper dark horizontal\">\n<form method=\"GET\" class=\"mphb_sc_search-form\" action=\"https:\/\/campscapebeiramarvao.com\/de\/suchergebnisse\/\" data-first_available_check_in_date=\"2026-04-09\" data-trp-original-action=\"https:\/\/campscapebeiramarvao.com\/de\/suchergebnisse\/\">\n\n\t<p class = \"mphb-required-fields-tip\">\n\t<small>\n\t\tErforderliche Felder werden folgen von\t\t<abbr title=\"erforderlich\">*<\/abbr>\n\t<\/small>\n<\/p>\n\n\t<p class=\"mphb_sc_search-check-in-date\">\n\t\t<label for=\"mphb_check_in_date-mphb-search-form-69d7100d03fd3\">\n\t\t\tAnreise\t\t\t<abbr title=\"Formatiert als tt\/mm\/jjjj\">*<\/abbr>\n\t\t<\/label>\n\t\t<br \/>\n\t\t<input\n\t\t\tid=\"mphb_check_in_date-mphb-search-form-69d7100d03fd3\"\n\t\t\tdata-datepick-group=\"mphb-search-form-69d7100d03fd3\"\n\t\t\tvalue=\"\"\n\t\t\tplaceholder=\"Anreisedatum\"\n\t\t\trequired=\"required\"\n\t\t\ttype=\"text\"\n\t\t\tinputmode=\"none\"\n\t\t\tname=\"mphb_check_in_date\"\n\t\t\tclass=\"mphb-datepick\"\n\t\t\tautocomplete=\"off\"\n\t\t\t\/>\n\t<\/p>\n\n\t<p class=\"mphb_sc_search-check-out-date\">\n\t\t<label for=\"mphb_check_out_date-mphb-search-form-69d7100d03fd3\">\n\t\t\tAbreise\t\t\t<abbr title=\"Formatiert als tt\/mm\/jjjj\">*<\/abbr>\n\t\t<\/label>\n\t\t<br \/>\n\t\t<input\n\t\t\tid=\"mphb_check_out_date-mphb-search-form-69d7100d03fd3\"\n\t\t\tdata-datepick-group=\"mphb-search-form-69d7100d03fd3\"\n\t\t\tvalue=\"\"\n\t\t\tplaceholder=\"Abreisedatum\"\n\t\t\trequired=\"required\"\n\t\t\ttype=\"text\"\n\t\t\tinputmode=\"none\"\n\t\t\tname=\"mphb_check_out_date\"\n\t\t\tclass=\"mphb-datepick\"\n\t\t\tautocomplete=\"off\"\n\t\t\t\/>\n\t<\/p>\n\n\t\t\t<p class=\"mphb_sc_search-adults\">\n\t\t\t<label for=\"mphb_adults-mphb-search-form-69d7100d03fd3\">\n\t\t\t\tG\u00e4ste\t\t\t<\/label>\n\t\t\t<br \/>\n\t\t\t<select id=\"mphb_adults-mphb-search-form-69d7100d03fd3\" name=\"mphb_adults\" >\n\t\t\t\t\t\t\t\t\t<option value=\"1\"  selected='selected'>1<\/option>\n\t\t\t\t\t\t\t\t\t<option value=\"2\" >2<\/option>\n\t\t\t\t\t\t\t\t\t<option value=\"3\" >3<\/option>\n\t\t\t\t\t\t\t\t\t<option value=\"4\" >4<\/option>\n\t\t\t\t\t\t\t\t\t<option value=\"5\" >5<\/option>\n\t\t\t\t\t\t\t\t\t<option value=\"6\" >6<\/option>\n\t\t\t\t\t\t\t\t\t<option value=\"7\" >7<\/option>\n\t\t\t\t\t\t\t\t\t<option value=\"8\" >8<\/option>\n\t\t\t\t\t\t\t\t\t<option value=\"9\" >9<\/option>\n\t\t\t\t\t\t\t\t\t<option value=\"10\" >10<\/option>\n\t\t\t\t\t\t\t\t\t<option value=\"11\" >11<\/option>\n\t\t\t\t\t\t\t\t\t<option value=\"12\" >12<\/option>\n\t\t\t\t\t\t\t\t\t<option value=\"13\" >13<\/option>\n\t\t\t\t\t\t\t\t\t<option value=\"14\" >14<\/option>\n\t\t\t\t\t\t\t\t\t<option value=\"15\" >15<\/option>\n\t\t\t\t\t\t\t\t\t<option value=\"16\" >16<\/option>\n\t\t\t\t\t\t\t\t\t<option value=\"17\" >17<\/option>\n\t\t\t\t\t\t\t\t\t<option value=\"18\" >18<\/option>\n\t\t\t\t\t\t\t\t\t<option value=\"19\" >19<\/option>\n\t\t\t\t\t\t\t\t\t<option value=\"20\" >20<\/option>\n\t\t\t\t\t\t\t\t\t<option value=\"21\" >21<\/option>\n\t\t\t\t\t\t\t\t\t<option value=\"22\" >22<\/option>\n\t\t\t\t\t\t\t\t\t<option value=\"23\" >23<\/option>\n\t\t\t\t\t\t\t\t\t<option value=\"24\" >24<\/option>\n\t\t\t\t\t\t\t\t\t<option value=\"25\" >25<\/option>\n\t\t\t\t\t\t\t\t\t<option value=\"26\" >26<\/option>\n\t\t\t\t\t\t\t\t\t<option value=\"27\" >27<\/option>\n\t\t\t\t\t\t\t\t\t<option value=\"28\" >28<\/option>\n\t\t\t\t\t\t\t\t\t<option value=\"29\" >29<\/option>\n\t\t\t\t\t\t\t\t\t<option value=\"30\" >30<\/option>\n\t\t\t\t\t\t\t<\/select>\n\t\t<\/p>\n\t\n\t\t\t<input type=\"hidden\" id=\"mphb_children-mphb-search-form-69d7100d03fd3\" name=\"mphb_children\" value=\"0\" \/>\n\t\n\t\n\t\n\t<input id=\"mphb_check_in_date-mphb-search-form-69d7100d03fd3-hidden\" value=\"\" type=\"hidden\" name=\"mphb_check_in_date\" \/><input id=\"mphb_check_out_date-mphb-search-form-69d7100d03fd3-hidden\" value=\"\" type=\"hidden\" name=\"mphb_check_out_date\" \/>\n\t<p class=\"mphb_sc_search-submit-button-wrapper\">\n\t\t<input type=\"submit\" class=\"button\" value=\"Suche\"\/>\n\t<\/p>\n\n\t\n<input type=\"hidden\" name=\"trp-form-language\" value=\"de\"\/><\/form>\n<\/div><\/div>\n\t\t\t\t\t\t<\/div>\n\t\t\t\t<\/div>\n\t\t\t\t\t<\/div>\n\t\t<\/div>\n\t\t\t\t\t<\/div>\n\t\t<\/section>\n\t\t\t\t<\/div>","protected":false},"excerpt":{"rendered":"<p>Camping Spot on our Beautiful Estate Choose your own spot on our rural and natural Estate in Parque Natural da Serra de Sao Mamede &#8211; Alto Alentejo. Electricity included. Prices start at: &euro;&nbsp;36 for 2 nights View Details Book The DomeScape Have a Cosmic Chill in your very own Bubble of Being. Stargazing from the [&hellip;]<\/p>\n","protected":false},"author":3,"featured_media":7363,"parent":0,"menu_order":0,"comment_status":"closed","ping_status":"closed","template":"template-page-wide.php","meta":{"inline_featured_image":false,"_monsterinsights_skip_tracking":false,"_monsterinsights_sitenote_active":false,"_monsterinsights_sitenote_note":"","_monsterinsights_sitenote_category":0,"footnotes":""},"class_list":["post-347","page","type-page","status-publish","has-post-thumbnail","hentry"],"aioseo_notices":[],"_links":{"self":[{"href":"https:\/\/campscapebeiramarvao.com\/de\/wp-json\/wp\/v2\/pages\/347","targetHints":{"allow":["GET"]}}],"collection":[{"href":"https:\/\/campscapebeiramarvao.com\/de\/wp-json\/wp\/v2\/pages"}],"about":[{"href":"https:\/\/campscapebeiramarvao.com\/de\/wp-json\/wp\/v2\/types\/page"}],"author":[{"embeddable":true,"href":"https:\/\/campscapebeiramarvao.com\/de\/wp-json\/wp\/v2\/users\/3"}],"replies":[{"embeddable":true,"href":"https:\/\/campscapebeiramarvao.com\/de\/wp-json\/wp\/v2\/comments?post=347"}],"version-history":[{"count":0,"href":"https:\/\/campscapebeiramarvao.com\/de\/wp-json\/wp\/v2\/pages\/347\/revisions"}],"wp:featuredmedia":[{"embeddable":true,"href":"https:\/\/campscapebeiramarvao.com\/de\/wp-json\/wp\/v2\/media\/7363"}],"wp:attachment":[{"href":"https:\/\/campscapebeiramarvao.com\/de\/wp-json\/wp\/v2\/media?parent=347"}],"curies":[{"name":"wp","href":"https:\/\/api.w.org\/{rel}","templated":true}]}}