{"id":149,"date":"2018-08-28T13:15:19","date_gmt":"2018-08-28T13:15:19","guid":{"rendered":"https:\/\/themes.getmotopress.com\/campterra\/?page_id=149"},"modified":"2025-11-21T20:25:55","modified_gmt":"2025-11-21T20:25:55","slug":"whattodo","status":"publish","type":"page","link":"https:\/\/campscapebeiramarvao.com\/es\/que-hacer\/","title":{"rendered":"Que hacer y cuanto tiempo"},"content":{"rendered":"<div data-elementor-type=\"wp-page\" data-elementor-id=\"149\" class=\"elementor elementor-149\">\n\t\t\t\t\t\t<section class=\"elementor-section elementor-top-section elementor-element elementor-element-4d9d6d93 elementor-section-boxed elementor-section-height-default elementor-section-height-default\" data-id=\"4d9d6d93\" data-element_type=\"section\" data-e-type=\"section\">\n\t\t\t\t\t\t<div class=\"elementor-container elementor-column-gap-default\">\n\t\t\t\t\t<div class=\"elementor-column elementor-col-100 elementor-top-column elementor-element elementor-element-7e8aa898\" data-id=\"7e8aa898\" data-element_type=\"column\" data-e-type=\"column\">\n\t\t\t<div class=\"elementor-widget-wrap elementor-element-populated\">\n\t\t\t\t\t\t<div class=\"elementor-element elementor-element-180a42ff elementor-widget elementor-widget-shortcode\" data-id=\"180a42ff\" data-element_type=\"widget\" data-e-type=\"widget\" data-widget_type=\"shortcode.default\">\n\t\t\t\t<div class=\"elementor-widget-container\">\n\t\t\t\t\t\t\t<div class=\"elementor-shortcode\">\t\t<div class=\"activities-wrapper columns-4\">\r\n\t\t\n<article id=\"post-6644\" class=\"post-6644 cptp-activity type-cptp-activity status-publish has-post-thumbnail hentry\">\n    <div class=\"activity-wrapper\">\n        <a href=\"https:\/\/campscapebeiramarvao.com\/es\/activity\/relajarse-sentirse-en-casa\/\" class=\"post-thumbnail\">\n            <img fetchpriority=\"high\" decoding=\"async\" width=\"891\" height=\"636\" src=\"https:\/\/campscapebeiramarvao.com\/wp-content\/uploads\/belgen-1-2-891x636.jpeg\" class=\"attachment-campterra-cropped size-campterra-cropped wp-post-image\" alt=\"\" srcset=\"https:\/\/campscapebeiramarvao.com\/wp-content\/uploads\/belgen-1-2-891x636.jpeg 891w, https:\/\/campscapebeiramarvao.com\/wp-content\/uploads\/belgen-1-2-18x12.jpeg 18w\" sizes=\"(max-width: 891px) 100vw, 891px\" \/>            <i class=\"fas fa-eye\"><\/i>\n        <\/a>\n\n        <header class=\"entry-header\">\n            <h2 class=\"entry-title\"><a href=\"https:\/\/campscapebeiramarvao.com\/es\/activity\/relajarse-sentirse-en-casa\/\" rel=\"bookmark\">Rel\u00e1jate\u2026 \u00a1Si\u00e9ntete como en casa!<\/a><\/h2>        <\/header><!-- .entry-header -->\n\n        <div class=\"entry-content\">\n            <p>Por supuesto, hay muchas cosas que hacer en esta hermosa y \u00fanica parte de Portugal. Pero descubrir\u00e1 que la finca en s\u00ed es un refugio perfecto para simplemente relajarse y hacer... nada.  <a href=\"https:\/\/campscapebeiramarvao.com\/es\/activity\/relajarse-sentirse-en-casa\/#more-6644\" class=\"more-link\">Lee mas<span class=\"screen-reader-text\"> \u201cRel\u00e1jate\u2026 \u00a1Si\u00e9ntete como en casa!\u201d<\/span><\/a><\/p>\n        <\/div><!-- .entry-content -->\n    <\/div>\n<\/article><!-- #post-6644 -->\n\n<article id=\"post-694\" class=\"post-694 cptp-activity type-cptp-activity status-publish has-post-thumbnail hentry\">\n    <div class=\"activity-wrapper\">\n        <a href=\"https:\/\/campscapebeiramarvao.com\/es\/activity\/visita-marvao-castelo-de-vide-beira\/\" class=\"post-thumbnail\">\n            <img decoding=\"async\" width=\"891\" height=\"636\" src=\"https:\/\/campscapebeiramarvao.com\/wp-content\/uploads\/2022\/02\/camping-78-891x636.jpeg\" class=\"attachment-campterra-cropped size-campterra-cropped wp-post-image\" alt=\"\" \/>            <i class=\"fas fa-eye\"><\/i>\n        <\/a>\n\n        <header class=\"entry-header\">\n            <h2 class=\"entry-title\"><a href=\"https:\/\/campscapebeiramarvao.com\/es\/activity\/visita-marvao-castelo-de-vide-beira\/\" rel=\"bookmark\">Visita Marvao, Castelo de Vide, Beira y Portagem<\/a><\/h2>        <\/header><!-- .entry-header -->\n\n        <div class=\"entry-content\">\n            <p>A 9 km de nuestra finca encontrar\u00e1 varios pueblos y aldeas, incluidos los dos pueblos con castillo de Marv\u00e3o, Castelo de Vide y la maravillosa y antigua estaci\u00f3n de tren en el pueblo de Beira.  <a href=\"https:\/\/campscapebeiramarvao.com\/es\/activity\/visita-marvao-castelo-de-vide-beira\/#more-694\" class=\"more-link\">Lee mas<span class=\"screen-reader-text\"> \u201cVisita Marvao, Castelo de Vide, Beira y Portagem\u201d<\/span><\/a><\/p>\n        <\/div><!-- .entry-content -->\n    <\/div>\n<\/article><!-- #post-694 -->\n\n<article id=\"post-689\" class=\"post-689 cptp-activity type-cptp-activity status-publish has-post-thumbnail hentry\">\n    <div class=\"activity-wrapper\">\n        <a href=\"https:\/\/campscapebeiramarvao.com\/es\/activity\/senderismo-y-ciclismo\/\" class=\"post-thumbnail\">\n            <img decoding=\"async\" width=\"891\" height=\"636\" src=\"https:\/\/campscapebeiramarvao.com\/wp-content\/uploads\/2021\/10\/hike-3-891x636.jpeg\" class=\"attachment-campterra-cropped size-campterra-cropped wp-post-image\" alt=\"\" \/>            <i class=\"fas fa-eye\"><\/i>\n        <\/a>\n\n        <header class=\"entry-header\">\n            <h2 class=\"entry-title\"><a href=\"https:\/\/campscapebeiramarvao.com\/es\/activity\/senderismo-y-ciclismo\/\" rel=\"bookmark\">Senderismo y ciclismo en un paisaje impresionante<\/a><\/h2>        <\/header><!-- .entry-header -->\n\n        <div class=\"entry-content\">\n            <p>El Parque Natural de la Sierra de S\u00e3o Mamede ofrece un entorno tranquilo y perfecto para agradables paseos a pie y en bicicleta por el impresionante paisaje. Vea nuestra <a href=\"https:\/\/www.komoot.nl\/collection\/1365373\/-camping-beira-marvao\" target=\"_blank\" rel=\"noopener\">colecci\u00f3n de rutas a pie y en bicicleta<\/a> en komoot. <a href=\"https:\/\/campscapebeiramarvao.com\/es\/activity\/senderismo-y-ciclismo\/#more-689\" class=\"more-link\">Lee mas<span class=\"screen-reader-text\"> Senderismo y ciclismo en un paisaje impresionante<\/span><\/a><\/p>\n        <\/div><!-- .entry-content -->\n    <\/div>\n<\/article><!-- #post-689 -->\n\n<article id=\"post-7692\" class=\"post-7692 cptp-activity type-cptp-activity status-publish has-post-thumbnail hentry\">\n    <div class=\"activity-wrapper\">\n        <a href=\"https:\/\/campscapebeiramarvao.com\/es\/activity\/observacion-de-aves-en-el-camping-beira-marvao-alentejo-por-paul-stancliffe\/\" class=\"post-thumbnail\">\n            <img loading=\"lazy\" decoding=\"async\" width=\"891\" height=\"636\" src=\"https:\/\/campscapebeiramarvao.com\/wp-content\/uploads\/vogels-6-891x636.jpeg\" class=\"attachment-campterra-cropped size-campterra-cropped wp-post-image\" alt=\"buitre leonado\" srcset=\"https:\/\/campscapebeiramarvao.com\/wp-content\/uploads\/vogels-6-891x636.jpeg 891w, https:\/\/campscapebeiramarvao.com\/wp-content\/uploads\/vogels-6-18x12.jpeg 18w\" sizes=\"(max-width: 891px) 100vw, 891px\" \/>            <i class=\"fas fa-eye\"><\/i>\n        <\/a>\n\n        <header class=\"entry-header\">\n            <h2 class=\"entry-title\"><a href=\"https:\/\/campscapebeiramarvao.com\/es\/activity\/observacion-de-aves-en-el-camping-beira-marvao-alentejo-por-paul-stancliffe\/\" rel=\"bookmark\">Observaci\u00f3n de aves en Campscape Beira Marvao Alentejo \u2013 por Paul Stancliffe<\/a><\/h2>        <\/header><!-- .entry-header -->\n\n        <div class=\"entry-content\">\n            <p>Alentejo es el hogar de algunas aves muy especiales y la finca de Vitor y Ronald es un gran lugar para familiarizarse \u00edntimamente con algunas de ellas.  <a href=\"https:\/\/campscapebeiramarvao.com\/es\/activity\/observacion-de-aves-en-el-camping-beira-marvao-alentejo-por-paul-stancliffe\/#more-7692\" class=\"more-link\">Lee mas<span class=\"screen-reader-text\"> \u201cObservaci\u00f3n de aves en Campscape Beira Marvao Alentejo \u2013 por Paul Stancliffe\u201d<\/span><\/a><\/p>\n        <\/div><!-- .entry-content -->\n    <\/div>\n<\/article><!-- #post-7692 -->\n\n<article id=\"post-1202\" class=\"post-1202 cptp-activity type-cptp-activity status-publish has-post-thumbnail hentry\">\n    <div class=\"activity-wrapper\">\n        <a href=\"https:\/\/campscapebeiramarvao.com\/es\/activity\/nado-y-diversion-acuatica\/\" class=\"post-thumbnail\">\n            <img loading=\"lazy\" decoding=\"async\" width=\"891\" height=\"636\" src=\"https:\/\/campscapebeiramarvao.com\/wp-content\/uploads\/2021\/02\/zwembad-1-891x636.jpeg\" class=\"attachment-campterra-cropped size-campterra-cropped wp-post-image\" alt=\"\" \/>            <i class=\"fas fa-eye\"><\/i>\n        <\/a>\n\n        <header class=\"entry-header\">\n            <h2 class=\"entry-title\"><a href=\"https:\/\/campscapebeiramarvao.com\/es\/activity\/nado-y-diversion-acuatica\/\" rel=\"bookmark\">Piscina, R\u00edos y Lagos<\/a><\/h2>        <\/header><!-- .entry-header -->\n\n        <div class=\"entry-content\">\n            <p>Nuestra casa rural Campscape cuenta con una piscina climatizada de agua salada con cascada (abierta de abril a octubre). En las inmediaciones de nuestra finca encontrar\u00e1 varias piscinas fluviales y embalses para refrescarse y relajarse.  <a href=\"https:\/\/campscapebeiramarvao.com\/es\/activity\/nado-y-diversion-acuatica\/#more-1202\" class=\"more-link\">Lee mas<span class=\"screen-reader-text\"> \u201cPiscina, R\u00edos y Lagos\u201d<\/span><\/a><\/p>\n        <\/div><!-- .entry-content -->\n    <\/div>\n<\/article><!-- #post-1202 -->\n\n<article id=\"post-1063\" class=\"post-1063 cptp-activity type-cptp-activity status-publish has-post-thumbnail hentry\">\n    <div class=\"activity-wrapper\">\n        <a href=\"https:\/\/campscapebeiramarvao.com\/es\/activity\/camping-jardineria-con-palita\/\" class=\"post-thumbnail\">\n            <img loading=\"lazy\" decoding=\"async\" width=\"891\" height=\"636\" src=\"https:\/\/campscapebeiramarvao.com\/wp-content\/uploads\/2022\/05\/campscape-3-891x636.jpeg\" class=\"attachment-campterra-cropped size-campterra-cropped wp-post-image\" alt=\"\" srcset=\"https:\/\/campscapebeiramarvao.com\/wp-content\/uploads\/2022\/05\/campscape-3-891x636.jpeg 891w, https:\/\/campscapebeiramarvao.com\/wp-content\/uploads\/2022\/05\/campscape-3-18x12.jpeg 18w\" sizes=\"(max-width: 891px) 100vw, 891px\" \/>            <i class=\"fas fa-eye\"><\/i>\n        <\/a>\n\n        <header class=\"entry-header\">\n            <h2 class=\"entry-title\"><a href=\"https:\/\/campscapebeiramarvao.com\/es\/activity\/camping-jardineria-con-palita\/\" rel=\"bookmark\">Camping y Jardiner\u00eda<\/a><\/h2>        <\/header><!-- .entry-header -->\n\n        <div class=\"entry-content\">\n            <p>\u00bfTienes ganas de arremangarte? Siempre hay algo de trabajo que hacer en la finca.\u00a0 <a href=\"https:\/\/campscapebeiramarvao.com\/es\/activity\/camping-jardineria-con-palita\/#more-1063\" class=\"more-link\">Lee mas<span class=\"screen-reader-text\"> \u201cCamping y Jardiner\u00eda\u201d<\/span><\/a><\/p>\n        <\/div><!-- .entry-content -->\n    <\/div>\n<\/article><!-- #post-1063 -->\n\n<article id=\"post-8478\" class=\"post-8478 cptp-activity type-cptp-activity status-publish has-post-thumbnail hentry\">\n    <div class=\"activity-wrapper\">\n        <a href=\"https:\/\/campscapebeiramarvao.com\/es\/activity\/escalada-deportiva\/\" class=\"post-thumbnail\">\n            <img loading=\"lazy\" decoding=\"async\" width=\"891\" height=\"636\" src=\"https:\/\/campscapebeiramarvao.com\/wp-content\/uploads\/camping-31-891x636.jpeg\" class=\"attachment-campterra-cropped size-campterra-cropped wp-post-image\" alt=\"alrededores Campscape Beira Marv\u00e3o\" srcset=\"https:\/\/campscapebeiramarvao.com\/wp-content\/uploads\/camping-31-891x636.jpeg 891w, https:\/\/campscapebeiramarvao.com\/wp-content\/uploads\/camping-31-16x12.jpeg 16w\" sizes=\"(max-width: 891px) 100vw, 891px\" \/>            <i class=\"fas fa-eye\"><\/i>\n        <\/a>\n\n        <header class=\"entry-header\">\n            <h2 class=\"entry-title\"><a href=\"https:\/\/campscapebeiramarvao.com\/es\/activity\/escalada-deportiva\/\" rel=\"bookmark\">Aventuras, Visitas Guiadas, Alquiler de Bicicletas<\/a><\/h2>        <\/header><!-- .entry-header -->\n\n        <div class=\"entry-content\">\n            <p>Aproveche al m\u00e1ximo su visita, disfrute de aventuras y visitas guiadas con uno de nuestros colaboradores locales y aprenda todo sobre nuestra regi\u00f3n (en ingl\u00e9s y portugu\u00e9s). Pombais Experience Marv\u00e3o ofrece alquiler de bicicletas el\u00e9ctricas para explorar la zona.<br \/> <a href=\"https:\/\/campscapebeiramarvao.com\/es\/activity\/escalada-deportiva\/#more-8478\" class=\"more-link\">Lee mas<span class=\"screen-reader-text\"> \u201cAventuras, Visitas Guiadas, Alquiler de Bicicletas\u201d<\/span><\/a><\/p>\n        <\/div><!-- .entry-content -->\n    <\/div>\n<\/article><!-- #post-8478 -->\n\n<article id=\"post-9444\" class=\"post-9444 cptp-activity type-cptp-activity status-publish has-post-thumbnail hentry\">\n    <div class=\"activity-wrapper\">\n        <a href=\"https:\/\/campscapebeiramarvao.com\/es\/activity\/enlaces-utiles\/\" class=\"post-thumbnail\">\n            <img loading=\"lazy\" decoding=\"async\" width=\"891\" height=\"636\" src=\"https:\/\/campscapebeiramarvao.com\/wp-content\/uploads\/reviews-5-891x636.jpeg\" class=\"attachment-campterra-cropped size-campterra-cropped wp-post-image\" alt=\"\" srcset=\"https:\/\/campscapebeiramarvao.com\/wp-content\/uploads\/reviews-5-891x636.jpeg 891w, https:\/\/campscapebeiramarvao.com\/wp-content\/uploads\/reviews-5-18x12.jpeg 18w\" sizes=\"(max-width: 891px) 100vw, 891px\" \/>            <i class=\"fas fa-eye\"><\/i>\n        <\/a>\n\n        <header class=\"entry-header\">\n            <h2 class=\"entry-title\"><a href=\"https:\/\/campscapebeiramarvao.com\/es\/activity\/enlaces-utiles\/\" rel=\"bookmark\">\u00bfCu\u00e1nto tiempo debemos quedarnos?<\/a><\/h2>        <\/header><!-- .entry-header -->\n\n        <div class=\"entry-content\">\n            <p>Los hu\u00e9spedes que nos visitan por primera vez suelen estar en tr\u00e1nsito hacia o desde los destinos tur\u00edsticos m\u00e1s conocidos (Algarve y Silvercoast) y reservan solo dos noches (porque esa es la estancia m\u00ednima). Pero eso no es suficiente...<br \/> <a href=\"https:\/\/campscapebeiramarvao.com\/es\/activity\/enlaces-utiles\/#more-9444\" class=\"more-link\">Lee mas<span class=\"screen-reader-text\"> \u201c\u00bfCu\u00e1nto tiempo deber\u00edamos quedarnos?\u201d<\/span><\/a><\/p>\n        <\/div><!-- .entry-content -->\n    <\/div>\n<\/article><!-- #post-9444 -->\n\t\t<\/div>\r\n\t\t<\/div>\n\t\t\t\t\t\t<\/div>\n\t\t\t\t<\/div>\n\t\t\t\t\t<\/div>\n\t\t<\/div>\n\t\t\t\t\t<\/div>\n\t\t<\/section>\n\t\t\t\t<\/div>","protected":false},"excerpt":{"rendered":"","protected":false},"author":3,"featured_media":7467,"parent":0,"menu_order":0,"comment_status":"closed","ping_status":"closed","template":"template-page-wide.php","meta":{"inline_featured_image":false,"_monsterinsights_skip_tracking":false,"_monsterinsights_sitenote_active":false,"_monsterinsights_sitenote_note":"","_monsterinsights_sitenote_category":0,"footnotes":""},"class_list":["post-149","page","type-page","status-publish","has-post-thumbnail","hentry"],"aioseo_notices":[],"_links":{"self":[{"href":"https:\/\/campscapebeiramarvao.com\/es\/wp-json\/wp\/v2\/pages\/149","targetHints":{"allow":["GET"]}}],"collection":[{"href":"https:\/\/campscapebeiramarvao.com\/es\/wp-json\/wp\/v2\/pages"}],"about":[{"href":"https:\/\/campscapebeiramarvao.com\/es\/wp-json\/wp\/v2\/types\/page"}],"author":[{"embeddable":true,"href":"https:\/\/campscapebeiramarvao.com\/es\/wp-json\/wp\/v2\/users\/3"}],"replies":[{"embeddable":true,"href":"https:\/\/campscapebeiramarvao.com\/es\/wp-json\/wp\/v2\/comments?post=149"}],"version-history":[{"count":0,"href":"https:\/\/campscapebeiramarvao.com\/es\/wp-json\/wp\/v2\/pages\/149\/revisions"}],"wp:featuredmedia":[{"embeddable":true,"href":"https:\/\/campscapebeiramarvao.com\/es\/wp-json\/wp\/v2\/media\/7467"}],"wp:attachment":[{"href":"https:\/\/campscapebeiramarvao.com\/es\/wp-json\/wp\/v2\/media?parent=149"}],"curies":[{"name":"Gracias","href":"https:\/\/api.w.org\/{rel}","templated":true}]}}