{"id":201,"date":"2018-08-28T14:58:16","date_gmt":"2018-08-28T14:58:16","guid":{"rendered":"https:\/\/themes.getmotopress.com\/campterra\/?page_id=201"},"modified":"2021-10-19T16:10:27","modified_gmt":"2021-10-19T16:10:27","slug":"typography","status":"publish","type":"page","link":"https:\/\/campscapebeiramarvao.com\/es\/tipografia\/","title":{"rendered":"Tipograf\u00eda"},"content":{"rendered":"<p>Este \u00faltimo no tiene m\u00e1s de un pie de alto y unos siete pasos de ancho, una mera cima plana de una roca gris que humea como una ceniza caliente despu\u00e9s de una lluvia, y donde nadie se atrever\u00eda a aventurar una planta desnuda antes de la puesta del sol. En la Peque\u00f1a Isabel una vieja palmera harapienta, con un tronco grueso y abultado \u00e1spero de espinas, muy bruja entre las palmeras, susurra un l\u00fagubre manojo de hojas muertas sobre la arena gruesa.<\/p>\n<h1>T\u00edtulo 1 (H1)<\/h1>\n<p>Este \u00faltimo no tiene m\u00e1s de un pie de alto y unos siete pasos de ancho, una mera cima plana de una roca gris que humea como una ceniza caliente despu\u00e9s de una lluvia, y donde nadie se atrever\u00eda a aventurar una planta desnuda antes de la puesta del sol. En la Peque\u00f1a Isabel una vieja palmera harapienta, con un tronco grueso y abultado \u00e1spero de espinas, muy bruja entre las palmeras, susurra un l\u00fagubre manojo de hojas muertas sobre la arena gruesa.<\/p>\n<h2>T\u00edtulo 2 (H2)<\/h2>\n<p>Este \u00faltimo no tiene m\u00e1s de un pie de alto y unos siete pasos de ancho, una mera cima plana de una roca gris que humea como una ceniza caliente despu\u00e9s de una lluvia, y donde nadie se atrever\u00eda a aventurar una planta desnuda antes de la puesta del sol. En la Peque\u00f1a Isabel una vieja palmera harapienta, con un tronco grueso y abultado \u00e1spero de espinas, muy bruja entre las palmeras, susurra un l\u00fagubre manojo de hojas muertas sobre la arena gruesa.<\/p>\n<h3>T\u00edtulo 3 (H3)<\/h3>\n<p>Este \u00faltimo no tiene m\u00e1s de un pie de alto y unos siete pasos de ancho, una mera cima plana de una roca gris que humea como una ceniza caliente despu\u00e9s de una lluvia, y donde nadie se atrever\u00eda a aventurar una planta desnuda antes de la puesta del sol. En la Peque\u00f1a Isabel una vieja palmera harapienta, con un tronco grueso y abultado \u00e1spero de espinas, muy bruja entre las palmeras, susurra un l\u00fagubre manojo de hojas muertas sobre la arena gruesa.<\/p>\n<h4>T\u00edtulo 4 (H4)<\/h4>\n<p>Este \u00faltimo no tiene m\u00e1s de un pie de alto y unos siete pasos de ancho, una mera cima plana de una roca gris que humea como una ceniza caliente despu\u00e9s de una lluvia, y donde nadie se atrever\u00eda a aventurar una planta desnuda antes de la puesta del sol. En la Peque\u00f1a Isabel una vieja palmera harapienta, con un tronco grueso y abultado \u00e1spero de espinas, muy bruja entre las palmeras, susurra un l\u00fagubre manojo de hojas muertas sobre la arena gruesa.<\/p>\n<h5>T\u00edtulo 5 (H5)<\/h5>\n<p>Este \u00faltimo no tiene m\u00e1s de un pie de alto y unos siete pasos de ancho, una mera cima plana de una roca gris que humea como una ceniza caliente despu\u00e9s de una lluvia, y donde nadie se atrever\u00eda a aventurar una planta desnuda antes de la puesta del sol. En la Peque\u00f1a Isabel una vieja palmera harapienta, con un tronco grueso y abultado \u00e1spero de espinas, muy bruja entre las palmeras, susurra un l\u00fagubre manojo de hojas muertas sobre la arena gruesa.<\/p>\n<h6>T\u00edtulo 6 (H6)<\/h6>\n<p>Este \u00faltimo no tiene m\u00e1s de un pie de alto y unos siete pasos de ancho, una mera cima plana de una roca gris que humea como una ceniza caliente despu\u00e9s de una lluvia, y donde nadie se atrever\u00eda a aventurar una planta desnuda antes de la puesta del sol. En la Peque\u00f1a Isabel una vieja palmera harapienta, con un tronco grueso y abultado \u00e1spero de espinas, muy bruja entre las palmeras, susurra un l\u00fagubre manojo de hojas muertas sobre la arena gruesa.<\/p>\n<h2>Citas en bloque<\/h2>\n<p>Cita en bloque de una sola l\u00ednea:<\/p>\n<blockquote><p>Quedarse con hambre. Mantente tonto.<\/p><\/blockquote>\n<p>Cita en bloque de varias l\u00edneas con una referencia de cita:<\/p>\n<blockquote cite=\"https:\/\/developer.mozilla.org\/en-US\/docs\/Web\/HTML\/Element\/blockquote\"><p>los <strong>HTML <code><blockquote><\/code> Elemento<\/strong> (o <em>Elemento de cotizaci\u00f3n de bloque HTML<\/em>) indica que el texto adjunto es una cita ampliada. Por lo general, esto se representa visualmente mediante sangr\u00eda (ver <a href=\"https:\/\/developer.mozilla.org\/en-US\/docs\/HTML\/Element\/blockquote#Notes\">notas<\/a> para saber c\u00f3mo cambiarlo). Se puede proporcionar una URL para la fuente de la cita utilizando el <strong>citar<\/strong> atributo, mientras que una representaci\u00f3n de texto de la fuente se puede dar usando el <a title=\"El elemento de cita HTML &lt;cite&gt;representa una referencia a un trabajo creativo. Debe incluir el t\u00edtulo de un trabajo o una URL de referencia, que puede estar en forma abreviada de acuerdo con las convenciones utilizadas para la adici\u00f3n de metadatos de citas.&lt;\/cite&gt;\" href=\"https:\/\/developer.mozilla.org\/en-US\/docs\/Web\/HTML\/Element\/cite\"><code><cite><\/code><\/a> elemento.<\/p><\/blockquote>\n<p><cite>varios contribuyentes<\/cite> \u2013 Referencia de elemento HTML de MDN \u2013 cita en bloque<\/p>\n<h2>Mesas<\/h2>\n<table>\n<thead>\n<tr>\n<th>Empleado<\/th>\n<th>Salario<\/th>\n<th><\/th>\n<\/tr>\n<\/thead>\n<tbody>\n<tr>\n<th><a href=\"http:\/\/example.org\/\">Juan P\u00e9rez<\/a><\/th>\n<td>$1<\/td>\n<td>Porque eso es todo lo que Steve Jobs necesitaba para un salario.<\/td>\n<\/tr>\n<tr>\n<th><a href=\"http:\/\/example.org\/\">fulano de tal<\/a><\/th>\n<td>$100K<\/td>\n<td>Por todos los blogs que hace.<\/td>\n<\/tr>\n<tr>\n<th><a href=\"http:\/\/example.org\/\">blogs de Fred<\/a><\/th>\n<td>$100M<\/td>\n<td>Las im\u00e1genes valen m\u00e1s que mil palabras, \u00bfverdad? As\u00ed que Jane x 1000.<\/td>\n<\/tr>\n<tr>\n<th><a href=\"http:\/\/example.org\/\">blogs de jane<\/a><\/th>\n<td>$100B<\/td>\n<td>\u00bfCon el pelo as\u00ed? Basta de charla\u2026<\/td>\n<\/tr>\n<\/tbody>\n<\/table>\n<h2>Listas de definiciones<\/h2>\n<dl>\n<dt>T\u00edtulo de la lista de definiciones<\/dt>\n<dd>Divisi\u00f3n de la lista de definiciones.<\/dd>\n<dt>Puesta en marcha<\/dt>\n<dd>Una startup o startup es una empresa u organizaci\u00f3n temporal dise\u00f1ada para buscar un modelo de negocio repetible y escalable.<\/dd>\n<dt>#dowork<\/dt>\n<dd>Acu\u00f1ado por Rob Dyrdek y su guardaespaldas personal Christopher &quot;Big Black&quot; Boykins, &quot;Do Work&quot; funciona como un auto motivador para motivar a tus amigos.<\/dd>\n<dt>hazlo en vivo<\/dt>\n<dd>Dejar\u00e9 que Bill O&#039;Reilly lo haga <a title=\"lo haremos en vivo\" href=\"https:\/\/www.youtube.com\/watch?v=O_HyZ5aW76c\">explique<\/a> \u00c9ste.<\/dd>\n<\/dl>\n<h2>Listas desordenadas (anidadas)<\/h2>\n<ul>\n<li>Elemento de la lista uno\n<ul>\n<li>Elemento de la lista uno\n<ul>\n<li>Elemento de la lista uno<\/li>\n<li>Elemento de la lista dos<\/li>\n<li>Elemento de la lista tres<\/li>\n<li>Elemento de la lista cuatro<\/li>\n<\/ul>\n<\/li>\n<li>Elemento de la lista dos<\/li>\n<li>Elemento de la lista tres<\/li>\n<li>Elemento de la lista cuatro<\/li>\n<\/ul>\n<\/li>\n<li>Elemento de la lista dos<\/li>\n<li>Elemento de la lista tres<\/li>\n<li>Elemento de la lista cuatro<\/li>\n<\/ul>\n<h2>Lista ordenada (anidada)<\/h2>\n<ol start=\"8\">\n<li>Elemento de la lista uno: comience en 8\n<ol>\n<li>Elemento de la lista uno\n<ol reversed=\"reversed\">\n<li>Elemento de lista uno: atributo invertido<\/li>\n<li>Elemento de la lista dos<\/li>\n<li>Elemento de la lista tres<\/li>\n<li>Elemento de la lista cuatro<\/li>\n<\/ol>\n<\/li>\n<li>Elemento de la lista dos<\/li>\n<li>Elemento de la lista tres<\/li>\n<li>Elemento de la lista cuatro<\/li>\n<\/ol>\n<\/li>\n<li>Elemento de la lista dos<\/li>\n<li>Elemento de la lista tres<\/li>\n<li>Elemento de la lista cuatro<\/li>\n<\/ol>\n<h2>Etiquetas HTML<\/h2>\n<p>Estas etiquetas admitidas provienen del c\u00f3digo de WordPress.com <a title=\"C\u00f3digo\" href=\"https:\/\/en.support.wordpress.com\/code\/\">Preguntas m\u00e1s frecuentes<\/a>.<\/p>\n<p><strong>Etiqueta de direcci\u00f3n<\/strong><\/p>\n<address>1 bucle infinito<br \/>\nCupertino, CA 95014<br \/>\nEstados Unidos<\/address>\n<p><strong>Etiqueta de anclaje (tambi\u00e9n conocida como enlace)<\/strong><\/p>\n<p>\u00c9ste es un ejemplo de un <a title=\"Fundaci\u00f3n WordPress\" href=\"https:\/\/wordpressfoundation.org\/\">Enlace<\/a>.<\/p>\n<p><strong>Etiqueta de abreviatura<\/strong><\/p>\n<p>La abreviatura <abbr title=\"En serio\">srsly<\/abbr> significa &quot;en serio&quot;.<\/p>\n<p><strong>Etiqueta de acr\u00f3nimo (<em>obsoleto en HTML5<\/em>)<\/strong><\/p>\n<p>El acr\u00f3nimo <acronym title=\"Por la victoria\">ftw<\/acronym> significa &quot;por la victoria&quot;.<\/p>\n<p><strong>etiqueta grande<\/strong> (<em>obsoleto en HTML5<\/em>)<\/p>\n<p>Estas pruebas son un <big>grande<\/big> trato, pero esta etiqueta ya no es compatible con HTML5.<\/p>\n<p><strong>Citar etiqueta<\/strong><\/p>\n<p>\u201cEl c\u00f3digo es poes\u00eda\u201d. \u2014<cite>Autom\u00e1tico<\/cite><\/p>\n<p><strong>Etiqueta de c\u00f3digo<\/strong><\/p>\n<p>Esta etiqueta dise\u00f1a bloques de c\u00f3digo.<br \/>\n<code>.t\u00edtulo de la entrada {<br \/>\nmargen: 0 0 5px;<br \/>\nfuente-peso: negrita;<br \/>\ntama\u00f1o de fuente: 38px;<br \/>\naltura de l\u00ednea: 1.2;<br \/>\ny aqu\u00ed hay una l\u00ednea de un texto muy, muy, muy, muy largo, solo para ver c\u00f3mo se maneja y para descubrir c\u00f3mo se desborda;<br \/>\n}<\/code><br \/>\nAprender\u00e1s m\u00e1s adelante en estas pruebas que word-wrap: break-word; ser\u00e1 tu mejor amigo.<\/p>\n<p><strong>Eliminar etiqueta<\/strong><\/p>\n<p>Esta etiqueta te permitir\u00e1 <del>tachar texto<\/del>, pero esta etiqueta es <em>recomendado<\/em> soportado en HTML5 (utilice el <code><s><\/code> en cambio).<\/p>\n<p><strong>Etiqueta de \u00e9nfasis<\/strong><\/p>\n<p>La etiqueta de \u00e9nfasis debe <em>escribir en cursiva<\/em> <i>texto<\/i>.<\/p>\n<p><strong>Etiqueta de regla horizontal<\/strong><\/p>\n<hr \/>\n<p>Esta oraci\u00f3n sigue a un <code>&lt;hr \/&gt;<\/code> etiqueta.<\/p>\n<p><strong>Insertar etiqueta<\/strong><\/p>\n<p>Esta etiqueta debe indicar <ins cite=\"inserted it\">insertado<\/ins> texto.<\/p>\n<p><strong>Etiqueta de teclado<\/strong><\/p>\n<p>Esta etiqueta apenas conocida emula <kbd>texto del teclado<\/kbd>, que por lo general tiene el mismo estilo que el <code><code><\/code> etiqueta.<\/p>\n<p><strong>Etiqueta preformateada<\/strong><\/p>\n<p>Esta etiqueta es para conservar los espacios en blanco tal como se escriben, como en la poes\u00eda o el arte ASCII.<\/p>\n<h2>El camino no tomado<\/h2>\n<pre><cite>\r\nroberto escarcha<\/cite>\r\n\r\n\r\n  Dos caminos se bifurcaban en un bosque amarillo, Y lo siento, no pude viajar ambos (_\/) Y ser un viajero, mucho tiempo me par\u00e9 (=&#039;.&#039;=) Y mir\u00e9 hacia abajo uno tan lejos como pude (&quot;)_(&quot;) hacia donde se doblaba en la maleza; Entonces tom\u00f3 el otro, igual de justo, Y teniendo quiz\u00e1s el mejor derecho, |_\/| Porque estaba cubierto de hierba y necesitaba desgaste; \/ @ @ Aunque en cuanto a que el paso all\u00ed ( &gt; \u00ba &lt; ) Los hab\u00eda desgastado realmente m\u00e1s o menos igual, `&gt;&gt;x&lt;&lt;\u00b4 \/ O Y ambos esa ma\u00f1ana yac\u00edan igualmente En hojas negras que ning\u00fan paso hab\u00eda pisado. \u00a1Oh, me qued\u00e9 con el primero para otro d\u00eda! Sin embargo, sabiendo c\u00f3mo un camino lleva a otro camino, dud\u00e9 si alguna vez deber\u00eda volver. Estar\u00e9 contando esto con un suspiro En alg\u00fan lugar dentro de siglos y siglos: dos caminos se bifurcaban en un bosque, y yo... tom\u00e9 el menos transitado, y eso ha hecho toda la diferencia. y aqu\u00ed hay una l\u00ednea de un texto muy, muy, muy, muy largo, solo para ver c\u00f3mo se maneja y para descubrir c\u00f3mo se desborda;<\/pre>\n<p><strong>Etiqueta de cotizaci\u00f3n<\/strong> para citas cortas en l\u00ednea<\/p>\n<p><q>Desarrolladores, desarrolladores, desarrolladores\u2026<\/q> \u2013Steve Ballmer<\/p>\n<p><strong>Etiqueta de huelga<\/strong> (<em>obsoleto en HTML5<\/em>) y <strong>Etiqueta S<\/strong><\/p>\n<p>Esta etiqueta muestra <span style=\"text-decoration: line-through;\">tachado<\/span> <s>texto<\/s>.<\/p>\n<p><strong>Etiqueta peque\u00f1a<\/strong><\/p>\n<p>Esta etiqueta muestra <small>menor<small> texto.<\/small><\/small><\/p>\n<p><strong>Etiqueta fuerte<\/strong><\/p>\n<p>Esta etiqueta muestra <strong>texto en negrita.<\/strong><\/p>\n<p><strong>Etiqueta de sub\u00edndice<\/strong><\/p>\n<p>Poniendo nuestro estilo cient\u00edfico con H<sub>2<\/sub>O, que deber\u00eda empujar el &quot;2&quot; hacia abajo.<\/p>\n<p><strong>Etiqueta de super\u00edndice<\/strong><\/p>\n<p>Sigo con la ciencia y la E = MC de Albert Einstein<sup>2<\/sup>, que deber\u00eda levantar el 2.<\/p>\n<p><strong>Etiqueta de teletipo <\/strong>(<em>obsoleto en HTML5<\/em>)<\/p>\n<p>Esta etiqueta de uso poco frecuente emula <tt>texto de teletipo<\/tt>, que por lo general tiene el mismo estilo que el <code><code><\/code> etiqueta.<\/p>\n<p><strong>Etiqueta de subrayado<\/strong> <em>obsoleto en HTML 4, reintroducido en HTML5 con otra sem\u00e1ntica<\/em><\/p>\n<p>Esta etiqueta muestra <u>texto subrayado<\/u>.<\/p>\n<p><strong>Etiqueta variable<\/strong><\/p>\n<p>Esto le permite denotar <var>Variables<\/var>.<\/p>\n<h2>Iluminaci\u00f3n de la imagen<\/h2>\n<h4>Imagen de alineaci\u00f3n central<\/h4>\n<p>Lorem ipsum dolor sit amet, consectetur adipiscing elit. Donec posuere augue quam. Proin ligula ligula, rutrum ut consectetur id, tincidunt sit amet ipsum.<\/p>\n<p><img fetchpriority=\"high\" decoding=\"async\" class=\"size-large wp-image-112 aligncenter\" src=\"http:\/\/themes.getmotopress.com\/campterra\/wp-content\/uploads\/sites\/22\/2018\/08\/camping_caravan_3-1024x718.jpg\" alt=\"\" width=\"844\" height=\"592\" \/>In sed porta lectus, auctor bibendum est. Mauris tempor fermentum nisl vel imperdiet. Donec consequat sapien ac nisl pellentesque, eget condimentum felis rhoncus.<\/p>\n<h4>Imagen de alineaci\u00f3n izquierda<\/h4>\n<p><img decoding=\"async\" class=\"alignleft size-medium wp-image-110\" src=\"http:\/\/themes.getmotopress.com\/campterra\/wp-content\/uploads\/sites\/22\/2018\/08\/camping_caravan_1-300x210.jpg\" alt=\"\" width=\"300\" height=\"210\" \/>Lorem ipsum dolor sit amet, consectetur adipiscing elit. Donec posuere augue quam. Proin ligula ligula, rutrum ut consectetur id, tincidunt sit amet ipsum. Proin magna dolor, fringilla non malesuada vitae, suscipit at est. Pellentesque ex orci, fringilla in viverra eu, interdum at eros. Vivamus en scelerisque est.<\/p>\n<p>Quisque in justo ultrices, efficitur lorem quis, pharetra mauris. Vestibulum ante ipsum primis in faucibus orci luctus et ultrices posuere cubilia. Nunc ultricies nisl sollicitudin, maximus lacus bibendum, pharetra eros. En sed nibh arcu. Mauris in orci a neque posuere fermentum. Aliquam eu accumsan nulla. Phasellus tincidunt tristique arcu sed tempus. Praesent id lorem nec turpis porttitor semper. Quisque nec ligula erat. Pellentesque eu gravida lacus.<\/p>\n<p>Aliquam eu accumsan nulla. Phasellus tincidunt tristique arcu sed tempus. Praesent id Quisque interdum luctus est, ut consequat felis. Sed sagittis ipsum scelerisque, dictum nibh id, posuere augue. Entero facilisis aliquet elit, a egestas quam cursus quis. En mattis volutpat arcu. Vestibulum blandit purus sed nisi elementum.<\/p>\n<h4>Imagen de alineaci\u00f3n derecha<\/h4>\n<p><img decoding=\"async\" class=\"size-medium wp-image-99 alignright\" src=\"http:\/\/themes.getmotopress.com\/campterra\/wp-content\/uploads\/sites\/22\/2018\/08\/camping_rv_0-300x210.jpg\" alt=\"\" width=\"300\" height=\"210\" \/>Lorem ipsum dolor sit amet, consectetur adipiscing elit. Donec posuere augue quam. Proin ligula ligula, rutrum ut consectetur id, tincidunt sit amet ipsum. Proin magna dolor, fringilla non malesuada vitae, suscipit at est. Pellentesque ex orci, fringilla in viverra eu, interdum at eros. Vivamus en scelerisque est.<\/p>\n<p>Quisque in justo ultrices, efficitur lorem quis, pharetra mauris. Vestibulum ante ipsum primis in faucibus orci luctus et ultrices posuere cubilia. Nunc ultricies nisl sollicitudin, maximus lacus bibendum, pharetra eros. En sed nibh arcu. Mauris in orci a neque posuere fermentum. Aliquam eu accumsan nulla. Phasellus tincidunt tristique arcu sed tempus. Praesent id lorem nec turpis porttitor semper. Quisque nec ligula erat. Pellentesque eu gravida lacus.<\/p>\n<p>Aliquam eu accumsan nulla. Phasellus tincidunt tristique arcu sed tempus. Praesent id Quisque interdum luctus est, ut consequat felis. Sed sagittis ipsum scelerisque, dictum nibh id, posuere augue. Entero facilisis aliquet elit, a egestas quam cursus quis. En mattis volutpat arcu. Vestibulum blandit purus sed nisi elementum.<\/p>\n<h4>Imagen de 150 \u00d7 150, que est\u00e1 alineada a la izquierda<\/h4>\n<p><img loading=\"lazy\" decoding=\"async\" class=\"alignleft size-thumbnail wp-image-73\" src=\"http:\/\/themes.getmotopress.com\/campterra\/wp-content\/uploads\/sites\/22\/2018\/08\/testimonial_02-150x150.jpg\" alt=\"\" width=\"150\" height=\"150\" \/>Lorem ipsum dolor sit amet, consectetur adipiscing elit. Donec posuere augue quam. Proin ligula ligula, rutrum ut consectetur id, tincidunt sit amet ipsum. Proin magna dolor, fringilla non malesuada vitae, suscipit at est. Pellentesque ex orci, fringilla in viverra eu, interdum at eros. Vivamus en scelerisque est.<\/p>\n<p>Quisque in justo ultrices, efficitur lorem quis, pharetra mauris. Vestibulum ante ipsum primis in faucibus orci luctus et ultrices posuere cubilia. Nunc ultricies nisl sollicitudin, maximus lacus bibendum, pharetra eros. En sed nibh arcu. Mauris in orci a neque posuere fermentum. Aliquam eu accumsan nulla. Phasellus tincidunt tristique arcu sed tempus. Praesent id lorem nec turpis porttitor semper. Quisque nec ligula erat. Pellentesque eu gravida lacus.<\/p>\n<p>Aliquam eu accumsan nulla. Phasellus tincidunt tristique arcu sed tempus. Praesent id Quisque interdum luctus est, ut consequat felis. Sed sagittis ipsum scelerisque, dictum nibh id, posuere augue. Entero facilisis aliquet elit, a egestas quam cursus quis. En mattis volutpat arcu. Vestibulum blandit purus sed nisi elementum.<\/p>\n<h4>Imagen grande<\/h4>\n<p>Lorem ipsum dolor sit amet, consectetur adipiscing elit. Donec posuere augue quam. Proin ligula ligula, rutrum ut consectetur id, tincidunt sit amet ipsum.<\/p>\n<p><img loading=\"lazy\" decoding=\"async\" class=\"size-full wp-image-111 aligncenter\" src=\"http:\/\/www.camping-beira-marvao.com\/wp-content\/uploads\/2018\/08\/camping_caravan_2.jpg\" alt=\"\" width=\"1960\" height=\"1375\" \/>In sed porta lectus, auctor bibendum est. Mauris tempor fermentum nisl vel imperdiet. Donec consequat sapien ac nisl pellentesque, eget condimentum felis rhoncus.<\/p>","protected":false},"excerpt":{"rendered":"<p>That last is no more than a foot high, and about seven paces across, a mere flat top of a grey rock which smokes like a hot cinder after a shower, and where no man would care to venture a naked sole before sunset. On the Little Isabel an old ragged palm, with a thick [&hellip;]<\/p>\n","protected":false},"author":3,"featured_media":0,"parent":0,"menu_order":0,"comment_status":"closed","ping_status":"closed","template":"","meta":{"inline_featured_image":false,"_monsterinsights_skip_tracking":false,"_monsterinsights_sitenote_active":false,"_monsterinsights_sitenote_note":"","_monsterinsights_sitenote_category":0,"footnotes":""},"class_list":["post-201","page","type-page","status-publish","hentry"],"aioseo_notices":[],"_links":{"self":[{"href":"https:\/\/campscapebeiramarvao.com\/es\/wp-json\/wp\/v2\/pages\/201","targetHints":{"allow":["GET"]}}],"collection":[{"href":"https:\/\/campscapebeiramarvao.com\/es\/wp-json\/wp\/v2\/pages"}],"about":[{"href":"https:\/\/campscapebeiramarvao.com\/es\/wp-json\/wp\/v2\/types\/page"}],"author":[{"embeddable":true,"href":"https:\/\/campscapebeiramarvao.com\/es\/wp-json\/wp\/v2\/users\/3"}],"replies":[{"embeddable":true,"href":"https:\/\/campscapebeiramarvao.com\/es\/wp-json\/wp\/v2\/comments?post=201"}],"version-history":[{"count":0,"href":"https:\/\/campscapebeiramarvao.com\/es\/wp-json\/wp\/v2\/pages\/201\/revisions"}],"wp:attachment":[{"href":"https:\/\/campscapebeiramarvao.com\/es\/wp-json\/wp\/v2\/media?parent=201"}],"curies":[{"name":"Gracias","href":"https:\/\/api.w.org\/{rel}","templated":true}]}}