{"id":348,"date":"2018-08-28T12:33:36","date_gmt":"2018-08-28T12:33:36","guid":{"rendered":"https:\/\/themes.getmotopress.com\/campterra\/search-availability\/"},"modified":"2022-03-20T21:41:31","modified_gmt":"2022-03-20T21:41:31","slug":"search-availability","status":"publish","type":"page","link":"https:\/\/campscapebeiramarvao.com\/es\/busqueda-disponibilidad\/","title":{"rendered":"Buscar disponibilidad"},"content":{"rendered":"<p>Especifique las fechas de entrada y salida y el n\u00famero de invitados: encuentre la mejor tarifa del sitio y res\u00e9rvela en l\u00ednea f\u00e1cilmente.<\/p>\n<div class=\"mphb_sc_search-wrapper\">\n<form method=\"GET\" class=\"mphb_sc_search-form\" action=\"https:\/\/campscapebeiramarvao.com\/es\/resultados-de-la-busqueda\/\" data-first_available_check_in_date=\"2026-04-07\" data-trp-original-action=\"https:\/\/campscapebeiramarvao.com\/es\/resultados-de-la-busqueda\/\">\n\n\t<p class = \"mphb-required-fields-tip\">\n\t<small>\n\t\tLos campos obligatorios son seguidos por\t\t<abbr title=\"requerido\">*<\/abbr>\n\t<\/small>\n<\/p>\n\n\t<p class=\"mphb_sc_search-check-in-date\">\n\t\t<label for=\"mphb_check_in_date-mphb-search-form-69d500ec50d91\">\n\t\t\td\u00eda de\t\t\t<abbr title=\"Formato dd\/mm\/aaaa\">*<\/abbr>\n\t\t<\/label>\n\t\t<br \/>\n\t\t<input\n\t\t\tid=\"mphb_check_in_date-mphb-search-form-69d500ec50d91\"\n\t\t\tdata-datepick-group=\"mphb-search-form-69d500ec50d91\"\n\t\t\tvalue=\"\"\n\t\t\tplaceholder=\"Fecha de\"\n\t\t\trequired=\"required\"\n\t\t\ttype=\"text\"\n\t\t\tinputmode=\"none\"\n\t\t\tname=\"mphb_check_in_date\"\n\t\t\tclass=\"mphb-datepick\"\n\t\t\tautocomplete=\"off\"\n\t\t\t\/>\n\t<\/p>\n\n\t<p class=\"mphb_sc_search-check-out-date\">\n\t\t<label for=\"mphb_check_out_date-mphb-search-form-69d500ec50d91\">\n\t\t\td\u00eda de salida\t\t\t<abbr title=\"Formato dd\/mm\/aaaa\">*<\/abbr>\n\t\t<\/label>\n\t\t<br \/>\n\t\t<input\n\t\t\tid=\"mphb_check_out_date-mphb-search-form-69d500ec50d91\"\n\t\t\tdata-datepick-group=\"mphb-search-form-69d500ec50d91\"\n\t\t\tvalue=\"\"\n\t\t\tplaceholder=\"fecha de salida\"\n\t\t\trequired=\"required\"\n\t\t\ttype=\"text\"\n\t\t\tinputmode=\"none\"\n\t\t\tname=\"mphb_check_out_date\"\n\t\t\tclass=\"mphb-datepick\"\n\t\t\tautocomplete=\"off\"\n\t\t\t\/>\n\t<\/p>\n\n\t\t\t<p class=\"mphb_sc_search-adults\">\n\t\t\t<label for=\"mphb_adults-mphb-search-form-69d500ec50d91\">\n\t\t\t\tInvitados\t\t\t<\/label>\n\t\t\t<br \/>\n\t\t\t<select id=\"mphb_adults-mphb-search-form-69d500ec50d91\" name=\"mphb_adults\" >\n\t\t\t\t\t\t\t\t\t<option value=\"1\"  selected='selected'>1<\/option>\n\t\t\t\t\t\t\t\t\t<option value=\"2\" >2<\/option>\n\t\t\t\t\t\t\t\t\t<option value=\"3\" >3<\/option>\n\t\t\t\t\t\t\t\t\t<option value=\"4\" >4<\/option>\n\t\t\t\t\t\t\t\t\t<option value=\"5\" >5<\/option>\n\t\t\t\t\t\t\t\t\t<option value=\"6\" >6<\/option>\n\t\t\t\t\t\t\t\t\t<option value=\"7\" >7<\/option>\n\t\t\t\t\t\t\t\t\t<option value=\"8\" >8<\/option>\n\t\t\t\t\t\t\t\t\t<option value=\"9\" >9<\/option>\n\t\t\t\t\t\t\t\t\t<option value=\"10\" >10<\/option>\n\t\t\t\t\t\t\t\t\t<option value=\"11\" >11<\/option>\n\t\t\t\t\t\t\t\t\t<option value=\"12\" >12<\/option>\n\t\t\t\t\t\t\t\t\t<option value=\"13\" >13<\/option>\n\t\t\t\t\t\t\t\t\t<option value=\"14\" >14<\/option>\n\t\t\t\t\t\t\t\t\t<option value=\"15\" >15<\/option>\n\t\t\t\t\t\t\t\t\t<option value=\"16\" >16<\/option>\n\t\t\t\t\t\t\t\t\t<option value=\"17\" >17<\/option>\n\t\t\t\t\t\t\t\t\t<option value=\"18\" >18<\/option>\n\t\t\t\t\t\t\t\t\t<option value=\"19\" >19<\/option>\n\t\t\t\t\t\t\t\t\t<option value=\"20\" >20<\/option>\n\t\t\t\t\t\t\t\t\t<option value=\"21\" >21<\/option>\n\t\t\t\t\t\t\t\t\t<option value=\"22\" >22<\/option>\n\t\t\t\t\t\t\t\t\t<option value=\"23\" >23<\/option>\n\t\t\t\t\t\t\t\t\t<option value=\"24\" >24<\/option>\n\t\t\t\t\t\t\t\t\t<option value=\"25\" >25<\/option>\n\t\t\t\t\t\t\t\t\t<option value=\"26\" >26<\/option>\n\t\t\t\t\t\t\t\t\t<option value=\"27\" >27<\/option>\n\t\t\t\t\t\t\t\t\t<option value=\"28\" >28<\/option>\n\t\t\t\t\t\t\t\t\t<option value=\"29\" >29<\/option>\n\t\t\t\t\t\t\t\t\t<option value=\"30\" >30<\/option>\n\t\t\t\t\t\t\t<\/select>\n\t\t<\/p>\n\t\n\t\t\t<input type=\"hidden\" id=\"mphb_children-mphb-search-form-69d500ec50d91\" name=\"mphb_children\" value=\"0\" \/>\n\t\n\t\n\t\n\t<input id=\"mphb_check_in_date-mphb-search-form-69d500ec50d91-hidden\" value=\"\" type=\"hidden\" name=\"mphb_check_in_date\" \/><input id=\"mphb_check_out_date-mphb-search-form-69d500ec50d91-hidden\" value=\"\" type=\"hidden\" name=\"mphb_check_out_date\" \/>\n\t<p class=\"mphb_sc_search-submit-button-wrapper\">\n\t\t<input type=\"submit\" class=\"button\" value=\"Buscar\"\/>\n\t<\/p>\n\n\t\n<input type=\"hidden\" name=\"trp-form-language\" value=\"es\"\/><\/form>\n<\/div>","protected":false},"excerpt":{"rendered":"<p>Especifique las fechas de entrada y salida y el n\u00famero de invitados: encuentre la mejor tarifa del sitio y res\u00e9rvela en l\u00ednea f\u00e1cilmente.<\/p>","protected":false},"author":3,"featured_media":0,"parent":0,"menu_order":0,"comment_status":"closed","ping_status":"closed","template":"","meta":{"inline_featured_image":false,"_monsterinsights_skip_tracking":false,"_monsterinsights_sitenote_active":false,"_monsterinsights_sitenote_note":"","_monsterinsights_sitenote_category":0,"footnotes":""},"class_list":["post-348","page","type-page","status-publish","hentry"],"aioseo_notices":[],"_links":{"self":[{"href":"https:\/\/campscapebeiramarvao.com\/es\/wp-json\/wp\/v2\/pages\/348","targetHints":{"allow":["GET"]}}],"collection":[{"href":"https:\/\/campscapebeiramarvao.com\/es\/wp-json\/wp\/v2\/pages"}],"about":[{"href":"https:\/\/campscapebeiramarvao.com\/es\/wp-json\/wp\/v2\/types\/page"}],"author":[{"embeddable":true,"href":"https:\/\/campscapebeiramarvao.com\/es\/wp-json\/wp\/v2\/users\/3"}],"replies":[{"embeddable":true,"href":"https:\/\/campscapebeiramarvao.com\/es\/wp-json\/wp\/v2\/comments?post=348"}],"version-history":[{"count":0,"href":"https:\/\/campscapebeiramarvao.com\/es\/wp-json\/wp\/v2\/pages\/348\/revisions"}],"wp:attachment":[{"href":"https:\/\/campscapebeiramarvao.com\/es\/wp-json\/wp\/v2\/media?parent=348"}],"curies":[{"name":"Gracias","href":"https:\/\/api.w.org\/{rel}","templated":true}]}}