{"id":149,"date":"2018-08-28T13:15:19","date_gmt":"2018-08-28T13:15:19","guid":{"rendered":"https:\/\/themes.getmotopress.com\/campterra\/?page_id=149"},"modified":"2025-11-21T20:25:55","modified_gmt":"2025-11-21T20:25:55","slug":"whattodo","status":"publish","type":"page","link":"https:\/\/campscapebeiramarvao.com\/fr\/que-faire\/","title":{"rendered":"Que faire et combien de temps"},"content":{"rendered":"<div data-elementor-type=\"wp-page\" data-elementor-id=\"149\" class=\"elementor elementor-149\">\n\t\t\t\t\t\t<section class=\"elementor-section elementor-top-section elementor-element elementor-element-4d9d6d93 elementor-section-boxed elementor-section-height-default elementor-section-height-default\" data-id=\"4d9d6d93\" data-element_type=\"section\" data-e-type=\"section\">\n\t\t\t\t\t\t<div class=\"elementor-container elementor-column-gap-default\">\n\t\t\t\t\t<div class=\"elementor-column elementor-col-100 elementor-top-column elementor-element elementor-element-7e8aa898\" data-id=\"7e8aa898\" data-element_type=\"column\" data-e-type=\"column\">\n\t\t\t<div class=\"elementor-widget-wrap elementor-element-populated\">\n\t\t\t\t\t\t<div class=\"elementor-element elementor-element-180a42ff elementor-widget elementor-widget-shortcode\" data-id=\"180a42ff\" data-element_type=\"widget\" data-e-type=\"widget\" data-widget_type=\"shortcode.default\">\n\t\t\t\t<div class=\"elementor-widget-container\">\n\t\t\t\t\t\t\t<div class=\"elementor-shortcode\">\t\t<div class=\"activities-wrapper columns-4\">\r\n\t\t\n<article id=\"post-6644\" class=\"post-6644 cptp-activity type-cptp-activity status-publish has-post-thumbnail hentry\">\n    <div class=\"activity-wrapper\">\n        <a href=\"https:\/\/campscapebeiramarvao.com\/fr\/activity\/se-detendre-se-sentir-chez-soi\/\" class=\"post-thumbnail\">\n            <img fetchpriority=\"high\" decoding=\"async\" width=\"891\" height=\"636\" src=\"https:\/\/campscapebeiramarvao.com\/wp-content\/uploads\/belgen-1-2-891x636.jpeg\" class=\"attachment-campterra-cropped size-campterra-cropped wp-post-image\" alt=\"\" srcset=\"https:\/\/campscapebeiramarvao.com\/wp-content\/uploads\/belgen-1-2-891x636.jpeg 891w, https:\/\/campscapebeiramarvao.com\/wp-content\/uploads\/belgen-1-2-18x12.jpeg 18w\" sizes=\"(max-width: 891px) 100vw, 891px\" \/>            <i class=\"fas fa-eye\"><\/i>\n        <\/a>\n\n        <header class=\"entry-header\">\n            <h2 class=\"entry-title\"><a href=\"https:\/\/campscapebeiramarvao.com\/fr\/activity\/se-detendre-se-sentir-chez-soi\/\" rel=\"bookmark\">D\u00e9tendez-vous\u2026 Sentez-vous chez vous !<\/a><\/h2>        <\/header><!-- .entry-header -->\n\n        <div class=\"entry-content\">\n            <p>Bien s\u00fbr, il y a beaucoup de choses \u00e0 faire dans cette partie magnifique et unique du Portugal. Mais vous constaterez que le domaine lui-m\u00eame est un refuge parfait pour se d\u00e9tendre et ne rien faire.  <a href=\"https:\/\/campscapebeiramarvao.com\/fr\/activity\/se-detendre-se-sentir-chez-soi\/#more-6644\" class=\"more-link\">Lire la suite<span class=\"screen-reader-text\"> \u00ab D\u00e9tendez-vous\u2026 Sentez-vous chez vous !<\/span><\/a><\/p>\n        <\/div><!-- .entry-content -->\n    <\/div>\n<\/article><!-- #post-6644 -->\n\n<article id=\"post-694\" class=\"post-694 cptp-activity type-cptp-activity status-publish has-post-thumbnail hentry\">\n    <div class=\"activity-wrapper\">\n        <a href=\"https:\/\/campscapebeiramarvao.com\/fr\/activity\/visite-marvao-castelo-de-vide-beira\/\" class=\"post-thumbnail\">\n            <img decoding=\"async\" width=\"891\" height=\"636\" src=\"https:\/\/campscapebeiramarvao.com\/wp-content\/uploads\/2022\/02\/camping-78-891x636.jpeg\" class=\"attachment-campterra-cropped size-campterra-cropped wp-post-image\" alt=\"\" \/>            <i class=\"fas fa-eye\"><\/i>\n        <\/a>\n\n        <header class=\"entry-header\">\n            <h2 class=\"entry-title\"><a href=\"https:\/\/campscapebeiramarvao.com\/fr\/activity\/visite-marvao-castelo-de-vide-beira\/\" rel=\"bookmark\">Visitez Marvao, Castelo de Vide, Beira et Portagem<\/a><\/h2>        <\/header><!-- .entry-header -->\n\n        <div class=\"entry-content\">\n            <p>\u00c0 moins de 9 km de notre domaine, vous trouverez plusieurs villages et hameaux, dont les deux villages fortifi\u00e9s de Marvao, Castelo de Vide et la magnifique ancienne gare du village de Beira.  <a href=\"https:\/\/campscapebeiramarvao.com\/fr\/activity\/visite-marvao-castelo-de-vide-beira\/#more-694\" class=\"more-link\">Lire la suite<span class=\"screen-reader-text\"> \u00ab Visitez Marvao, Castelo de Vide, Beira et Portagem \u00bb<\/span><\/a><\/p>\n        <\/div><!-- .entry-content -->\n    <\/div>\n<\/article><!-- #post-694 -->\n\n<article id=\"post-689\" class=\"post-689 cptp-activity type-cptp-activity status-publish has-post-thumbnail hentry\">\n    <div class=\"activity-wrapper\">\n        <a href=\"https:\/\/campscapebeiramarvao.com\/fr\/activity\/randonnee-et-velo\/\" class=\"post-thumbnail\">\n            <img decoding=\"async\" width=\"891\" height=\"636\" src=\"https:\/\/campscapebeiramarvao.com\/wp-content\/uploads\/2021\/10\/hike-3-891x636.jpeg\" class=\"attachment-campterra-cropped size-campterra-cropped wp-post-image\" alt=\"\" \/>            <i class=\"fas fa-eye\"><\/i>\n        <\/a>\n\n        <header class=\"entry-header\">\n            <h2 class=\"entry-title\"><a href=\"https:\/\/campscapebeiramarvao.com\/fr\/activity\/randonnee-et-velo\/\" rel=\"bookmark\">Randonn\u00e9es p\u00e9destres et cyclistes dans un paysage \u00e0 couper le souffle<\/a><\/h2>        <\/header><!-- .entry-header -->\n\n        <div class=\"entry-content\">\n            <p>Le Parc Naturel de la Serra de S\u00e3o Mamede offre un environnement calme et id\u00e9al pour de belles promenades \u00e0 pied ou \u00e0 v\u00e9lo \u00e0 travers un paysage \u00e9poustouflant. Consultez notre <a href=\"https:\/\/www.komoot.nl\/collection\/1365373\/-camping-beira-marvao\" target=\"_blank\" rel=\"noopener\">collection d&#039;itin\u00e9raires p\u00e9destres et cyclables<\/a> sur komoot. <a href=\"https:\/\/campscapebeiramarvao.com\/fr\/activity\/randonnee-et-velo\/#more-689\" class=\"more-link\">Lire la suite<span class=\"screen-reader-text\"> \u00ab Randonn\u00e9es p\u00e9destres et cyclistes dans un paysage \u00e0 couper le souffle \u00bb<\/span><\/a><\/p>\n        <\/div><!-- .entry-content -->\n    <\/div>\n<\/article><!-- #post-689 -->\n\n<article id=\"post-7692\" class=\"post-7692 cptp-activity type-cptp-activity status-publish has-post-thumbnail hentry\">\n    <div class=\"activity-wrapper\">\n        <a href=\"https:\/\/campscapebeiramarvao.com\/fr\/activity\/observation-des-oiseaux-au-camping-beira-marvao-alentejo-de-paul-stancliffe\/\" class=\"post-thumbnail\">\n            <img loading=\"lazy\" decoding=\"async\" width=\"891\" height=\"636\" src=\"https:\/\/campscapebeiramarvao.com\/wp-content\/uploads\/vogels-6-891x636.jpeg\" class=\"attachment-campterra-cropped size-campterra-cropped wp-post-image\" alt=\"Vautour fauve\" srcset=\"https:\/\/campscapebeiramarvao.com\/wp-content\/uploads\/vogels-6-891x636.jpeg 891w, https:\/\/campscapebeiramarvao.com\/wp-content\/uploads\/vogels-6-18x12.jpeg 18w\" sizes=\"(max-width: 891px) 100vw, 891px\" \/>            <i class=\"fas fa-eye\"><\/i>\n        <\/a>\n\n        <header class=\"entry-header\">\n            <h2 class=\"entry-title\"><a href=\"https:\/\/campscapebeiramarvao.com\/fr\/activity\/observation-des-oiseaux-au-camping-beira-marvao-alentejo-de-paul-stancliffe\/\" rel=\"bookmark\">Observation des oiseaux au Campscape Beira Marvao Alentejo \u2013 par Paul Stancliffe<\/a><\/h2>        <\/header><!-- .entry-header -->\n\n        <div class=\"entry-content\">\n            <p>L&#039;Alentejo abrite des oiseaux tr\u00e8s sp\u00e9ciaux et le domaine de Vitor et Ronald est un endroit id\u00e9al pour se familiariser intimement avec certains d&#039;entre eux.  <a href=\"https:\/\/campscapebeiramarvao.com\/fr\/activity\/observation-des-oiseaux-au-camping-beira-marvao-alentejo-de-paul-stancliffe\/#more-7692\" class=\"more-link\">Lire la suite<span class=\"screen-reader-text\"> \u00ab Observation des oiseaux au Campscape Beira Marvao Alentejo \u2013 par Paul Stancliffe \u00bb<\/span><\/a><\/p>\n        <\/div><!-- .entry-content -->\n    <\/div>\n<\/article><!-- #post-7692 -->\n\n<article id=\"post-1202\" class=\"post-1202 cptp-activity type-cptp-activity status-publish has-post-thumbnail hentry\">\n    <div class=\"activity-wrapper\">\n        <a href=\"https:\/\/campscapebeiramarvao.com\/fr\/activity\/natation-et-plaisir-aquatique\/\" class=\"post-thumbnail\">\n            <img loading=\"lazy\" decoding=\"async\" width=\"891\" height=\"636\" src=\"https:\/\/campscapebeiramarvao.com\/wp-content\/uploads\/2021\/02\/zwembad-1-891x636.jpeg\" class=\"attachment-campterra-cropped size-campterra-cropped wp-post-image\" alt=\"\" \/>            <i class=\"fas fa-eye\"><\/i>\n        <\/a>\n\n        <header class=\"entry-header\">\n            <h2 class=\"entry-title\"><a href=\"https:\/\/campscapebeiramarvao.com\/fr\/activity\/natation-et-plaisir-aquatique\/\" rel=\"bookmark\">Piscine, Rivi\u00e8res et Lacs<\/a><\/h2>        <\/header><!-- .entry-header -->\n\n        <div class=\"entry-content\">\n            <p>Notre domaine Campscape dispose d&#039;une piscine d&#039;eau sal\u00e9e chauff\u00e9e avec cascade (ouverte d&#039;avril \u00e0 octobre). \u00c0 proximit\u00e9 de notre domaine, vous trouverez plusieurs piscines (rivi\u00e8res) et r\u00e9servoirs pour vous rafra\u00eechir et vous d\u00e9tendre.  <a href=\"https:\/\/campscapebeiramarvao.com\/fr\/activity\/natation-et-plaisir-aquatique\/#more-1202\" class=\"more-link\">Lire la suite<span class=\"screen-reader-text\"> \u00ab Piscine, rivi\u00e8res et lacs \u00bb<\/span><\/a><\/p>\n        <\/div><!-- .entry-content -->\n    <\/div>\n<\/article><!-- #post-1202 -->\n\n<article id=\"post-1063\" class=\"post-1063 cptp-activity type-cptp-activity status-publish has-post-thumbnail hentry\">\n    <div class=\"activity-wrapper\">\n        <a href=\"https:\/\/campscapebeiramarvao.com\/fr\/activity\/campement-jardinage-avec-palita\/\" class=\"post-thumbnail\">\n            <img loading=\"lazy\" decoding=\"async\" width=\"891\" height=\"636\" src=\"https:\/\/campscapebeiramarvao.com\/wp-content\/uploads\/2022\/05\/campscape-3-891x636.jpeg\" class=\"attachment-campterra-cropped size-campterra-cropped wp-post-image\" alt=\"\" srcset=\"https:\/\/campscapebeiramarvao.com\/wp-content\/uploads\/2022\/05\/campscape-3-891x636.jpeg 891w, https:\/\/campscapebeiramarvao.com\/wp-content\/uploads\/2022\/05\/campscape-3-18x12.jpeg 18w\" sizes=\"(max-width: 891px) 100vw, 891px\" \/>            <i class=\"fas fa-eye\"><\/i>\n        <\/a>\n\n        <header class=\"entry-header\">\n            <h2 class=\"entry-title\"><a href=\"https:\/\/campscapebeiramarvao.com\/fr\/activity\/campement-jardinage-avec-palita\/\" rel=\"bookmark\">Am\u00e9nagement de camping et jardinage<\/a><\/h2>        <\/header><!-- .entry-header -->\n\n        <div class=\"entry-content\">\n            <p>Envie de retrousser vos manches ? Il y a toujours des travaux \u00e0 faire sur le domaine.\u00a0 <a href=\"https:\/\/campscapebeiramarvao.com\/fr\/activity\/campement-jardinage-avec-palita\/#more-1063\" class=\"more-link\">Lire la suite<span class=\"screen-reader-text\"> &quot;Camping et jardinage&quot;<\/span><\/a><\/p>\n        <\/div><!-- .entry-content -->\n    <\/div>\n<\/article><!-- #post-1063 -->\n\n<article id=\"post-8478\" class=\"post-8478 cptp-activity type-cptp-activity status-publish has-post-thumbnail hentry\">\n    <div class=\"activity-wrapper\">\n        <a href=\"https:\/\/campscapebeiramarvao.com\/fr\/activity\/escalade-sportive\/\" class=\"post-thumbnail\">\n            <img loading=\"lazy\" decoding=\"async\" width=\"891\" height=\"636\" src=\"https:\/\/campscapebeiramarvao.com\/wp-content\/uploads\/camping-31-891x636.jpeg\" class=\"attachment-campterra-cropped size-campterra-cropped wp-post-image\" alt=\"environs Campscape Beira Marvao\" srcset=\"https:\/\/campscapebeiramarvao.com\/wp-content\/uploads\/camping-31-891x636.jpeg 891w, https:\/\/campscapebeiramarvao.com\/wp-content\/uploads\/camping-31-16x12.jpeg 16w\" sizes=\"(max-width: 891px) 100vw, 891px\" \/>            <i class=\"fas fa-eye\"><\/i>\n        <\/a>\n\n        <header class=\"entry-header\">\n            <h2 class=\"entry-title\"><a href=\"https:\/\/campscapebeiramarvao.com\/fr\/activity\/escalade-sportive\/\" rel=\"bookmark\">Aventures, Visites guid\u00e9es, Location de v\u00e9los<\/a><\/h2>        <\/header><!-- .entry-header -->\n\n        <div class=\"entry-content\">\n            <p>Profitez pleinement de votre visite, vivez des aventures et des visites guid\u00e9es avec l&#039;un de nos partenaires locaux et apprenez-en plus sur notre r\u00e9gion (anglais et portugais). Pombais Experience Marv\u00e3o propose la location de v\u00e9los \u00e9lectriques pour explorer la r\u00e9gion.<br \/> <a href=\"https:\/\/campscapebeiramarvao.com\/fr\/activity\/escalade-sportive\/#more-8478\" class=\"more-link\">Lire la suite<span class=\"screen-reader-text\"> \u00ab Aventures, visites guid\u00e9es, location de v\u00e9los \u00bb<\/span><\/a><\/p>\n        <\/div><!-- .entry-content -->\n    <\/div>\n<\/article><!-- #post-8478 -->\n\n<article id=\"post-9444\" class=\"post-9444 cptp-activity type-cptp-activity status-publish has-post-thumbnail hentry\">\n    <div class=\"activity-wrapper\">\n        <a href=\"https:\/\/campscapebeiramarvao.com\/fr\/activity\/liens-utiles\/\" class=\"post-thumbnail\">\n            <img loading=\"lazy\" decoding=\"async\" width=\"891\" height=\"636\" src=\"https:\/\/campscapebeiramarvao.com\/wp-content\/uploads\/reviews-5-891x636.jpeg\" class=\"attachment-campterra-cropped size-campterra-cropped wp-post-image\" alt=\"\" srcset=\"https:\/\/campscapebeiramarvao.com\/wp-content\/uploads\/reviews-5-891x636.jpeg 891w, https:\/\/campscapebeiramarvao.com\/wp-content\/uploads\/reviews-5-18x12.jpeg 18w\" sizes=\"(max-width: 891px) 100vw, 891px\" \/>            <i class=\"fas fa-eye\"><\/i>\n        <\/a>\n\n        <header class=\"entry-header\">\n            <h2 class=\"entry-title\"><a href=\"https:\/\/campscapebeiramarvao.com\/fr\/activity\/liens-utiles\/\" rel=\"bookmark\">Combien de temps devons-nous rester ?<\/a><\/h2>        <\/header><!-- .entry-header -->\n\n        <div class=\"entry-content\">\n            <p>Les clients qui nous rendent visite pour la premi\u00e8re fois sont souvent en transit vers ou depuis des destinations touristiques plus connues (Algarve et C\u00f4te d&#039;Argent) et r\u00e9servent seulement deux nuits (car c&#039;est le s\u00e9jour minimum). Mais ce n&#039;est pas suffisant\u2026<br \/> <a href=\"https:\/\/campscapebeiramarvao.com\/fr\/activity\/liens-utiles\/#more-9444\" class=\"more-link\">Lire la suite<span class=\"screen-reader-text\"> \u00ab\u00a0Combien de temps devrions-nous rester\u00a0?\u00a0\u00bb<\/span><\/a><\/p>\n        <\/div><!-- .entry-content -->\n    <\/div>\n<\/article><!-- #post-9444 -->\n\t\t<\/div>\r\n\t\t<\/div>\n\t\t\t\t\t\t<\/div>\n\t\t\t\t<\/div>\n\t\t\t\t\t<\/div>\n\t\t<\/div>\n\t\t\t\t\t<\/div>\n\t\t<\/section>\n\t\t\t\t<\/div>","protected":false},"excerpt":{"rendered":"","protected":false},"author":3,"featured_media":7467,"parent":0,"menu_order":0,"comment_status":"closed","ping_status":"closed","template":"template-page-wide.php","meta":{"inline_featured_image":false,"_monsterinsights_skip_tracking":false,"_monsterinsights_sitenote_active":false,"_monsterinsights_sitenote_note":"","_monsterinsights_sitenote_category":0,"footnotes":""},"class_list":["post-149","page","type-page","status-publish","has-post-thumbnail","hentry"],"aioseo_notices":[],"_links":{"self":[{"href":"https:\/\/campscapebeiramarvao.com\/fr\/wp-json\/wp\/v2\/pages\/149","targetHints":{"allow":["GET"]}}],"collection":[{"href":"https:\/\/campscapebeiramarvao.com\/fr\/wp-json\/wp\/v2\/pages"}],"about":[{"href":"https:\/\/campscapebeiramarvao.com\/fr\/wp-json\/wp\/v2\/types\/page"}],"author":[{"embeddable":true,"href":"https:\/\/campscapebeiramarvao.com\/fr\/wp-json\/wp\/v2\/users\/3"}],"replies":[{"embeddable":true,"href":"https:\/\/campscapebeiramarvao.com\/fr\/wp-json\/wp\/v2\/comments?post=149"}],"version-history":[{"count":0,"href":"https:\/\/campscapebeiramarvao.com\/fr\/wp-json\/wp\/v2\/pages\/149\/revisions"}],"wp:featuredmedia":[{"embeddable":true,"href":"https:\/\/campscapebeiramarvao.com\/fr\/wp-json\/wp\/v2\/media\/7467"}],"wp:attachment":[{"href":"https:\/\/campscapebeiramarvao.com\/fr\/wp-json\/wp\/v2\/media?parent=149"}],"curies":[{"name":"wp","href":"https:\/\/api.w.org\/{rel}","templated":true}]}}