{"id":201,"date":"2018-08-28T14:58:16","date_gmt":"2018-08-28T14:58:16","guid":{"rendered":"https:\/\/themes.getmotopress.com\/campterra\/?page_id=201"},"modified":"2021-10-19T16:10:27","modified_gmt":"2021-10-19T16:10:27","slug":"typography","status":"publish","type":"page","link":"https:\/\/campscapebeiramarvao.com\/fr\/typographie\/","title":{"rendered":"Typographie"},"content":{"rendered":"<p>Ce dernier n&#039;a pas plus d&#039;un pied de haut et environ sept pas de large, un simple sommet plat d&#039;un rocher gris qui fume comme une cendre chaude apr\u00e8s une averse, et o\u00f9 personne ne se soucierait de s&#039;aventurer une semelle nue avant le coucher du soleil. Sur la Petite Isabelle, un vieux palmier d\u00e9chiquet\u00e9, au gros tronc bomb\u00e9 et rugueux d&#039;\u00e9pines, tr\u00e8s sorcier parmi les palmiers, bruisse un lugubre bouquet de feuilles mortes sur le sable grossier.<\/p>\n<h1>Rubrique 1 (H1)<\/h1>\n<p>Ce dernier n&#039;a pas plus d&#039;un pied de haut et environ sept pas de large, un simple sommet plat d&#039;un rocher gris qui fume comme une cendre chaude apr\u00e8s une averse, et o\u00f9 personne ne se soucierait de s&#039;aventurer une semelle nue avant le coucher du soleil. Sur la Petite Isabelle, un vieux palmier d\u00e9chiquet\u00e9, au gros tronc bomb\u00e9 et rugueux d&#039;\u00e9pines, tr\u00e8s sorcier parmi les palmiers, bruisse un lugubre bouquet de feuilles mortes sur le sable grossier.<\/p>\n<h2>Rubrique 2 (H2)<\/h2>\n<p>Ce dernier n&#039;a pas plus d&#039;un pied de haut et environ sept pas de large, un simple sommet plat d&#039;un rocher gris qui fume comme une cendre chaude apr\u00e8s une averse, et o\u00f9 personne ne se soucierait de s&#039;aventurer une semelle nue avant le coucher du soleil. Sur la Petite Isabelle, un vieux palmier d\u00e9chiquet\u00e9, au gros tronc bomb\u00e9 et rugueux d&#039;\u00e9pines, tr\u00e8s sorcier parmi les palmiers, bruisse un lugubre bouquet de feuilles mortes sur le sable grossier.<\/p>\n<h3>Rubrique 3 (H3)<\/h3>\n<p>Ce dernier n&#039;a pas plus d&#039;un pied de haut et environ sept pas de large, un simple sommet plat d&#039;un rocher gris qui fume comme une cendre chaude apr\u00e8s une averse, et o\u00f9 personne ne se soucierait de s&#039;aventurer une semelle nue avant le coucher du soleil. Sur la Petite Isabelle, un vieux palmier d\u00e9chiquet\u00e9, au gros tronc bomb\u00e9 et rugueux d&#039;\u00e9pines, tr\u00e8s sorcier parmi les palmiers, bruisse un lugubre bouquet de feuilles mortes sur le sable grossier.<\/p>\n<h4>Rubrique 4 (H4)<\/h4>\n<p>Ce dernier n&#039;a pas plus d&#039;un pied de haut et environ sept pas de large, un simple sommet plat d&#039;un rocher gris qui fume comme une cendre chaude apr\u00e8s une averse, et o\u00f9 personne ne se soucierait de s&#039;aventurer une semelle nue avant le coucher du soleil. Sur la Petite Isabelle, un vieux palmier d\u00e9chiquet\u00e9, au gros tronc bomb\u00e9 et rugueux d&#039;\u00e9pines, tr\u00e8s sorcier parmi les palmiers, bruisse un lugubre bouquet de feuilles mortes sur le sable grossier.<\/p>\n<h5>Rubrique 5 (H5)<\/h5>\n<p>Ce dernier n&#039;a pas plus d&#039;un pied de haut et environ sept pas de large, un simple sommet plat d&#039;un rocher gris qui fume comme une cendre chaude apr\u00e8s une averse, et o\u00f9 personne ne se soucierait de s&#039;aventurer une semelle nue avant le coucher du soleil. Sur la Petite Isabelle, un vieux palmier d\u00e9chiquet\u00e9, au gros tronc bomb\u00e9 et rugueux d&#039;\u00e9pines, tr\u00e8s sorcier parmi les palmiers, bruisse un lugubre bouquet de feuilles mortes sur le sable grossier.<\/p>\n<h6>Rubrique 6 (H6)<\/h6>\n<p>Ce dernier n&#039;a pas plus d&#039;un pied de haut et environ sept pas de large, un simple sommet plat d&#039;un rocher gris qui fume comme une cendre chaude apr\u00e8s une averse, et o\u00f9 personne ne se soucierait de s&#039;aventurer une semelle nue avant le coucher du soleil. Sur la Petite Isabelle, un vieux palmier d\u00e9chiquet\u00e9, au gros tronc bomb\u00e9 et rugueux d&#039;\u00e9pines, tr\u00e8s sorcier parmi les palmiers, bruisse un lugubre bouquet de feuilles mortes sur le sable grossier.<\/p>\n<h2>Citations en bloc<\/h2>\n<p>Citation en bloc sur une seule ligne\u00a0:<\/p>\n<blockquote><p>Rester affam\u00e9. Restez stupide.<\/p><\/blockquote>\n<p>Bloc de citation multi-lignes avec une r\u00e9f\u00e9rence de citation\u00a0:<\/p>\n<blockquote cite=\"https:\/\/developer.mozilla.org\/en-US\/docs\/Web\/HTML\/Element\/blockquote\"><p>La <strong>HTML <code><blockquote><\/code> \u00c9l\u00e9ment<\/strong> (ou <em>\u00c9l\u00e9ment de citation de bloc HTML<\/em>) indique que le texte inclus est une citation \u00e9tendue. Habituellement, cela est rendu visuellement par une indentation (voir <a href=\"https:\/\/developer.mozilla.org\/en-US\/docs\/HTML\/Element\/blockquote#Notes\">Remarques<\/a> pour savoir comment le changer). Une URL pour la source de la citation peut \u00eatre donn\u00e9e en utilisant le <strong>citer<\/strong> tandis qu&#039;une repr\u00e9sentation textuelle de la source peut \u00eatre donn\u00e9e \u00e0 l&#039;aide de l&#039;attribut <a title=\"L&#039;\u00e9l\u00e9ment HTML Citation &lt;cite&gt;repr\u00e9sente une r\u00e9f\u00e9rence \u00e0 une \u0153uvre cr\u00e9ative. Il doit comporter le titre d&#039;un ouvrage ou une r\u00e9f\u00e9rence URL, qui peut \u00eatre sous une forme abr\u00e9g\u00e9e selon les conventions utilis\u00e9es pour l&#039;ajout de m\u00e9tadonn\u00e9es de citation.&lt;\/cite&gt;\" href=\"https:\/\/developer.mozilla.org\/en-US\/docs\/Web\/HTML\/Element\/cite\"><code><cite><\/code><\/a> \u00e9l\u00e9ment.<\/p><\/blockquote>\n<p><cite>plusieurs contributeurs<\/cite> \u2013 R\u00e9f\u00e9rence d&#039;\u00e9l\u00e9ment HTML MDN \u2013 blockquote<\/p>\n<h2>les tables<\/h2>\n<table>\n<thead>\n<tr>\n<th>Employ\u00e9<\/th>\n<th>Un salaire<\/th>\n<th><\/th>\n<\/tr>\n<\/thead>\n<tbody>\n<tr>\n<th><a href=\"http:\/\/example.org\/\">Jean Doe<\/a><\/th>\n<td>$1<\/td>\n<td>Parce que c&#039;est tout ce dont Steve Jobs avait besoin pour un salaire.<\/td>\n<\/tr>\n<tr>\n<th><a href=\"http:\/\/example.org\/\">Jane Doe<\/a><\/th>\n<td>$100K<\/td>\n<td>Pour tous les blogs qu&#039;elle fait.<\/td>\n<\/tr>\n<tr>\n<th><a href=\"http:\/\/example.org\/\">Fred Blogs<\/a><\/th>\n<td>$100M<\/td>\n<td>Les images valent mille mots, n&#039;est-ce pas ? Alors Jane x 1 000.<\/td>\n<\/tr>\n<tr>\n<th><a href=\"http:\/\/example.org\/\">Jane Blogs<\/a><\/th>\n<td>$100B<\/td>\n<td>Avec des cheveux comme \u00e7a ?! Assez dit\u2026<\/td>\n<\/tr>\n<\/tbody>\n<\/table>\n<h2>Listes de d\u00e9finition<\/h2>\n<dl>\n<dt>Titre de la liste de d\u00e9finitions<\/dt>\n<dd>Division de la liste de d\u00e9finition.<\/dd>\n<dt>Commencez<\/dt>\n<dd>Une startup ou une startup est une entreprise ou une organisation temporaire con\u00e7ue pour rechercher un mod\u00e8le commercial reproductible et \u00e9volutif.<\/dd>\n<dt>#travaille<\/dt>\n<dd>Invent\u00e9 par Rob Dyrdek et son garde du corps personnel Christopher &quot;Big Black&quot; Boykins, &quot;Do Work&quot; fonctionne comme une motivation personnelle, pour motiver vos amis.<\/dd>\n<dt>Faites-le en direct<\/dt>\n<dd>Je laisserai Bill O&#039;Reilly le faire <a title=\"Nous le ferons en direct\" href=\"https:\/\/www.youtube.com\/watch?v=O_HyZ5aW76c\">Explique<\/a> celui-ci.<\/dd>\n<\/dl>\n<h2>Listes non ordonn\u00e9es (imbriqu\u00e9es)<\/h2>\n<ul>\n<li>\u00c9l\u00e9ment de liste un\n<ul>\n<li>\u00c9l\u00e9ment de liste un\n<ul>\n<li>\u00c9l\u00e9ment de liste un<\/li>\n<li>\u00c9l\u00e9ment de liste deux<\/li>\n<li>\u00c9l\u00e9ment de liste trois<\/li>\n<li>\u00c9l\u00e9ment de la liste quatre<\/li>\n<\/ul>\n<\/li>\n<li>\u00c9l\u00e9ment de liste deux<\/li>\n<li>\u00c9l\u00e9ment de liste trois<\/li>\n<li>\u00c9l\u00e9ment de la liste quatre<\/li>\n<\/ul>\n<\/li>\n<li>\u00c9l\u00e9ment de liste deux<\/li>\n<li>\u00c9l\u00e9ment de liste trois<\/li>\n<li>\u00c9l\u00e9ment de la liste quatre<\/li>\n<\/ul>\n<h2>Liste ordonn\u00e9e (imbriqu\u00e9e)<\/h2>\n<ol start=\"8\">\n<li>\u00c9l\u00e9ment de liste un\u00a0\u2013\u00a0commencer \u00e0 8\n<ol>\n<li>\u00c9l\u00e9ment de liste un\n<ol reversed=\"reversed\">\n<li>\u00c9l\u00e9ment de liste un - attribut invers\u00e9<\/li>\n<li>\u00c9l\u00e9ment de liste deux<\/li>\n<li>\u00c9l\u00e9ment de liste trois<\/li>\n<li>\u00c9l\u00e9ment de la liste quatre<\/li>\n<\/ol>\n<\/li>\n<li>\u00c9l\u00e9ment de liste deux<\/li>\n<li>\u00c9l\u00e9ment de liste trois<\/li>\n<li>\u00c9l\u00e9ment de la liste quatre<\/li>\n<\/ol>\n<\/li>\n<li>\u00c9l\u00e9ment de liste deux<\/li>\n<li>\u00c9l\u00e9ment de liste trois<\/li>\n<li>\u00c9l\u00e9ment de la liste quatre<\/li>\n<\/ol>\n<h2>Balises HTML<\/h2>\n<p>Ces balises prises en charge proviennent du code WordPress.com <a title=\"Code\" href=\"https:\/\/en.support.wordpress.com\/code\/\">FAQ<\/a>.<\/p>\n<p><strong>\u00c9tiquette d&#039;adresse<\/strong><\/p>\n<address>1 boucle infinie<br \/>\nCupertino, Californie 95014<br \/>\n\u00c9tats-Unis<\/address>\n<p><strong>Balise d&#039;ancrage (aka. Lien)<\/strong><\/p>\n<p>Ceci est un exemple d&#039;un <a title=\"Fondation WordPress\" href=\"https:\/\/wordpressfoundation.org\/\">lien<\/a>.<\/p>\n<p><strong>Balise d&#039;abr\u00e9viation<\/strong><\/p>\n<p>L&#039;abr\u00e9viation <abbr title=\"S\u00e9rieusement\">srsly<\/abbr> signifie &quot;s\u00e9rieusement&quot;.<\/p>\n<p><strong>Balise d&#039;acronyme (<em>obsol\u00e8te en HTML5<\/em>)<\/strong><\/p>\n<p>L&#039;acronyme <acronym title=\"Pour la victoire\">ftw<\/acronym> signifie &quot;pour la victoire&quot;.<\/p>\n<p><strong>Grande \u00e9tiquette<\/strong> (<em>obsol\u00e8te en HTML5<\/em>)<\/p>\n<p>Ces \u00e9preuves sont une <big>gros<\/big> deal, mais cette balise n&#039;est plus prise en charge dans HTML5.<\/p>\n<p><strong>Cite Tag<\/strong><\/p>\n<p>&quot;Le code est de la po\u00e9sie.&quot; \u2014<cite>Automatique<\/cite><\/p>\n<p><strong>Balise cod\u00e9e<\/strong><\/p>\n<p>Cette balise stylise les blocs de code.<br \/>\n<code>.titre de l&#039;article {<br \/>\nmarge : 0 0 5px ;<br \/>\nfont-weight\u00a0: gras\u00a0;<br \/>\ntaille de police\u00a0: 38px\u00a0;<br \/>\nhauteur de ligne\u00a0: 1,2\u00a0;<br \/>\net voici une ligne de texte vraiment, vraiment, vraiment, vraiment long, juste pour voir comment c&#039;est trait\u00e9 et pour d\u00e9couvrir comment \u00e7a d\u00e9borde;<br \/>\n}<\/code><br \/>\nVous apprendrez plus tard dans ces tests que word-wrap: break-word; sera votre meilleur ami.<\/p>\n<p><strong>Supprimer la balise<\/strong><\/p>\n<p>Cette balise vous permettra <del>barrer le texte<\/del>, mais cette balise est <em>conseill\u00e9<\/em> pris en charge en HTML5 (utilisez le <code><s><\/code> Au lieu).<\/p>\n<p><strong>Mettre l&#039;accent sur la balise<\/strong><\/p>\n<p>La balise d&#039;accentuation doit <em>mettre en italique<\/em> <i>texte<\/i>.<\/p>\n<p><strong>\u00c9tiquette de r\u00e8gle horizontale<\/strong><\/p>\n<hr \/>\n<p>Cette phrase suit une <code>&lt;hr \/&gt;<\/code> \u00e9tiquette.<\/p>\n<p><strong>Ins\u00e9rer une balise<\/strong><\/p>\n<p>Cette balise doit indiquer <ins cite=\"inserted it\">ins\u00e9r\u00e9<\/ins> texte.<\/p>\n<p><strong>\u00c9tiquette de clavier<\/strong><\/p>\n<p>Cette balise \u00e0 peine connue \u00e9mule <kbd>texte du clavier<\/kbd>, qui est g\u00e9n\u00e9ralement stylis\u00e9 comme le <code><code><\/code> \u00e9tiquette.<\/p>\n<p><strong>Balise pr\u00e9format\u00e9e<\/strong><\/p>\n<p>Cette balise sert \u00e0 pr\u00e9server les espaces tels qu&#039;ils sont tap\u00e9s, comme dans la po\u00e9sie ou l&#039;art ASCII.<\/p>\n<h2>La route non emprunt\u00e9e<\/h2>\n<pre><cite>\r\nRobert Frost<\/cite>\r\n\r\n\r\n  Deux routes divergeaient dans un bois jaune, Et d\u00e9sol\u00e9 je ne pouvais pas voyager les deux (_\/) Et \u00eatre un seul voyageur, longtemps je suis rest\u00e9 (=&#039;.&#039;=) Et j&#039;en ai regard\u00e9 une aussi loin que je pouvais (&quot;&quot;)_(&quot;) Jusqu&#039;\u00e0 l&#039;endroit o\u00f9 il se penchait dans les sous-bois\u00a0; Puis prit l&#039;autre, tout aussi juste, Et ayant peut-\u00eatre le meilleur droit, |_\/| Parce que c&#039;\u00e9tait herbeux et qu&#039;il fallait porter; \/ @ @ Quoique quant \u00e0 cela le passage l\u00e0 ( &gt; \u00ba &lt; ) Les avait port\u00e9s vraiment \u00e0 peu pr\u00e8s pareils, `&gt;&gt;x&lt;&lt;\u00b4 \/ O Et les deux ce matin-l\u00e0 gisaient \u00e9galement Dans les feuilles aucun pas n&#039;avait foul\u00e9 le noir. Oh, j&#039;ai gard\u00e9 le premier pour un autre jour ! Pourtant, sachant comment un chemin m\u00e8ne \u00e0 un autre, je doutais de revenir un jour. Je dirai cela avec un soupir Quelque part dans des si\u00e8cles et des si\u00e8cles : Deux routes ont diverg\u00e9 dans un bois, et je... j&#039;ai pris la moins fr\u00e9quent\u00e9e, Et cela a fait toute la diff\u00e9rence. et voici une ligne de texte vraiment, vraiment, vraiment, vraiment long, juste pour voir comment c&#039;est trait\u00e9 et pour d\u00e9couvrir comment \u00e7a d\u00e9borde;<\/pre>\n<p><strong>\u00c9tiquette de citation<\/strong> pour les citations courtes et en ligne<\/p>\n<p><q>D\u00e9veloppeurs, d\u00e9veloppeurs, d\u00e9veloppeurs\u2026<\/q> \u2013Steve Baller<\/p>\n<p><strong>\u00c9tiquette de gr\u00e8ve<\/strong> (<em>obsol\u00e8te en HTML5<\/em>) et <strong>Balise S<\/strong><\/p>\n<p>Cette balise montre <span style=\"text-decoration: line-through;\">barr\u00e9<\/span> <s>texte<\/s>.<\/p>\n<p><strong>Petite \u00e9tiquette<\/strong><\/p>\n<p>Cette balise montre <small>plus petit<small> texte.<\/small><\/small><\/p>\n<p><strong>\u00c9tiquette forte<\/strong><\/p>\n<p>Cette balise montre <strong>texte en gras.<\/strong><\/p>\n<p><strong>Balise d&#039;indice<\/strong><\/p>\n<p>Adopter notre style scientifique avec H<sub>2<\/sub>O, ce qui devrait pousser le &quot;2&quot; vers le bas.<\/p>\n<p><strong>Balise en exposant<\/strong><\/p>\n<p>Toujours fid\u00e8le \u00e0 la science et au E = MC d&#039;Albert Einstein<sup>2<\/sup>, ce qui devrait soulever les 2 vers le haut.<\/p>\n<p><strong>\u00c9tiquette de t\u00e9l\u00e9scripteur <\/strong>(<em>obsol\u00e8te en HTML5<\/em>)<\/p>\n<p>Cette balise rarement utilis\u00e9e \u00e9mule <tt>texte de t\u00e9l\u00e9scripteur<\/tt>, qui est g\u00e9n\u00e9ralement stylis\u00e9 comme le <code><code><\/code> \u00e9tiquette.<\/p>\n<p><strong>Balise de soulignement<\/strong> <em>obsol\u00e8te en HTML 4, r\u00e9introduit en HTML5 avec d&#039;autres s\u00e9mantiques<\/em><\/p>\n<p>Cette balise montre <u>texte soulign\u00e9<\/u>.<\/p>\n<p><strong>Balise variable<\/strong><\/p>\n<p>Cela permet de d\u00e9signer <var>variables<\/var>.<\/p>\n<h2>Illumination d&#039;image<\/h2>\n<h4>Image d&#039;alignement au centre<\/h4>\n<p>Lorem ipsum dolor sit amet, consectetur adipiscing elit. Donec posuere augue quam. Proin ligula ligula, rutrum ut consectetur id, tincidunt sit amet ipsum.<\/p>\n<p><img fetchpriority=\"high\" decoding=\"async\" class=\"size-large wp-image-112 aligncenter\" src=\"http:\/\/themes.getmotopress.com\/campterra\/wp-content\/uploads\/sites\/22\/2018\/08\/camping_caravan_3-1024x718.jpg\" alt=\"\" width=\"844\" height=\"592\" \/>In sed porta lectus, auctor bibendum est. Mauris tempor fermentum nisl vel imperdiet. Donec consequat sapien ac nisl pellentesque, eget condimentum felis rhoncus.<\/p>\n<h4>Image d&#039;alignement \u00e0 gauche<\/h4>\n<p><img decoding=\"async\" class=\"alignleft size-medium wp-image-110\" src=\"http:\/\/themes.getmotopress.com\/campterra\/wp-content\/uploads\/sites\/22\/2018\/08\/camping_caravan_1-300x210.jpg\" alt=\"\" width=\"300\" height=\"210\" \/>Lorem ipsum dolor sit amet, consectetur adipiscing elit. Donec posuere augue quam. Proin ligula ligula, rutrum ut consectetur id, tincidunt sit amet ipsum. Proin magna dolor, fringilla non malesuada vitae, suscipit at est. Pellentesque ex orci, fringilla in viverra eu, interdum at eros. Vivamus \u00e0 scelerisque est.<\/p>\n<p>Quisque in justo ultrices, efficitur lorem quis, pharetra mauris. Vestibulum ante ipsum primis in faucibus orci luctus et ultrices posuere cubilia. Nunc ultricies nisl sollicitudin, maximus lacus bibendum, pharetra eros. Dans sed nibh arcu. Mauris in orci a neque posuere fermentum. Aliquam eu accumsan nulla. Phasellus tincidunt tristique arcu sed tempus. Praesent id lorem nec turpis porttitor semper. Quisque nec ligula erat. Pellentesque eu gravida lacus.<\/p>\n<p>Aliquam eu accumsan nulla. Phasellus tincidunt tristique arcu sed tempus. Praesent id Quisque interdum luctus est, ut consequat felis. Sed sagittis ipsum scelerisque, dictum nibh id, posuere augue. Integer facilisis aliquet elit, a egestas quam cursus quis. Dans Mattis volutpat arcu. Vestibulum blandit purus sed nisi elementum.<\/p>\n<h4>Image d&#039;alignement \u00e0 droite<\/h4>\n<p><img decoding=\"async\" class=\"size-medium wp-image-99 alignright\" src=\"http:\/\/themes.getmotopress.com\/campterra\/wp-content\/uploads\/sites\/22\/2018\/08\/camping_rv_0-300x210.jpg\" alt=\"\" width=\"300\" height=\"210\" \/>Lorem ipsum dolor sit amet, consectetur adipiscing elit. Donec posuere augue quam. Proin ligula ligula, rutrum ut consectetur id, tincidunt sit amet ipsum. Proin magna dolor, fringilla non malesuada vitae, suscipit at est. Pellentesque ex orci, fringilla in viverra eu, interdum at eros. Vivamus \u00e0 scelerisque est.<\/p>\n<p>Quisque in justo ultrices, efficitur lorem quis, pharetra mauris. Vestibulum ante ipsum primis in faucibus orci luctus et ultrices posuere cubilia. Nunc ultricies nisl sollicitudin, maximus lacus bibendum, pharetra eros. Dans sed nibh arcu. Mauris in orci a neque posuere fermentum. Aliquam eu accumsan nulla. Phasellus tincidunt tristique arcu sed tempus. Praesent id lorem nec turpis porttitor semper. Quisque nec ligula erat. Pellentesque eu gravida lacus.<\/p>\n<p>Aliquam eu accumsan nulla. Phasellus tincidunt tristique arcu sed tempus. Praesent id Quisque interdum luctus est, ut consequat felis. Sed sagittis ipsum scelerisque, dictum nibh id, posuere augue. Integer facilisis aliquet elit, a egestas quam cursus quis. Dans Mattis volutpat arcu. Vestibulum blandit purus sed nisi elementum.<\/p>\n<h4>Image 150 \u00d7 150, align\u00e9e \u00e0 gauche<\/h4>\n<p><img loading=\"lazy\" decoding=\"async\" class=\"alignleft size-thumbnail wp-image-73\" src=\"http:\/\/themes.getmotopress.com\/campterra\/wp-content\/uploads\/sites\/22\/2018\/08\/testimonial_02-150x150.jpg\" alt=\"\" width=\"150\" height=\"150\" \/>Lorem ipsum dolor sit amet, consectetur adipiscing elit. Donec posuere augue quam. Proin ligula ligula, rutrum ut consectetur id, tincidunt sit amet ipsum. Proin magna dolor, fringilla non malesuada vitae, suscipit at est. Pellentesque ex orci, fringilla in viverra eu, interdum at eros. Vivamus \u00e0 scelerisque est.<\/p>\n<p>Quisque in justo ultrices, efficitur lorem quis, pharetra mauris. Vestibulum ante ipsum primis in faucibus orci luctus et ultrices posuere cubilia. Nunc ultricies nisl sollicitudin, maximus lacus bibendum, pharetra eros. Dans sed nibh arcu. Mauris in orci a neque posuere fermentum. Aliquam eu accumsan nulla. Phasellus tincidunt tristique arcu sed tempus. Praesent id lorem nec turpis porttitor semper. Quisque nec ligula erat. Pellentesque eu gravida lacus.<\/p>\n<p>Aliquam eu accumsan nulla. Phasellus tincidunt tristique arcu sed tempus. Praesent id Quisque interdum luctus est, ut consequat felis. Sed sagittis ipsum scelerisque, dictum nibh id, posuere augue. Integer facilisis aliquet elit, a egestas quam cursus quis. Dans Mattis volutpat arcu. Vestibulum blandit purus sed nisi elementum.<\/p>\n<h4>Grande image<\/h4>\n<p>Lorem ipsum dolor sit amet, consectetur adipiscing elit. Donec posuere augue quam. Proin ligula ligula, rutrum ut consectetur id, tincidunt sit amet ipsum.<\/p>\n<p><img loading=\"lazy\" decoding=\"async\" class=\"size-full wp-image-111 aligncenter\" src=\"http:\/\/www.camping-beira-marvao.com\/wp-content\/uploads\/2018\/08\/camping_caravan_2.jpg\" alt=\"\" width=\"1960\" height=\"1375\" \/>In sed porta lectus, auctor bibendum est. Mauris tempor fermentum nisl vel imperdiet. Donec consequat sapien ac nisl pellentesque, eget condimentum felis rhoncus.<\/p>","protected":false},"excerpt":{"rendered":"<p>That last is no more than a foot high, and about seven paces across, a mere flat top of a grey rock which smokes like a hot cinder after a shower, and where no man would care to venture a naked sole before sunset. On the Little Isabel an old ragged palm, with a thick [&hellip;]<\/p>\n","protected":false},"author":3,"featured_media":0,"parent":0,"menu_order":0,"comment_status":"closed","ping_status":"closed","template":"","meta":{"inline_featured_image":false,"_monsterinsights_skip_tracking":false,"_monsterinsights_sitenote_active":false,"_monsterinsights_sitenote_note":"","_monsterinsights_sitenote_category":0,"footnotes":""},"class_list":["post-201","page","type-page","status-publish","hentry"],"aioseo_notices":[],"_links":{"self":[{"href":"https:\/\/campscapebeiramarvao.com\/fr\/wp-json\/wp\/v2\/pages\/201","targetHints":{"allow":["GET"]}}],"collection":[{"href":"https:\/\/campscapebeiramarvao.com\/fr\/wp-json\/wp\/v2\/pages"}],"about":[{"href":"https:\/\/campscapebeiramarvao.com\/fr\/wp-json\/wp\/v2\/types\/page"}],"author":[{"embeddable":true,"href":"https:\/\/campscapebeiramarvao.com\/fr\/wp-json\/wp\/v2\/users\/3"}],"replies":[{"embeddable":true,"href":"https:\/\/campscapebeiramarvao.com\/fr\/wp-json\/wp\/v2\/comments?post=201"}],"version-history":[{"count":0,"href":"https:\/\/campscapebeiramarvao.com\/fr\/wp-json\/wp\/v2\/pages\/201\/revisions"}],"wp:attachment":[{"href":"https:\/\/campscapebeiramarvao.com\/fr\/wp-json\/wp\/v2\/media?parent=201"}],"curies":[{"name":"wp","href":"https:\/\/api.w.org\/{rel}","templated":true}]}}