{"id":291,"date":"2018-08-30T09:08:19","date_gmt":"2018-08-30T09:08:19","guid":{"rendered":"https:\/\/themes.getmotopress.com\/campterra\/?page_id=291"},"modified":"2023-05-04T23:36:48","modified_gmt":"2023-05-04T23:36:48","slug":"terms-conditions","status":"publish","type":"page","link":"https:\/\/campscapebeiramarvao.com\/fr\/termes-et-conditions\/","title":{"rendered":"termes et conditions"},"content":{"rendered":"<p>Merci d&#039;avoir fait une r\u00e9servation. Le paiement s&#039;effectue en esp\u00e8ces au Check-out. En effectuant la r\u00e9servation, vous acceptez le r\u00e8glement du camp. Nous nous r\u00e9servons le droit de refuser ou en cas de nuisance de refuser l&#039;acc\u00e8s au camping.<\/p>\n<p>Si, pour une raison quelconque, vous souhaitez annuler, veuillez r\u00e9pondre \u00e0 votre confirmation de r\u00e9servation.<\/p>","protected":false},"excerpt":{"rendered":"<p>Thank you for making a reservation. Payment is in cash at the Check-out. By making the reservation you agree to the camp regulations. We reserve the right to refuse guests or in case of nuisance to deny guests access to the campsite. If by any reason you want to cancel, please reply to your booking [&hellip;]<\/p>\n","protected":false},"author":3,"featured_media":0,"parent":0,"menu_order":0,"comment_status":"closed","ping_status":"closed","template":"","meta":{"inline_featured_image":false,"_monsterinsights_skip_tracking":false,"_monsterinsights_sitenote_active":false,"_monsterinsights_sitenote_note":"","_monsterinsights_sitenote_category":0,"footnotes":""},"class_list":["post-291","page","type-page","status-publish","hentry"],"aioseo_notices":[],"_links":{"self":[{"href":"https:\/\/campscapebeiramarvao.com\/fr\/wp-json\/wp\/v2\/pages\/291","targetHints":{"allow":["GET"]}}],"collection":[{"href":"https:\/\/campscapebeiramarvao.com\/fr\/wp-json\/wp\/v2\/pages"}],"about":[{"href":"https:\/\/campscapebeiramarvao.com\/fr\/wp-json\/wp\/v2\/types\/page"}],"author":[{"embeddable":true,"href":"https:\/\/campscapebeiramarvao.com\/fr\/wp-json\/wp\/v2\/users\/3"}],"replies":[{"embeddable":true,"href":"https:\/\/campscapebeiramarvao.com\/fr\/wp-json\/wp\/v2\/comments?post=291"}],"version-history":[{"count":0,"href":"https:\/\/campscapebeiramarvao.com\/fr\/wp-json\/wp\/v2\/pages\/291\/revisions"}],"wp:attachment":[{"href":"https:\/\/campscapebeiramarvao.com\/fr\/wp-json\/wp\/v2\/media?parent=291"}],"curies":[{"name":"wp","href":"https:\/\/api.w.org\/{rel}","templated":true}]}}