{"id":201,"date":"2018-08-28T14:58:16","date_gmt":"2018-08-28T14:58:16","guid":{"rendered":"https:\/\/themes.getmotopress.com\/campterra\/?page_id=201"},"modified":"2021-10-19T16:10:27","modified_gmt":"2021-10-19T16:10:27","slug":"typography","status":"publish","type":"page","link":"https:\/\/campscapebeiramarvao.com\/nl\/typografie\/","title":{"rendered":"Typografie"},"content":{"rendered":"<p>Die laatste is niet meer dan een voet hoog en ongeveer zeven passen breed, slechts een platte top van een grijze rots die rookt als een hete sintel na een regenbui, en waar niemand zich voor zonsondergang op een naakte zool zou wagen. Op de Kleine Isabel laat een oude haveloze palm, met een dikke uitpuilende stam ruw met stekels, een heks tussen de palmbomen, een naargeestige bos dode bladeren ritselen boven het grove zand.<\/p>\n<h1>Rubriek 1 (H1)<\/h1>\n<p>Die laatste is niet meer dan een voet hoog en ongeveer zeven passen breed, slechts een platte top van een grijze rots die rookt als een hete sintel na een regenbui, en waar niemand zich voor zonsondergang op een naakte zool zou wagen. Op de Kleine Isabel laat een oude haveloze palm, met een dikke uitpuilende stam ruw met stekels, een heks tussen de palmbomen, een naargeestige bos dode bladeren ritselen boven het grove zand.<\/p>\n<h2>Rubriek 2 (H2)<\/h2>\n<p>Die laatste is niet meer dan een voet hoog en ongeveer zeven passen breed, slechts een platte top van een grijze rots die rookt als een hete sintel na een regenbui, en waar niemand zich voor zonsondergang op een naakte zool zou wagen. Op de Kleine Isabel laat een oude haveloze palm, met een dikke uitpuilende stam ruw met stekels, een heks tussen de palmbomen, een naargeestige bos dode bladeren ritselen boven het grove zand.<\/p>\n<h3>Rubriek 3 (H3)<\/h3>\n<p>Die laatste is niet meer dan een voet hoog en ongeveer zeven passen breed, slechts een platte top van een grijze rots die rookt als een hete sintel na een regenbui, en waar niemand zich voor zonsondergang op een naakte zool zou wagen. Op de Kleine Isabel laat een oude haveloze palm, met een dikke uitpuilende stam ruw met stekels, een heks tussen de palmbomen, een naargeestige bos dode bladeren ritselen boven het grove zand.<\/p>\n<h4>Rubriek 4 (H4)<\/h4>\n<p>Die laatste is niet meer dan een voet hoog en ongeveer zeven passen breed, slechts een platte top van een grijze rots die rookt als een hete sintel na een regenbui, en waar niemand zich voor zonsondergang op een naakte zool zou wagen. Op de Kleine Isabel laat een oude haveloze palm, met een dikke uitpuilende stam ruw met stekels, een heks tussen de palmbomen, een naargeestige bos dode bladeren ritselen boven het grove zand.<\/p>\n<h5>Rubriek 5 (H5)<\/h5>\n<p>Die laatste is niet meer dan een voet hoog en ongeveer zeven passen breed, slechts een platte top van een grijze rots die rookt als een hete sintel na een regenbui, en waar niemand zich voor zonsondergang op een naakte zool zou wagen. Op de Kleine Isabel laat een oude haveloze palm, met een dikke uitpuilende stam ruw met stekels, een heks tussen de palmbomen, een naargeestige bos dode bladeren ritselen boven het grove zand.<\/p>\n<h6>Rubriek 6 (H6)<\/h6>\n<p>Die laatste is niet meer dan een voet hoog en ongeveer zeven passen breed, slechts een platte top van een grijze rots die rookt als een hete sintel na een regenbui, en waar niemand zich voor zonsondergang op een naakte zool zou wagen. Op de Kleine Isabel laat een oude haveloze palm, met een dikke uitpuilende stam ruw met stekels, een heks tussen de palmbomen, een naargeestige bos dode bladeren ritselen boven het grove zand.<\/p>\n<h2>Blok citaten<\/h2>\n<p>Enkele regel blokcitaat:<\/p>\n<blockquote><p>Blijf hongerig. Blijf dwaas.<\/p><\/blockquote>\n<p>Blockquote van meerdere regels met een cite-referentie:<\/p>\n<blockquote cite=\"https:\/\/developer.mozilla.org\/en-US\/docs\/Web\/HTML\/Element\/blockquote\"><p>De <strong>HTML <code><blockquote><\/code> Element<\/strong> (of <em>HTML-blokofferte-element<\/em>) geeft aan dat de bijgevoegde tekst een uitgebreid citaat is. Meestal wordt dit visueel weergegeven door inspringen (zie <a href=\"https:\/\/developer.mozilla.org\/en-US\/docs\/HTML\/Element\/blockquote#Notes\">Opmerkingen:<\/a> voor hoe u dit kunt wijzigen). Een URL voor de bron van het citaat kan worden gegeven met behulp van de <strong>citeren<\/strong> attribuut, terwijl een tekstrepresentatie van de bron kan worden gegeven met behulp van de <a title=\"Het HTML Citation Element &lt;cite&gt;vertegenwoordigt een verwijzing naar een creatief werk. Het moet de titel van een werk of een URL-verwijzing bevatten, die in een verkorte vorm kan zijn volgens de conventies die worden gebruikt voor het toevoegen van citatiemetadata.&lt;\/cite&gt;\" href=\"https:\/\/developer.mozilla.org\/en-US\/docs\/Web\/HTML\/Element\/cite\"><code><cite><\/code><\/a> element.<\/p><\/blockquote>\n<p><cite>meerdere bijdragers<\/cite> \u2013 MDN HTML-elementreferentie \u2013 blockquote<\/p>\n<h2>Tafels<\/h2>\n<table>\n<thead>\n<tr>\n<th>Medewerker<\/th>\n<th>Salaris<\/th>\n<th><\/th>\n<\/tr>\n<\/thead>\n<tbody>\n<tr>\n<th><a href=\"http:\/\/example.org\/\">John Doe<\/a><\/th>\n<td>$1<\/td>\n<td>Want dat is alles wat Steve Jobs nodig had voor een salaris.<\/td>\n<\/tr>\n<tr>\n<th><a href=\"http:\/\/example.org\/\">Jane Doe<\/a><\/th>\n<td>$100K<\/td>\n<td>Voor al het bloggen dat ze doet.<\/td>\n<\/tr>\n<tr>\n<th><a href=\"http:\/\/example.org\/\">Fred Bloggs<\/a><\/th>\n<td>$100M<\/td>\n<td>Foto&#039;s zeggen meer dan duizend woorden, toch? Dus Jane x 1.000.<\/td>\n<\/tr>\n<tr>\n<th><a href=\"http:\/\/example.org\/\">Jane Blogs<\/a><\/th>\n<td>$100B<\/td>\n<td>Met zo&#039;n haar?! Genoeg gezegd\u2026<\/td>\n<\/tr>\n<\/tbody>\n<\/table>\n<h2>Definitielijsten<\/h2>\n<dl>\n<dt>Definitie Lijst Titel<\/dt>\n<dd>Definitie lijst divisie.<\/dd>\n<dt>Beginnen<\/dt>\n<dd>Een startend bedrijf of startup is een bedrijf of tijdelijke organisatie die is ontworpen om te zoeken naar een herhaalbaar en schaalbaar bedrijfsmodel.<\/dd>\n<dt>#dowork<\/dt>\n<dd>Bedacht door Rob Dyrdek en zijn persoonlijke lijfwacht Christopher &quot;Big Black&quot; Boykins, &quot;Do Work&quot; werkt als een zelfmotivator om je vrienden te motiveren.<\/dd>\n<dt>Doe het live<\/dt>\n<dd>Ik laat Bill O&#039;Reilly dat doen <a title=\"We doen het live\" href=\"https:\/\/www.youtube.com\/watch?v=O_HyZ5aW76c\">uitleggen<\/a> deze.<\/dd>\n<\/dl>\n<h2>Ongeordende lijsten (geneste)<\/h2>\n<ul>\n<li>Lijst item \u00e9\u00e9n:\n<ul>\n<li>Lijst item \u00e9\u00e9n:\n<ul>\n<li>Lijst item \u00e9\u00e9n:<\/li>\n<li>Lijstitem twee<\/li>\n<li>Lijstitem drie<\/li>\n<li>Lijstitem vier<\/li>\n<\/ul>\n<\/li>\n<li>Lijstitem twee<\/li>\n<li>Lijstitem drie<\/li>\n<li>Lijstitem vier<\/li>\n<\/ul>\n<\/li>\n<li>Lijstitem twee<\/li>\n<li>Lijstitem drie<\/li>\n<li>Lijstitem vier<\/li>\n<\/ul>\n<h2>Geordende lijst (genest)<\/h2>\n<ol start=\"8\">\n<li>Lijstitem \u00e9\u00e9n - begin bij 8\n<ol>\n<li>Lijst item \u00e9\u00e9n:\n<ol reversed=\"reversed\">\n<li>Lijstitem \u00e9\u00e9n - omgekeerd kenmerk<\/li>\n<li>Lijstitem twee<\/li>\n<li>Lijstitem drie<\/li>\n<li>Lijstitem vier<\/li>\n<\/ol>\n<\/li>\n<li>Lijstitem twee<\/li>\n<li>Lijstitem drie<\/li>\n<li>Lijstitem vier<\/li>\n<\/ol>\n<\/li>\n<li>Lijstitem twee<\/li>\n<li>Lijstitem drie<\/li>\n<li>Lijstitem vier<\/li>\n<\/ol>\n<h2>HTML-tags<\/h2>\n<p>Deze ondersteunde tags zijn afkomstig van de WordPress.com-code <a title=\"Code\" href=\"https:\/\/en.support.wordpress.com\/code\/\">FAQ<\/a>.<\/p>\n<p><strong>Adreslabel<\/strong><\/p>\n<address>1 oneindige lus<br \/>\nCupertino, CA 95014<br \/>\nVerenigde Staten<\/address>\n<p><strong>Ankertag (ook bekend als link)<\/strong><\/p>\n<p>Dit is een voorbeeld van een <a title=\"WordPress Stichting\" href=\"https:\/\/wordpressfoundation.org\/\">koppeling<\/a>.<\/p>\n<p><strong>Afkorting Tag<\/strong><\/p>\n<p>de afkorting <abbr title=\"Ernstig\">srsly<\/abbr> staat voor &quot;serieus&quot;.<\/p>\n<p><strong>Acroniem Tag (<em>verouderd in HTML5<\/em>)<\/strong><\/p>\n<p>het acroniem <acronym title=\"Voor de overwinning\">ftw<\/acronym> staat voor &quot;voor de overwinning&quot;.<\/p>\n<p><strong>Grote tag<\/strong> (<em>verouderd in HTML5<\/em>)<\/p>\n<p>Deze testen zijn een <big>groot<\/big> deal, maar deze tag wordt niet langer ondersteund in HTML5.<\/p>\n<p><strong>Citeer tag<\/strong><\/p>\n<p>&quot;Code is po\u00ebzie.&quot; \u2014<cite>Automatisch<\/cite><\/p>\n<p><strong>Codetag<\/strong><\/p>\n<p>Deze tag stijlt blokken code.<br \/>\n<code>.post-titel {<br \/>\nmarge: 0 0 5px;<br \/>\nlettergewicht: vet;<br \/>\nlettergrootte: 38px;<br \/>\nlijnhoogte: 1,2;<br \/>\nen hier is een regel met heel, heel, heel, heel lange tekst, gewoon om te zien hoe het wordt behandeld en om uit te vinden hoe het overloopt;<br \/>\n}<\/code><br \/>\nU zult later in deze tests leren dat woord-wrap: break-word; uw beste vriend zal zijn.<\/p>\n<p><strong>Tag verwijderen<\/strong><\/p>\n<p>Met deze tag kun je <del>tekst doorhalen<\/del>, maar deze tag is <em>aanbevolen<\/em> ondersteund in HTML5 (gebruik de <code><s><\/code> in plaats van).<\/p>\n<p><strong>Markeer tag<\/strong><\/p>\n<p>De tag benadrukken moet <em>cursief maken<\/em> <i>tekst<\/i>.<\/p>\n<p><strong>Tag voor horizontale regel<\/strong><\/p>\n<hr \/>\n<p>Deze zin volgt een <code>&lt;hr \/&gt;<\/code> label.<\/p>\n<p><strong>Tag invoegen<\/strong><\/p>\n<p>Deze tag moet duiden op <ins cite=\"inserted it\">ingevoegd<\/ins> tekst.<\/p>\n<p><strong>Toetsenbordtag<\/strong><\/p>\n<p>Deze nauwelijks bekende tag emuleert <kbd>toetsenbord tekst<\/kbd>, die meestal is gestileerd als de <code><code><\/code> label.<\/p>\n<p><strong>Vooraf opgemaakte tag<\/strong><\/p>\n<p>Deze tag is voor het behouden van witruimte zoals getypt, zoals in po\u00ebzie of ASCII-kunst.<\/p>\n<h2>De weg niet genomen<\/h2>\n<pre><cite>\r\nRobert Frost<\/cite>\r\n\r\n\r\n  Twee wegen liepen uiteen in een geel bos, En sorry dat ik niet beide kon reizen (_\/) En \u00e9\u00e9n reiziger zijn, lang stond ik (=&#039;.&#039;=) En keek op \u00e9\u00e9n zo ver als ik kon (&quot;)_(&quot;) Naar waar het boog in het kreupelhout; Toen nam de andere, net zo eerlijk, en misschien de betere claim, |_\/| Omdat het gras was en slijtage wilde; \/ @ @ Maar wat dat betreft het passeren daar ( &gt; \u00ba &lt; ) Had ze eigenlijk ongeveer hetzelfde gedragen, `&gt;&gt;x&lt;&lt;\u00b4 \/ O En beide lagen die ochtend gelijk In bladeren had geen stap zwart gezeten. Oh, ik heb de eerste nog een dag bewaard! Maar wetende hoe de weg tot de weg leidt, twijfelde ik of ik ooit terug zou komen. Ik zal dit met een zucht vertellen Ergens eeuwen en eeuwen later: Twee wegen liepen uiteen in een bos, en ik... ik nam de minder bereisde, en dat heeft het verschil gemaakt. en hier is een regel met heel, heel, heel, heel lange tekst, gewoon om te zien hoe het wordt behandeld en om uit te vinden hoe het overloopt;<\/pre>\n<p><strong>Citaat Tag<\/strong> voor korte, inline citaten<\/p>\n<p><q>Ontwikkelaars, ontwikkelaars, ontwikkelaars...<\/q> \u2013Steve Ballmer<\/p>\n<p><strong>Strike Tag<\/strong> (<em>verouderd in HTML5<\/em>) en <strong>S-tag<\/strong><\/p>\n<p>Deze tag toont <span style=\"text-decoration: line-through;\">doorhalen<\/span> <s>tekst<\/s>.<\/p>\n<p><strong>Kleine tag<\/strong><\/p>\n<p>Deze tag toont <small>kleiner<small> tekst.<\/small><\/small><\/p>\n<p><strong>Sterke tag<\/strong><\/p>\n<p>Deze tag toont <strong>vetgedrukte tekst.<\/strong><\/p>\n<p><strong>Abonnementstag<\/strong><\/p>\n<p>Onze wetenschappelijke styling op gang brengen met H<sub>2<\/sub>O, die de &quot;2&quot; naar beneden zou moeten duwen.<\/p>\n<p><strong>Superscript-tag<\/strong><\/p>\n<p>Nog steeds vasthouden aan de wetenschap en Albert Einstein&#039;s E = MC<sup>2<\/sup>, die de 2 zou moeten optillen.<\/p>\n<p><strong>Teletype-tag <\/strong>(<em>verouderd in HTML5<\/em>)<\/p>\n<p>Deze zelden gebruikte tag emuleert <tt>teletype tekst<\/tt>, die meestal is gestileerd als de <code><code><\/code> label.<\/p>\n<p><strong>Tag onderstrepen<\/strong> <em>verouderd in HTML 4, opnieuw ge\u00efntroduceerd in HTML5 met andere semantiek<\/em><\/p>\n<p>Deze tag toont <u>onderstreepte tekst<\/u>.<\/p>\n<p><strong>Variabele tag<\/strong><\/p>\n<p>Hiermee kunt u aangeven <var>variabelen<\/var>.<\/p>\n<h2>Beelduitlijning<\/h2>\n<h4>Afbeelding centreren<\/h4>\n<p>Lorem ipsum dolor sit amet, consectetur adipiscing elit. Donec posuere augue quam. Proin ligula ligula, rutrum ut consectetur id, tincidunt sit amet ipsum.<\/p>\n<p><img fetchpriority=\"high\" decoding=\"async\" class=\"size-large wp-image-112 aligncenter\" src=\"http:\/\/themes.getmotopress.com\/campterra\/wp-content\/uploads\/sites\/22\/2018\/08\/camping_caravan_3-1024x718.jpg\" alt=\"\" width=\"844\" height=\"592\" \/>In sed porta lectus, auctor bibendum est. Mauris tempor fermentum nisl vel imperdiet. Donec consequat sapien ac nisl pellentesque, eget condimentum felis rhoncus.<\/p>\n<h4>Afbeelding links uitgelijnd<\/h4>\n<p><img decoding=\"async\" class=\"alignleft size-medium wp-image-110\" src=\"http:\/\/themes.getmotopress.com\/campterra\/wp-content\/uploads\/sites\/22\/2018\/08\/camping_caravan_1-300x210.jpg\" alt=\"\" width=\"300\" height=\"210\" \/>Lorem ipsum dolor sit amet, consectetur adipiscing elit. Donec posuere augue quam. Proin ligula ligula, rutrum ut consectetur id, tincidunt sit amet ipsum. Proin magna dolor, fringilla non malesuada vitae, suscipit bij est. Pellentesque ex orci, fringilla in viverra eu, interdum bij eros. Vivamus bij scelerisque est.<\/p>\n<p>Quisque in justo ultrices, efficitur lorem quis, pharetra mauris. Vestibulum ante ipsum primis in faucibus orci luctus et ultrices posuere cubilia. Nunc ultricies nisl sollicitudin, maximus lacus bibendum, pharetra eros. In sed nibh arcu. Mauris in orci a neque posuere fermentum. Aliquam eu accumsan nulla. Phasellus tincidunt tristique arcused tempus. Praesent id lorem nec turpis porttitor semper. Quisque nec ligula erat. Pellentesque eu gravida lacus.<\/p>\n<p>Aliquam eu accumsan nulla. Phasellus tincidunt tristique arcused tempus. Praesent id Quisque interdum luctus est, ut consequat felis. Sed sagittis ipsum scelerisque, uitspraak nibh id, posuere augue. Integer facilisis aliquet elit, a egestas quam cursus quis. In mattis volutpat arcu. Vestibulum blandit purus sed nisi elementum.<\/p>\n<h4>Afbeelding rechts uitgelijnd<\/h4>\n<p><img decoding=\"async\" class=\"size-medium wp-image-99 alignright\" src=\"http:\/\/themes.getmotopress.com\/campterra\/wp-content\/uploads\/sites\/22\/2018\/08\/camping_rv_0-300x210.jpg\" alt=\"\" width=\"300\" height=\"210\" \/>Lorem ipsum dolor sit amet, consectetur adipiscing elit. Donec posuere augue quam. Proin ligula ligula, rutrum ut consectetur id, tincidunt sit amet ipsum. Proin magna dolor, fringilla non malesuada vitae, suscipit bij est. Pellentesque ex orci, fringilla in viverra eu, interdum bij eros. Vivamus bij scelerisque est.<\/p>\n<p>Quisque in justo ultrices, efficitur lorem quis, pharetra mauris. Vestibulum ante ipsum primis in faucibus orci luctus et ultrices posuere cubilia. Nunc ultricies nisl sollicitudin, maximus lacus bibendum, pharetra eros. In sed nibh arcu. Mauris in orci a neque posuere fermentum. Aliquam eu accumsan nulla. Phasellus tincidunt tristique arcused tempus. Praesent id lorem nec turpis porttitor semper. Quisque nec ligula erat. Pellentesque eu gravida lacus.<\/p>\n<p>Aliquam eu accumsan nulla. Phasellus tincidunt tristique arcused tempus. Praesent id Quisque interdum luctus est, ut consequat felis. Sed sagittis ipsum scelerisque, uitspraak nibh id, posuere augue. Integer facilisis aliquet elit, a egestas quam cursus quis. In mattis volutpat arcu. Vestibulum blandit purus sed nisi elementum.<\/p>\n<h4>Afbeelding 150 \u00d7 150, links uitgelijnd<\/h4>\n<p><img loading=\"lazy\" decoding=\"async\" class=\"alignleft size-thumbnail wp-image-73\" src=\"http:\/\/themes.getmotopress.com\/campterra\/wp-content\/uploads\/sites\/22\/2018\/08\/testimonial_02-150x150.jpg\" alt=\"\" width=\"150\" height=\"150\" \/>Lorem ipsum dolor sit amet, consectetur adipiscing elit. Donec posuere augue quam. Proin ligula ligula, rutrum ut consectetur id, tincidunt sit amet ipsum. Proin magna dolor, fringilla non malesuada vitae, suscipit bij est. Pellentesque ex orci, fringilla in viverra eu, interdum bij eros. Vivamus bij scelerisque est.<\/p>\n<p>Quisque in justo ultrices, efficitur lorem quis, pharetra mauris. Vestibulum ante ipsum primis in faucibus orci luctus et ultrices posuere cubilia. Nunc ultricies nisl sollicitudin, maximus lacus bibendum, pharetra eros. In sed nibh arcu. Mauris in orci a neque posuere fermentum. Aliquam eu accumsan nulla. Phasellus tincidunt tristique arcused tempus. Praesent id lorem nec turpis porttitor semper. Quisque nec ligula erat. Pellentesque eu gravida lacus.<\/p>\n<p>Aliquam eu accumsan nulla. Phasellus tincidunt tristique arcused tempus. Praesent id Quisque interdum luctus est, ut consequat felis. Sed sagittis ipsum scelerisque, uitspraak nibh id, posuere augue. Integer facilisis aliquet elit, a egestas quam cursus quis. In mattis volutpat arcu. Vestibulum blandit purus sed nisi elementum.<\/p>\n<h4>Grote afbeelding<\/h4>\n<p>Lorem ipsum dolor sit amet, consectetur adipiscing elit. Donec posuere augue quam. Proin ligula ligula, rutrum ut consectetur id, tincidunt sit amet ipsum.<\/p>\n<p><img loading=\"lazy\" decoding=\"async\" class=\"size-full wp-image-111 aligncenter\" src=\"http:\/\/www.camping-beira-marvao.com\/wp-content\/uploads\/2018\/08\/camping_caravan_2.jpg\" alt=\"\" width=\"1960\" height=\"1375\" \/>In sed porta lectus, auctor bibendum est. Mauris tempor fermentum nisl vel imperdiet. Donec consequat sapien ac nisl pellentesque, eget condimentum felis rhoncus.<\/p>","protected":false},"excerpt":{"rendered":"<p>That last is no more than a foot high, and about seven paces across, a mere flat top of a grey rock which smokes like a hot cinder after a shower, and where no man would care to venture a naked sole before sunset. On the Little Isabel an old ragged palm, with a thick [&hellip;]<\/p>\n","protected":false},"author":3,"featured_media":0,"parent":0,"menu_order":0,"comment_status":"closed","ping_status":"closed","template":"","meta":{"inline_featured_image":false,"_monsterinsights_skip_tracking":false,"_monsterinsights_sitenote_active":false,"_monsterinsights_sitenote_note":"","_monsterinsights_sitenote_category":0,"footnotes":""},"class_list":["post-201","page","type-page","status-publish","hentry"],"aioseo_notices":[],"_links":{"self":[{"href":"https:\/\/campscapebeiramarvao.com\/nl\/wp-json\/wp\/v2\/pages\/201","targetHints":{"allow":["GET"]}}],"collection":[{"href":"https:\/\/campscapebeiramarvao.com\/nl\/wp-json\/wp\/v2\/pages"}],"about":[{"href":"https:\/\/campscapebeiramarvao.com\/nl\/wp-json\/wp\/v2\/types\/page"}],"author":[{"embeddable":true,"href":"https:\/\/campscapebeiramarvao.com\/nl\/wp-json\/wp\/v2\/users\/3"}],"replies":[{"embeddable":true,"href":"https:\/\/campscapebeiramarvao.com\/nl\/wp-json\/wp\/v2\/comments?post=201"}],"version-history":[{"count":0,"href":"https:\/\/campscapebeiramarvao.com\/nl\/wp-json\/wp\/v2\/pages\/201\/revisions"}],"wp:attachment":[{"href":"https:\/\/campscapebeiramarvao.com\/nl\/wp-json\/wp\/v2\/media?parent=201"}],"curies":[{"name":"wp","href":"https:\/\/api.w.org\/{rel}","templated":true}]}}