{"id":149,"date":"2018-08-28T13:15:19","date_gmt":"2018-08-28T13:15:19","guid":{"rendered":"https:\/\/themes.getmotopress.com\/campterra\/?page_id=149"},"modified":"2025-11-21T20:25:55","modified_gmt":"2025-11-21T20:25:55","slug":"whattodo","status":"publish","type":"page","link":"https:\/\/campscapebeiramarvao.com\/pt\/o-que-fazer\/","title":{"rendered":"O que fazer e por quanto tempo"},"content":{"rendered":"<div data-elementor-type=\"wp-page\" data-elementor-id=\"149\" class=\"elementor elementor-149\">\n\t\t\t\t\t\t<section class=\"elementor-section elementor-top-section elementor-element elementor-element-4d9d6d93 elementor-section-boxed elementor-section-height-default elementor-section-height-default\" data-id=\"4d9d6d93\" data-element_type=\"section\" data-e-type=\"section\">\n\t\t\t\t\t\t<div class=\"elementor-container elementor-column-gap-default\">\n\t\t\t\t\t<div class=\"elementor-column elementor-col-100 elementor-top-column elementor-element elementor-element-7e8aa898\" data-id=\"7e8aa898\" data-element_type=\"column\" data-e-type=\"column\">\n\t\t\t<div class=\"elementor-widget-wrap elementor-element-populated\">\n\t\t\t\t\t\t<div class=\"elementor-element elementor-element-180a42ff elementor-widget elementor-widget-shortcode\" data-id=\"180a42ff\" data-element_type=\"widget\" data-e-type=\"widget\" data-widget_type=\"shortcode.default\">\n\t\t\t\t<div class=\"elementor-widget-container\">\n\t\t\t\t\t\t\t<div class=\"elementor-shortcode\">\t\t<div class=\"activities-wrapper columns-4\">\r\n\t\t\n<article id=\"post-6644\" class=\"post-6644 cptp-activity type-cptp-activity status-publish has-post-thumbnail hentry\">\n    <div class=\"activity-wrapper\">\n        <a href=\"https:\/\/campscapebeiramarvao.com\/pt\/activity\/relaxe-sinta-se-em-casa\/\" class=\"post-thumbnail\">\n            <img fetchpriority=\"high\" decoding=\"async\" width=\"891\" height=\"636\" src=\"https:\/\/campscapebeiramarvao.com\/wp-content\/uploads\/belgen-1-2-891x636.jpeg\" class=\"attachment-campterra-cropped size-campterra-cropped wp-post-image\" alt=\"\" srcset=\"https:\/\/campscapebeiramarvao.com\/wp-content\/uploads\/belgen-1-2-891x636.jpeg 891w, https:\/\/campscapebeiramarvao.com\/wp-content\/uploads\/belgen-1-2-18x12.jpeg 18w\" sizes=\"(max-width: 891px) 100vw, 891px\" \/>            <i class=\"fas fa-eye\"><\/i>\n        <\/a>\n\n        <header class=\"entry-header\">\n            <h2 class=\"entry-title\"><a href=\"https:\/\/campscapebeiramarvao.com\/pt\/activity\/relaxe-sinta-se-em-casa\/\" rel=\"bookmark\">Relaxe\u2026 Sinta-se em casa!<\/a><\/h2>        <\/header><!-- .entry-header -->\n\n        <div class=\"entry-content\">\n            <p>Claro, h\u00e1 muitas coisas para fazer nesta bela e \u00fanica parte de Portugal. Mas voc\u00ea descobrir\u00e1 que a propriedade em si \u00e9 um ref\u00fagio perfeito para relaxar e fazer... nada.  <a href=\"https:\/\/campscapebeiramarvao.com\/pt\/activity\/relaxe-sinta-se-em-casa\/#more-6644\" class=\"more-link\">Consulte Mais informa\u00e7\u00e3o<span class=\"screen-reader-text\"> \u201cRelaxe\u2026 Sinta-se em casa!\u201d<\/span><\/a><\/p>\n        <\/div><!-- .entry-content -->\n    <\/div>\n<\/article><!-- #post-6644 -->\n\n<article id=\"post-694\" class=\"post-694 cptp-activity type-cptp-activity status-publish has-post-thumbnail hentry\">\n    <div class=\"activity-wrapper\">\n        <a href=\"https:\/\/campscapebeiramarvao.com\/pt\/activity\/visite-marvao-castelo-de-vide-beira\/\" class=\"post-thumbnail\">\n            <img decoding=\"async\" width=\"891\" height=\"636\" src=\"https:\/\/campscapebeiramarvao.com\/wp-content\/uploads\/2022\/02\/camping-78-891x636.jpeg\" class=\"attachment-campterra-cropped size-campterra-cropped wp-post-image\" alt=\"\" \/>            <i class=\"fas fa-eye\"><\/i>\n        <\/a>\n\n        <header class=\"entry-header\">\n            <h2 class=\"entry-title\"><a href=\"https:\/\/campscapebeiramarvao.com\/pt\/activity\/visite-marvao-castelo-de-vide-beira\/\" rel=\"bookmark\">Visite Marv\u00e3o, Castelo de Vide, Beira e Portagem<\/a><\/h2>        <\/header><!-- .entry-header -->\n\n        <div class=\"entry-content\">\n            <p>A 9 km da nossa propriedade, voc\u00ea encontrar\u00e1 v\u00e1rias vilas e aldeias, incluindo as duas vilas-castelo de Marv\u00e3o, Castelo de Vide e a maravilhosa e antiga esta\u00e7\u00e3o ferrovi\u00e1ria na vila da Beira.  <a href=\"https:\/\/campscapebeiramarvao.com\/pt\/activity\/visite-marvao-castelo-de-vide-beira\/#more-694\" class=\"more-link\">Consulte Mais informa\u00e7\u00e3o<span class=\"screen-reader-text\"> \u201cVisite Marv\u00e3o, Castelo de Vide, Beira e Portagem\u201d<\/span><\/a><\/p>\n        <\/div><!-- .entry-content -->\n    <\/div>\n<\/article><!-- #post-694 -->\n\n<article id=\"post-689\" class=\"post-689 cptp-activity type-cptp-activity status-publish has-post-thumbnail hentry\">\n    <div class=\"activity-wrapper\">\n        <a href=\"https:\/\/campscapebeiramarvao.com\/pt\/activity\/caminhada-e-ciclismo\/\" class=\"post-thumbnail\">\n            <img decoding=\"async\" width=\"891\" height=\"636\" src=\"https:\/\/campscapebeiramarvao.com\/wp-content\/uploads\/2021\/10\/hike-3-891x636.jpeg\" class=\"attachment-campterra-cropped size-campterra-cropped wp-post-image\" alt=\"\" \/>            <i class=\"fas fa-eye\"><\/i>\n        <\/a>\n\n        <header class=\"entry-header\">\n            <h2 class=\"entry-title\"><a href=\"https:\/\/campscapebeiramarvao.com\/pt\/activity\/caminhada-e-ciclismo\/\" rel=\"bookmark\">Caminhadas e ciclismo em uma paisagem de tirar o f\u00f4lego<\/a><\/h2>        <\/header><!-- .entry-header -->\n\n        <div class=\"entry-content\">\n            <p>O Parque Natural da Serra de S\u00e3o Mamede oferece um ambiente tranquilo e perfeito para agrad\u00e1veis caminhadas e passeios de bicicleta pela paisagem deslumbrante. Veja nossa <a href=\"https:\/\/www.komoot.nl\/collection\/1365373\/-camping-beira-marvao\" target=\"_blank\" rel=\"noopener\">cole\u00e7\u00e3o de percursos pedestres e cicl\u00e1veis<\/a> no komoot. <a href=\"https:\/\/campscapebeiramarvao.com\/pt\/activity\/caminhada-e-ciclismo\/#more-689\" class=\"more-link\">Consulte Mais informa\u00e7\u00e3o<span class=\"screen-reader-text\"> \u201cCaminhadas e ciclismo numa paisagem de tirar o f\u00f4lego\u201d<\/span><\/a><\/p>\n        <\/div><!-- .entry-content -->\n    <\/div>\n<\/article><!-- #post-689 -->\n\n<article id=\"post-7692\" class=\"post-7692 cptp-activity type-cptp-activity status-publish has-post-thumbnail hentry\">\n    <div class=\"activity-wrapper\">\n        <a href=\"https:\/\/campscapebeiramarvao.com\/pt\/activity\/birdwatching-at-camping-beira-marvao-alentejo-by-paul-stancliffe\/\" class=\"post-thumbnail\">\n            <img loading=\"lazy\" decoding=\"async\" width=\"891\" height=\"636\" src=\"https:\/\/campscapebeiramarvao.com\/wp-content\/uploads\/vogels-6-891x636.jpeg\" class=\"attachment-campterra-cropped size-campterra-cropped wp-post-image\" alt=\"Grifo\" srcset=\"https:\/\/campscapebeiramarvao.com\/wp-content\/uploads\/vogels-6-891x636.jpeg 891w, https:\/\/campscapebeiramarvao.com\/wp-content\/uploads\/vogels-6-18x12.jpeg 18w\" sizes=\"(max-width: 891px) 100vw, 891px\" \/>            <i class=\"fas fa-eye\"><\/i>\n        <\/a>\n\n        <header class=\"entry-header\">\n            <h2 class=\"entry-title\"><a href=\"https:\/\/campscapebeiramarvao.com\/pt\/activity\/birdwatching-at-camping-beira-marvao-alentejo-by-paul-stancliffe\/\" rel=\"bookmark\">Observa\u00e7\u00e3o de aves no Campscape Beira Marvao Alentejo \u2013 por Paul Stancliffe<\/a><\/h2>        <\/header><!-- .entry-header -->\n\n        <div class=\"entry-content\">\n            <p>O Alentejo \u00e9 o lar de algumas aves muito especiais e a Herdade do V\u00edtor e do Ronald \u00e9 um \u00f3ptimo local para conhecer intimamente algumas delas.  <a href=\"https:\/\/campscapebeiramarvao.com\/pt\/activity\/birdwatching-at-camping-beira-marvao-alentejo-by-paul-stancliffe\/#more-7692\" class=\"more-link\">Consulte Mais informa\u00e7\u00e3o<span class=\"screen-reader-text\"> \u201cObserva\u00e7\u00e3o de aves no Campscape Beira Marv\u00e3o Alentejo \u2013 por Paul Stancliffe\u201d<\/span><\/a><\/p>\n        <\/div><!-- .entry-content -->\n    <\/div>\n<\/article><!-- #post-7692 -->\n\n<article id=\"post-1202\" class=\"post-1202 cptp-activity type-cptp-activity status-publish has-post-thumbnail hentry\">\n    <div class=\"activity-wrapper\">\n        <a href=\"https:\/\/campscapebeiramarvao.com\/pt\/activity\/natacao-e-diversao-aquatica\/\" class=\"post-thumbnail\">\n            <img loading=\"lazy\" decoding=\"async\" width=\"891\" height=\"636\" src=\"https:\/\/campscapebeiramarvao.com\/wp-content\/uploads\/2021\/02\/zwembad-1-891x636.jpeg\" class=\"attachment-campterra-cropped size-campterra-cropped wp-post-image\" alt=\"\" \/>            <i class=\"fas fa-eye\"><\/i>\n        <\/a>\n\n        <header class=\"entry-header\">\n            <h2 class=\"entry-title\"><a href=\"https:\/\/campscapebeiramarvao.com\/pt\/activity\/natacao-e-diversao-aquatica\/\" rel=\"bookmark\">Piscina, Rios e Lagos<\/a><\/h2>        <\/header><!-- .entry-header -->\n\n        <div class=\"entry-content\">\n            <p>Nosso Campscape conta com uma piscina aquecida de \u00e1gua salgada com cascata (aberta de abril a outubro). E nas proximidades da nossa propriedade, voc\u00ea encontrar\u00e1 diversas piscinas fluviais e reservat\u00f3rios para se refrescar e relaxar.  <a href=\"https:\/\/campscapebeiramarvao.com\/pt\/activity\/natacao-e-diversao-aquatica\/#more-1202\" class=\"more-link\">Consulte Mais informa\u00e7\u00e3o<span class=\"screen-reader-text\"> \u201cPiscina, Rios e Lagos\u201d<\/span><\/a><\/p>\n        <\/div><!-- .entry-content -->\n    <\/div>\n<\/article><!-- #post-1202 -->\n\n<article id=\"post-1063\" class=\"post-1063 cptp-activity type-cptp-activity status-publish has-post-thumbnail hentry\">\n    <div class=\"activity-wrapper\">\n        <a href=\"https:\/\/campscapebeiramarvao.com\/pt\/activity\/acampar-jardinagem-com-palita\/\" class=\"post-thumbnail\">\n            <img loading=\"lazy\" decoding=\"async\" width=\"891\" height=\"636\" src=\"https:\/\/campscapebeiramarvao.com\/wp-content\/uploads\/2022\/05\/campscape-3-891x636.jpeg\" class=\"attachment-campterra-cropped size-campterra-cropped wp-post-image\" alt=\"\" srcset=\"https:\/\/campscapebeiramarvao.com\/wp-content\/uploads\/2022\/05\/campscape-3-891x636.jpeg 891w, https:\/\/campscapebeiramarvao.com\/wp-content\/uploads\/2022\/05\/campscape-3-18x12.jpeg 18w\" sizes=\"(max-width: 891px) 100vw, 891px\" \/>            <i class=\"fas fa-eye\"><\/i>\n        <\/a>\n\n        <header class=\"entry-header\">\n            <h2 class=\"entry-title\"><a href=\"https:\/\/campscapebeiramarvao.com\/pt\/activity\/acampar-jardinagem-com-palita\/\" rel=\"bookmark\">Acampamento e jardinagem<\/a><\/h2>        <\/header><!-- .entry-header -->\n\n        <div class=\"entry-content\">\n            <p>Apetece arrega\u00e7ar as mangas? H\u00e1 sempre algum trabalho a fazer na propriedade.\u00a0 <a href=\"https:\/\/campscapebeiramarvao.com\/pt\/activity\/acampar-jardinagem-com-palita\/#more-1063\" class=\"more-link\">Consulte Mais informa\u00e7\u00e3o<span class=\"screen-reader-text\"> \u201cAcampamento e Jardinagem\u201d<\/span><\/a><\/p>\n        <\/div><!-- .entry-content -->\n    <\/div>\n<\/article><!-- #post-1063 -->\n\n<article id=\"post-8478\" class=\"post-8478 cptp-activity type-cptp-activity status-publish has-post-thumbnail hentry\">\n    <div class=\"activity-wrapper\">\n        <a href=\"https:\/\/campscapebeiramarvao.com\/pt\/activity\/escalada-esportiva\/\" class=\"post-thumbnail\">\n            <img loading=\"lazy\" decoding=\"async\" width=\"891\" height=\"636\" src=\"https:\/\/campscapebeiramarvao.com\/wp-content\/uploads\/camping-31-891x636.jpeg\" class=\"attachment-campterra-cropped size-campterra-cropped wp-post-image\" alt=\"arredores Campscape Beira Marv\u00e3o\" srcset=\"https:\/\/campscapebeiramarvao.com\/wp-content\/uploads\/camping-31-891x636.jpeg 891w, https:\/\/campscapebeiramarvao.com\/wp-content\/uploads\/camping-31-16x12.jpeg 16w\" sizes=\"(max-width: 891px) 100vw, 891px\" \/>            <i class=\"fas fa-eye\"><\/i>\n        <\/a>\n\n        <header class=\"entry-header\">\n            <h2 class=\"entry-title\"><a href=\"https:\/\/campscapebeiramarvao.com\/pt\/activity\/escalada-esportiva\/\" rel=\"bookmark\">Aventuras, Visitas Guiadas, Aluguer de Bicicletas<\/a><\/h2>        <\/header><!-- .entry-header -->\n\n        <div class=\"entry-content\">\n            <p>Aproveite ao m\u00e1ximo a sua visita, viva aventuras e passeios guiados com um dos nossos parceiros locais e aprenda tudo sobre a nossa regi\u00e3o (ingl\u00eas e portugu\u00eas). A Pombais Experience Marv\u00e3o oferece aluguer de bicicletas el\u00e9tricas para explorar a regi\u00e3o.<br \/> <a href=\"https:\/\/campscapebeiramarvao.com\/pt\/activity\/escalada-esportiva\/#more-8478\" class=\"more-link\">Consulte Mais informa\u00e7\u00e3o<span class=\"screen-reader-text\"> \u201cAventuras, Visitas Guiadas, Aluguer de Bicicletas\u201d<\/span><\/a><\/p>\n        <\/div><!-- .entry-content -->\n    <\/div>\n<\/article><!-- #post-8478 -->\n\n<article id=\"post-9444\" class=\"post-9444 cptp-activity type-cptp-activity status-publish has-post-thumbnail hentry\">\n    <div class=\"activity-wrapper\">\n        <a href=\"https:\/\/campscapebeiramarvao.com\/pt\/activity\/links-uteis\/\" class=\"post-thumbnail\">\n            <img loading=\"lazy\" decoding=\"async\" width=\"891\" height=\"636\" src=\"https:\/\/campscapebeiramarvao.com\/wp-content\/uploads\/reviews-5-891x636.jpeg\" class=\"attachment-campterra-cropped size-campterra-cropped wp-post-image\" alt=\"\" srcset=\"https:\/\/campscapebeiramarvao.com\/wp-content\/uploads\/reviews-5-891x636.jpeg 891w, https:\/\/campscapebeiramarvao.com\/wp-content\/uploads\/reviews-5-18x12.jpeg 18w\" sizes=\"(max-width: 891px) 100vw, 891px\" \/>            <i class=\"fas fa-eye\"><\/i>\n        <\/a>\n\n        <header class=\"entry-header\">\n            <h2 class=\"entry-title\"><a href=\"https:\/\/campscapebeiramarvao.com\/pt\/activity\/links-uteis\/\" rel=\"bookmark\">Quanto tempo devemos ficar?<\/a><\/h2>        <\/header><!-- .entry-header -->\n\n        <div class=\"entry-content\">\n            <p>Os h\u00f3spedes que nos visitam pela primeira vez geralmente est\u00e3o em tr\u00e2nsito de ou para destinos tur\u00edsticos mais \u00f3bvios (Algarve e Costa de Prata) e reservam apenas duas noites (porque essa \u00e9 a estadia m\u00ednima). Mas isso n\u00e3o \u00e9 suficiente...<br \/> <a href=\"https:\/\/campscapebeiramarvao.com\/pt\/activity\/links-uteis\/#more-9444\" class=\"more-link\">Consulte Mais informa\u00e7\u00e3o<span class=\"screen-reader-text\"> \u201cQuanto tempo devemos ficar?\u201d<\/span><\/a><\/p>\n        <\/div><!-- .entry-content -->\n    <\/div>\n<\/article><!-- #post-9444 -->\n\t\t<\/div>\r\n\t\t<\/div>\n\t\t\t\t\t\t<\/div>\n\t\t\t\t<\/div>\n\t\t\t\t\t<\/div>\n\t\t<\/div>\n\t\t\t\t\t<\/div>\n\t\t<\/section>\n\t\t\t\t<\/div>","protected":false},"excerpt":{"rendered":"","protected":false},"author":3,"featured_media":7467,"parent":0,"menu_order":0,"comment_status":"closed","ping_status":"closed","template":"template-page-wide.php","meta":{"inline_featured_image":false,"_monsterinsights_skip_tracking":false,"_monsterinsights_sitenote_active":false,"_monsterinsights_sitenote_note":"","_monsterinsights_sitenote_category":0,"footnotes":""},"class_list":["post-149","page","type-page","status-publish","has-post-thumbnail","hentry"],"aioseo_notices":[],"_links":{"self":[{"href":"https:\/\/campscapebeiramarvao.com\/pt\/wp-json\/wp\/v2\/pages\/149","targetHints":{"allow":["GET"]}}],"collection":[{"href":"https:\/\/campscapebeiramarvao.com\/pt\/wp-json\/wp\/v2\/pages"}],"about":[{"href":"https:\/\/campscapebeiramarvao.com\/pt\/wp-json\/wp\/v2\/types\/page"}],"author":[{"embeddable":true,"href":"https:\/\/campscapebeiramarvao.com\/pt\/wp-json\/wp\/v2\/users\/3"}],"replies":[{"embeddable":true,"href":"https:\/\/campscapebeiramarvao.com\/pt\/wp-json\/wp\/v2\/comments?post=149"}],"version-history":[{"count":0,"href":"https:\/\/campscapebeiramarvao.com\/pt\/wp-json\/wp\/v2\/pages\/149\/revisions"}],"wp:featuredmedia":[{"embeddable":true,"href":"https:\/\/campscapebeiramarvao.com\/pt\/wp-json\/wp\/v2\/media\/7467"}],"wp:attachment":[{"href":"https:\/\/campscapebeiramarvao.com\/pt\/wp-json\/wp\/v2\/media?parent=149"}],"curies":[{"name":"wp","href":"https:\/\/api.w.org\/{rel}","templated":true}]}}