{"id":201,"date":"2018-08-28T14:58:16","date_gmt":"2018-08-28T14:58:16","guid":{"rendered":"https:\/\/themes.getmotopress.com\/campterra\/?page_id=201"},"modified":"2021-10-19T16:10:27","modified_gmt":"2021-10-19T16:10:27","slug":"typography","status":"publish","type":"page","link":"https:\/\/campscapebeiramarvao.com\/pt\/tipografia\/","title":{"rendered":"Tipografia"},"content":{"rendered":"<p>Este \u00faltimo n\u00e3o tem mais de trinta cent\u00edmetros de altura e cerca de sete passos de di\u00e2metro, um mero topo plano de uma rocha cinzenta que fumega como uma cinza quente depois de uma chuva, e onde nenhum homem se arriscaria a arriscar uma sola nua antes do p\u00f4r do sol. Na Pequena Isabel uma velha palmeira esfarrapada, de grosso tronco volumoso \u00e1spero de espinhos, muito feiticeira entre palmeiras, farfalha um l\u00fagubre ramalhete de folhas mortas sobre a areia grossa.<\/p>\n<h1>T\u00edtulo 1 (H1)<\/h1>\n<p>Este \u00faltimo n\u00e3o tem mais de trinta cent\u00edmetros de altura e cerca de sete passos de di\u00e2metro, um mero topo plano de uma rocha cinzenta que fumega como uma cinza quente depois de uma chuva, e onde nenhum homem se arriscaria a arriscar uma sola nua antes do p\u00f4r do sol. Na Pequena Isabel uma velha palmeira esfarrapada, de grosso tronco volumoso \u00e1spero de espinhos, muito feiticeira entre palmeiras, farfalha um l\u00fagubre ramalhete de folhas mortas sobre a areia grossa.<\/p>\n<h2>T\u00edtulo 2 (H2)<\/h2>\n<p>Este \u00faltimo n\u00e3o tem mais de trinta cent\u00edmetros de altura e cerca de sete passos de di\u00e2metro, um mero topo plano de uma rocha cinzenta que fumega como uma cinza quente depois de uma chuva, e onde nenhum homem se arriscaria a arriscar uma sola nua antes do p\u00f4r do sol. Na Pequena Isabel uma velha palmeira esfarrapada, de grosso tronco volumoso \u00e1spero de espinhos, muito feiticeira entre palmeiras, farfalha um l\u00fagubre ramalhete de folhas mortas sobre a areia grossa.<\/p>\n<h3>Rubrica 3 (H3)<\/h3>\n<p>Este \u00faltimo n\u00e3o tem mais de trinta cent\u00edmetros de altura e cerca de sete passos de di\u00e2metro, um mero topo plano de uma rocha cinzenta que fumega como uma cinza quente depois de uma chuva, e onde nenhum homem se arriscaria a arriscar uma sola nua antes do p\u00f4r do sol. Na Pequena Isabel uma velha palmeira esfarrapada, de grosso tronco volumoso \u00e1spero de espinhos, muito feiticeira entre palmeiras, farfalha um l\u00fagubre ramalhete de folhas mortas sobre a areia grossa.<\/p>\n<h4>T\u00edtulo 4 (H4)<\/h4>\n<p>Este \u00faltimo n\u00e3o tem mais de trinta cent\u00edmetros de altura e cerca de sete passos de di\u00e2metro, um mero topo plano de uma rocha cinzenta que fumega como uma cinza quente depois de uma chuva, e onde nenhum homem se arriscaria a arriscar uma sola nua antes do p\u00f4r do sol. Na Pequena Isabel uma velha palmeira esfarrapada, de grosso tronco volumoso \u00e1spero de espinhos, muito feiticeira entre palmeiras, farfalha um l\u00fagubre ramalhete de folhas mortas sobre a areia grossa.<\/p>\n<h5>Rubrica 5 (H5)<\/h5>\n<p>Este \u00faltimo n\u00e3o tem mais de trinta cent\u00edmetros de altura e cerca de sete passos de di\u00e2metro, um mero topo plano de uma rocha cinzenta que fumega como uma cinza quente depois de uma chuva, e onde nenhum homem se arriscaria a arriscar uma sola nua antes do p\u00f4r do sol. Na Pequena Isabel uma velha palmeira esfarrapada, de grosso tronco volumoso \u00e1spero de espinhos, muito feiticeira entre palmeiras, farfalha um l\u00fagubre ramalhete de folhas mortas sobre a areia grossa.<\/p>\n<h6>Rubrica 6 (H6)<\/h6>\n<p>Este \u00faltimo n\u00e3o tem mais de trinta cent\u00edmetros de altura e cerca de sete passos de di\u00e2metro, um mero topo plano de uma rocha cinzenta que fumega como uma cinza quente depois de uma chuva, e onde nenhum homem se arriscaria a arriscar uma sola nua antes do p\u00f4r do sol. Na Pequena Isabel uma velha palmeira esfarrapada, de grosso tronco volumoso \u00e1spero de espinhos, muito feiticeira entre palmeiras, farfalha um l\u00fagubre ramalhete de folhas mortas sobre a areia grossa.<\/p>\n<h2>Cita\u00e7\u00f5es em bloco<\/h2>\n<p>Cita\u00e7\u00e3o de bloco de linha \u00fanica:<\/p>\n<blockquote><p>Permane\u00e7a faminto. Permane\u00e7a tolo.<\/p><\/blockquote>\n<p>Cita\u00e7\u00e3o em bloco de v\u00e1rias linhas com uma refer\u00eancia de cita\u00e7\u00e3o:<\/p>\n<blockquote cite=\"https:\/\/developer.mozilla.org\/en-US\/docs\/Web\/HTML\/Element\/blockquote\"><p>o <strong>HTML <code><blockquote><\/code> Elemento<\/strong> (ou <em>Elemento de cota\u00e7\u00e3o de bloco HTML<\/em>) indica que o texto inclu\u00eddo \u00e9 uma cita\u00e7\u00e3o estendida. Normalmente, isso \u00e9 renderizado visualmente por recuo (consulte <a href=\"https:\/\/developer.mozilla.org\/en-US\/docs\/HTML\/Element\/blockquote#Notes\">Notas<\/a> para saber como alter\u00e1-lo). Um URL para a fonte da cota\u00e7\u00e3o pode ser fornecido usando o <strong>citar<\/strong> atributo, enquanto uma representa\u00e7\u00e3o de texto da fonte pode ser dada usando o atributo <a title=\"O HTML Citation Element &lt;cite&gt;representa uma refer\u00eancia a um trabalho criativo. Deve incluir o t\u00edtulo de um trabalho ou uma refer\u00eancia de URL, que pode estar de forma abreviada de acordo com as conven\u00e7\u00f5es utilizadas para a adi\u00e7\u00e3o de metadados de cita\u00e7\u00e3o.&lt;\/cite&gt;\" href=\"https:\/\/developer.mozilla.org\/en-US\/docs\/Web\/HTML\/Element\/cite\"><code><cite><\/code><\/a> elemento.<\/p><\/blockquote>\n<p><cite>v\u00e1rios colaboradores<\/cite> \u2013 Refer\u00eancia de elemento HTML MDN \u2013 blockquote<\/p>\n<h2>Tabelas<\/h2>\n<table>\n<thead>\n<tr>\n<th>Empregado<\/th>\n<th>Sal\u00e1rio<\/th>\n<th><\/th>\n<\/tr>\n<\/thead>\n<tbody>\n<tr>\n<th><a href=\"http:\/\/example.org\/\">John Doe<\/a><\/th>\n<td>$1<\/td>\n<td>Porque isso \u00e9 tudo que Steve Jobs precisava para um sal\u00e1rio.<\/td>\n<\/tr>\n<tr>\n<th><a href=\"http:\/\/example.org\/\">Jane Doe<\/a><\/th>\n<td>$100K<\/td>\n<td>Por todos os blogs que ela faz.<\/td>\n<\/tr>\n<tr>\n<th><a href=\"http:\/\/example.org\/\">Fred Bloggs<\/a><\/th>\n<td>$100M<\/td>\n<td>Imagens valem mais que mil palavras, certo? Ent\u00e3o Jane x 1.000.<\/td>\n<\/tr>\n<tr>\n<th><a href=\"http:\/\/example.org\/\">Jane Bloggs<\/a><\/th>\n<td>$100B<\/td>\n<td>Com o cabelo assim?! Chega de dizer\u2026<\/td>\n<\/tr>\n<\/tbody>\n<\/table>\n<h2>Listas de defini\u00e7\u00e3o<\/h2>\n<dl>\n<dt>T\u00edtulo da lista de defini\u00e7\u00f5es<\/dt>\n<dd>Divis\u00e3o da lista de defini\u00e7\u00e3o.<\/dd>\n<dt>Comece<\/dt>\n<dd>Uma startup ou startup \u00e9 uma empresa ou organiza\u00e7\u00e3o tempor\u00e1ria projetada para buscar um modelo de neg\u00f3cios repet\u00edvel e escal\u00e1vel.<\/dd>\n<dt>#dotrabalho<\/dt>\n<dd>Cunhado por Rob Dyrdek e seu guarda-costas pessoal Christopher \u201cBig Black\u201d Boykins, \u201cDo Work\u201d funciona como um auto-motivador, para motivar seus amigos.<\/dd>\n<dt>Fa\u00e7a ao vivo<\/dt>\n<dd>vou deixar Bill O&#039;Reilly vai <a title=\"Faremos Ao Vivo\" href=\"https:\/\/www.youtube.com\/watch?v=O_HyZ5aW76c\">explique<\/a> Este.<\/dd>\n<\/dl>\n<h2>Listas n\u00e3o ordenadas (aninhadas)<\/h2>\n<ul>\n<li>Item da lista um\n<ul>\n<li>Item da lista um\n<ul>\n<li>Item da lista um<\/li>\n<li>Listar item dois<\/li>\n<li>Listar item tr\u00eas<\/li>\n<li>Listar item quatro<\/li>\n<\/ul>\n<\/li>\n<li>Listar item dois<\/li>\n<li>Listar item tr\u00eas<\/li>\n<li>Listar item quatro<\/li>\n<\/ul>\n<\/li>\n<li>Listar item dois<\/li>\n<li>Listar item tr\u00eas<\/li>\n<li>Listar item quatro<\/li>\n<\/ul>\n<h2>Lista ordenada (aninhada)<\/h2>\n<ol start=\"8\">\n<li>Item da lista um - comece em 8\n<ol>\n<li>Item da lista um\n<ol reversed=\"reversed\">\n<li>Atributo invertido do item um da lista<\/li>\n<li>Listar item dois<\/li>\n<li>Listar item tr\u00eas<\/li>\n<li>Listar item quatro<\/li>\n<\/ol>\n<\/li>\n<li>Listar item dois<\/li>\n<li>Listar item tr\u00eas<\/li>\n<li>Listar item quatro<\/li>\n<\/ol>\n<\/li>\n<li>Listar item dois<\/li>\n<li>Listar item tr\u00eas<\/li>\n<li>Listar item quatro<\/li>\n<\/ol>\n<h2>Tags HTML<\/h2>\n<p>Essas tags suportadas v\u00eam do c\u00f3digo WordPress.com <a title=\"C\u00f3digo\" href=\"https:\/\/en.support.wordpress.com\/code\/\">Perguntas frequentes<\/a>.<\/p>\n<p><strong>Etiqueta de endere\u00e7o<\/strong><\/p>\n<address>1 Loop Infinito<br \/>\nCupertino, CA 95014<br \/>\nEstados Unidos<\/address>\n<p><strong>Marca de \u00e2ncora (tamb\u00e9m conhecida como Link)<\/strong><\/p>\n<p>Este \u00e9 um exemplo de um <a title=\"Funda\u00e7\u00e3o WordPress\" href=\"https:\/\/wordpressfoundation.org\/\">link<\/a>.<\/p>\n<p><strong>Etiqueta de abreviatura<\/strong><\/p>\n<p>A abreviatura <abbr title=\"Seriamente\">s\u00e9rio<\/abbr> significa &quot;s\u00e9rio&quot;.<\/p>\n<p><strong>Marca de sigla (<em>obsoleto em HTML5<\/em>)<\/strong><\/p>\n<p>A sigla <acronym title=\"Para a vit\u00f3ria\">ftw<\/acronym> significa &quot;para a vit\u00f3ria&quot;.<\/p>\n<p><strong>Grande Tag<\/strong> (<em>obsoleto em HTML5<\/em>)<\/p>\n<p>Esses testes s\u00e3o um <big>grande<\/big> deal, mas essa tag n\u00e3o \u00e9 mais compat\u00edvel com HTML5.<\/p>\n<p><strong>Citar Tag<\/strong><\/p>\n<p>\u201cC\u00f3digo \u00e9 poesia.\u201d \u2014<cite>Autom\u00e1tico<\/cite><\/p>\n<p><strong>C\u00f3digo da etiqueta<\/strong><\/p>\n<p>Essa tag estiliza blocos de c\u00f3digo.<br \/>\n<code>.post-t\u00edtulo {<br \/>\nmargem: 0 0 5px;<br \/>\nintensidade da fonte: Negrito;<br \/>\ntamanho da fonte: 38px;<br \/>\naltura da linha: 1,2;<br \/>\ne aqui est\u00e1 uma linha de algum texto muito, muito, muito, muito longo, apenas para ver como ele \u00e9 tratado e descobrir como ele transborda;<br \/>\n}<\/code><br \/>\nVoc\u00ea aprender\u00e1 mais tarde nestes testes que quebra-palavras: quebra-palavras;ser\u00e1 seu melhor amigo.<\/p>\n<p><strong>Excluir etiqueta<\/strong><\/p>\n<p>Esta etiqueta permitir\u00e1 que voc\u00ea <del>riscar texto<\/del>, mas esta etiqueta \u00e9 <em>recomendado<\/em> suportado em HTML5 (use o <code><s><\/code> em vez de).<\/p>\n<p><strong>Marca de \u00eanfase<\/strong><\/p>\n<p>A marca de \u00eanfase deve <em>it\u00e1lico<\/em> <i>texto<\/i>.<\/p>\n<p><strong>Etiqueta de regra horizontal<\/strong><\/p>\n<hr \/>\n<p>Esta frase segue uma <code>&lt;hr \/&gt;<\/code> marca\u00e7\u00e3o.<\/p>\n<p><strong>Inserir etiqueta<\/strong><\/p>\n<p>Esta etiqueta deve denotar <ins cite=\"inserted it\">inserido<\/ins> texto.<\/p>\n<p><strong>Etiqueta do teclado<\/strong><\/p>\n<p>Esta tag pouco conhecida emula <kbd>texto do teclado<\/kbd>, que geralmente \u00e9 estilizado como o <code><code><\/code> marca\u00e7\u00e3o.<\/p>\n<p><strong>Etiqueta pr\u00e9-formatada<\/strong><\/p>\n<p>Essa tag \u00e9 para preservar o espa\u00e7o em branco conforme digitado, como em poesia ou arte ASCII.<\/p>\n<h2>A estrada n\u00e3o percorrida<\/h2>\n<pre><cite>\r\nRobert Frost<\/cite>\r\n\r\n\r\n  Duas estradas divergiram em uma floresta amarela, E desculpe n\u00e3o poder viajar as duas (_\/) E ser um viajante, por muito tempo eu parei (=&#039;.&#039;=) E olhei para baixo um o mais longe que pude (&quot;)_(&quot;) Para onde se curvava na vegeta\u00e7\u00e3o rasteira; Ent\u00e3o pegou o outro, t\u00e3o justo quanto, E tendo talvez a melhor reivindica\u00e7\u00e3o, |_\/| Porque era gramado e queria desgaste; \/ @ @ Embora quanto a que a passagem l\u00e1 ( &gt; \u00ba &lt; ) os tivesse usado realmente sobre o mesmo, `&gt;&gt;x&lt;&lt;\u00b4 \/ O E ambos naquela manh\u00e3 igualmente jaziam Em folhas que nenhum passo havia pisado preto. Oh, eu guardei o primeiro para outro dia! No entanto, sabendo como o caminho leva ao caminho, duvidei se algum dia deveria voltar. Estarei contando isso com um suspiro Em algum lugar daqui a eras e eras: Duas estradas divergiram em uma floresta, e eu... peguei a menos percorrida, E isso fez toda a diferen\u00e7a. e aqui est\u00e1 uma linha de algum texto muito, muito, muito, muito longo, apenas para ver como ele \u00e9 tratado e descobrir como ele transborda;<\/pre>\n<p><strong>Etiqueta de cota\u00e7\u00e3o<\/strong> para cita\u00e7\u00f5es curtas e em linha<\/p>\n<p><q>Desenvolvedores, desenvolvedores, desenvolvedores\u2026<\/q> \u2013Steve Ballmer<\/p>\n<p><strong>Strike Tag<\/strong> (<em>obsoleto em HTML5<\/em>) e <strong>Etiqueta S<\/strong><\/p>\n<p>Esta etiqueta mostra <span style=\"text-decoration: line-through;\">tachado<\/span> <s>texto<\/s>.<\/p>\n<p><strong>Etiqueta pequena<\/strong><\/p>\n<p>Esta etiqueta mostra <small>menor<small> texto.<\/small><\/small><\/p>\n<p><strong>Marca forte<\/strong><\/p>\n<p>Esta etiqueta mostra <strong>texto em negrito.<\/strong><\/p>\n<p><strong>Tag de subscrito<\/strong><\/p>\n<p>Colocando nosso estilo cient\u00edfico em pr\u00e1tica com H<sub>2<\/sub>O, que deve empurrar o \u201c2\u201d para baixo.<\/p>\n<p><strong>Tag sobrescrito<\/strong><\/p>\n<p>Ainda aderindo \u00e0 ci\u00eancia e ao E = MC de Albert Einstein<sup>2<\/sup>, que deve levantar os 2.<\/p>\n<p><strong>Etiqueta de teletipo <\/strong>(<em>obsoleto em HTML5<\/em>)<\/p>\n<p>Esta tag raramente usada emula <tt>texto de teletipo<\/tt>, que geralmente \u00e9 estilizado como o <code><code><\/code> marca\u00e7\u00e3o.<\/p>\n<p><strong>Marca de sublinhado<\/strong> <em>obsoleto em HTML 4, reintroduzido em HTML5 com outras sem\u00e2nticas<\/em><\/p>\n<p>Esta etiqueta mostra <u>texto sublinhado<\/u>.<\/p>\n<p><strong>Tag vari\u00e1vel<\/strong><\/p>\n<p>Isso permite denotar <var>vari\u00e1veis<\/var>.<\/p>\n<h2>Deslocamento da imagem<\/h2>\n<h4>Imagem de alinhamento central<\/h4>\n<p>Lorem ipsum dolor sit amet, consectetur adipiscing elit. Donec posuere augue quam. Proin ligula ligula, rutrum ut consectetur id, tincidunt sit amet ipsum.<\/p>\n<p><img fetchpriority=\"high\" decoding=\"async\" class=\"size-large wp-image-112 aligncenter\" src=\"http:\/\/themes.getmotopress.com\/campterra\/wp-content\/uploads\/sites\/22\/2018\/08\/camping_caravan_3-1024x718.jpg\" alt=\"\" width=\"844\" height=\"592\" \/>Em sed porta lectus, auctor bibendum est. Mauris tempor fermentum nisl vel imperdiet. Donec consequat sapien ac nisl pellentesque, eget condimentum felis rhoncus.<\/p>\n<h4>Imagem de alinhamento \u00e0 esquerda<\/h4>\n<p><img decoding=\"async\" class=\"alignleft size-medium wp-image-110\" src=\"http:\/\/themes.getmotopress.com\/campterra\/wp-content\/uploads\/sites\/22\/2018\/08\/camping_caravan_1-300x210.jpg\" alt=\"\" width=\"300\" height=\"210\" \/>Lorem ipsum dolor sit amet, consectetur adipiscing elit. Donec posuere augue quam. Proin ligula ligula, rutrum ut consectetur id, tincidunt sit amet ipsum. Proin magna dolor, fringilla non maleuada vitae, suscipit at est. Pellentesque ex orci, fringilla in viverra eu, interdum at eros. Vivamus em scelerisque est.<\/p>\n<p>Quisque em justo ultrices, efficitur lorem quis, pharetra mauris. Vestibulum ante ipsum primis in faucibus orci luctus et ultrices posuere cubilia. Nunc ultricies nisl sollicitudin, maximus lacus bibendum, pharetra eros. Em sed nibh arcu. Mauris in orci a neque posuere fermentum. Aliquam eu accumsan nulla. Phasellus tincidunt tristique arcu sed tempus. Praesent id lorem nec turpis porttitor sempre. Quisque nec ligula erat. Pellentesque eu gravida lacus.<\/p>\n<p>Aliquam eu accumsan nulla. Phasellus tincidunt tristique arcu sed tempus. Praesent id Quisque interdum luctus est, ut consequat felis. Sed sagittis ipsum scelerisque, dictum nibh id, posuere augue. Integer facilisis aliquet elit, a egestas quam cursus quis. Em mattis volutpat arcu. Vestibulum blandit purus sed nisi elementum.<\/p>\n<h4>Imagem de alinhamento \u00e0 direita<\/h4>\n<p><img decoding=\"async\" class=\"size-medium wp-image-99 alignright\" src=\"http:\/\/themes.getmotopress.com\/campterra\/wp-content\/uploads\/sites\/22\/2018\/08\/camping_rv_0-300x210.jpg\" alt=\"\" width=\"300\" height=\"210\" \/>Lorem ipsum dolor sit amet, consectetur adipiscing elit. Donec posuere augue quam. Proin ligula ligula, rutrum ut consectetur id, tincidunt sit amet ipsum. Proin magna dolor, fringilla non maleuada vitae, suscipit at est. Pellentesque ex orci, fringilla in viverra eu, interdum at eros. Vivamus em scelerisque est.<\/p>\n<p>Quisque em justo ultrices, efficitur lorem quis, pharetra mauris. Vestibulum ante ipsum primis in faucibus orci luctus et ultrices posuere cubilia. Nunc ultricies nisl sollicitudin, maximus lacus bibendum, pharetra eros. Em sed nibh arcu. Mauris in orci a neque posuere fermentum. Aliquam eu accumsan nulla. Phasellus tincidunt tristique arcu sed tempus. Praesent id lorem nec turpis porttitor sempre. Quisque nec ligula erat. Pellentesque eu gravida lacus.<\/p>\n<p>Aliquam eu accumsan nulla. Phasellus tincidunt tristique arcu sed tempus. Praesent id Quisque interdum luctus est, ut consequat felis. Sed sagittis ipsum scelerisque, dictum nibh id, posuere augue. Integer facilisis aliquet elit, a egestas quam cursus quis. Em mattis volutpat arcu. Vestibulum blandit purus sed nisi elementum.<\/p>\n<h4>Imagem 150 \u00d7 150, que \u00e9 alinhada \u00e0 esquerda<\/h4>\n<p><img loading=\"lazy\" decoding=\"async\" class=\"alignleft size-thumbnail wp-image-73\" src=\"http:\/\/themes.getmotopress.com\/campterra\/wp-content\/uploads\/sites\/22\/2018\/08\/testimonial_02-150x150.jpg\" alt=\"\" width=\"150\" height=\"150\" \/>Lorem ipsum dolor sit amet, consectetur adipiscing elit. Donec posuere augue quam. Proin ligula ligula, rutrum ut consectetur id, tincidunt sit amet ipsum. Proin magna dolor, fringilla non maleuada vitae, suscipit at est. Pellentesque ex orci, fringilla in viverra eu, interdum at eros. Vivamus em scelerisque est.<\/p>\n<p>Quisque em justo ultrices, efficitur lorem quis, pharetra mauris. Vestibulum ante ipsum primis in faucibus orci luctus et ultrices posuere cubilia. Nunc ultricies nisl sollicitudin, maximus lacus bibendum, pharetra eros. Em sed nibh arcu. Mauris in orci a neque posuere fermentum. Aliquam eu accumsan nulla. Phasellus tincidunt tristique arcu sed tempus. Praesent id lorem nec turpis porttitor sempre. Quisque nec ligula erat. Pellentesque eu gravida lacus.<\/p>\n<p>Aliquam eu accumsan nulla. Phasellus tincidunt tristique arcu sed tempus. Praesent id Quisque interdum luctus est, ut consequat felis. Sed sagittis ipsum scelerisque, dictum nibh id, posuere augue. Integer facilisis aliquet elit, a egestas quam cursus quis. Em mattis volutpat arcu. Vestibulum blandit purus sed nisi elementum.<\/p>\n<h4>Imagem grande<\/h4>\n<p>Lorem ipsum dolor sit amet, consectetur adipiscing elit. Donec posuere augue quam. Proin ligula ligula, rutrum ut consectetur id, tincidunt sit amet ipsum.<\/p>\n<p><img loading=\"lazy\" decoding=\"async\" class=\"size-full wp-image-111 aligncenter\" src=\"http:\/\/www.camping-beira-marvao.com\/wp-content\/uploads\/2018\/08\/camping_caravan_2.jpg\" alt=\"\" width=\"1960\" height=\"1375\" \/>Em sed porta lectus, auctor bibendum est. Mauris tempor fermentum nisl vel imperdiet. Donec consequat sapien ac nisl pellentesque, eget condimentum felis rhoncus.<\/p>","protected":false},"excerpt":{"rendered":"<p>That last is no more than a foot high, and about seven paces across, a mere flat top of a grey rock which smokes like a hot cinder after a shower, and where no man would care to venture a naked sole before sunset. On the Little Isabel an old ragged palm, with a thick [&hellip;]<\/p>\n","protected":false},"author":3,"featured_media":0,"parent":0,"menu_order":0,"comment_status":"closed","ping_status":"closed","template":"","meta":{"inline_featured_image":false,"_monsterinsights_skip_tracking":false,"_monsterinsights_sitenote_active":false,"_monsterinsights_sitenote_note":"","_monsterinsights_sitenote_category":0,"footnotes":""},"class_list":["post-201","page","type-page","status-publish","hentry"],"aioseo_notices":[],"_links":{"self":[{"href":"https:\/\/campscapebeiramarvao.com\/pt\/wp-json\/wp\/v2\/pages\/201","targetHints":{"allow":["GET"]}}],"collection":[{"href":"https:\/\/campscapebeiramarvao.com\/pt\/wp-json\/wp\/v2\/pages"}],"about":[{"href":"https:\/\/campscapebeiramarvao.com\/pt\/wp-json\/wp\/v2\/types\/page"}],"author":[{"embeddable":true,"href":"https:\/\/campscapebeiramarvao.com\/pt\/wp-json\/wp\/v2\/users\/3"}],"replies":[{"embeddable":true,"href":"https:\/\/campscapebeiramarvao.com\/pt\/wp-json\/wp\/v2\/comments?post=201"}],"version-history":[{"count":0,"href":"https:\/\/campscapebeiramarvao.com\/pt\/wp-json\/wp\/v2\/pages\/201\/revisions"}],"wp:attachment":[{"href":"https:\/\/campscapebeiramarvao.com\/pt\/wp-json\/wp\/v2\/media?parent=201"}],"curies":[{"name":"wp","href":"https:\/\/api.w.org\/{rel}","templated":true}]}}