{"id":291,"date":"2018-08-30T09:08:19","date_gmt":"2018-08-30T09:08:19","guid":{"rendered":"https:\/\/themes.getmotopress.com\/campterra\/?page_id=291"},"modified":"2023-05-04T23:36:48","modified_gmt":"2023-05-04T23:36:48","slug":"terms-conditions","status":"publish","type":"page","link":"https:\/\/campscapebeiramarvao.com\/pt\/termos-e-condicoes\/","title":{"rendered":"termos e Condi\u00e7\u00f5es"},"content":{"rendered":"<p>Obrigado por fazer uma reserva. O pagamento \u00e9 em dinheiro no Check-out. Ao fazer a reserva, voc\u00ea concorda com os regulamentos do acampamento. Reservamo-nos o direito de recusar convidados ou, em caso de inc\u00f4modo, negar o acesso de convidados ao acampamento.<\/p>\n<p>Se por algum motivo voc\u00ea quiser cancelar, por favor, responda \u00e0 sua confirma\u00e7\u00e3o de reserva.<\/p>","protected":false},"excerpt":{"rendered":"<p>Thank you for making a reservation. Payment is in cash at the Check-out. By making the reservation you agree to the camp regulations. We reserve the right to refuse guests or in case of nuisance to deny guests access to the campsite. If by any reason you want to cancel, please reply to your booking [&hellip;]<\/p>\n","protected":false},"author":3,"featured_media":0,"parent":0,"menu_order":0,"comment_status":"closed","ping_status":"closed","template":"","meta":{"inline_featured_image":false,"_monsterinsights_skip_tracking":false,"_monsterinsights_sitenote_active":false,"_monsterinsights_sitenote_note":"","_monsterinsights_sitenote_category":0,"footnotes":""},"class_list":["post-291","page","type-page","status-publish","hentry"],"aioseo_notices":[],"_links":{"self":[{"href":"https:\/\/campscapebeiramarvao.com\/pt\/wp-json\/wp\/v2\/pages\/291","targetHints":{"allow":["GET"]}}],"collection":[{"href":"https:\/\/campscapebeiramarvao.com\/pt\/wp-json\/wp\/v2\/pages"}],"about":[{"href":"https:\/\/campscapebeiramarvao.com\/pt\/wp-json\/wp\/v2\/types\/page"}],"author":[{"embeddable":true,"href":"https:\/\/campscapebeiramarvao.com\/pt\/wp-json\/wp\/v2\/users\/3"}],"replies":[{"embeddable":true,"href":"https:\/\/campscapebeiramarvao.com\/pt\/wp-json\/wp\/v2\/comments?post=291"}],"version-history":[{"count":0,"href":"https:\/\/campscapebeiramarvao.com\/pt\/wp-json\/wp\/v2\/pages\/291\/revisions"}],"wp:attachment":[{"href":"https:\/\/campscapebeiramarvao.com\/pt\/wp-json\/wp\/v2\/media?parent=291"}],"curies":[{"name":"wp","href":"https:\/\/api.w.org\/{rel}","templated":true}]}}