{"id":349,"date":"2018-08-28T12:33:36","date_gmt":"2018-08-28T12:33:36","guid":{"rendered":"https:\/\/themes.getmotopress.com\/campterra\/search-results\/"},"modified":"2025-12-07T22:15:20","modified_gmt":"2025-12-07T22:15:20","slug":"search-results","status":"publish","type":"page","link":"https:\/\/campscapebeiramarvao.com\/pt\/procurar-resultados\/","title":{"rendered":"Procurar Resultados"},"content":{"rendered":"<div data-elementor-type=\"wp-page\" data-elementor-id=\"349\" class=\"elementor elementor-349\">\n\t\t\t\t\t\t<section class=\"elementor-section elementor-top-section elementor-element elementor-element-a31e306 elementor-section-boxed elementor-section-height-default elementor-section-height-default\" data-id=\"a31e306\" data-element_type=\"section\" data-e-type=\"section\">\n\t\t\t\t\t\t<div class=\"elementor-container elementor-column-gap-default\">\n\t\t\t\t\t<div class=\"elementor-column elementor-col-100 elementor-top-column elementor-element elementor-element-bb0c01f\" data-id=\"bb0c01f\" data-element_type=\"column\" data-e-type=\"column\">\n\t\t\t<div class=\"elementor-widget-wrap elementor-element-populated\">\n\t\t\t\t\t\t<div class=\"elementor-element elementor-element-37e65d2 elementor-widget elementor-widget-text-editor\" data-id=\"37e65d2\" data-element_type=\"widget\" data-e-type=\"widget\" data-widget_type=\"text-editor.default\">\n\t\t\t\t<div class=\"elementor-widget-container\">\n\t\t\t\t\t\t\t\t\t<p><span style=\"color: #6d712e;\"><strong>DICA: RESERVE COM SABEDORIA<\/strong><\/span><br \/><span style=\"color: #6d712e;\">Voc\u00ea pode sentir vontade de reservar apenas 2 noites e pensar em estender a estadia quando gostar. No entanto, estender sua estadia (especialmente em <strong>Abril, maio e setembro<\/strong>) nem sempre \u00e9 poss\u00edvel, pois limitamos o n\u00famero de vagas ocupadas. Ent\u00e3o reserve como se estivesse hospedado no para\u00edso (<a href=\"https:\/\/www.google.com\/maps\/place\/Campscape+Beira+Marvao+Alentejo+(16%2B)\/@39.4277555,-7.3856854,850m\/data=!3m1!1e3!4m23!1m11!3m10!1s0xd17c0bbd088b209:0xa120b2789db6932b!2sCampscape+Beira+Marvao+Alentejo+(16%2B)!5m2!4m1!1i2!8m2!3d39.4277555!4d-7.3856854!10e7!16s%2Fg%2F11_q3kcgr!3m10!1s0xd17c0bbd088b209:0xa120b2789db6932b!5m2!4m1!1i2!8m2!3d39.4277555!4d-7.3856854!9m1!1b1!16s%2Fg%2F11_q3kcgr?authuser=1&amp;hl=nl&amp;entry=ttu&amp;g_ep=EgoyMDI0MTAxNi4wIKXMDSoASAFQAw%3D%3D\">Leia as avalia\u00e7\u00f5es<\/a>Voc\u00ea pode ir embora depois de duas noites (e, claro, pagar apenas por duas noites). N\u00e3o \u00e9 necess\u00e1rio pagamento antecipado.<\/span><\/p>\t\t\t\t\t\t\t\t<\/div>\n\t\t\t\t<\/div>\n\t\t\t\t\t<\/div>\n\t\t<\/div>\n\t\t\t\t\t<\/div>\n\t\t<\/section>\n\t\t\t\t<section class=\"elementor-section elementor-top-section elementor-element elementor-element-572460d8 elementor-section-boxed elementor-section-height-default elementor-section-height-default\" data-id=\"572460d8\" data-element_type=\"section\" data-e-type=\"section\">\n\t\t\t\t\t\t<div class=\"elementor-container elementor-column-gap-default\">\n\t\t\t\t\t<div class=\"elementor-column elementor-col-100 elementor-top-column elementor-element elementor-element-7b8c8b4d\" data-id=\"7b8c8b4d\" data-element_type=\"column\" data-e-type=\"column\">\n\t\t\t<div class=\"elementor-widget-wrap elementor-element-populated\">\n\t\t\t\t\t\t<div class=\"elementor-element elementor-element-574b9d52 elementor-widget elementor-widget-shortcode\" data-id=\"574b9d52\" data-element_type=\"widget\" data-e-type=\"widget\" data-widget_type=\"shortcode.default\">\n\t\t\t\t<div class=\"elementor-widget-container\">\n\t\t\t\t\t\t\t<div class=\"elementor-shortcode\"><div class=\"mphb_sc_search_results-wrapper\"><div class=\"mphb-errors-wrapper\">\n\t<\/div>\n<\/div><\/div>\n\t\t\t\t\t\t<\/div>\n\t\t\t\t<\/div>\n\t\t\t\t\t<\/div>\n\t\t<\/div>\n\t\t\t\t\t<\/div>\n\t\t<\/section>\n\t\t\t\t<section class=\"elementor-section elementor-top-section elementor-element elementor-element-0f94177 elementor-section-boxed elementor-section-height-default elementor-section-height-default\" data-id=\"0f94177\" data-element_type=\"section\" data-e-type=\"section\">\n\t\t\t\t\t\t<div class=\"elementor-container elementor-column-gap-default\">\n\t\t\t\t\t<div class=\"elementor-column elementor-col-100 elementor-top-column elementor-element elementor-element-bc1fcb4\" data-id=\"bc1fcb4\" data-element_type=\"column\" data-e-type=\"column\">\n\t\t\t<div class=\"elementor-widget-wrap elementor-element-populated\">\n\t\t\t\t\t\t<div class=\"elementor-element elementor-element-91f2765 elementor-widget elementor-widget-shortcode\" data-id=\"91f2765\" data-element_type=\"widget\" data-e-type=\"widget\" data-widget_type=\"shortcode.default\">\n\t\t\t\t<div class=\"elementor-widget-container\">\n\t\t\t\t\t\t\t<div class=\"elementor-shortcode\"><div class=\"mphb_sc_search-wrapper dark horizontal\">\n<form method=\"GET\" class=\"mphb_sc_search-form\" action=\"https:\/\/campscapebeiramarvao.com\/pt\/procurar-resultados\/\" data-first_available_check_in_date=\"2026-04-04\" data-trp-original-action=\"https:\/\/campscapebeiramarvao.com\/pt\/procurar-resultados\/\">\n\n\t<p class = \"mphb-required-fields-tip\">\n\t<small>\n\t\tOs campos obrigat\u00f3rios s\u00e3o seguidos por\t\t<abbr title=\"requeridos\">*<\/abbr>\n\t<\/small>\n<\/p>\n\n\t<p class=\"mphb_sc_search-check-in-date\">\n\t\t<label for=\"mphb_check_in_date-mphb-search-form-69d10e6fd6d22\">\n\t\t\tregistro de entrada\t\t\t<abbr title=\"Formatado como dd\/mm\/aaaa\">*<\/abbr>\n\t\t<\/label>\n\t\t<br \/>\n\t\t<input\n\t\t\tid=\"mphb_check_in_date-mphb-search-form-69d10e6fd6d22\"\n\t\t\tdata-datepick-group=\"mphb-search-form-69d10e6fd6d22\"\n\t\t\tvalue=\"\"\n\t\t\tplaceholder=\"Dados do Check-in\"\n\t\t\trequired=\"required\"\n\t\t\ttype=\"text\"\n\t\t\tinputmode=\"none\"\n\t\t\tname=\"mphb_check_in_date\"\n\t\t\tclass=\"mphb-datepick\"\n\t\t\tautocomplete=\"off\"\n\t\t\t\/>\n\t<\/p>\n\n\t<p class=\"mphb_sc_search-check-out-date\">\n\t\t<label for=\"mphb_check_out_date-mphb-search-form-69d10e6fd6d22\">\n\t\t\tregistro de sa\u00edda\t\t\t<abbr title=\"Formatado como dd\/mm\/aaaa\">*<\/abbr>\n\t\t<\/label>\n\t\t<br \/>\n\t\t<input\n\t\t\tid=\"mphb_check_out_date-mphb-search-form-69d10e6fd6d22\"\n\t\t\tdata-datepick-group=\"mphb-search-form-69d10e6fd6d22\"\n\t\t\tvalue=\"\"\n\t\t\tplaceholder=\"Dados do Check-out\"\n\t\t\trequired=\"required\"\n\t\t\ttype=\"text\"\n\t\t\tinputmode=\"none\"\n\t\t\tname=\"mphb_check_out_date\"\n\t\t\tclass=\"mphb-datepick\"\n\t\t\tautocomplete=\"off\"\n\t\t\t\/>\n\t<\/p>\n\n\t\t\t<p class=\"mphb_sc_search-adults\">\n\t\t\t<label for=\"mphb_adults-mphb-search-form-69d10e6fd6d22\">\n\t\t\t\tH\u00f3spedes\t\t\t<\/label>\n\t\t\t<br \/>\n\t\t\t<select id=\"mphb_adults-mphb-search-form-69d10e6fd6d22\" name=\"mphb_adults\" >\n\t\t\t\t\t\t\t\t\t<option value=\"1\"  selected='selected'>1<\/option>\n\t\t\t\t\t\t\t\t\t<option value=\"2\" >2<\/option>\n\t\t\t\t\t\t\t\t\t<option value=\"3\" >3<\/option>\n\t\t\t\t\t\t\t\t\t<option value=\"4\" >4<\/option>\n\t\t\t\t\t\t\t\t\t<option value=\"5\" >5<\/option>\n\t\t\t\t\t\t\t\t\t<option value=\"6\" >6<\/option>\n\t\t\t\t\t\t\t\t\t<option value=\"7\" >7<\/option>\n\t\t\t\t\t\t\t\t\t<option value=\"8\" >8<\/option>\n\t\t\t\t\t\t\t\t\t<option value=\"9\" >9<\/option>\n\t\t\t\t\t\t\t\t\t<option value=\"10\" >10<\/option>\n\t\t\t\t\t\t\t\t\t<option value=\"11\" >11<\/option>\n\t\t\t\t\t\t\t\t\t<option value=\"12\" >12<\/option>\n\t\t\t\t\t\t\t\t\t<option value=\"13\" >13<\/option>\n\t\t\t\t\t\t\t\t\t<option value=\"14\" >14<\/option>\n\t\t\t\t\t\t\t\t\t<option value=\"15\" >15<\/option>\n\t\t\t\t\t\t\t\t\t<option value=\"16\" >16<\/option>\n\t\t\t\t\t\t\t\t\t<option value=\"17\" >17<\/option>\n\t\t\t\t\t\t\t\t\t<option value=\"18\" >18<\/option>\n\t\t\t\t\t\t\t\t\t<option value=\"19\" >19<\/option>\n\t\t\t\t\t\t\t\t\t<option value=\"20\" >20<\/option>\n\t\t\t\t\t\t\t\t\t<option value=\"21\" >21<\/option>\n\t\t\t\t\t\t\t\t\t<option value=\"22\" >22<\/option>\n\t\t\t\t\t\t\t\t\t<option value=\"23\" >23<\/option>\n\t\t\t\t\t\t\t\t\t<option value=\"24\" >24<\/option>\n\t\t\t\t\t\t\t\t\t<option value=\"25\" >25<\/option>\n\t\t\t\t\t\t\t\t\t<option value=\"26\" >26<\/option>\n\t\t\t\t\t\t\t\t\t<option value=\"27\" >27<\/option>\n\t\t\t\t\t\t\t\t\t<option value=\"28\" >28<\/option>\n\t\t\t\t\t\t\t\t\t<option value=\"29\" >29<\/option>\n\t\t\t\t\t\t\t\t\t<option value=\"30\" >30<\/option>\n\t\t\t\t\t\t\t<\/select>\n\t\t<\/p>\n\t\n\t\t\t<input type=\"hidden\" id=\"mphb_children-mphb-search-form-69d10e6fd6d22\" name=\"mphb_children\" value=\"0\" \/>\n\t\n\t\n\t\n\t<input id=\"mphb_check_in_date-mphb-search-form-69d10e6fd6d22-hidden\" value=\"\" type=\"hidden\" name=\"mphb_check_in_date\" \/><input id=\"mphb_check_out_date-mphb-search-form-69d10e6fd6d22-hidden\" value=\"\" type=\"hidden\" name=\"mphb_check_out_date\" \/>\n\t<p class=\"mphb_sc_search-submit-button-wrapper\">\n\t\t<input type=\"submit\" class=\"button\" value=\"Pesquisa\"\/>\n\t<\/p>\n\n\t\n<input type=\"hidden\" name=\"trp-form-language\" value=\"pt\"\/><\/form>\n<\/div><\/div>\n\t\t\t\t\t\t<\/div>\n\t\t\t\t<\/div>\n\t\t\t\t\t<\/div>\n\t\t<\/div>\n\t\t\t\t\t<\/div>\n\t\t<\/section>\n\t\t\t\t<\/div>","protected":false},"excerpt":{"rendered":"<p>TIP: BOOK WISELYYou might feel the urge to book just 2 nights and think of extending when you like it. However extending your stay (especially in April, May and September) is not always possible as we limit the number of occupied spots. So book like you&#8217;re staying in paradise (read the reviews). You can always [&hellip;]<\/p>\n","protected":false},"author":3,"featured_media":6822,"parent":0,"menu_order":0,"comment_status":"closed","ping_status":"closed","template":"template-page-wide.php","meta":{"inline_featured_image":false,"_monsterinsights_skip_tracking":false,"_monsterinsights_sitenote_active":false,"_monsterinsights_sitenote_note":"","_monsterinsights_sitenote_category":0,"footnotes":""},"class_list":["post-349","page","type-page","status-publish","has-post-thumbnail","hentry"],"aioseo_notices":[],"_links":{"self":[{"href":"https:\/\/campscapebeiramarvao.com\/pt\/wp-json\/wp\/v2\/pages\/349","targetHints":{"allow":["GET"]}}],"collection":[{"href":"https:\/\/campscapebeiramarvao.com\/pt\/wp-json\/wp\/v2\/pages"}],"about":[{"href":"https:\/\/campscapebeiramarvao.com\/pt\/wp-json\/wp\/v2\/types\/page"}],"author":[{"embeddable":true,"href":"https:\/\/campscapebeiramarvao.com\/pt\/wp-json\/wp\/v2\/users\/3"}],"replies":[{"embeddable":true,"href":"https:\/\/campscapebeiramarvao.com\/pt\/wp-json\/wp\/v2\/comments?post=349"}],"version-history":[{"count":0,"href":"https:\/\/campscapebeiramarvao.com\/pt\/wp-json\/wp\/v2\/pages\/349\/revisions"}],"wp:featuredmedia":[{"embeddable":true,"href":"https:\/\/campscapebeiramarvao.com\/pt\/wp-json\/wp\/v2\/media\/6822"}],"wp:attachment":[{"href":"https:\/\/campscapebeiramarvao.com\/pt\/wp-json\/wp\/v2\/media?parent=349"}],"curies":[{"name":"wp","href":"https:\/\/api.w.org\/{rel}","templated":true}]}}