{"id":350,"date":"2018-08-28T12:33:36","date_gmt":"2018-08-28T12:33:36","guid":{"rendered":"https:\/\/themes.getmotopress.com\/campterra\/booking-confirmation\/"},"modified":"2026-03-20T16:13:55","modified_gmt":"2026-03-20T16:13:55","slug":"booking-confirmation","status":"publish","type":"page","link":"https:\/\/campscapebeiramarvao.com\/pt\/confirmacao-de-reserva\/","title":{"rendered":"Pedido de reserva"},"content":{"rendered":"<div data-elementor-type=\"wp-page\" data-elementor-id=\"350\" class=\"elementor elementor-350\">\n\t\t\t\t\t\t<section class=\"elementor-section elementor-top-section elementor-element elementor-element-c9b7e37 elementor-section-boxed elementor-section-height-default elementor-section-height-default\" data-id=\"c9b7e37\" data-element_type=\"section\" data-e-type=\"section\">\n\t\t\t\t\t\t<div class=\"elementor-container elementor-column-gap-default\">\n\t\t\t\t\t<div class=\"elementor-column elementor-col-100 elementor-top-column elementor-element elementor-element-a83e928\" data-id=\"a83e928\" data-element_type=\"column\" data-e-type=\"column\">\n\t\t\t<div class=\"elementor-widget-wrap elementor-element-populated\">\n\t\t\t\t\t\t<div class=\"elementor-element elementor-element-a1ab70c elementor-widget elementor-widget-text-editor\" data-id=\"a1ab70c\" data-element_type=\"widget\" data-e-type=\"widget\" data-widget_type=\"text-editor.default\">\n\t\t\t\t<div class=\"elementor-widget-container\">\n\t\t\t\t\t\t\t\t\t<p><strong>A sua reserva (e as tarifas de reserva online mais baratas) s\u00f3 s\u00e3o v\u00e1lidas se fornecer as informa\u00e7\u00f5es sobre todos os h\u00f3spedes visitantes.<\/strong><\/p>\t\t\t\t\t\t\t\t<\/div>\n\t\t\t\t<\/div>\n\t\t\t\t\t<\/div>\n\t\t<\/div>\n\t\t\t\t\t<\/div>\n\t\t<\/section>\n\t\t\t\t<section class=\"elementor-section elementor-top-section elementor-element elementor-element-40007009 elementor-section-boxed elementor-section-height-default elementor-section-height-default\" data-id=\"40007009\" data-element_type=\"section\" data-e-type=\"section\">\n\t\t\t\t\t\t<div class=\"elementor-container elementor-column-gap-default\">\n\t\t\t\t\t<div class=\"elementor-column elementor-col-100 elementor-top-column elementor-element elementor-element-33906920\" data-id=\"33906920\" data-element_type=\"column\" data-e-type=\"column\">\n\t\t\t<div class=\"elementor-widget-wrap elementor-element-populated\">\n\t\t\t\t\t\t<div class=\"elementor-element elementor-element-128f8175 elementor-widget elementor-widget-shortcode\" data-id=\"128f8175\" data-element_type=\"widget\" data-e-type=\"widget\" data-widget_type=\"shortcode.default\">\n\t\t\t\t<div class=\"elementor-widget-container\">\n\t\t\t\t\t\t\t<div class=\"elementor-shortcode\"><div class=\"mphb_sc_checkout-wrapper\"><\/div><\/div>\n\t\t\t\t\t\t<\/div>\n\t\t\t\t<\/div>\n\t\t\t\t\t<\/div>\n\t\t<\/div>\n\t\t\t\t\t<\/div>\n\t\t<\/section>\n\t\t\t\t<section class=\"elementor-section elementor-top-section elementor-element elementor-element-fd95c52 elementor-section-boxed elementor-section-height-default elementor-section-height-default\" data-id=\"fd95c52\" data-element_type=\"section\" data-e-type=\"section\">\n\t\t\t\t\t\t<div class=\"elementor-container elementor-column-gap-default\">\n\t\t\t\t\t<div class=\"elementor-column elementor-col-100 elementor-top-column elementor-element elementor-element-7bc5007\" data-id=\"7bc5007\" data-element_type=\"column\" data-e-type=\"column\">\n\t\t\t<div class=\"elementor-widget-wrap elementor-element-populated\">\n\t\t\t\t\t\t<div class=\"elementor-element elementor-element-eed84e6 elementor-widget elementor-widget-text-editor\" data-id=\"eed84e6\" data-element_type=\"widget\" data-e-type=\"widget\" data-widget_type=\"text-editor.default\">\n\t\t\t\t<div class=\"elementor-widget-container\">\n\t\t\t\t\t\t\t\t\t<h5><span style=\"color: #ff0000;\">Importante<\/span> <br \/>Verifique seu e-mail ap\u00f3s enviar o formul\u00e1rio de reserva. Leia o e-mail com o nosso regulamento Campscape e quando concordar, confirme clicando no link de confirma\u00e7\u00e3o. A sua reserva s\u00f3 \u00e9 definitiva ap\u00f3s confirma\u00e7\u00e3o.\u00a0<br \/>Quando voc\u00ea n\u00e3o recebeu um e-mail de confirma\u00e7\u00e3o, voc\u00ea n\u00e3o \u00e9 bem-vindo. N\u00e3o, estou brincando\u2026 por favor, verifique sua pasta de SPAM ou lixo eletr\u00f4nico.<\/h5>\t\t\t\t\t\t\t\t<\/div>\n\t\t\t\t<\/div>\n\t\t\t\t\t<\/div>\n\t\t<\/div>\n\t\t\t\t\t<\/div>\n\t\t<\/section>\n\t\t\t\t<\/div>","protected":false},"excerpt":{"rendered":"<p>Your booking (and cheaper online booking rates) are only valid when providing the information about all visiting guests. Important Check your email after submitting the reservation form. Read the email with our Campscape regulations and when you agree, confirm by clicking the confirmation link. Your booking is only definitive after confirming.\u00a0When you didn&#8217;t receive a [&hellip;]<\/p>\n","protected":false},"author":3,"featured_media":0,"parent":0,"menu_order":0,"comment_status":"closed","ping_status":"closed","template":"","meta":{"inline_featured_image":false,"_monsterinsights_skip_tracking":false,"_monsterinsights_sitenote_active":false,"_monsterinsights_sitenote_note":"","_monsterinsights_sitenote_category":0,"footnotes":""},"class_list":["post-350","page","type-page","status-publish","hentry"],"aioseo_notices":[],"_links":{"self":[{"href":"https:\/\/campscapebeiramarvao.com\/pt\/wp-json\/wp\/v2\/pages\/350","targetHints":{"allow":["GET"]}}],"collection":[{"href":"https:\/\/campscapebeiramarvao.com\/pt\/wp-json\/wp\/v2\/pages"}],"about":[{"href":"https:\/\/campscapebeiramarvao.com\/pt\/wp-json\/wp\/v2\/types\/page"}],"author":[{"embeddable":true,"href":"https:\/\/campscapebeiramarvao.com\/pt\/wp-json\/wp\/v2\/users\/3"}],"replies":[{"embeddable":true,"href":"https:\/\/campscapebeiramarvao.com\/pt\/wp-json\/wp\/v2\/comments?post=350"}],"version-history":[{"count":0,"href":"https:\/\/campscapebeiramarvao.com\/pt\/wp-json\/wp\/v2\/pages\/350\/revisions"}],"wp:attachment":[{"href":"https:\/\/campscapebeiramarvao.com\/pt\/wp-json\/wp\/v2\/media?parent=350"}],"curies":[{"name":"wp","href":"https:\/\/api.w.org\/{rel}","templated":true}]}}