{"id":558,"date":"2021-10-21T10:03:32","date_gmt":"2021-10-21T10:03:32","guid":{"rendered":"https:\/\/campscapebeiramarvao.com\/\/?page_id=558"},"modified":"2021-10-21T10:03:32","modified_gmt":"2021-10-21T10:03:32","slug":"privacybeleid","status":"publish","type":"page","link":"https:\/\/campscapebeiramarvao.com\/pt\/privacidadebeleid\/","title":{"rendered":"Privacybeleid"},"content":{"rendered":"<h2 class=\"wp-block-heading\">N\u00f3s somos n\u00f3s<\/h2>\n\n\n\n<p>O endere\u00e7o do site \u00e9: https:\/\/campscapebeiramarvao.com\/.<\/p>\n\n\n\n<h2 class=\"wp-block-heading\">Rea\u00e7\u00f5es<\/h2>\n\n\n\n<p>Al\u00e9m disso, os bezoekers reagem no site, verzamelen n\u00f3s gegevens getoond no reactieformulier, os endere\u00e7os IP do bezoeker e o agente do usu\u00e1rio do navegador ajudam a detectar spam.<\/p>\n\n\n\n<p>Een geanonimiseerde string, gemaakt op based on je e-mailadres (dit wordt ook een hash genoemd) kan worden gestuurd naar de Gravatar dienst indien je dit gebruikt. A p\u00e1gina de privacidadebeleid do Gravatar pode ser encontrada em: https:\/\/automattic.com\/privacy\/. Nada je reactie \u00e9 goedgekeurd, \u00e9 je profielfoto publiekelijk zichtbaar no contexto de je reactie.<\/p>\n\n\n\n<h2 class=\"wp-block-heading\">meios de comunica\u00e7\u00e3o<\/h2>\n\n\n\n<p>Al\u00e9m disso, voc\u00ea tamb\u00e9m pode fazer o upload do site, fazer o upload e fazer o upload com os dados de localiza\u00e7\u00e3o GPS EXIF. Bezoekers do site voc\u00ea pode acessar o site para download em localiegegevens inzien.<\/p>\n\n\n\n<h2 class=\"wp-block-heading\">Biscoitos<\/h2>\n\n\n\n<p>Wanneer je een reactie chterlaat op onze site, kun je aangeven of je naam, je e-mailadres en site in een cookie opgeslagen mogen worden. Tamb\u00e9m n\u00e3o fizemos n\u00f3s para je gemak zodat je deze gegevens niet opnieuw hoeft in te vullen voor een nieuwe reactie. Deze cookies zijn een jaar lang geldig.<\/p>\n\n\n\n<p>Indien je onze inlogpage bezoekt, slaan we een tijdelijke cookie op om te controleren of je browser cookies accepteert. Deze cookie bevat geen persoonlijke gegevens en wordt verwijderd zodra je je browser sluit.<\/p>\n\n\n\n<p>Zodra je inlogt, zullen n\u00f3s enkele cookies cuidado em verbos com je login informatie en schermweergave op\u00e7\u00f5es. Fa\u00e7a login cookies com 2 dias \u00fateis e cookies para schermweergave op\u00e7\u00f5es 1 jaar. Al\u00e9m da sele\u00e7\u00e3o \u201cHerinner mij\u201d, palavra je login 2 weken bewaard. Zodra je uitlogt van je account, worden login cookies verwijderd.<\/p>\n\n\n\n<p>Wanneer je een bericht wijzigt of publiceert wordt een aanvullende cookie door je browser opgeslagen. Deze cookie bevat geen persoonlijke data no heeft enkel het post ID van het artikel wat je hebt bewerkt in zich. Deze cookie n\u00e3o \u00e9 um dag verlopen.<\/p>\n\n\n\n<h2 class=\"wp-block-heading\">Ingesloten inhoud van outros sites<\/h2>\n\n\n\n<p>Berichten op deze site kunnen ingesloten inhoud bevatten (bijvoorbeeld video&#039;s, afbeeldingen, berichten, enz.). Ingesloten houd van outros sites gedraagt zich exato hetzelfde tamb\u00e9m de bezoeker deze outro site heeft bezocht.<\/p>\n\n\n\n<p>Deze sites voc\u00ea pode obter mais informa\u00e7\u00f5es, cookies gerenciados, rastreamento extra de suas partes insluiten e interatividade com deze ingesloten em qualquer monitor, incluindo a vasta extens\u00e3o de interatividade com ingesloten houd tamb\u00e9m je een account hebt e ingelogd bent op die site.<\/p>\n\n\n\n<h2 class=\"wp-block-heading\">Conheci n\u00f3s je gegevens delen<\/h2>\n\n\n\n<p>Al\u00e9m disso, voc\u00ea tamb\u00e9m pode redefinir o wachtwoord aanvraagt, al\u00e9m de ter op\u00e7\u00f5es de endere\u00e7os IP no e-mail de redefini\u00e7\u00e3o.<\/p>\n\n\n\n<h2 class=\"wp-block-heading\">Hoelang n\u00f3s je gegevens cuidado<\/h2>\n\n\n\n<p>Wanneer jeen reactie achterlaat e wordt die reactie e metadados van die reactie para altijd bewaard. Op deze manier kunnen we vervolgreacties automatisch herkennen en goedkeuren in plaats van dat we ze moeten modereren.<\/p>\n\n\n\n<p>Voc\u00ea pode obter informa\u00e7\u00f5es pessoais em um site de registro (indien aanwezig), voc\u00ea pode obter informa\u00e7\u00f5es pessoais sobre o seu perfil no perfil. Alle gebruikers kunnen op ieder moment hun persoonlijke informatie bekijken, bewerken of verwijderen (behalve dat ze hun gebruikersnaam niet kunnen wijzigen). Site beheerders voc\u00ea pode obter informa\u00e7\u00f5es e obter informa\u00e7\u00f5es.<\/p>\n\n\n\n<h2 class=\"wp-block-heading\">Welke rechten je hebt sobre je gegevens<\/h2>\n\n\n\n<p>Tamb\u00e9m je een account hebt op deze site of je hebt reacties achter gelaten, kan je verzoeken om een exportbestand van je persoonlijke gegevens die we van je hebben, inclusive alle gegevens die je ons opgegeven hebt. Je kan ook verzoeken dat we alle personsoonlijke gegevens die we van je hebben wissen. Dit bevat geen gegevens die we verplicht moeten bewaren in verben met administratieve, wettelijke of beveiligings doeleinden.<\/p>\n\n\n\n<h2 class=\"wp-block-heading\">Waar we je gegevens naartoe sturen<\/h2>\n\n\n\n<p>Mogelijk worden reacties van bezoekers gecontroleerd via een geautomatiseerde servi\u00e7o de detec\u00e7\u00e3o de spam.<\/p>","protected":false},"excerpt":{"rendered":"<p>Wie zijn we Ons site adres is: https:\/\/campscapebeiramarvao.com\/. Reacties Als bezoekers reacties achterlaten op de site, verzamelen we de gegevens getoond in het reactieformulier, het IP-adres van de bezoeker en de browser user agent om te helpen spam te detecteren. Een geanonimiseerde string, gemaakt op basis van je e-mailadres (dit wordt ook een hash genoemd) [&hellip;]<\/p>\n","protected":false},"author":3,"featured_media":0,"parent":0,"menu_order":0,"comment_status":"closed","ping_status":"closed","template":"","meta":{"inline_featured_image":false,"_monsterinsights_skip_tracking":false,"_monsterinsights_sitenote_active":false,"_monsterinsights_sitenote_note":"","_monsterinsights_sitenote_category":0,"footnotes":""},"class_list":["post-558","page","type-page","status-publish","hentry"],"aioseo_notices":[],"_links":{"self":[{"href":"https:\/\/campscapebeiramarvao.com\/pt\/wp-json\/wp\/v2\/pages\/558","targetHints":{"allow":["GET"]}}],"collection":[{"href":"https:\/\/campscapebeiramarvao.com\/pt\/wp-json\/wp\/v2\/pages"}],"about":[{"href":"https:\/\/campscapebeiramarvao.com\/pt\/wp-json\/wp\/v2\/types\/page"}],"author":[{"embeddable":true,"href":"https:\/\/campscapebeiramarvao.com\/pt\/wp-json\/wp\/v2\/users\/3"}],"replies":[{"embeddable":true,"href":"https:\/\/campscapebeiramarvao.com\/pt\/wp-json\/wp\/v2\/comments?post=558"}],"version-history":[{"count":0,"href":"https:\/\/campscapebeiramarvao.com\/pt\/wp-json\/wp\/v2\/pages\/558\/revisions"}],"wp:attachment":[{"href":"https:\/\/campscapebeiramarvao.com\/pt\/wp-json\/wp\/v2\/media?parent=558"}],"curies":[{"name":"wp","href":"https:\/\/api.w.org\/{rel}","templated":true}]}}